{"id":3228,"date":"2024-05-14T10:51:10","date_gmt":"2024-05-14T10:51:10","guid":{"rendered":"https:\/\/bastardsknives.com\/?post_type=product&#038;p=3228"},"modified":"2024-05-14T10:51:11","modified_gmt":"2024-05-14T10:51:11","slug":"damaszenerrolle-rostfreier-stahl","status":"publish","type":"product","link":"https:\/\/bastardsknives.com\/de\/producto\/damaszenerrolle-rostfreier-stahl\/","title":{"rendered":"Damaszenerrolle (rostfreier Stahl)"},"content":{"rendered":"<p>Flachst\u00e4be aus rostfreiem Damaszenerstahl bieten au\u00dfergew\u00f6hnliche Qualit\u00e4t und hervorragende Eigenschaften. Diese St\u00e4be aus DSC\u00ae inox (rostfreiem Stahl) bestehen aus 120 Lagen in einem gewalzten Damaszenermuster. Sie zeichnen sich durch SuperClean-Schichtn\u00e4hte, sehr feines Korn, einen zuverl\u00e4ssigen Produktionsprozess und hohe Kantenfestigkeit aus. Geeignet f\u00fcr den Kontakt mit Lebensmitteln und nach der W\u00e4rmebehandlung leicht zu handhaben. Dar\u00fcber hinaus erm\u00f6glichen sie einen hohen H\u00e4rtegrad (bis zu 62 HRC) und haben einen g\u00fcnstigen Zentimeterpreis.<\/p>\n","protected":false},"excerpt":{"rendered":"<p>Flachstahl aus nichtrostendem Stahl mit 120 Lagen, Roll-Damast-Muster. SuperClean-Schwei\u00dfn\u00e4hte, dauerhafte Kante, lebensmittelecht, bis zu 62 HRC<\/p>\n","protected":false},"featured_media":3192,"template":"","meta":[],"product_brand":[],"product_cat":[286,765],"product_tag":[],"class_list":{"0":"post-3228","1":"product","2":"type-product","3":"status-publish","4":"has-post-thumbnail","6":"product_cat-balbachdamast-de","7":"product_cat-rostfrei","9":"first","10":"instock","11":"taxable","12":"shipping-taxable","13":"purchasable","14":"product-type-variable"},"acf":[],"yoast_head":"<!-- This site is optimized with the Yoast SEO plugin v23.1 - https:\/\/yoast.com\/wordpress\/plugins\/seo\/ -->\n<title>Damaszenerrolle (rostfreier Stahl) - Bastards Knives<\/title>\n<meta name=\"robots\" content=\"index, follow, max-snippet:-1, max-image-preview:large, max-video-preview:-1\" \/>\n<link rel=\"canonical\" href=\"https:\/\/bastardsknives.com\/de\/producto\/damaszenerrolle-rostfreier-stahl\/\" \/>\n<meta property=\"og:locale\" content=\"de_DE\" \/>\n<meta property=\"og:type\" content=\"article\" \/>\n<meta property=\"og:title\" content=\"Damaszenerrolle (rostfreier Stahl) - Bastards Knives\" \/>\n<meta property=\"og:description\" content=\"Flachstahl aus nichtrostendem Stahl mit 120 Lagen, Roll-Damast-Muster. SuperClean-Schwei\u00dfn\u00e4hte, dauerhafte Kante, lebensmittelecht, bis zu 62 HRC\" \/>\n<meta property=\"og:url\" content=\"https:\/\/bastardsknives.com\/de\/producto\/damaszenerrolle-rostfreier-stahl\/\" \/>\n<meta property=\"og:site_name\" content=\"Bastards Knives\" \/>\n<meta property=\"article:modified_time\" content=\"2024-05-14T10:51:11+00:00\" \/>\n<meta property=\"og:image\" content=\"https:\/\/bastardsknives.com\/wp-content\/uploads\/2024\/04\/roll-damascus-inox.jpg\" \/>\n\t<meta property=\"og:image:width\" content=\"800\" \/>\n\t<meta property=\"og:image:height\" content=\"800\" \/>\n\t<meta property=\"og:image:type\" content=\"image\/jpeg\" \/>\n<meta name=\"twitter:card\" content=\"summary_large_image\" \/>\n<script type=\"application\/ld+json\" class=\"yoast-schema-graph\">{\"@context\":\"https:\/\/schema.org\",\"@graph\":[{\"@type\":\"WebPage\",\"@id\":\"https:\/\/bastardsknives.com\/de\/producto\/damaszenerrolle-rostfreier-stahl\/\",\"url\":\"https:\/\/bastardsknives.com\/de\/producto\/damaszenerrolle-rostfreier-stahl\/\",\"name\":\"Damaszenerrolle (rostfreier Stahl) - Bastards Knives\",\"isPartOf\":{\"@id\":\"https:\/\/bastardsknives.com\/de\/#website\"},\"primaryImageOfPage\":{\"@id\":\"https:\/\/bastardsknives.com\/de\/producto\/damaszenerrolle-rostfreier-stahl\/#primaryimage\"},\"image\":{\"@id\":\"https:\/\/bastardsknives.com\/de\/producto\/damaszenerrolle-rostfreier-stahl\/#primaryimage\"},\"thumbnailUrl\":\"https:\/\/bastardsknives.com\/wp-content\/uploads\/2024\/04\/roll-damascus-inox.jpg\",\"datePublished\":\"2024-05-14T10:51:10+00:00\",\"dateModified\":\"2024-05-14T10:51:11+00:00\",\"breadcrumb\":{\"@id\":\"https:\/\/bastardsknives.com\/de\/producto\/damaszenerrolle-rostfreier-stahl\/#breadcrumb\"},\"inLanguage\":\"de\",\"potentialAction\":[{\"@type\":\"ReadAction\",\"target\":[\"https:\/\/bastardsknives.com\/de\/producto\/damaszenerrolle-rostfreier-stahl\/\"]}]},{\"@type\":\"ImageObject\",\"inLanguage\":\"de\",\"@id\":\"https:\/\/bastardsknives.com\/de\/producto\/damaszenerrolle-rostfreier-stahl\/#primaryimage\",\"url\":\"https:\/\/bastardsknives.com\/wp-content\/uploads\/2024\/04\/roll-damascus-inox.jpg\",\"contentUrl\":\"https:\/\/bastardsknives.com\/wp-content\/uploads\/2024\/04\/roll-damascus-inox.jpg\",\"width\":800,\"height\":800},{\"@type\":\"BreadcrumbList\",\"@id\":\"https:\/\/bastardsknives.com\/de\/producto\/damaszenerrolle-rostfreier-stahl\/#breadcrumb\",\"itemListElement\":[{\"@type\":\"ListItem\",\"position\":1,\"name\":\"Home\",\"item\":\"https:\/\/bastardsknives.com\/de\/\"},{\"@type\":\"ListItem\",\"position\":2,\"name\":\"Shop\",\"item\":\"https:\/\/bastardsknives.com\/de\/shop\/\"},{\"@type\":\"ListItem\",\"position\":3,\"name\":\"Damaszenerrolle (rostfreier Stahl)\"}]},{\"@type\":\"WebSite\",\"@id\":\"https:\/\/bastardsknives.com\/de\/#website\",\"url\":\"https:\/\/bastardsknives.com\/de\/\",\"name\":\"Bastards Knives\",\"description\":\"Bastards Knives | Viviendo al filo\",\"publisher\":{\"@id\":\"https:\/\/bastardsknives.com\/de\/#organization\"},\"potentialAction\":[{\"@type\":\"SearchAction\",\"target\":{\"@type\":\"EntryPoint\",\"urlTemplate\":\"https:\/\/bastardsknives.com\/de\/?s={search_term_string}\"},\"query-input\":\"required name=search_term_string\"}],\"inLanguage\":\"de\"},{\"@type\":\"Organization\",\"@id\":\"https:\/\/bastardsknives.com\/de\/#organization\",\"name\":\"Bastards Knives\",\"url\":\"https:\/\/bastardsknives.com\/de\/\",\"logo\":{\"@type\":\"ImageObject\",\"inLanguage\":\"de\",\"@id\":\"https:\/\/bastardsknives.com\/de\/#\/schema\/logo\/image\/\",\"url\":\"https:\/\/bastardsknives.com\/wp-content\/uploads\/2022\/07\/Logoprod1.png\",\"contentUrl\":\"https:\/\/bastardsknives.com\/wp-content\/uploads\/2022\/07\/Logoprod1.png\",\"width\":284,\"height\":122,\"caption\":\"Bastards Knives\"},\"image\":{\"@id\":\"https:\/\/bastardsknives.com\/de\/#\/schema\/logo\/image\/\"}}]}<\/script>\n<!-- \/ Yoast SEO plugin. -->","yoast_head_json":{"title":"Damaszenerrolle (rostfreier Stahl) - Bastards Knives","robots":{"index":"index","follow":"follow","max-snippet":"max-snippet:-1","max-image-preview":"max-image-preview:large","max-video-preview":"max-video-preview:-1"},"canonical":"https:\/\/bastardsknives.com\/de\/producto\/damaszenerrolle-rostfreier-stahl\/","og_locale":"de_DE","og_type":"article","og_title":"Damaszenerrolle (rostfreier Stahl) - Bastards Knives","og_description":"Flachstahl aus nichtrostendem Stahl mit 120 Lagen, Roll-Damast-Muster. SuperClean-Schwei\u00dfn\u00e4hte, dauerhafte Kante, lebensmittelecht, bis zu 62 HRC","og_url":"https:\/\/bastardsknives.com\/de\/producto\/damaszenerrolle-rostfreier-stahl\/","og_site_name":"Bastards Knives","article_modified_time":"2024-05-14T10:51:11+00:00","og_image":[{"width":800,"height":800,"url":"https:\/\/bastardsknives.com\/wp-content\/uploads\/2024\/04\/roll-damascus-inox.jpg","type":"image\/jpeg"}],"twitter_card":"summary_large_image","schema":{"@context":"https:\/\/schema.org","@graph":[{"@type":"WebPage","@id":"https:\/\/bastardsknives.com\/de\/producto\/damaszenerrolle-rostfreier-stahl\/","url":"https:\/\/bastardsknives.com\/de\/producto\/damaszenerrolle-rostfreier-stahl\/","name":"Damaszenerrolle (rostfreier Stahl) - Bastards Knives","isPartOf":{"@id":"https:\/\/bastardsknives.com\/de\/#website"},"primaryImageOfPage":{"@id":"https:\/\/bastardsknives.com\/de\/producto\/damaszenerrolle-rostfreier-stahl\/#primaryimage"},"image":{"@id":"https:\/\/bastardsknives.com\/de\/producto\/damaszenerrolle-rostfreier-stahl\/#primaryimage"},"thumbnailUrl":"https:\/\/bastardsknives.com\/wp-content\/uploads\/2024\/04\/roll-damascus-inox.jpg","datePublished":"2024-05-14T10:51:10+00:00","dateModified":"2024-05-14T10:51:11+00:00","breadcrumb":{"@id":"https:\/\/bastardsknives.com\/de\/producto\/damaszenerrolle-rostfreier-stahl\/#breadcrumb"},"inLanguage":"de","potentialAction":[{"@type":"ReadAction","target":["https:\/\/bastardsknives.com\/de\/producto\/damaszenerrolle-rostfreier-stahl\/"]}]},{"@type":"ImageObject","inLanguage":"de","@id":"https:\/\/bastardsknives.com\/de\/producto\/damaszenerrolle-rostfreier-stahl\/#primaryimage","url":"https:\/\/bastardsknives.com\/wp-content\/uploads\/2024\/04\/roll-damascus-inox.jpg","contentUrl":"https:\/\/bastardsknives.com\/wp-content\/uploads\/2024\/04\/roll-damascus-inox.jpg","width":800,"height":800},{"@type":"BreadcrumbList","@id":"https:\/\/bastardsknives.com\/de\/producto\/damaszenerrolle-rostfreier-stahl\/#breadcrumb","itemListElement":[{"@type":"ListItem","position":1,"name":"Home","item":"https:\/\/bastardsknives.com\/de\/"},{"@type":"ListItem","position":2,"name":"Shop","item":"https:\/\/bastardsknives.com\/de\/shop\/"},{"@type":"ListItem","position":3,"name":"Damaszenerrolle (rostfreier Stahl)"}]},{"@type":"WebSite","@id":"https:\/\/bastardsknives.com\/de\/#website","url":"https:\/\/bastardsknives.com\/de\/","name":"Bastards Knives","description":"Bastards Knives | Viviendo al filo","publisher":{"@id":"https:\/\/bastardsknives.com\/de\/#organization"},"potentialAction":[{"@type":"SearchAction","target":{"@type":"EntryPoint","urlTemplate":"https:\/\/bastardsknives.com\/de\/?s={search_term_string}"},"query-input":"required name=search_term_string"}],"inLanguage":"de"},{"@type":"Organization","@id":"https:\/\/bastardsknives.com\/de\/#organization","name":"Bastards Knives","url":"https:\/\/bastardsknives.com\/de\/","logo":{"@type":"ImageObject","inLanguage":"de","@id":"https:\/\/bastardsknives.com\/de\/#\/schema\/logo\/image\/","url":"https:\/\/bastardsknives.com\/wp-content\/uploads\/2022\/07\/Logoprod1.png","contentUrl":"https:\/\/bastardsknives.com\/wp-content\/uploads\/2022\/07\/Logoprod1.png","width":284,"height":122,"caption":"Bastards Knives"},"image":{"@id":"https:\/\/bastardsknives.com\/de\/#\/schema\/logo\/image\/"}}]}},"_links":{"self":[{"href":"https:\/\/bastardsknives.com\/de\/wp-json\/wp\/v2\/product\/3228","targetHints":{"allow":["GET"]}}],"collection":[{"href":"https:\/\/bastardsknives.com\/de\/wp-json\/wp\/v2\/product"}],"about":[{"href":"https:\/\/bastardsknives.com\/de\/wp-json\/wp\/v2\/types\/product"}],"wp:featuredmedia":[{"embeddable":true,"href":"https:\/\/bastardsknives.com\/de\/wp-json\/wp\/v2\/media\/3192"}],"wp:attachment":[{"href":"https:\/\/bastardsknives.com\/de\/wp-json\/wp\/v2\/media?parent=3228"}],"wp:term":[{"taxonomy":"product_brand","embeddable":true,"href":"https:\/\/bastardsknives.com\/de\/wp-json\/wp\/v2\/product_brand?post=3228"},{"taxonomy":"product_cat","embeddable":true,"href":"https:\/\/bastardsknives.com\/de\/wp-json\/wp\/v2\/product_cat?post=3228"},{"taxonomy":"product_tag","embeddable":true,"href":"https:\/\/bastardsknives.com\/de\/wp-json\/wp\/v2\/product_tag?post=3228"}],"curies":[{"name":"wp","href":"https:\/\/api.w.org\/{rel}","templated":true}]}}