{"id":3361,"date":"2024-05-14T10:28:13","date_gmt":"2024-05-14T10:28:13","guid":{"rendered":"https:\/\/bastardsknives.com\/?post_type=product&#038;p=3361"},"modified":"2024-05-14T10:28:13","modified_gmt":"2024-05-14T10:28:13","slug":"sanmai-kohlenstoff-austenit","status":"publish","type":"product","link":"https:\/\/bastardsknives.com\/de\/producto\/sanmai-kohlenstoff-austenit\/","title":{"rendered":"SanMai (Kohlenstoff\/Austenit)"},"content":{"rendered":"<p>SanMai-Stahl (kohlenstoffhaltig\/austenitisch) hat einen Kern aus Kohlenstoff (martensitisch) aus 1.2562 mit Seiten aus rostfreiem Stahl (austenitisch) in einem SanMai-3-Lagen-Muster. Seine Oberfl\u00e4che ist durch Feuer rau. Es zeichnet sich durch SuperClean-Schwei\u00dfn\u00e4hte, ein sehr feines Korn und einen zuverl\u00e4ssigen Produktionsprozess aus, der eine hohe Kantenfestigkeit gew\u00e4hrleistet. Der Preis ist pro Zentimeter angegeben und bietet eine Qualit\u00e4tsoption f\u00fcr eine Vielzahl von Anwendungen.<\/p>\n","protected":false},"excerpt":{"rendered":"<p>SanMai-Stahl: Kern aus Kohlenstoff, Seiten aus rostfreiem Stahl. 3 Schichten, SanMai-Muster. Fl\u00e4che roh auf dem Feuer. SuperClean Schwei\u00dfperlen, feink\u00f6rnig. Preis pro cm.<\/p>\n","protected":false},"featured_media":3369,"template":"","meta":[],"product_brand":[],"product_cat":[286,763],"product_tag":[],"class_list":{"0":"post-3361","1":"product","2":"type-product","3":"status-publish","4":"has-post-thumbnail","6":"product_cat-balbachdamast-de","7":"product_cat-kohlenstoff","9":"first","10":"instock","11":"taxable","12":"shipping-taxable","13":"purchasable","14":"product-type-variable"},"acf":[],"yoast_head":"<!-- This site is optimized with the Yoast SEO plugin v23.1 - https:\/\/yoast.com\/wordpress\/plugins\/seo\/ -->\n<title>SanMai (Kohlenstoff\/Austenit) - Bastards Knives<\/title>\n<meta name=\"robots\" content=\"index, follow, max-snippet:-1, max-image-preview:large, max-video-preview:-1\" \/>\n<link rel=\"canonical\" href=\"https:\/\/bastardsknives.com\/de\/producto\/sanmai-kohlenstoff-austenit\/\" \/>\n<meta property=\"og:locale\" content=\"de_DE\" \/>\n<meta property=\"og:type\" content=\"article\" \/>\n<meta property=\"og:title\" content=\"SanMai (Kohlenstoff\/Austenit) - Bastards Knives\" \/>\n<meta property=\"og:description\" content=\"SanMai-Stahl: Kern aus Kohlenstoff, Seiten aus rostfreiem Stahl. 3 Schichten, SanMai-Muster. Fl\u00e4che roh auf dem Feuer. SuperClean Schwei\u00dfperlen, feink\u00f6rnig. Preis pro cm.\" \/>\n<meta property=\"og:url\" content=\"https:\/\/bastardsknives.com\/de\/producto\/sanmai-kohlenstoff-austenit\/\" \/>\n<meta property=\"og:site_name\" content=\"Bastards Knives\" \/>\n<meta property=\"og:image\" content=\"https:\/\/bastardsknives.com\/wp-content\/uploads\/2024\/04\/sanmai-carbonaustenitic.jpg\" \/>\n\t<meta property=\"og:image:width\" content=\"800\" \/>\n\t<meta property=\"og:image:height\" content=\"800\" \/>\n\t<meta property=\"og:image:type\" content=\"image\/jpeg\" \/>\n<meta name=\"twitter:card\" content=\"summary_large_image\" \/>\n<script type=\"application\/ld+json\" class=\"yoast-schema-graph\">{\"@context\":\"https:\/\/schema.org\",\"@graph\":[{\"@type\":\"WebPage\",\"@id\":\"https:\/\/bastardsknives.com\/de\/producto\/sanmai-kohlenstoff-austenit\/\",\"url\":\"https:\/\/bastardsknives.com\/de\/producto\/sanmai-kohlenstoff-austenit\/\",\"name\":\"SanMai (Kohlenstoff\/Austenit) - Bastards Knives\",\"isPartOf\":{\"@id\":\"https:\/\/bastardsknives.com\/de\/#website\"},\"primaryImageOfPage\":{\"@id\":\"https:\/\/bastardsknives.com\/de\/producto\/sanmai-kohlenstoff-austenit\/#primaryimage\"},\"image\":{\"@id\":\"https:\/\/bastardsknives.com\/de\/producto\/sanmai-kohlenstoff-austenit\/#primaryimage\"},\"thumbnailUrl\":\"https:\/\/bastardsknives.com\/wp-content\/uploads\/2024\/04\/sanmai-carbonaustenitic.jpg\",\"datePublished\":\"2024-05-14T10:28:13+00:00\",\"dateModified\":\"2024-05-14T10:28:13+00:00\",\"breadcrumb\":{\"@id\":\"https:\/\/bastardsknives.com\/de\/producto\/sanmai-kohlenstoff-austenit\/#breadcrumb\"},\"inLanguage\":\"de\",\"potentialAction\":[{\"@type\":\"ReadAction\",\"target\":[\"https:\/\/bastardsknives.com\/de\/producto\/sanmai-kohlenstoff-austenit\/\"]}]},{\"@type\":\"ImageObject\",\"inLanguage\":\"de\",\"@id\":\"https:\/\/bastardsknives.com\/de\/producto\/sanmai-kohlenstoff-austenit\/#primaryimage\",\"url\":\"https:\/\/bastardsknives.com\/wp-content\/uploads\/2024\/04\/sanmai-carbonaustenitic.jpg\",\"contentUrl\":\"https:\/\/bastardsknives.com\/wp-content\/uploads\/2024\/04\/sanmai-carbonaustenitic.jpg\",\"width\":800,\"height\":800},{\"@type\":\"BreadcrumbList\",\"@id\":\"https:\/\/bastardsknives.com\/de\/producto\/sanmai-kohlenstoff-austenit\/#breadcrumb\",\"itemListElement\":[{\"@type\":\"ListItem\",\"position\":1,\"name\":\"Home\",\"item\":\"https:\/\/bastardsknives.com\/de\/\"},{\"@type\":\"ListItem\",\"position\":2,\"name\":\"Shop\",\"item\":\"https:\/\/bastardsknives.com\/de\/shop\/\"},{\"@type\":\"ListItem\",\"position\":3,\"name\":\"SanMai (Kohlenstoff\/Austenit)\"}]},{\"@type\":\"WebSite\",\"@id\":\"https:\/\/bastardsknives.com\/de\/#website\",\"url\":\"https:\/\/bastardsknives.com\/de\/\",\"name\":\"Bastards Knives\",\"description\":\"Bastards Knives | Viviendo al filo\",\"publisher\":{\"@id\":\"https:\/\/bastardsknives.com\/de\/#organization\"},\"potentialAction\":[{\"@type\":\"SearchAction\",\"target\":{\"@type\":\"EntryPoint\",\"urlTemplate\":\"https:\/\/bastardsknives.com\/de\/?s={search_term_string}\"},\"query-input\":\"required name=search_term_string\"}],\"inLanguage\":\"de\"},{\"@type\":\"Organization\",\"@id\":\"https:\/\/bastardsknives.com\/de\/#organization\",\"name\":\"Bastards Knives\",\"url\":\"https:\/\/bastardsknives.com\/de\/\",\"logo\":{\"@type\":\"ImageObject\",\"inLanguage\":\"de\",\"@id\":\"https:\/\/bastardsknives.com\/de\/#\/schema\/logo\/image\/\",\"url\":\"https:\/\/bastardsknives.com\/wp-content\/uploads\/2022\/07\/Logoprod1.png\",\"contentUrl\":\"https:\/\/bastardsknives.com\/wp-content\/uploads\/2022\/07\/Logoprod1.png\",\"width\":284,\"height\":122,\"caption\":\"Bastards Knives\"},\"image\":{\"@id\":\"https:\/\/bastardsknives.com\/de\/#\/schema\/logo\/image\/\"}}]}<\/script>\n<!-- \/ Yoast SEO plugin. -->","yoast_head_json":{"title":"SanMai (Kohlenstoff\/Austenit) - Bastards Knives","robots":{"index":"index","follow":"follow","max-snippet":"max-snippet:-1","max-image-preview":"max-image-preview:large","max-video-preview":"max-video-preview:-1"},"canonical":"https:\/\/bastardsknives.com\/de\/producto\/sanmai-kohlenstoff-austenit\/","og_locale":"de_DE","og_type":"article","og_title":"SanMai (Kohlenstoff\/Austenit) - Bastards Knives","og_description":"SanMai-Stahl: Kern aus Kohlenstoff, Seiten aus rostfreiem Stahl. 3 Schichten, SanMai-Muster. Fl\u00e4che roh auf dem Feuer. SuperClean Schwei\u00dfperlen, feink\u00f6rnig. Preis pro cm.","og_url":"https:\/\/bastardsknives.com\/de\/producto\/sanmai-kohlenstoff-austenit\/","og_site_name":"Bastards Knives","og_image":[{"width":800,"height":800,"url":"https:\/\/bastardsknives.com\/wp-content\/uploads\/2024\/04\/sanmai-carbonaustenitic.jpg","type":"image\/jpeg"}],"twitter_card":"summary_large_image","schema":{"@context":"https:\/\/schema.org","@graph":[{"@type":"WebPage","@id":"https:\/\/bastardsknives.com\/de\/producto\/sanmai-kohlenstoff-austenit\/","url":"https:\/\/bastardsknives.com\/de\/producto\/sanmai-kohlenstoff-austenit\/","name":"SanMai (Kohlenstoff\/Austenit) - Bastards Knives","isPartOf":{"@id":"https:\/\/bastardsknives.com\/de\/#website"},"primaryImageOfPage":{"@id":"https:\/\/bastardsknives.com\/de\/producto\/sanmai-kohlenstoff-austenit\/#primaryimage"},"image":{"@id":"https:\/\/bastardsknives.com\/de\/producto\/sanmai-kohlenstoff-austenit\/#primaryimage"},"thumbnailUrl":"https:\/\/bastardsknives.com\/wp-content\/uploads\/2024\/04\/sanmai-carbonaustenitic.jpg","datePublished":"2024-05-14T10:28:13+00:00","dateModified":"2024-05-14T10:28:13+00:00","breadcrumb":{"@id":"https:\/\/bastardsknives.com\/de\/producto\/sanmai-kohlenstoff-austenit\/#breadcrumb"},"inLanguage":"de","potentialAction":[{"@type":"ReadAction","target":["https:\/\/bastardsknives.com\/de\/producto\/sanmai-kohlenstoff-austenit\/"]}]},{"@type":"ImageObject","inLanguage":"de","@id":"https:\/\/bastardsknives.com\/de\/producto\/sanmai-kohlenstoff-austenit\/#primaryimage","url":"https:\/\/bastardsknives.com\/wp-content\/uploads\/2024\/04\/sanmai-carbonaustenitic.jpg","contentUrl":"https:\/\/bastardsknives.com\/wp-content\/uploads\/2024\/04\/sanmai-carbonaustenitic.jpg","width":800,"height":800},{"@type":"BreadcrumbList","@id":"https:\/\/bastardsknives.com\/de\/producto\/sanmai-kohlenstoff-austenit\/#breadcrumb","itemListElement":[{"@type":"ListItem","position":1,"name":"Home","item":"https:\/\/bastardsknives.com\/de\/"},{"@type":"ListItem","position":2,"name":"Shop","item":"https:\/\/bastardsknives.com\/de\/shop\/"},{"@type":"ListItem","position":3,"name":"SanMai (Kohlenstoff\/Austenit)"}]},{"@type":"WebSite","@id":"https:\/\/bastardsknives.com\/de\/#website","url":"https:\/\/bastardsknives.com\/de\/","name":"Bastards Knives","description":"Bastards Knives | Viviendo al filo","publisher":{"@id":"https:\/\/bastardsknives.com\/de\/#organization"},"potentialAction":[{"@type":"SearchAction","target":{"@type":"EntryPoint","urlTemplate":"https:\/\/bastardsknives.com\/de\/?s={search_term_string}"},"query-input":"required name=search_term_string"}],"inLanguage":"de"},{"@type":"Organization","@id":"https:\/\/bastardsknives.com\/de\/#organization","name":"Bastards Knives","url":"https:\/\/bastardsknives.com\/de\/","logo":{"@type":"ImageObject","inLanguage":"de","@id":"https:\/\/bastardsknives.com\/de\/#\/schema\/logo\/image\/","url":"https:\/\/bastardsknives.com\/wp-content\/uploads\/2022\/07\/Logoprod1.png","contentUrl":"https:\/\/bastardsknives.com\/wp-content\/uploads\/2022\/07\/Logoprod1.png","width":284,"height":122,"caption":"Bastards Knives"},"image":{"@id":"https:\/\/bastardsknives.com\/de\/#\/schema\/logo\/image\/"}}]}},"_links":{"self":[{"href":"https:\/\/bastardsknives.com\/de\/wp-json\/wp\/v2\/product\/3361","targetHints":{"allow":["GET"]}}],"collection":[{"href":"https:\/\/bastardsknives.com\/de\/wp-json\/wp\/v2\/product"}],"about":[{"href":"https:\/\/bastardsknives.com\/de\/wp-json\/wp\/v2\/types\/product"}],"wp:featuredmedia":[{"embeddable":true,"href":"https:\/\/bastardsknives.com\/de\/wp-json\/wp\/v2\/media\/3369"}],"wp:attachment":[{"href":"https:\/\/bastardsknives.com\/de\/wp-json\/wp\/v2\/media?parent=3361"}],"wp:term":[{"taxonomy":"product_brand","embeddable":true,"href":"https:\/\/bastardsknives.com\/de\/wp-json\/wp\/v2\/product_brand?post=3361"},{"taxonomy":"product_cat","embeddable":true,"href":"https:\/\/bastardsknives.com\/de\/wp-json\/wp\/v2\/product_cat?post=3361"},{"taxonomy":"product_tag","embeddable":true,"href":"https:\/\/bastardsknives.com\/de\/wp-json\/wp\/v2\/product_tag?post=3361"}],"curies":[{"name":"wp","href":"https:\/\/api.w.org\/{rel}","templated":true}]}}