{"id":3392,"date":"2024-05-14T11:25:37","date_gmt":"2024-05-14T11:25:37","guid":{"rendered":"https:\/\/bastardsknives.com\/?post_type=product&#038;p=3392"},"modified":"2024-05-14T11:25:37","modified_gmt":"2024-05-14T11:25:37","slug":"leopardenfell-zitan","status":"publish","type":"product","link":"https:\/\/bastardsknives.com\/de\/producto\/leopardenfell-zitan\/","title":{"rendered":"Leopardenfell (zitan)"},"content":{"rendered":"<p>Zitan Leopard Skin Flat Bars sind ein au\u00dfergew\u00f6hnliches Material, das aus DSC\u00ae zitan und einem Leopardenhautmuster besteht. Mit SuperClean-Beschichtungen und Korrosionsbest\u00e4ndigkeit sind diese Stangen leichter als Stahl. Seine F\u00e4rbung kann durch W\u00e4rmebehandlung gesteuert werden, was eine \u00e4sthetische Vielseitigkeit bietet. Sie zeichnen sich durch ihre Zuverl\u00e4ssigkeit aus und sind ideal f\u00fcr High-Tech-Anwendungen. Der Preis wird pro Zentimeter berechnet und bietet eine Qualit\u00e4tsoption f\u00fcr verschiedene Bed\u00fcrfnisse.<\/p>\n","protected":false},"excerpt":{"rendered":"<p>Zitan Leopard Skin: DSC\u00ae-Verbindung, einzigartiges Muster, korrosionsbest\u00e4ndig, leicht, kontrollierbare F\u00e4rbung. Ideal f\u00fcr Hochtechnologie. Preis pro cm.<\/p>\n","protected":false},"featured_media":3389,"template":"","meta":[],"product_brand":[],"product_cat":[286],"product_tag":[],"class_list":{"0":"post-3392","1":"product","2":"type-product","3":"status-publish","4":"has-post-thumbnail","6":"product_cat-balbachdamast-de","8":"first","9":"instock","10":"taxable","11":"shipping-taxable","12":"purchasable","13":"product-type-simple"},"acf":[],"yoast_head":"<!-- This site is optimized with the Yoast SEO plugin v23.1 - https:\/\/yoast.com\/wordpress\/plugins\/seo\/ -->\n<title>Leopardenfell (zitan) - Bastards Knives<\/title>\n<meta name=\"robots\" content=\"index, follow, max-snippet:-1, max-image-preview:large, max-video-preview:-1\" \/>\n<link rel=\"canonical\" href=\"https:\/\/bastardsknives.com\/de\/producto\/leopardenfell-zitan\/\" \/>\n<meta property=\"og:locale\" content=\"de_DE\" \/>\n<meta property=\"og:type\" content=\"article\" \/>\n<meta property=\"og:title\" content=\"Leopardenfell (zitan) - Bastards Knives\" \/>\n<meta property=\"og:description\" content=\"Zitan Leopard Skin: DSC\u00ae-Verbindung, einzigartiges Muster, korrosionsbest\u00e4ndig, leicht, kontrollierbare F\u00e4rbung. Ideal f\u00fcr Hochtechnologie. Preis pro cm.\" \/>\n<meta property=\"og:url\" content=\"https:\/\/bastardsknives.com\/de\/producto\/leopardenfell-zitan\/\" \/>\n<meta property=\"og:site_name\" content=\"Bastards Knives\" \/>\n<meta property=\"og:image\" content=\"https:\/\/bastardsknives.com\/wp-content\/uploads\/2024\/04\/leopardskin-zitan.jpg\" \/>\n\t<meta property=\"og:image:width\" content=\"800\" \/>\n\t<meta property=\"og:image:height\" content=\"800\" \/>\n\t<meta property=\"og:image:type\" content=\"image\/jpeg\" \/>\n<meta name=\"twitter:card\" content=\"summary_large_image\" \/>\n<script type=\"application\/ld+json\" class=\"yoast-schema-graph\">{\"@context\":\"https:\/\/schema.org\",\"@graph\":[{\"@type\":\"WebPage\",\"@id\":\"https:\/\/bastardsknives.com\/de\/producto\/leopardenfell-zitan\/\",\"url\":\"https:\/\/bastardsknives.com\/de\/producto\/leopardenfell-zitan\/\",\"name\":\"Leopardenfell (zitan) - Bastards Knives\",\"isPartOf\":{\"@id\":\"https:\/\/bastardsknives.com\/de\/#website\"},\"primaryImageOfPage\":{\"@id\":\"https:\/\/bastardsknives.com\/de\/producto\/leopardenfell-zitan\/#primaryimage\"},\"image\":{\"@id\":\"https:\/\/bastardsknives.com\/de\/producto\/leopardenfell-zitan\/#primaryimage\"},\"thumbnailUrl\":\"https:\/\/bastardsknives.com\/wp-content\/uploads\/2024\/04\/leopardskin-zitan.jpg\",\"datePublished\":\"2024-05-14T11:25:37+00:00\",\"dateModified\":\"2024-05-14T11:25:37+00:00\",\"breadcrumb\":{\"@id\":\"https:\/\/bastardsknives.com\/de\/producto\/leopardenfell-zitan\/#breadcrumb\"},\"inLanguage\":\"de\",\"potentialAction\":[{\"@type\":\"ReadAction\",\"target\":[\"https:\/\/bastardsknives.com\/de\/producto\/leopardenfell-zitan\/\"]}]},{\"@type\":\"ImageObject\",\"inLanguage\":\"de\",\"@id\":\"https:\/\/bastardsknives.com\/de\/producto\/leopardenfell-zitan\/#primaryimage\",\"url\":\"https:\/\/bastardsknives.com\/wp-content\/uploads\/2024\/04\/leopardskin-zitan.jpg\",\"contentUrl\":\"https:\/\/bastardsknives.com\/wp-content\/uploads\/2024\/04\/leopardskin-zitan.jpg\",\"width\":800,\"height\":800},{\"@type\":\"BreadcrumbList\",\"@id\":\"https:\/\/bastardsknives.com\/de\/producto\/leopardenfell-zitan\/#breadcrumb\",\"itemListElement\":[{\"@type\":\"ListItem\",\"position\":1,\"name\":\"Home\",\"item\":\"https:\/\/bastardsknives.com\/de\/\"},{\"@type\":\"ListItem\",\"position\":2,\"name\":\"Shop\",\"item\":\"https:\/\/bastardsknives.com\/de\/shop\/\"},{\"@type\":\"ListItem\",\"position\":3,\"name\":\"Leopardenfell (zitan)\"}]},{\"@type\":\"WebSite\",\"@id\":\"https:\/\/bastardsknives.com\/de\/#website\",\"url\":\"https:\/\/bastardsknives.com\/de\/\",\"name\":\"Bastards Knives\",\"description\":\"Bastards Knives | Viviendo al filo\",\"publisher\":{\"@id\":\"https:\/\/bastardsknives.com\/de\/#organization\"},\"potentialAction\":[{\"@type\":\"SearchAction\",\"target\":{\"@type\":\"EntryPoint\",\"urlTemplate\":\"https:\/\/bastardsknives.com\/de\/?s={search_term_string}\"},\"query-input\":\"required name=search_term_string\"}],\"inLanguage\":\"de\"},{\"@type\":\"Organization\",\"@id\":\"https:\/\/bastardsknives.com\/de\/#organization\",\"name\":\"Bastards Knives\",\"url\":\"https:\/\/bastardsknives.com\/de\/\",\"logo\":{\"@type\":\"ImageObject\",\"inLanguage\":\"de\",\"@id\":\"https:\/\/bastardsknives.com\/de\/#\/schema\/logo\/image\/\",\"url\":\"https:\/\/bastardsknives.com\/wp-content\/uploads\/2022\/07\/Logoprod1.png\",\"contentUrl\":\"https:\/\/bastardsknives.com\/wp-content\/uploads\/2022\/07\/Logoprod1.png\",\"width\":284,\"height\":122,\"caption\":\"Bastards Knives\"},\"image\":{\"@id\":\"https:\/\/bastardsknives.com\/de\/#\/schema\/logo\/image\/\"}}]}<\/script>\n<!-- \/ Yoast SEO plugin. -->","yoast_head_json":{"title":"Leopardenfell (zitan) - Bastards Knives","robots":{"index":"index","follow":"follow","max-snippet":"max-snippet:-1","max-image-preview":"max-image-preview:large","max-video-preview":"max-video-preview:-1"},"canonical":"https:\/\/bastardsknives.com\/de\/producto\/leopardenfell-zitan\/","og_locale":"de_DE","og_type":"article","og_title":"Leopardenfell (zitan) - Bastards Knives","og_description":"Zitan Leopard Skin: DSC\u00ae-Verbindung, einzigartiges Muster, korrosionsbest\u00e4ndig, leicht, kontrollierbare F\u00e4rbung. Ideal f\u00fcr Hochtechnologie. Preis pro cm.","og_url":"https:\/\/bastardsknives.com\/de\/producto\/leopardenfell-zitan\/","og_site_name":"Bastards Knives","og_image":[{"width":800,"height":800,"url":"https:\/\/bastardsknives.com\/wp-content\/uploads\/2024\/04\/leopardskin-zitan.jpg","type":"image\/jpeg"}],"twitter_card":"summary_large_image","schema":{"@context":"https:\/\/schema.org","@graph":[{"@type":"WebPage","@id":"https:\/\/bastardsknives.com\/de\/producto\/leopardenfell-zitan\/","url":"https:\/\/bastardsknives.com\/de\/producto\/leopardenfell-zitan\/","name":"Leopardenfell (zitan) - Bastards Knives","isPartOf":{"@id":"https:\/\/bastardsknives.com\/de\/#website"},"primaryImageOfPage":{"@id":"https:\/\/bastardsknives.com\/de\/producto\/leopardenfell-zitan\/#primaryimage"},"image":{"@id":"https:\/\/bastardsknives.com\/de\/producto\/leopardenfell-zitan\/#primaryimage"},"thumbnailUrl":"https:\/\/bastardsknives.com\/wp-content\/uploads\/2024\/04\/leopardskin-zitan.jpg","datePublished":"2024-05-14T11:25:37+00:00","dateModified":"2024-05-14T11:25:37+00:00","breadcrumb":{"@id":"https:\/\/bastardsknives.com\/de\/producto\/leopardenfell-zitan\/#breadcrumb"},"inLanguage":"de","potentialAction":[{"@type":"ReadAction","target":["https:\/\/bastardsknives.com\/de\/producto\/leopardenfell-zitan\/"]}]},{"@type":"ImageObject","inLanguage":"de","@id":"https:\/\/bastardsknives.com\/de\/producto\/leopardenfell-zitan\/#primaryimage","url":"https:\/\/bastardsknives.com\/wp-content\/uploads\/2024\/04\/leopardskin-zitan.jpg","contentUrl":"https:\/\/bastardsknives.com\/wp-content\/uploads\/2024\/04\/leopardskin-zitan.jpg","width":800,"height":800},{"@type":"BreadcrumbList","@id":"https:\/\/bastardsknives.com\/de\/producto\/leopardenfell-zitan\/#breadcrumb","itemListElement":[{"@type":"ListItem","position":1,"name":"Home","item":"https:\/\/bastardsknives.com\/de\/"},{"@type":"ListItem","position":2,"name":"Shop","item":"https:\/\/bastardsknives.com\/de\/shop\/"},{"@type":"ListItem","position":3,"name":"Leopardenfell (zitan)"}]},{"@type":"WebSite","@id":"https:\/\/bastardsknives.com\/de\/#website","url":"https:\/\/bastardsknives.com\/de\/","name":"Bastards Knives","description":"Bastards Knives | Viviendo al filo","publisher":{"@id":"https:\/\/bastardsknives.com\/de\/#organization"},"potentialAction":[{"@type":"SearchAction","target":{"@type":"EntryPoint","urlTemplate":"https:\/\/bastardsknives.com\/de\/?s={search_term_string}"},"query-input":"required name=search_term_string"}],"inLanguage":"de"},{"@type":"Organization","@id":"https:\/\/bastardsknives.com\/de\/#organization","name":"Bastards Knives","url":"https:\/\/bastardsknives.com\/de\/","logo":{"@type":"ImageObject","inLanguage":"de","@id":"https:\/\/bastardsknives.com\/de\/#\/schema\/logo\/image\/","url":"https:\/\/bastardsknives.com\/wp-content\/uploads\/2022\/07\/Logoprod1.png","contentUrl":"https:\/\/bastardsknives.com\/wp-content\/uploads\/2022\/07\/Logoprod1.png","width":284,"height":122,"caption":"Bastards Knives"},"image":{"@id":"https:\/\/bastardsknives.com\/de\/#\/schema\/logo\/image\/"}}]}},"_links":{"self":[{"href":"https:\/\/bastardsknives.com\/de\/wp-json\/wp\/v2\/product\/3392","targetHints":{"allow":["GET"]}}],"collection":[{"href":"https:\/\/bastardsknives.com\/de\/wp-json\/wp\/v2\/product"}],"about":[{"href":"https:\/\/bastardsknives.com\/de\/wp-json\/wp\/v2\/types\/product"}],"wp:featuredmedia":[{"embeddable":true,"href":"https:\/\/bastardsknives.com\/de\/wp-json\/wp\/v2\/media\/3389"}],"wp:attachment":[{"href":"https:\/\/bastardsknives.com\/de\/wp-json\/wp\/v2\/media?parent=3392"}],"wp:term":[{"taxonomy":"product_brand","embeddable":true,"href":"https:\/\/bastardsknives.com\/de\/wp-json\/wp\/v2\/product_brand?post=3392"},{"taxonomy":"product_cat","embeddable":true,"href":"https:\/\/bastardsknives.com\/de\/wp-json\/wp\/v2\/product_cat?post=3392"},{"taxonomy":"product_tag","embeddable":true,"href":"https:\/\/bastardsknives.com\/de\/wp-json\/wp\/v2\/product_tag?post=3392"}],"curies":[{"name":"wp","href":"https:\/\/api.w.org\/{rel}","templated":true}]}}