{"id":3496,"date":"2024-05-14T11:32:05","date_gmt":"2024-05-14T11:32:05","guid":{"rendered":"https:\/\/bastardsknives.com\/?post_type=product&#038;p=3496"},"modified":"2024-05-14T11:32:05","modified_gmt":"2024-05-14T11:32:05","slug":"alleima-damax-damaszener-rostfreier-stahl","status":"publish","type":"product","link":"https:\/\/bastardsknives.com\/de\/producto\/alleima-damax-damaszener-rostfreier-stahl\/","title":{"rendered":"Alleima Damax Damaszener (rostfreier Stahl)"},"content":{"rendered":"<p>Alleima Damax Damascus (inox) ist ein Alleima Damax\u2122 \/ DSC inox-s kaltgewalztes Damastfurnier mit 135 Lagen und geschichtetem Damastmuster. Es zeichnet sich durch SuperClean, rostfreie, feink\u00f6rnige Schwei\u00dfn\u00e4hte und hohe Kantenfestigkeit aus. Geeignet f\u00fcr den Kontakt mit Lebensmitteln gem\u00e4\u00df der EU-Gesetzgebung, mit hoher H\u00e4rtbarkeit (bis zu 62 HRC). Sie bietet eine unkritische Umformung nach der W\u00e4rmebehandlung und ist Teil der patentierten Alleima-Qualit\u00e4tsproduktion. Erh\u00e4ltlich als ganzes oder halbes Blatt. F\u00fcr gr\u00f6\u00dfere Bestellungen oder Sonderma\u00dfe nehmen Sie bitte Kontakt mit uns auf.<\/p>\n","protected":false},"excerpt":{"rendered":"<p>Alleima Damax Damascus (inox): Laminiertes Damastfurnier, 135 Lagen, Schichtdamastmuster. Rostfreier Stahl, hohe Kantenfestigkeit. Geeignet f\u00fcr Lebensmittel.<\/p>\n","protected":false},"featured_media":3490,"template":"","meta":[],"product_brand":[],"product_cat":[286,765],"product_tag":[],"class_list":{"0":"post-3496","1":"product","2":"type-product","3":"status-publish","4":"has-post-thumbnail","6":"product_cat-balbachdamast-de","7":"product_cat-rostfrei","9":"first","10":"instock","11":"taxable","12":"shipping-taxable","13":"purchasable","14":"product-type-variable"},"acf":[],"yoast_head":"<!-- This site is optimized with the Yoast SEO plugin v23.1 - https:\/\/yoast.com\/wordpress\/plugins\/seo\/ -->\n<title>Alleima Damax Damaszener (rostfreier Stahl) - Bastards Knives<\/title>\n<meta name=\"robots\" content=\"index, follow, max-snippet:-1, max-image-preview:large, max-video-preview:-1\" \/>\n<link rel=\"canonical\" href=\"https:\/\/bastardsknives.com\/de\/producto\/alleima-damax-damaszener-rostfreier-stahl\/\" \/>\n<meta property=\"og:locale\" content=\"de_DE\" \/>\n<meta property=\"og:type\" content=\"article\" \/>\n<meta property=\"og:title\" content=\"Alleima Damax Damaszener (rostfreier Stahl) - Bastards Knives\" \/>\n<meta property=\"og:description\" content=\"Alleima Damax Damascus (inox): Laminiertes Damastfurnier, 135 Lagen, Schichtdamastmuster. Rostfreier Stahl, hohe Kantenfestigkeit. Geeignet f\u00fcr Lebensmittel.\" \/>\n<meta property=\"og:url\" content=\"https:\/\/bastardsknives.com\/de\/producto\/alleima-damax-damaszener-rostfreier-stahl\/\" \/>\n<meta property=\"og:site_name\" content=\"Bastards Knives\" \/>\n<meta property=\"og:image\" content=\"https:\/\/bastardsknives.com\/wp-content\/uploads\/2024\/04\/alleima-damax-damascus-inox-4.jpg\" \/>\n\t<meta property=\"og:image:width\" content=\"800\" \/>\n\t<meta property=\"og:image:height\" content=\"800\" \/>\n\t<meta property=\"og:image:type\" content=\"image\/jpeg\" \/>\n<meta name=\"twitter:card\" content=\"summary_large_image\" \/>\n<script type=\"application\/ld+json\" class=\"yoast-schema-graph\">{\"@context\":\"https:\/\/schema.org\",\"@graph\":[{\"@type\":\"WebPage\",\"@id\":\"https:\/\/bastardsknives.com\/de\/producto\/alleima-damax-damaszener-rostfreier-stahl\/\",\"url\":\"https:\/\/bastardsknives.com\/de\/producto\/alleima-damax-damaszener-rostfreier-stahl\/\",\"name\":\"Alleima Damax Damaszener (rostfreier Stahl) - Bastards Knives\",\"isPartOf\":{\"@id\":\"https:\/\/bastardsknives.com\/de\/#website\"},\"primaryImageOfPage\":{\"@id\":\"https:\/\/bastardsknives.com\/de\/producto\/alleima-damax-damaszener-rostfreier-stahl\/#primaryimage\"},\"image\":{\"@id\":\"https:\/\/bastardsknives.com\/de\/producto\/alleima-damax-damaszener-rostfreier-stahl\/#primaryimage\"},\"thumbnailUrl\":\"https:\/\/bastardsknives.com\/wp-content\/uploads\/2024\/04\/alleima-damax-damascus-inox-4.jpg\",\"datePublished\":\"2024-05-14T11:32:05+00:00\",\"dateModified\":\"2024-05-14T11:32:05+00:00\",\"breadcrumb\":{\"@id\":\"https:\/\/bastardsknives.com\/de\/producto\/alleima-damax-damaszener-rostfreier-stahl\/#breadcrumb\"},\"inLanguage\":\"de\",\"potentialAction\":[{\"@type\":\"ReadAction\",\"target\":[\"https:\/\/bastardsknives.com\/de\/producto\/alleima-damax-damaszener-rostfreier-stahl\/\"]}]},{\"@type\":\"ImageObject\",\"inLanguage\":\"de\",\"@id\":\"https:\/\/bastardsknives.com\/de\/producto\/alleima-damax-damaszener-rostfreier-stahl\/#primaryimage\",\"url\":\"https:\/\/bastardsknives.com\/wp-content\/uploads\/2024\/04\/alleima-damax-damascus-inox-4.jpg\",\"contentUrl\":\"https:\/\/bastardsknives.com\/wp-content\/uploads\/2024\/04\/alleima-damax-damascus-inox-4.jpg\",\"width\":800,\"height\":800},{\"@type\":\"BreadcrumbList\",\"@id\":\"https:\/\/bastardsknives.com\/de\/producto\/alleima-damax-damaszener-rostfreier-stahl\/#breadcrumb\",\"itemListElement\":[{\"@type\":\"ListItem\",\"position\":1,\"name\":\"Home\",\"item\":\"https:\/\/bastardsknives.com\/de\/\"},{\"@type\":\"ListItem\",\"position\":2,\"name\":\"Shop\",\"item\":\"https:\/\/bastardsknives.com\/de\/shop\/\"},{\"@type\":\"ListItem\",\"position\":3,\"name\":\"Alleima Damax Damaszener (rostfreier Stahl)\"}]},{\"@type\":\"WebSite\",\"@id\":\"https:\/\/bastardsknives.com\/de\/#website\",\"url\":\"https:\/\/bastardsknives.com\/de\/\",\"name\":\"Bastards Knives\",\"description\":\"Bastards Knives | Viviendo al filo\",\"publisher\":{\"@id\":\"https:\/\/bastardsknives.com\/de\/#organization\"},\"potentialAction\":[{\"@type\":\"SearchAction\",\"target\":{\"@type\":\"EntryPoint\",\"urlTemplate\":\"https:\/\/bastardsknives.com\/de\/?s={search_term_string}\"},\"query-input\":\"required name=search_term_string\"}],\"inLanguage\":\"de\"},{\"@type\":\"Organization\",\"@id\":\"https:\/\/bastardsknives.com\/de\/#organization\",\"name\":\"Bastards Knives\",\"url\":\"https:\/\/bastardsknives.com\/de\/\",\"logo\":{\"@type\":\"ImageObject\",\"inLanguage\":\"de\",\"@id\":\"https:\/\/bastardsknives.com\/de\/#\/schema\/logo\/image\/\",\"url\":\"https:\/\/bastardsknives.com\/wp-content\/uploads\/2022\/07\/Logoprod1.png\",\"contentUrl\":\"https:\/\/bastardsknives.com\/wp-content\/uploads\/2022\/07\/Logoprod1.png\",\"width\":284,\"height\":122,\"caption\":\"Bastards Knives\"},\"image\":{\"@id\":\"https:\/\/bastardsknives.com\/de\/#\/schema\/logo\/image\/\"}}]}<\/script>\n<!-- \/ Yoast SEO plugin. -->","yoast_head_json":{"title":"Alleima Damax Damaszener (rostfreier Stahl) - Bastards Knives","robots":{"index":"index","follow":"follow","max-snippet":"max-snippet:-1","max-image-preview":"max-image-preview:large","max-video-preview":"max-video-preview:-1"},"canonical":"https:\/\/bastardsknives.com\/de\/producto\/alleima-damax-damaszener-rostfreier-stahl\/","og_locale":"de_DE","og_type":"article","og_title":"Alleima Damax Damaszener (rostfreier Stahl) - Bastards Knives","og_description":"Alleima Damax Damascus (inox): Laminiertes Damastfurnier, 135 Lagen, Schichtdamastmuster. Rostfreier Stahl, hohe Kantenfestigkeit. Geeignet f\u00fcr Lebensmittel.","og_url":"https:\/\/bastardsknives.com\/de\/producto\/alleima-damax-damaszener-rostfreier-stahl\/","og_site_name":"Bastards Knives","og_image":[{"width":800,"height":800,"url":"https:\/\/bastardsknives.com\/wp-content\/uploads\/2024\/04\/alleima-damax-damascus-inox-4.jpg","type":"image\/jpeg"}],"twitter_card":"summary_large_image","schema":{"@context":"https:\/\/schema.org","@graph":[{"@type":"WebPage","@id":"https:\/\/bastardsknives.com\/de\/producto\/alleima-damax-damaszener-rostfreier-stahl\/","url":"https:\/\/bastardsknives.com\/de\/producto\/alleima-damax-damaszener-rostfreier-stahl\/","name":"Alleima Damax Damaszener (rostfreier Stahl) - Bastards Knives","isPartOf":{"@id":"https:\/\/bastardsknives.com\/de\/#website"},"primaryImageOfPage":{"@id":"https:\/\/bastardsknives.com\/de\/producto\/alleima-damax-damaszener-rostfreier-stahl\/#primaryimage"},"image":{"@id":"https:\/\/bastardsknives.com\/de\/producto\/alleima-damax-damaszener-rostfreier-stahl\/#primaryimage"},"thumbnailUrl":"https:\/\/bastardsknives.com\/wp-content\/uploads\/2024\/04\/alleima-damax-damascus-inox-4.jpg","datePublished":"2024-05-14T11:32:05+00:00","dateModified":"2024-05-14T11:32:05+00:00","breadcrumb":{"@id":"https:\/\/bastardsknives.com\/de\/producto\/alleima-damax-damaszener-rostfreier-stahl\/#breadcrumb"},"inLanguage":"de","potentialAction":[{"@type":"ReadAction","target":["https:\/\/bastardsknives.com\/de\/producto\/alleima-damax-damaszener-rostfreier-stahl\/"]}]},{"@type":"ImageObject","inLanguage":"de","@id":"https:\/\/bastardsknives.com\/de\/producto\/alleima-damax-damaszener-rostfreier-stahl\/#primaryimage","url":"https:\/\/bastardsknives.com\/wp-content\/uploads\/2024\/04\/alleima-damax-damascus-inox-4.jpg","contentUrl":"https:\/\/bastardsknives.com\/wp-content\/uploads\/2024\/04\/alleima-damax-damascus-inox-4.jpg","width":800,"height":800},{"@type":"BreadcrumbList","@id":"https:\/\/bastardsknives.com\/de\/producto\/alleima-damax-damaszener-rostfreier-stahl\/#breadcrumb","itemListElement":[{"@type":"ListItem","position":1,"name":"Home","item":"https:\/\/bastardsknives.com\/de\/"},{"@type":"ListItem","position":2,"name":"Shop","item":"https:\/\/bastardsknives.com\/de\/shop\/"},{"@type":"ListItem","position":3,"name":"Alleima Damax Damaszener (rostfreier Stahl)"}]},{"@type":"WebSite","@id":"https:\/\/bastardsknives.com\/de\/#website","url":"https:\/\/bastardsknives.com\/de\/","name":"Bastards Knives","description":"Bastards Knives | Viviendo al filo","publisher":{"@id":"https:\/\/bastardsknives.com\/de\/#organization"},"potentialAction":[{"@type":"SearchAction","target":{"@type":"EntryPoint","urlTemplate":"https:\/\/bastardsknives.com\/de\/?s={search_term_string}"},"query-input":"required name=search_term_string"}],"inLanguage":"de"},{"@type":"Organization","@id":"https:\/\/bastardsknives.com\/de\/#organization","name":"Bastards Knives","url":"https:\/\/bastardsknives.com\/de\/","logo":{"@type":"ImageObject","inLanguage":"de","@id":"https:\/\/bastardsknives.com\/de\/#\/schema\/logo\/image\/","url":"https:\/\/bastardsknives.com\/wp-content\/uploads\/2022\/07\/Logoprod1.png","contentUrl":"https:\/\/bastardsknives.com\/wp-content\/uploads\/2022\/07\/Logoprod1.png","width":284,"height":122,"caption":"Bastards Knives"},"image":{"@id":"https:\/\/bastardsknives.com\/de\/#\/schema\/logo\/image\/"}}]}},"_links":{"self":[{"href":"https:\/\/bastardsknives.com\/de\/wp-json\/wp\/v2\/product\/3496","targetHints":{"allow":["GET"]}}],"collection":[{"href":"https:\/\/bastardsknives.com\/de\/wp-json\/wp\/v2\/product"}],"about":[{"href":"https:\/\/bastardsknives.com\/de\/wp-json\/wp\/v2\/types\/product"}],"wp:featuredmedia":[{"embeddable":true,"href":"https:\/\/bastardsknives.com\/de\/wp-json\/wp\/v2\/media\/3490"}],"wp:attachment":[{"href":"https:\/\/bastardsknives.com\/de\/wp-json\/wp\/v2\/media?parent=3496"}],"wp:term":[{"taxonomy":"product_brand","embeddable":true,"href":"https:\/\/bastardsknives.com\/de\/wp-json\/wp\/v2\/product_brand?post=3496"},{"taxonomy":"product_cat","embeddable":true,"href":"https:\/\/bastardsknives.com\/de\/wp-json\/wp\/v2\/product_cat?post=3496"},{"taxonomy":"product_tag","embeddable":true,"href":"https:\/\/bastardsknives.com\/de\/wp-json\/wp\/v2\/product_tag?post=3496"}],"curies":[{"name":"wp","href":"https:\/\/api.w.org\/{rel}","templated":true}]}}