{"id":3691,"date":"2024-05-14T09:35:46","date_gmt":"2024-05-14T09:35:46","guid":{"rendered":"https:\/\/bastardsknives.com\/?post_type=product&#038;p=3691"},"modified":"2024-05-14T09:35:49","modified_gmt":"2024-05-14T09:35:49","slug":"torsion-damascus-inox","status":"publish","type":"product","link":"https:\/\/bastardsknives.com\/de\/producto\/torsion-damascus-inox\/","title":{"rendered":"Torsion Damascus (inox)"},"content":{"rendered":"<p>Der Torsion Damascus (inox) ist ein Ring mit Damastmuster aus rostfreiem DSC\u00ae-Verbundmaterial, das f\u00fcr seine Haltbarkeit und Korrosionsbest\u00e4ndigkeit bekannt ist. Dieser Ring weist ein atemberaubendes Damaszener-Muster auf, das ihm ein einzigartiges und elegantes Aussehen verleiht. Seine Konstruktion umfasst SuperClean-Schwei\u00dfn\u00e4hte, die eine optimale strukturelle Integrit\u00e4t gew\u00e4hrleisten. Mit seiner sehr feinen Maserung bietet dieser Ring eine glatte Oberfl\u00e4che, die sich angenehm und sicher bei K\u00f6rperkontakt anf\u00fchlt. Dar\u00fcber hinaus ist es in der Lage, einen hohen H\u00e4rtegrad von bis zu 61 HRC zu erreichen.<\/p>\n","protected":false},"excerpt":{"rendered":"<p>Torsion Damaskus (Edelstahl): Eleganter Ring mit Damastmuster, SuperClean-Schwei\u00dfn\u00e4hte und Widerstandsf\u00e4higkeit bis zu 61 HRC. Eleganz und Qualit\u00e4t in jedem Detail.<\/p>\n","protected":false},"featured_media":3430,"template":"","meta":[],"product_brand":[],"product_cat":[286,765],"product_tag":[],"class_list":{"0":"post-3691","1":"product","2":"type-product","3":"status-publish","4":"has-post-thumbnail","6":"product_cat-balbachdamast-de","7":"product_cat-rostfrei","9":"first","10":"instock","11":"taxable","12":"shipping-taxable","13":"purchasable","14":"product-type-variable"},"acf":[],"yoast_head":"<!-- This site is optimized with the Yoast SEO plugin v23.1 - https:\/\/yoast.com\/wordpress\/plugins\/seo\/ -->\n<title>Torsion Damascus (inox) - Bastards Knives<\/title>\n<meta name=\"robots\" content=\"index, follow, max-snippet:-1, max-image-preview:large, max-video-preview:-1\" \/>\n<link rel=\"canonical\" href=\"https:\/\/bastardsknives.com\/de\/producto\/torsion-damascus-inox\/\" \/>\n<meta property=\"og:locale\" content=\"de_DE\" \/>\n<meta property=\"og:type\" content=\"article\" \/>\n<meta property=\"og:title\" content=\"Torsion Damascus (inox) - Bastards Knives\" \/>\n<meta property=\"og:description\" content=\"Torsion Damaskus (Edelstahl): Eleganter Ring mit Damastmuster, SuperClean-Schwei\u00dfn\u00e4hte und Widerstandsf\u00e4higkeit bis zu 61 HRC. Eleganz und Qualit\u00e4t in jedem Detail.\" \/>\n<meta property=\"og:url\" content=\"https:\/\/bastardsknives.com\/de\/producto\/torsion-damascus-inox\/\" \/>\n<meta property=\"og:site_name\" content=\"Bastards Knives\" \/>\n<meta property=\"article:modified_time\" content=\"2024-05-14T09:35:49+00:00\" \/>\n<meta property=\"og:image\" content=\"https:\/\/bastardsknives.com\/wp-content\/uploads\/2024\/04\/layered-damascus-inox.png\" \/>\n\t<meta property=\"og:image:width\" content=\"800\" \/>\n\t<meta property=\"og:image:height\" content=\"800\" \/>\n\t<meta property=\"og:image:type\" content=\"image\/png\" \/>\n<meta name=\"twitter:card\" content=\"summary_large_image\" \/>\n<script type=\"application\/ld+json\" class=\"yoast-schema-graph\">{\"@context\":\"https:\/\/schema.org\",\"@graph\":[{\"@type\":\"WebPage\",\"@id\":\"https:\/\/bastardsknives.com\/de\/producto\/torsion-damascus-inox\/\",\"url\":\"https:\/\/bastardsknives.com\/de\/producto\/torsion-damascus-inox\/\",\"name\":\"Torsion Damascus (inox) - Bastards Knives\",\"isPartOf\":{\"@id\":\"https:\/\/bastardsknives.com\/de\/#website\"},\"primaryImageOfPage\":{\"@id\":\"https:\/\/bastardsknives.com\/de\/producto\/torsion-damascus-inox\/#primaryimage\"},\"image\":{\"@id\":\"https:\/\/bastardsknives.com\/de\/producto\/torsion-damascus-inox\/#primaryimage\"},\"thumbnailUrl\":\"https:\/\/bastardsknives.com\/wp-content\/uploads\/2024\/04\/layered-damascus-inox.png\",\"datePublished\":\"2024-05-14T09:35:46+00:00\",\"dateModified\":\"2024-05-14T09:35:49+00:00\",\"breadcrumb\":{\"@id\":\"https:\/\/bastardsknives.com\/de\/producto\/torsion-damascus-inox\/#breadcrumb\"},\"inLanguage\":\"de\",\"potentialAction\":[{\"@type\":\"ReadAction\",\"target\":[\"https:\/\/bastardsknives.com\/de\/producto\/torsion-damascus-inox\/\"]}]},{\"@type\":\"ImageObject\",\"inLanguage\":\"de\",\"@id\":\"https:\/\/bastardsknives.com\/de\/producto\/torsion-damascus-inox\/#primaryimage\",\"url\":\"https:\/\/bastardsknives.com\/wp-content\/uploads\/2024\/04\/layered-damascus-inox.png\",\"contentUrl\":\"https:\/\/bastardsknives.com\/wp-content\/uploads\/2024\/04\/layered-damascus-inox.png\",\"width\":800,\"height\":800},{\"@type\":\"BreadcrumbList\",\"@id\":\"https:\/\/bastardsknives.com\/de\/producto\/torsion-damascus-inox\/#breadcrumb\",\"itemListElement\":[{\"@type\":\"ListItem\",\"position\":1,\"name\":\"Home\",\"item\":\"https:\/\/bastardsknives.com\/de\/\"},{\"@type\":\"ListItem\",\"position\":2,\"name\":\"Shop\",\"item\":\"https:\/\/bastardsknives.com\/de\/shop\/\"},{\"@type\":\"ListItem\",\"position\":3,\"name\":\"Torsion Damascus (inox)\"}]},{\"@type\":\"WebSite\",\"@id\":\"https:\/\/bastardsknives.com\/de\/#website\",\"url\":\"https:\/\/bastardsknives.com\/de\/\",\"name\":\"Bastards Knives\",\"description\":\"Bastards Knives | Viviendo al filo\",\"publisher\":{\"@id\":\"https:\/\/bastardsknives.com\/de\/#organization\"},\"potentialAction\":[{\"@type\":\"SearchAction\",\"target\":{\"@type\":\"EntryPoint\",\"urlTemplate\":\"https:\/\/bastardsknives.com\/de\/?s={search_term_string}\"},\"query-input\":\"required name=search_term_string\"}],\"inLanguage\":\"de\"},{\"@type\":\"Organization\",\"@id\":\"https:\/\/bastardsknives.com\/de\/#organization\",\"name\":\"Bastards Knives\",\"url\":\"https:\/\/bastardsknives.com\/de\/\",\"logo\":{\"@type\":\"ImageObject\",\"inLanguage\":\"de\",\"@id\":\"https:\/\/bastardsknives.com\/de\/#\/schema\/logo\/image\/\",\"url\":\"https:\/\/bastardsknives.com\/wp-content\/uploads\/2022\/07\/Logoprod1.png\",\"contentUrl\":\"https:\/\/bastardsknives.com\/wp-content\/uploads\/2022\/07\/Logoprod1.png\",\"width\":284,\"height\":122,\"caption\":\"Bastards Knives\"},\"image\":{\"@id\":\"https:\/\/bastardsknives.com\/de\/#\/schema\/logo\/image\/\"}}]}<\/script>\n<!-- \/ Yoast SEO plugin. -->","yoast_head_json":{"title":"Torsion Damascus (inox) - Bastards Knives","robots":{"index":"index","follow":"follow","max-snippet":"max-snippet:-1","max-image-preview":"max-image-preview:large","max-video-preview":"max-video-preview:-1"},"canonical":"https:\/\/bastardsknives.com\/de\/producto\/torsion-damascus-inox\/","og_locale":"de_DE","og_type":"article","og_title":"Torsion Damascus (inox) - Bastards Knives","og_description":"Torsion Damaskus (Edelstahl): Eleganter Ring mit Damastmuster, SuperClean-Schwei\u00dfn\u00e4hte und Widerstandsf\u00e4higkeit bis zu 61 HRC. Eleganz und Qualit\u00e4t in jedem Detail.","og_url":"https:\/\/bastardsknives.com\/de\/producto\/torsion-damascus-inox\/","og_site_name":"Bastards Knives","article_modified_time":"2024-05-14T09:35:49+00:00","og_image":[{"width":800,"height":800,"url":"https:\/\/bastardsknives.com\/wp-content\/uploads\/2024\/04\/layered-damascus-inox.png","type":"image\/png"}],"twitter_card":"summary_large_image","schema":{"@context":"https:\/\/schema.org","@graph":[{"@type":"WebPage","@id":"https:\/\/bastardsknives.com\/de\/producto\/torsion-damascus-inox\/","url":"https:\/\/bastardsknives.com\/de\/producto\/torsion-damascus-inox\/","name":"Torsion Damascus (inox) - Bastards Knives","isPartOf":{"@id":"https:\/\/bastardsknives.com\/de\/#website"},"primaryImageOfPage":{"@id":"https:\/\/bastardsknives.com\/de\/producto\/torsion-damascus-inox\/#primaryimage"},"image":{"@id":"https:\/\/bastardsknives.com\/de\/producto\/torsion-damascus-inox\/#primaryimage"},"thumbnailUrl":"https:\/\/bastardsknives.com\/wp-content\/uploads\/2024\/04\/layered-damascus-inox.png","datePublished":"2024-05-14T09:35:46+00:00","dateModified":"2024-05-14T09:35:49+00:00","breadcrumb":{"@id":"https:\/\/bastardsknives.com\/de\/producto\/torsion-damascus-inox\/#breadcrumb"},"inLanguage":"de","potentialAction":[{"@type":"ReadAction","target":["https:\/\/bastardsknives.com\/de\/producto\/torsion-damascus-inox\/"]}]},{"@type":"ImageObject","inLanguage":"de","@id":"https:\/\/bastardsknives.com\/de\/producto\/torsion-damascus-inox\/#primaryimage","url":"https:\/\/bastardsknives.com\/wp-content\/uploads\/2024\/04\/layered-damascus-inox.png","contentUrl":"https:\/\/bastardsknives.com\/wp-content\/uploads\/2024\/04\/layered-damascus-inox.png","width":800,"height":800},{"@type":"BreadcrumbList","@id":"https:\/\/bastardsknives.com\/de\/producto\/torsion-damascus-inox\/#breadcrumb","itemListElement":[{"@type":"ListItem","position":1,"name":"Home","item":"https:\/\/bastardsknives.com\/de\/"},{"@type":"ListItem","position":2,"name":"Shop","item":"https:\/\/bastardsknives.com\/de\/shop\/"},{"@type":"ListItem","position":3,"name":"Torsion Damascus (inox)"}]},{"@type":"WebSite","@id":"https:\/\/bastardsknives.com\/de\/#website","url":"https:\/\/bastardsknives.com\/de\/","name":"Bastards Knives","description":"Bastards Knives | Viviendo al filo","publisher":{"@id":"https:\/\/bastardsknives.com\/de\/#organization"},"potentialAction":[{"@type":"SearchAction","target":{"@type":"EntryPoint","urlTemplate":"https:\/\/bastardsknives.com\/de\/?s={search_term_string}"},"query-input":"required name=search_term_string"}],"inLanguage":"de"},{"@type":"Organization","@id":"https:\/\/bastardsknives.com\/de\/#organization","name":"Bastards Knives","url":"https:\/\/bastardsknives.com\/de\/","logo":{"@type":"ImageObject","inLanguage":"de","@id":"https:\/\/bastardsknives.com\/de\/#\/schema\/logo\/image\/","url":"https:\/\/bastardsknives.com\/wp-content\/uploads\/2022\/07\/Logoprod1.png","contentUrl":"https:\/\/bastardsknives.com\/wp-content\/uploads\/2022\/07\/Logoprod1.png","width":284,"height":122,"caption":"Bastards Knives"},"image":{"@id":"https:\/\/bastardsknives.com\/de\/#\/schema\/logo\/image\/"}}]}},"_links":{"self":[{"href":"https:\/\/bastardsknives.com\/de\/wp-json\/wp\/v2\/product\/3691","targetHints":{"allow":["GET"]}}],"collection":[{"href":"https:\/\/bastardsknives.com\/de\/wp-json\/wp\/v2\/product"}],"about":[{"href":"https:\/\/bastardsknives.com\/de\/wp-json\/wp\/v2\/types\/product"}],"wp:featuredmedia":[{"embeddable":true,"href":"https:\/\/bastardsknives.com\/de\/wp-json\/wp\/v2\/media\/3430"}],"wp:attachment":[{"href":"https:\/\/bastardsknives.com\/de\/wp-json\/wp\/v2\/media?parent=3691"}],"wp:term":[{"taxonomy":"product_brand","embeddable":true,"href":"https:\/\/bastardsknives.com\/de\/wp-json\/wp\/v2\/product_brand?post=3691"},{"taxonomy":"product_cat","embeddable":true,"href":"https:\/\/bastardsknives.com\/de\/wp-json\/wp\/v2\/product_cat?post=3691"},{"taxonomy":"product_tag","embeddable":true,"href":"https:\/\/bastardsknives.com\/de\/wp-json\/wp\/v2\/product_tag?post=3691"}],"curies":[{"name":"wp","href":"https:\/\/api.w.org\/{rel}","templated":true}]}}