{"id":3725,"date":"2024-05-14T09:34:56","date_gmt":"2024-05-14T09:34:56","guid":{"rendered":"https:\/\/bastardsknives.com\/?post_type=product&#038;p=3725"},"modified":"2024-05-14T09:34:59","modified_gmt":"2024-05-14T09:34:59","slug":"sanmai-nitro-b-kleine-rosen","status":"publish","type":"product","link":"https:\/\/bastardsknives.com\/de\/producto\/sanmai-nitro-b-kleine-rosen\/","title":{"rendered":"Sanmai (Nitro-B \/ Kleine Rosen)"},"content":{"rendered":"<p>Das SanMai Damast (Nitro-B \/ Small Roses) ist ein bemerkenswertes Beispiel f\u00fcr Handwerkskunst. Es besteht aus einem SanMai-Verbundstoff, der einen Nitro-B-Kern und rostfreie DSC\u00ae-Schalen mit 80 Lagen pro Seite integriert. Das sorgf\u00e4ltige Rosenmotiv wird mit herausragenden Eigenschaften kombiniert: SuperClean-Schichtn\u00e4hte, Korrosionsbest\u00e4ndigkeit, sehr feines Korn und hohe Kantenfestigkeit. Dar\u00fcber hinaus garantieren der zuverl\u00e4ssige Produktionsprozess und die Eignung f\u00fcr den Kontakt mit Lebensmitteln einen tadellosen Qualit\u00e4tsstandard. Mit seiner unkritischen Verformbarkeit nach der W\u00e4rmebehandlung und der M\u00f6glichkeit, eine hohe H\u00e4rtbarkeit bis zu 62 HRC zu erreichen, verk\u00f6rpert dieses Produkt Eleganz und Funktionalit\u00e4t auf jedem Zentimeter.<\/p>\n","protected":false},"excerpt":{"rendered":"<p>Sanmai Damaskus: Qualit\u00e4t SanMai Komposit. SuperClean Schwei\u00dfn\u00e4hte, rostfrei, feink\u00f6rnig. Zuverl\u00e4ssige Umformung, bis zu 62 HRC. Preis pro cm.<\/p>\n","protected":false},"featured_media":3723,"template":"","meta":[],"product_brand":[],"product_cat":[286],"product_tag":[],"class_list":{"0":"post-3725","1":"product","2":"type-product","3":"status-publish","4":"has-post-thumbnail","6":"product_cat-balbachdamast-de","8":"first","9":"instock","10":"taxable","11":"shipping-taxable","12":"purchasable","13":"product-type-simple"},"acf":[],"yoast_head":"<!-- This site is optimized with the Yoast SEO plugin v23.1 - https:\/\/yoast.com\/wordpress\/plugins\/seo\/ -->\n<title>Sanmai (Nitro-B \/ Kleine Rosen) - Bastards Knives<\/title>\n<meta name=\"robots\" content=\"index, follow, max-snippet:-1, max-image-preview:large, max-video-preview:-1\" \/>\n<link rel=\"canonical\" href=\"https:\/\/bastardsknives.com\/de\/producto\/sanmai-nitro-b-kleine-rosen\/\" \/>\n<meta property=\"og:locale\" content=\"de_DE\" \/>\n<meta property=\"og:type\" content=\"article\" \/>\n<meta property=\"og:title\" content=\"Sanmai (Nitro-B \/ Kleine Rosen) - Bastards Knives\" \/>\n<meta property=\"og:description\" content=\"Sanmai Damaskus: Qualit\u00e4t SanMai Komposit. SuperClean Schwei\u00dfn\u00e4hte, rostfrei, feink\u00f6rnig. Zuverl\u00e4ssige Umformung, bis zu 62 HRC. Preis pro cm.\" \/>\n<meta property=\"og:url\" content=\"https:\/\/bastardsknives.com\/de\/producto\/sanmai-nitro-b-kleine-rosen\/\" \/>\n<meta property=\"og:site_name\" content=\"Bastards Knives\" \/>\n<meta property=\"article:modified_time\" content=\"2024-05-14T09:34:59+00:00\" \/>\n<meta property=\"og:image\" content=\"https:\/\/bastardsknives.com\/wp-content\/uploads\/2024\/04\/sanmai-nitro-b-small-roses.jpg\" \/>\n\t<meta property=\"og:image:width\" content=\"800\" \/>\n\t<meta property=\"og:image:height\" content=\"800\" \/>\n\t<meta property=\"og:image:type\" content=\"image\/jpeg\" \/>\n<meta name=\"twitter:card\" content=\"summary_large_image\" \/>\n<meta name=\"twitter:label1\" content=\"Gesch\u00e4tzte Lesezeit\" \/>\n\t<meta name=\"twitter:data1\" content=\"1\u00a0Minute\" \/>\n<script type=\"application\/ld+json\" class=\"yoast-schema-graph\">{\"@context\":\"https:\/\/schema.org\",\"@graph\":[{\"@type\":\"WebPage\",\"@id\":\"https:\/\/bastardsknives.com\/de\/producto\/sanmai-nitro-b-kleine-rosen\/\",\"url\":\"https:\/\/bastardsknives.com\/de\/producto\/sanmai-nitro-b-kleine-rosen\/\",\"name\":\"Sanmai (Nitro-B \/ Kleine Rosen) - Bastards Knives\",\"isPartOf\":{\"@id\":\"https:\/\/bastardsknives.com\/de\/#website\"},\"primaryImageOfPage\":{\"@id\":\"https:\/\/bastardsknives.com\/de\/producto\/sanmai-nitro-b-kleine-rosen\/#primaryimage\"},\"image\":{\"@id\":\"https:\/\/bastardsknives.com\/de\/producto\/sanmai-nitro-b-kleine-rosen\/#primaryimage\"},\"thumbnailUrl\":\"https:\/\/bastardsknives.com\/wp-content\/uploads\/2024\/04\/sanmai-nitro-b-small-roses.jpg\",\"datePublished\":\"2024-05-14T09:34:56+00:00\",\"dateModified\":\"2024-05-14T09:34:59+00:00\",\"breadcrumb\":{\"@id\":\"https:\/\/bastardsknives.com\/de\/producto\/sanmai-nitro-b-kleine-rosen\/#breadcrumb\"},\"inLanguage\":\"de\",\"potentialAction\":[{\"@type\":\"ReadAction\",\"target\":[\"https:\/\/bastardsknives.com\/de\/producto\/sanmai-nitro-b-kleine-rosen\/\"]}]},{\"@type\":\"ImageObject\",\"inLanguage\":\"de\",\"@id\":\"https:\/\/bastardsknives.com\/de\/producto\/sanmai-nitro-b-kleine-rosen\/#primaryimage\",\"url\":\"https:\/\/bastardsknives.com\/wp-content\/uploads\/2024\/04\/sanmai-nitro-b-small-roses.jpg\",\"contentUrl\":\"https:\/\/bastardsknives.com\/wp-content\/uploads\/2024\/04\/sanmai-nitro-b-small-roses.jpg\",\"width\":800,\"height\":800},{\"@type\":\"BreadcrumbList\",\"@id\":\"https:\/\/bastardsknives.com\/de\/producto\/sanmai-nitro-b-kleine-rosen\/#breadcrumb\",\"itemListElement\":[{\"@type\":\"ListItem\",\"position\":1,\"name\":\"Home\",\"item\":\"https:\/\/bastardsknives.com\/de\/\"},{\"@type\":\"ListItem\",\"position\":2,\"name\":\"Shop\",\"item\":\"https:\/\/bastardsknives.com\/de\/shop\/\"},{\"@type\":\"ListItem\",\"position\":3,\"name\":\"Sanmai (Nitro-B \/ Kleine Rosen)\"}]},{\"@type\":\"WebSite\",\"@id\":\"https:\/\/bastardsknives.com\/de\/#website\",\"url\":\"https:\/\/bastardsknives.com\/de\/\",\"name\":\"Bastards Knives\",\"description\":\"Bastards Knives | Viviendo al filo\",\"publisher\":{\"@id\":\"https:\/\/bastardsknives.com\/de\/#organization\"},\"potentialAction\":[{\"@type\":\"SearchAction\",\"target\":{\"@type\":\"EntryPoint\",\"urlTemplate\":\"https:\/\/bastardsknives.com\/de\/?s={search_term_string}\"},\"query-input\":\"required name=search_term_string\"}],\"inLanguage\":\"de\"},{\"@type\":\"Organization\",\"@id\":\"https:\/\/bastardsknives.com\/de\/#organization\",\"name\":\"Bastards Knives\",\"url\":\"https:\/\/bastardsknives.com\/de\/\",\"logo\":{\"@type\":\"ImageObject\",\"inLanguage\":\"de\",\"@id\":\"https:\/\/bastardsknives.com\/de\/#\/schema\/logo\/image\/\",\"url\":\"https:\/\/bastardsknives.com\/wp-content\/uploads\/2022\/07\/Logoprod1.png\",\"contentUrl\":\"https:\/\/bastardsknives.com\/wp-content\/uploads\/2022\/07\/Logoprod1.png\",\"width\":284,\"height\":122,\"caption\":\"Bastards Knives\"},\"image\":{\"@id\":\"https:\/\/bastardsknives.com\/de\/#\/schema\/logo\/image\/\"}}]}<\/script>\n<!-- \/ Yoast SEO plugin. -->","yoast_head_json":{"title":"Sanmai (Nitro-B \/ Kleine Rosen) - Bastards Knives","robots":{"index":"index","follow":"follow","max-snippet":"max-snippet:-1","max-image-preview":"max-image-preview:large","max-video-preview":"max-video-preview:-1"},"canonical":"https:\/\/bastardsknives.com\/de\/producto\/sanmai-nitro-b-kleine-rosen\/","og_locale":"de_DE","og_type":"article","og_title":"Sanmai (Nitro-B \/ Kleine Rosen) - Bastards Knives","og_description":"Sanmai Damaskus: Qualit\u00e4t SanMai Komposit. SuperClean Schwei\u00dfn\u00e4hte, rostfrei, feink\u00f6rnig. Zuverl\u00e4ssige Umformung, bis zu 62 HRC. Preis pro cm.","og_url":"https:\/\/bastardsknives.com\/de\/producto\/sanmai-nitro-b-kleine-rosen\/","og_site_name":"Bastards Knives","article_modified_time":"2024-05-14T09:34:59+00:00","og_image":[{"width":800,"height":800,"url":"https:\/\/bastardsknives.com\/wp-content\/uploads\/2024\/04\/sanmai-nitro-b-small-roses.jpg","type":"image\/jpeg"}],"twitter_card":"summary_large_image","twitter_misc":{"Gesch\u00e4tzte Lesezeit":"1\u00a0Minute"},"schema":{"@context":"https:\/\/schema.org","@graph":[{"@type":"WebPage","@id":"https:\/\/bastardsknives.com\/de\/producto\/sanmai-nitro-b-kleine-rosen\/","url":"https:\/\/bastardsknives.com\/de\/producto\/sanmai-nitro-b-kleine-rosen\/","name":"Sanmai (Nitro-B \/ Kleine Rosen) - Bastards Knives","isPartOf":{"@id":"https:\/\/bastardsknives.com\/de\/#website"},"primaryImageOfPage":{"@id":"https:\/\/bastardsknives.com\/de\/producto\/sanmai-nitro-b-kleine-rosen\/#primaryimage"},"image":{"@id":"https:\/\/bastardsknives.com\/de\/producto\/sanmai-nitro-b-kleine-rosen\/#primaryimage"},"thumbnailUrl":"https:\/\/bastardsknives.com\/wp-content\/uploads\/2024\/04\/sanmai-nitro-b-small-roses.jpg","datePublished":"2024-05-14T09:34:56+00:00","dateModified":"2024-05-14T09:34:59+00:00","breadcrumb":{"@id":"https:\/\/bastardsknives.com\/de\/producto\/sanmai-nitro-b-kleine-rosen\/#breadcrumb"},"inLanguage":"de","potentialAction":[{"@type":"ReadAction","target":["https:\/\/bastardsknives.com\/de\/producto\/sanmai-nitro-b-kleine-rosen\/"]}]},{"@type":"ImageObject","inLanguage":"de","@id":"https:\/\/bastardsknives.com\/de\/producto\/sanmai-nitro-b-kleine-rosen\/#primaryimage","url":"https:\/\/bastardsknives.com\/wp-content\/uploads\/2024\/04\/sanmai-nitro-b-small-roses.jpg","contentUrl":"https:\/\/bastardsknives.com\/wp-content\/uploads\/2024\/04\/sanmai-nitro-b-small-roses.jpg","width":800,"height":800},{"@type":"BreadcrumbList","@id":"https:\/\/bastardsknives.com\/de\/producto\/sanmai-nitro-b-kleine-rosen\/#breadcrumb","itemListElement":[{"@type":"ListItem","position":1,"name":"Home","item":"https:\/\/bastardsknives.com\/de\/"},{"@type":"ListItem","position":2,"name":"Shop","item":"https:\/\/bastardsknives.com\/de\/shop\/"},{"@type":"ListItem","position":3,"name":"Sanmai (Nitro-B \/ Kleine Rosen)"}]},{"@type":"WebSite","@id":"https:\/\/bastardsknives.com\/de\/#website","url":"https:\/\/bastardsknives.com\/de\/","name":"Bastards Knives","description":"Bastards Knives | Viviendo al filo","publisher":{"@id":"https:\/\/bastardsknives.com\/de\/#organization"},"potentialAction":[{"@type":"SearchAction","target":{"@type":"EntryPoint","urlTemplate":"https:\/\/bastardsknives.com\/de\/?s={search_term_string}"},"query-input":"required name=search_term_string"}],"inLanguage":"de"},{"@type":"Organization","@id":"https:\/\/bastardsknives.com\/de\/#organization","name":"Bastards Knives","url":"https:\/\/bastardsknives.com\/de\/","logo":{"@type":"ImageObject","inLanguage":"de","@id":"https:\/\/bastardsknives.com\/de\/#\/schema\/logo\/image\/","url":"https:\/\/bastardsknives.com\/wp-content\/uploads\/2022\/07\/Logoprod1.png","contentUrl":"https:\/\/bastardsknives.com\/wp-content\/uploads\/2022\/07\/Logoprod1.png","width":284,"height":122,"caption":"Bastards Knives"},"image":{"@id":"https:\/\/bastardsknives.com\/de\/#\/schema\/logo\/image\/"}}]}},"_links":{"self":[{"href":"https:\/\/bastardsknives.com\/de\/wp-json\/wp\/v2\/product\/3725","targetHints":{"allow":["GET"]}}],"collection":[{"href":"https:\/\/bastardsknives.com\/de\/wp-json\/wp\/v2\/product"}],"about":[{"href":"https:\/\/bastardsknives.com\/de\/wp-json\/wp\/v2\/types\/product"}],"wp:featuredmedia":[{"embeddable":true,"href":"https:\/\/bastardsknives.com\/de\/wp-json\/wp\/v2\/media\/3723"}],"wp:attachment":[{"href":"https:\/\/bastardsknives.com\/de\/wp-json\/wp\/v2\/media?parent=3725"}],"wp:term":[{"taxonomy":"product_brand","embeddable":true,"href":"https:\/\/bastardsknives.com\/de\/wp-json\/wp\/v2\/product_brand?post=3725"},{"taxonomy":"product_cat","embeddable":true,"href":"https:\/\/bastardsknives.com\/de\/wp-json\/wp\/v2\/product_cat?post=3725"},{"taxonomy":"product_tag","embeddable":true,"href":"https:\/\/bastardsknives.com\/de\/wp-json\/wp\/v2\/product_tag?post=3725"}],"curies":[{"name":"wp","href":"https:\/\/api.w.org\/{rel}","templated":true}]}}