{"id":4274,"date":"2024-05-14T09:20:08","date_gmt":"2024-05-14T09:20:08","guid":{"rendered":"https:\/\/bastardsknives.com\/?post_type=product&#038;p=4274"},"modified":"2024-05-14T09:20:10","modified_gmt":"2024-05-14T09:20:10","slug":"sanmai-nitro-b-rolle-damast","status":"publish","type":"product","link":"https:\/\/bastardsknives.com\/de\/producto\/sanmai-nitro-b-rolle-damast\/","title":{"rendered":"Sanmai (Nitro-B \/ Rolle Damast)"},"content":{"rendered":"<p>Erleben Sie die Exzellenz unseres SanMai Damast (Nitro-B \/ Roll-Damast), mit Nitro-B-Kern und DSC-Inox-Seiten, die 45 Schichten pro Seite in einem gerollten Damast-Design bilden. Wir bieten SuperClean, rostfreie und sehr feink\u00f6rnige Lagenschwei\u00dfungen f\u00fcr makellose Ergebnisse. Mit einem zuverl\u00e4ssigen Produktionsprozess, einer hohen Kantenfestigkeit und der Eignung f\u00fcr den Kontakt mit Lebensmitteln ist dieses Material ideal f\u00fcr eine Vielzahl von Anwendungen. Durch die unkritische Umformung nach der W\u00e4rmebehandlung und die M\u00f6glichkeit der Hochverfestigung bis 62 HRC garantieren wir Qualit\u00e4t und Vielseitigkeit.<\/p>\n","protected":false},"excerpt":{"rendered":"<p>SanMai Damast (Nitro-B \/ Roll-Damast): Nitro-B-Kern, DSC-Edelstahlseiten. 45 Schichten pro Seite. Gerolltes Damastmuster. Ideal f\u00fcr verschiedene Anwendungen.<\/p>\n","protected":false},"featured_media":4270,"template":"","meta":[],"product_brand":[],"product_cat":[286,765],"product_tag":[],"class_list":{"0":"post-4274","1":"product","2":"type-product","3":"status-publish","4":"has-post-thumbnail","6":"product_cat-balbachdamast-de","7":"product_cat-rostfrei","9":"first","10":"instock","11":"taxable","12":"shipping-taxable","13":"purchasable","14":"product-type-variable"},"acf":[],"yoast_head":"<!-- This site is optimized with the Yoast SEO plugin v23.1 - https:\/\/yoast.com\/wordpress\/plugins\/seo\/ -->\n<title>Sanmai (Nitro-B \/ Rolle Damast) - Bastards Knives<\/title>\n<meta name=\"robots\" content=\"index, follow, max-snippet:-1, max-image-preview:large, max-video-preview:-1\" \/>\n<link rel=\"canonical\" href=\"https:\/\/bastardsknives.com\/de\/producto\/sanmai-nitro-b-rolle-damast\/\" \/>\n<meta property=\"og:locale\" content=\"de_DE\" \/>\n<meta property=\"og:type\" content=\"article\" \/>\n<meta property=\"og:title\" content=\"Sanmai (Nitro-B \/ Rolle Damast) - Bastards Knives\" \/>\n<meta property=\"og:description\" content=\"SanMai Damast (Nitro-B \/ Roll-Damast): Nitro-B-Kern, DSC-Edelstahlseiten. 45 Schichten pro Seite. Gerolltes Damastmuster. Ideal f\u00fcr verschiedene Anwendungen.\" \/>\n<meta property=\"og:url\" content=\"https:\/\/bastardsknives.com\/de\/producto\/sanmai-nitro-b-rolle-damast\/\" \/>\n<meta property=\"og:site_name\" content=\"Bastards Knives\" \/>\n<meta property=\"article:modified_time\" content=\"2024-05-14T09:20:10+00:00\" \/>\n<meta property=\"og:image\" content=\"https:\/\/bastardsknives.com\/wp-content\/uploads\/2024\/05\/sanmai-nitro-b-roll-damascus.jpg\" \/>\n\t<meta property=\"og:image:width\" content=\"800\" \/>\n\t<meta property=\"og:image:height\" content=\"800\" \/>\n\t<meta property=\"og:image:type\" content=\"image\/jpeg\" \/>\n<meta name=\"twitter:card\" content=\"summary_large_image\" \/>\n<script type=\"application\/ld+json\" class=\"yoast-schema-graph\">{\"@context\":\"https:\/\/schema.org\",\"@graph\":[{\"@type\":\"WebPage\",\"@id\":\"https:\/\/bastardsknives.com\/de\/producto\/sanmai-nitro-b-rolle-damast\/\",\"url\":\"https:\/\/bastardsknives.com\/de\/producto\/sanmai-nitro-b-rolle-damast\/\",\"name\":\"Sanmai (Nitro-B \/ Rolle Damast) - Bastards Knives\",\"isPartOf\":{\"@id\":\"https:\/\/bastardsknives.com\/de\/#website\"},\"primaryImageOfPage\":{\"@id\":\"https:\/\/bastardsknives.com\/de\/producto\/sanmai-nitro-b-rolle-damast\/#primaryimage\"},\"image\":{\"@id\":\"https:\/\/bastardsknives.com\/de\/producto\/sanmai-nitro-b-rolle-damast\/#primaryimage\"},\"thumbnailUrl\":\"https:\/\/bastardsknives.com\/wp-content\/uploads\/2024\/05\/sanmai-nitro-b-roll-damascus.jpg\",\"datePublished\":\"2024-05-14T09:20:08+00:00\",\"dateModified\":\"2024-05-14T09:20:10+00:00\",\"breadcrumb\":{\"@id\":\"https:\/\/bastardsknives.com\/de\/producto\/sanmai-nitro-b-rolle-damast\/#breadcrumb\"},\"inLanguage\":\"de\",\"potentialAction\":[{\"@type\":\"ReadAction\",\"target\":[\"https:\/\/bastardsknives.com\/de\/producto\/sanmai-nitro-b-rolle-damast\/\"]}]},{\"@type\":\"ImageObject\",\"inLanguage\":\"de\",\"@id\":\"https:\/\/bastardsknives.com\/de\/producto\/sanmai-nitro-b-rolle-damast\/#primaryimage\",\"url\":\"https:\/\/bastardsknives.com\/wp-content\/uploads\/2024\/05\/sanmai-nitro-b-roll-damascus.jpg\",\"contentUrl\":\"https:\/\/bastardsknives.com\/wp-content\/uploads\/2024\/05\/sanmai-nitro-b-roll-damascus.jpg\",\"width\":800,\"height\":800},{\"@type\":\"BreadcrumbList\",\"@id\":\"https:\/\/bastardsknives.com\/de\/producto\/sanmai-nitro-b-rolle-damast\/#breadcrumb\",\"itemListElement\":[{\"@type\":\"ListItem\",\"position\":1,\"name\":\"Home\",\"item\":\"https:\/\/bastardsknives.com\/de\/\"},{\"@type\":\"ListItem\",\"position\":2,\"name\":\"Shop\",\"item\":\"https:\/\/bastardsknives.com\/de\/shop\/\"},{\"@type\":\"ListItem\",\"position\":3,\"name\":\"Sanmai (Nitro-B \/ Rolle Damast)\"}]},{\"@type\":\"WebSite\",\"@id\":\"https:\/\/bastardsknives.com\/de\/#website\",\"url\":\"https:\/\/bastardsknives.com\/de\/\",\"name\":\"Bastards Knives\",\"description\":\"Bastards Knives | Viviendo al filo\",\"publisher\":{\"@id\":\"https:\/\/bastardsknives.com\/de\/#organization\"},\"potentialAction\":[{\"@type\":\"SearchAction\",\"target\":{\"@type\":\"EntryPoint\",\"urlTemplate\":\"https:\/\/bastardsknives.com\/de\/?s={search_term_string}\"},\"query-input\":\"required name=search_term_string\"}],\"inLanguage\":\"de\"},{\"@type\":\"Organization\",\"@id\":\"https:\/\/bastardsknives.com\/de\/#organization\",\"name\":\"Bastards Knives\",\"url\":\"https:\/\/bastardsknives.com\/de\/\",\"logo\":{\"@type\":\"ImageObject\",\"inLanguage\":\"de\",\"@id\":\"https:\/\/bastardsknives.com\/de\/#\/schema\/logo\/image\/\",\"url\":\"https:\/\/bastardsknives.com\/wp-content\/uploads\/2022\/07\/Logoprod1.png\",\"contentUrl\":\"https:\/\/bastardsknives.com\/wp-content\/uploads\/2022\/07\/Logoprod1.png\",\"width\":284,\"height\":122,\"caption\":\"Bastards Knives\"},\"image\":{\"@id\":\"https:\/\/bastardsknives.com\/de\/#\/schema\/logo\/image\/\"}}]}<\/script>\n<!-- \/ Yoast SEO plugin. -->","yoast_head_json":{"title":"Sanmai (Nitro-B \/ Rolle Damast) - Bastards Knives","robots":{"index":"index","follow":"follow","max-snippet":"max-snippet:-1","max-image-preview":"max-image-preview:large","max-video-preview":"max-video-preview:-1"},"canonical":"https:\/\/bastardsknives.com\/de\/producto\/sanmai-nitro-b-rolle-damast\/","og_locale":"de_DE","og_type":"article","og_title":"Sanmai (Nitro-B \/ Rolle Damast) - Bastards Knives","og_description":"SanMai Damast (Nitro-B \/ Roll-Damast): Nitro-B-Kern, DSC-Edelstahlseiten. 45 Schichten pro Seite. Gerolltes Damastmuster. Ideal f\u00fcr verschiedene Anwendungen.","og_url":"https:\/\/bastardsknives.com\/de\/producto\/sanmai-nitro-b-rolle-damast\/","og_site_name":"Bastards Knives","article_modified_time":"2024-05-14T09:20:10+00:00","og_image":[{"width":800,"height":800,"url":"https:\/\/bastardsknives.com\/wp-content\/uploads\/2024\/05\/sanmai-nitro-b-roll-damascus.jpg","type":"image\/jpeg"}],"twitter_card":"summary_large_image","schema":{"@context":"https:\/\/schema.org","@graph":[{"@type":"WebPage","@id":"https:\/\/bastardsknives.com\/de\/producto\/sanmai-nitro-b-rolle-damast\/","url":"https:\/\/bastardsknives.com\/de\/producto\/sanmai-nitro-b-rolle-damast\/","name":"Sanmai (Nitro-B \/ Rolle Damast) - Bastards Knives","isPartOf":{"@id":"https:\/\/bastardsknives.com\/de\/#website"},"primaryImageOfPage":{"@id":"https:\/\/bastardsknives.com\/de\/producto\/sanmai-nitro-b-rolle-damast\/#primaryimage"},"image":{"@id":"https:\/\/bastardsknives.com\/de\/producto\/sanmai-nitro-b-rolle-damast\/#primaryimage"},"thumbnailUrl":"https:\/\/bastardsknives.com\/wp-content\/uploads\/2024\/05\/sanmai-nitro-b-roll-damascus.jpg","datePublished":"2024-05-14T09:20:08+00:00","dateModified":"2024-05-14T09:20:10+00:00","breadcrumb":{"@id":"https:\/\/bastardsknives.com\/de\/producto\/sanmai-nitro-b-rolle-damast\/#breadcrumb"},"inLanguage":"de","potentialAction":[{"@type":"ReadAction","target":["https:\/\/bastardsknives.com\/de\/producto\/sanmai-nitro-b-rolle-damast\/"]}]},{"@type":"ImageObject","inLanguage":"de","@id":"https:\/\/bastardsknives.com\/de\/producto\/sanmai-nitro-b-rolle-damast\/#primaryimage","url":"https:\/\/bastardsknives.com\/wp-content\/uploads\/2024\/05\/sanmai-nitro-b-roll-damascus.jpg","contentUrl":"https:\/\/bastardsknives.com\/wp-content\/uploads\/2024\/05\/sanmai-nitro-b-roll-damascus.jpg","width":800,"height":800},{"@type":"BreadcrumbList","@id":"https:\/\/bastardsknives.com\/de\/producto\/sanmai-nitro-b-rolle-damast\/#breadcrumb","itemListElement":[{"@type":"ListItem","position":1,"name":"Home","item":"https:\/\/bastardsknives.com\/de\/"},{"@type":"ListItem","position":2,"name":"Shop","item":"https:\/\/bastardsknives.com\/de\/shop\/"},{"@type":"ListItem","position":3,"name":"Sanmai (Nitro-B \/ Rolle Damast)"}]},{"@type":"WebSite","@id":"https:\/\/bastardsknives.com\/de\/#website","url":"https:\/\/bastardsknives.com\/de\/","name":"Bastards Knives","description":"Bastards Knives | Viviendo al filo","publisher":{"@id":"https:\/\/bastardsknives.com\/de\/#organization"},"potentialAction":[{"@type":"SearchAction","target":{"@type":"EntryPoint","urlTemplate":"https:\/\/bastardsknives.com\/de\/?s={search_term_string}"},"query-input":"required name=search_term_string"}],"inLanguage":"de"},{"@type":"Organization","@id":"https:\/\/bastardsknives.com\/de\/#organization","name":"Bastards Knives","url":"https:\/\/bastardsknives.com\/de\/","logo":{"@type":"ImageObject","inLanguage":"de","@id":"https:\/\/bastardsknives.com\/de\/#\/schema\/logo\/image\/","url":"https:\/\/bastardsknives.com\/wp-content\/uploads\/2022\/07\/Logoprod1.png","contentUrl":"https:\/\/bastardsknives.com\/wp-content\/uploads\/2022\/07\/Logoprod1.png","width":284,"height":122,"caption":"Bastards Knives"},"image":{"@id":"https:\/\/bastardsknives.com\/de\/#\/schema\/logo\/image\/"}}]}},"_links":{"self":[{"href":"https:\/\/bastardsknives.com\/de\/wp-json\/wp\/v2\/product\/4274","targetHints":{"allow":["GET"]}}],"collection":[{"href":"https:\/\/bastardsknives.com\/de\/wp-json\/wp\/v2\/product"}],"about":[{"href":"https:\/\/bastardsknives.com\/de\/wp-json\/wp\/v2\/types\/product"}],"wp:featuredmedia":[{"embeddable":true,"href":"https:\/\/bastardsknives.com\/de\/wp-json\/wp\/v2\/media\/4270"}],"wp:attachment":[{"href":"https:\/\/bastardsknives.com\/de\/wp-json\/wp\/v2\/media?parent=4274"}],"wp:term":[{"taxonomy":"product_brand","embeddable":true,"href":"https:\/\/bastardsknives.com\/de\/wp-json\/wp\/v2\/product_brand?post=4274"},{"taxonomy":"product_cat","embeddable":true,"href":"https:\/\/bastardsknives.com\/de\/wp-json\/wp\/v2\/product_cat?post=4274"},{"taxonomy":"product_tag","embeddable":true,"href":"https:\/\/bastardsknives.com\/de\/wp-json\/wp\/v2\/product_tag?post=4274"}],"curies":[{"name":"wp","href":"https:\/\/api.w.org\/{rel}","templated":true}]}}