{"id":4412,"date":"2024-05-14T09:03:50","date_gmt":"2024-05-14T09:03:50","guid":{"rendered":"https:\/\/bastardsknives.com\/?post_type=product&#038;p=4412"},"modified":"2024-05-14T09:03:52","modified_gmt":"2024-05-14T09:03:52","slug":"4412","status":"publish","type":"product","link":"https:\/\/bastardsknives.com\/de\/producto\/4412\/","title":{"rendered":""},"content":{"rendered":"<p>Sanmai-Damastplatten mit Nitro-B-Kern und kleinen DSC-Inox-Oberfl\u00e4chen sind eine hervorragende Wahl. Jedes Brett mit Fischgr\u00e4tenmuster und gro\u00dfem Kern besteht aus 20 Lagen pro Oberfl\u00e4che, die sorgf\u00e4ltig mit SuperClean-Schichtschwei\u00dfn\u00e4hten hergestellt werden, um die strukturelle Integrit\u00e4t zu gew\u00e4hrleisten. Diese Platten sind rostfrei, sehr feink\u00f6rnig und f\u00fcr den Kontakt mit Lebensmitteln geeignet. Dar\u00fcber hinaus sind sie aufgrund ihrer unkritischen Verformung nach der W\u00e4rmebehandlung vielseitig einsetzbar. Erh\u00e4ltlich in cm.<\/p>\n","protected":false},"excerpt":{"rendered":"<p>Sanmai-Damastplatten mit Nitro-B-Kern: 20 Schichten pro Seite, Fischgr\u00e4tenmuster. SuperClean, rostfreie und lebensmittelechte Schwei\u00dfn\u00e4hte.<\/p>\n","protected":false},"featured_media":3986,"template":"","meta":[],"product_brand":[],"product_cat":[286,765],"product_tag":[],"class_list":{"0":"post-4412","1":"product","2":"type-product","3":"status-publish","4":"has-post-thumbnail","6":"product_cat-balbachdamast-de","7":"product_cat-rostfrei","9":"first","10":"instock","11":"taxable","12":"shipping-taxable","13":"purchasable","14":"product-type-simple"},"acf":[],"yoast_head":"<!-- This site is optimized with the Yoast SEO plugin v23.1 - https:\/\/yoast.com\/wordpress\/plugins\/seo\/ -->\n<title>- Bastards Knives<\/title>\n<meta name=\"robots\" content=\"index, follow, max-snippet:-1, max-image-preview:large, max-video-preview:-1\" \/>\n<link rel=\"canonical\" href=\"https:\/\/bastardsknives.com\/de\/producto\/4412\/\" \/>\n<meta property=\"og:locale\" content=\"de_DE\" \/>\n<meta property=\"og:type\" content=\"article\" \/>\n<meta property=\"og:title\" content=\"- Bastards Knives\" \/>\n<meta property=\"og:description\" content=\"Sanmai-Damastplatten mit Nitro-B-Kern: 20 Schichten pro Seite, Fischgr\u00e4tenmuster. SuperClean, rostfreie und lebensmittelechte Schwei\u00dfn\u00e4hte.\" \/>\n<meta property=\"og:url\" content=\"https:\/\/bastardsknives.com\/de\/producto\/4412\/\" \/>\n<meta property=\"og:site_name\" content=\"Bastards Knives\" \/>\n<meta property=\"article:modified_time\" content=\"2024-05-14T09:03:52+00:00\" \/>\n<meta property=\"og:image\" content=\"https:\/\/bastardsknives.com\/wp-content\/uploads\/2024\/05\/herringbone-inox-s.jpg\" \/>\n\t<meta property=\"og:image:width\" content=\"800\" \/>\n\t<meta property=\"og:image:height\" content=\"800\" \/>\n\t<meta property=\"og:image:type\" content=\"image\/jpeg\" \/>\n<meta name=\"twitter:card\" content=\"summary_large_image\" \/>\n<script type=\"application\/ld+json\" class=\"yoast-schema-graph\">{\"@context\":\"https:\/\/schema.org\",\"@graph\":[{\"@type\":\"WebPage\",\"@id\":\"https:\/\/bastardsknives.com\/de\/producto\/4412\/\",\"url\":\"https:\/\/bastardsknives.com\/de\/producto\/4412\/\",\"name\":\"- Bastards Knives\",\"isPartOf\":{\"@id\":\"https:\/\/bastardsknives.com\/de\/#website\"},\"primaryImageOfPage\":{\"@id\":\"https:\/\/bastardsknives.com\/de\/producto\/4412\/#primaryimage\"},\"image\":{\"@id\":\"https:\/\/bastardsknives.com\/de\/producto\/4412\/#primaryimage\"},\"thumbnailUrl\":\"https:\/\/bastardsknives.com\/wp-content\/uploads\/2024\/05\/herringbone-inox-s.jpg\",\"datePublished\":\"2024-05-14T09:03:50+00:00\",\"dateModified\":\"2024-05-14T09:03:52+00:00\",\"breadcrumb\":{\"@id\":\"https:\/\/bastardsknives.com\/de\/producto\/4412\/#breadcrumb\"},\"inLanguage\":\"de\",\"potentialAction\":[{\"@type\":\"ReadAction\",\"target\":[\"https:\/\/bastardsknives.com\/de\/producto\/4412\/\"]}]},{\"@type\":\"ImageObject\",\"inLanguage\":\"de\",\"@id\":\"https:\/\/bastardsknives.com\/de\/producto\/4412\/#primaryimage\",\"url\":\"https:\/\/bastardsknives.com\/wp-content\/uploads\/2024\/05\/herringbone-inox-s.jpg\",\"contentUrl\":\"https:\/\/bastardsknives.com\/wp-content\/uploads\/2024\/05\/herringbone-inox-s.jpg\",\"width\":800,\"height\":800},{\"@type\":\"BreadcrumbList\",\"@id\":\"https:\/\/bastardsknives.com\/de\/producto\/4412\/#breadcrumb\",\"itemListElement\":[{\"@type\":\"ListItem\",\"position\":1,\"name\":\"Home\",\"item\":\"https:\/\/bastardsknives.com\/de\/\"},{\"@type\":\"ListItem\",\"position\":2,\"name\":\"Shop\",\"item\":\"https:\/\/bastardsknives.com\/de\/shop\/\"}]},{\"@type\":\"WebSite\",\"@id\":\"https:\/\/bastardsknives.com\/de\/#website\",\"url\":\"https:\/\/bastardsknives.com\/de\/\",\"name\":\"Bastards Knives\",\"description\":\"Bastards Knives | Viviendo al filo\",\"publisher\":{\"@id\":\"https:\/\/bastardsknives.com\/de\/#organization\"},\"potentialAction\":[{\"@type\":\"SearchAction\",\"target\":{\"@type\":\"EntryPoint\",\"urlTemplate\":\"https:\/\/bastardsknives.com\/de\/?s={search_term_string}\"},\"query-input\":\"required name=search_term_string\"}],\"inLanguage\":\"de\"},{\"@type\":\"Organization\",\"@id\":\"https:\/\/bastardsknives.com\/de\/#organization\",\"name\":\"Bastards Knives\",\"url\":\"https:\/\/bastardsknives.com\/de\/\",\"logo\":{\"@type\":\"ImageObject\",\"inLanguage\":\"de\",\"@id\":\"https:\/\/bastardsknives.com\/de\/#\/schema\/logo\/image\/\",\"url\":\"https:\/\/bastardsknives.com\/wp-content\/uploads\/2022\/07\/Logoprod1.png\",\"contentUrl\":\"https:\/\/bastardsknives.com\/wp-content\/uploads\/2022\/07\/Logoprod1.png\",\"width\":284,\"height\":122,\"caption\":\"Bastards Knives\"},\"image\":{\"@id\":\"https:\/\/bastardsknives.com\/de\/#\/schema\/logo\/image\/\"}}]}<\/script>\n<!-- \/ Yoast SEO plugin. -->","yoast_head_json":{"title":"- Bastards Knives","robots":{"index":"index","follow":"follow","max-snippet":"max-snippet:-1","max-image-preview":"max-image-preview:large","max-video-preview":"max-video-preview:-1"},"canonical":"https:\/\/bastardsknives.com\/de\/producto\/4412\/","og_locale":"de_DE","og_type":"article","og_title":"- Bastards Knives","og_description":"Sanmai-Damastplatten mit Nitro-B-Kern: 20 Schichten pro Seite, Fischgr\u00e4tenmuster. SuperClean, rostfreie und lebensmittelechte Schwei\u00dfn\u00e4hte.","og_url":"https:\/\/bastardsknives.com\/de\/producto\/4412\/","og_site_name":"Bastards Knives","article_modified_time":"2024-05-14T09:03:52+00:00","og_image":[{"width":800,"height":800,"url":"https:\/\/bastardsknives.com\/wp-content\/uploads\/2024\/05\/herringbone-inox-s.jpg","type":"image\/jpeg"}],"twitter_card":"summary_large_image","schema":{"@context":"https:\/\/schema.org","@graph":[{"@type":"WebPage","@id":"https:\/\/bastardsknives.com\/de\/producto\/4412\/","url":"https:\/\/bastardsknives.com\/de\/producto\/4412\/","name":"- Bastards Knives","isPartOf":{"@id":"https:\/\/bastardsknives.com\/de\/#website"},"primaryImageOfPage":{"@id":"https:\/\/bastardsknives.com\/de\/producto\/4412\/#primaryimage"},"image":{"@id":"https:\/\/bastardsknives.com\/de\/producto\/4412\/#primaryimage"},"thumbnailUrl":"https:\/\/bastardsknives.com\/wp-content\/uploads\/2024\/05\/herringbone-inox-s.jpg","datePublished":"2024-05-14T09:03:50+00:00","dateModified":"2024-05-14T09:03:52+00:00","breadcrumb":{"@id":"https:\/\/bastardsknives.com\/de\/producto\/4412\/#breadcrumb"},"inLanguage":"de","potentialAction":[{"@type":"ReadAction","target":["https:\/\/bastardsknives.com\/de\/producto\/4412\/"]}]},{"@type":"ImageObject","inLanguage":"de","@id":"https:\/\/bastardsknives.com\/de\/producto\/4412\/#primaryimage","url":"https:\/\/bastardsknives.com\/wp-content\/uploads\/2024\/05\/herringbone-inox-s.jpg","contentUrl":"https:\/\/bastardsknives.com\/wp-content\/uploads\/2024\/05\/herringbone-inox-s.jpg","width":800,"height":800},{"@type":"BreadcrumbList","@id":"https:\/\/bastardsknives.com\/de\/producto\/4412\/#breadcrumb","itemListElement":[{"@type":"ListItem","position":1,"name":"Home","item":"https:\/\/bastardsknives.com\/de\/"},{"@type":"ListItem","position":2,"name":"Shop","item":"https:\/\/bastardsknives.com\/de\/shop\/"}]},{"@type":"WebSite","@id":"https:\/\/bastardsknives.com\/de\/#website","url":"https:\/\/bastardsknives.com\/de\/","name":"Bastards Knives","description":"Bastards Knives | Viviendo al filo","publisher":{"@id":"https:\/\/bastardsknives.com\/de\/#organization"},"potentialAction":[{"@type":"SearchAction","target":{"@type":"EntryPoint","urlTemplate":"https:\/\/bastardsknives.com\/de\/?s={search_term_string}"},"query-input":"required name=search_term_string"}],"inLanguage":"de"},{"@type":"Organization","@id":"https:\/\/bastardsknives.com\/de\/#organization","name":"Bastards Knives","url":"https:\/\/bastardsknives.com\/de\/","logo":{"@type":"ImageObject","inLanguage":"de","@id":"https:\/\/bastardsknives.com\/de\/#\/schema\/logo\/image\/","url":"https:\/\/bastardsknives.com\/wp-content\/uploads\/2022\/07\/Logoprod1.png","contentUrl":"https:\/\/bastardsknives.com\/wp-content\/uploads\/2022\/07\/Logoprod1.png","width":284,"height":122,"caption":"Bastards Knives"},"image":{"@id":"https:\/\/bastardsknives.com\/de\/#\/schema\/logo\/image\/"}}]}},"_links":{"self":[{"href":"https:\/\/bastardsknives.com\/de\/wp-json\/wp\/v2\/product\/4412","targetHints":{"allow":["GET"]}}],"collection":[{"href":"https:\/\/bastardsknives.com\/de\/wp-json\/wp\/v2\/product"}],"about":[{"href":"https:\/\/bastardsknives.com\/de\/wp-json\/wp\/v2\/types\/product"}],"wp:featuredmedia":[{"embeddable":true,"href":"https:\/\/bastardsknives.com\/de\/wp-json\/wp\/v2\/media\/3986"}],"wp:attachment":[{"href":"https:\/\/bastardsknives.com\/de\/wp-json\/wp\/v2\/media?parent=4412"}],"wp:term":[{"taxonomy":"product_brand","embeddable":true,"href":"https:\/\/bastardsknives.com\/de\/wp-json\/wp\/v2\/product_brand?post=4412"},{"taxonomy":"product_cat","embeddable":true,"href":"https:\/\/bastardsknives.com\/de\/wp-json\/wp\/v2\/product_cat?post=4412"},{"taxonomy":"product_tag","embeddable":true,"href":"https:\/\/bastardsknives.com\/de\/wp-json\/wp\/v2\/product_tag?post=4412"}],"curies":[{"name":"wp","href":"https:\/\/api.w.org\/{rel}","templated":true}]}}