{"id":4512,"date":"2024-05-14T09:02:58","date_gmt":"2024-05-14T09:02:58","guid":{"rendered":"https:\/\/bastardsknives.com\/?post_type=product&#038;p=4512"},"modified":"2024-05-14T09:03:01","modified_gmt":"2024-05-14T09:03:01","slug":"kleine-rosen-kohlenstoff","status":"publish","type":"product","link":"https:\/\/bastardsknives.com\/de\/producto\/kleine-rosen-kohlenstoff\/","title":{"rendered":"Kleine Rosen (Kohlenstoff)"},"content":{"rendered":"<p>DSC\u00ae-Carbon-Flachst\u00e4be mit Small Rose-Muster sind eine au\u00dfergew\u00f6hnliche Wahl, die aus 160 Lagen DSC\u00ae-Carbon bestehen. Jedes Detail des Little Roses-Musters wird sorgf\u00e4ltig mit SuperClean-Schwei\u00dfn\u00e4hten gefertigt, um eine einwandfreie strukturelle Integrit\u00e4t zu gew\u00e4hrleisten. Diese Flachst\u00e4be sind z\u00e4h und langlebig, mit einer sehr feinen K\u00f6rnung, die sie ideal f\u00fcr eine Vielzahl von Anwendungen macht. Dar\u00fcber hinaus sind sie aufgrund ihres zuverl\u00e4ssigen Herstellungsverfahrens und ihrer hohen Kantenfestigkeit vielseitig und zuverl\u00e4ssig. Mit der M\u00f6glichkeit einer hohen H\u00e4rtung bis zu 63 HRC sind diese Flachst\u00e4be eine ideale Wahl f\u00fcr anspruchsvolle Projekte. Erh\u00e4ltlich in cm.<\/p>\n","protected":false},"excerpt":{"rendered":"<p>DSC\u00ae-Kohlenstoff-Flachstahl mit Small Rose-Muster: 160 Lagen, SuperClean-Schwei\u00dfn\u00e4hte. Robust und langlebig, ideal f\u00fcr eine Vielzahl von Anwendungen<\/p>\n","protected":false},"featured_media":4486,"template":"","meta":[],"product_brand":[],"product_cat":[286,763],"product_tag":[],"class_list":{"0":"post-4512","1":"product","2":"type-product","3":"status-publish","4":"has-post-thumbnail","6":"product_cat-balbachdamast-de","7":"product_cat-kohlenstoff","9":"first","10":"instock","11":"taxable","12":"shipping-taxable","13":"purchasable","14":"product-type-variable"},"acf":[],"yoast_head":"<!-- This site is optimized with the Yoast SEO plugin v23.1 - https:\/\/yoast.com\/wordpress\/plugins\/seo\/ -->\n<title>Kleine Rosen (Kohlenstoff) - Bastards Knives<\/title>\n<meta name=\"robots\" content=\"index, follow, max-snippet:-1, max-image-preview:large, max-video-preview:-1\" \/>\n<link rel=\"canonical\" href=\"https:\/\/bastardsknives.com\/de\/producto\/kleine-rosen-kohlenstoff\/\" \/>\n<meta property=\"og:locale\" content=\"de_DE\" \/>\n<meta property=\"og:type\" content=\"article\" \/>\n<meta property=\"og:title\" content=\"Kleine Rosen (Kohlenstoff) - Bastards Knives\" \/>\n<meta property=\"og:description\" content=\"DSC\u00ae-Kohlenstoff-Flachstahl mit Small Rose-Muster: 160 Lagen, SuperClean-Schwei\u00dfn\u00e4hte. Robust und langlebig, ideal f\u00fcr eine Vielzahl von Anwendungen\" \/>\n<meta property=\"og:url\" content=\"https:\/\/bastardsknives.com\/de\/producto\/kleine-rosen-kohlenstoff\/\" \/>\n<meta property=\"og:site_name\" content=\"Bastards Knives\" \/>\n<meta property=\"article:modified_time\" content=\"2024-05-14T09:03:01+00:00\" \/>\n<meta property=\"og:image\" content=\"https:\/\/bastardsknives.com\/wp-content\/uploads\/2024\/05\/small-roses-carbon.jpg\" \/>\n\t<meta property=\"og:image:width\" content=\"800\" \/>\n\t<meta property=\"og:image:height\" content=\"800\" \/>\n\t<meta property=\"og:image:type\" content=\"image\/jpeg\" \/>\n<meta name=\"twitter:card\" content=\"summary_large_image\" \/>\n<meta name=\"twitter:label1\" content=\"Gesch\u00e4tzte Lesezeit\" \/>\n\t<meta name=\"twitter:data1\" content=\"1\u00a0Minute\" \/>\n<script type=\"application\/ld+json\" class=\"yoast-schema-graph\">{\"@context\":\"https:\/\/schema.org\",\"@graph\":[{\"@type\":\"WebPage\",\"@id\":\"https:\/\/bastardsknives.com\/de\/producto\/kleine-rosen-kohlenstoff\/\",\"url\":\"https:\/\/bastardsknives.com\/de\/producto\/kleine-rosen-kohlenstoff\/\",\"name\":\"Kleine Rosen (Kohlenstoff) - Bastards Knives\",\"isPartOf\":{\"@id\":\"https:\/\/bastardsknives.com\/de\/#website\"},\"primaryImageOfPage\":{\"@id\":\"https:\/\/bastardsknives.com\/de\/producto\/kleine-rosen-kohlenstoff\/#primaryimage\"},\"image\":{\"@id\":\"https:\/\/bastardsknives.com\/de\/producto\/kleine-rosen-kohlenstoff\/#primaryimage\"},\"thumbnailUrl\":\"https:\/\/bastardsknives.com\/wp-content\/uploads\/2024\/05\/small-roses-carbon.jpg\",\"datePublished\":\"2024-05-14T09:02:58+00:00\",\"dateModified\":\"2024-05-14T09:03:01+00:00\",\"breadcrumb\":{\"@id\":\"https:\/\/bastardsknives.com\/de\/producto\/kleine-rosen-kohlenstoff\/#breadcrumb\"},\"inLanguage\":\"de\",\"potentialAction\":[{\"@type\":\"ReadAction\",\"target\":[\"https:\/\/bastardsknives.com\/de\/producto\/kleine-rosen-kohlenstoff\/\"]}]},{\"@type\":\"ImageObject\",\"inLanguage\":\"de\",\"@id\":\"https:\/\/bastardsknives.com\/de\/producto\/kleine-rosen-kohlenstoff\/#primaryimage\",\"url\":\"https:\/\/bastardsknives.com\/wp-content\/uploads\/2024\/05\/small-roses-carbon.jpg\",\"contentUrl\":\"https:\/\/bastardsknives.com\/wp-content\/uploads\/2024\/05\/small-roses-carbon.jpg\",\"width\":800,\"height\":800},{\"@type\":\"BreadcrumbList\",\"@id\":\"https:\/\/bastardsknives.com\/de\/producto\/kleine-rosen-kohlenstoff\/#breadcrumb\",\"itemListElement\":[{\"@type\":\"ListItem\",\"position\":1,\"name\":\"Home\",\"item\":\"https:\/\/bastardsknives.com\/de\/\"},{\"@type\":\"ListItem\",\"position\":2,\"name\":\"Shop\",\"item\":\"https:\/\/bastardsknives.com\/de\/shop\/\"},{\"@type\":\"ListItem\",\"position\":3,\"name\":\"Kleine Rosen (Kohlenstoff)\"}]},{\"@type\":\"WebSite\",\"@id\":\"https:\/\/bastardsknives.com\/de\/#website\",\"url\":\"https:\/\/bastardsknives.com\/de\/\",\"name\":\"Bastards Knives\",\"description\":\"Bastards Knives | Viviendo al filo\",\"publisher\":{\"@id\":\"https:\/\/bastardsknives.com\/de\/#organization\"},\"potentialAction\":[{\"@type\":\"SearchAction\",\"target\":{\"@type\":\"EntryPoint\",\"urlTemplate\":\"https:\/\/bastardsknives.com\/de\/?s={search_term_string}\"},\"query-input\":\"required name=search_term_string\"}],\"inLanguage\":\"de\"},{\"@type\":\"Organization\",\"@id\":\"https:\/\/bastardsknives.com\/de\/#organization\",\"name\":\"Bastards Knives\",\"url\":\"https:\/\/bastardsknives.com\/de\/\",\"logo\":{\"@type\":\"ImageObject\",\"inLanguage\":\"de\",\"@id\":\"https:\/\/bastardsknives.com\/de\/#\/schema\/logo\/image\/\",\"url\":\"https:\/\/bastardsknives.com\/wp-content\/uploads\/2022\/07\/Logoprod1.png\",\"contentUrl\":\"https:\/\/bastardsknives.com\/wp-content\/uploads\/2022\/07\/Logoprod1.png\",\"width\":284,\"height\":122,\"caption\":\"Bastards Knives\"},\"image\":{\"@id\":\"https:\/\/bastardsknives.com\/de\/#\/schema\/logo\/image\/\"}}]}<\/script>\n<!-- \/ Yoast SEO plugin. -->","yoast_head_json":{"title":"Kleine Rosen (Kohlenstoff) - Bastards Knives","robots":{"index":"index","follow":"follow","max-snippet":"max-snippet:-1","max-image-preview":"max-image-preview:large","max-video-preview":"max-video-preview:-1"},"canonical":"https:\/\/bastardsknives.com\/de\/producto\/kleine-rosen-kohlenstoff\/","og_locale":"de_DE","og_type":"article","og_title":"Kleine Rosen (Kohlenstoff) - Bastards Knives","og_description":"DSC\u00ae-Kohlenstoff-Flachstahl mit Small Rose-Muster: 160 Lagen, SuperClean-Schwei\u00dfn\u00e4hte. Robust und langlebig, ideal f\u00fcr eine Vielzahl von Anwendungen","og_url":"https:\/\/bastardsknives.com\/de\/producto\/kleine-rosen-kohlenstoff\/","og_site_name":"Bastards Knives","article_modified_time":"2024-05-14T09:03:01+00:00","og_image":[{"width":800,"height":800,"url":"https:\/\/bastardsknives.com\/wp-content\/uploads\/2024\/05\/small-roses-carbon.jpg","type":"image\/jpeg"}],"twitter_card":"summary_large_image","twitter_misc":{"Gesch\u00e4tzte Lesezeit":"1\u00a0Minute"},"schema":{"@context":"https:\/\/schema.org","@graph":[{"@type":"WebPage","@id":"https:\/\/bastardsknives.com\/de\/producto\/kleine-rosen-kohlenstoff\/","url":"https:\/\/bastardsknives.com\/de\/producto\/kleine-rosen-kohlenstoff\/","name":"Kleine Rosen (Kohlenstoff) - Bastards Knives","isPartOf":{"@id":"https:\/\/bastardsknives.com\/de\/#website"},"primaryImageOfPage":{"@id":"https:\/\/bastardsknives.com\/de\/producto\/kleine-rosen-kohlenstoff\/#primaryimage"},"image":{"@id":"https:\/\/bastardsknives.com\/de\/producto\/kleine-rosen-kohlenstoff\/#primaryimage"},"thumbnailUrl":"https:\/\/bastardsknives.com\/wp-content\/uploads\/2024\/05\/small-roses-carbon.jpg","datePublished":"2024-05-14T09:02:58+00:00","dateModified":"2024-05-14T09:03:01+00:00","breadcrumb":{"@id":"https:\/\/bastardsknives.com\/de\/producto\/kleine-rosen-kohlenstoff\/#breadcrumb"},"inLanguage":"de","potentialAction":[{"@type":"ReadAction","target":["https:\/\/bastardsknives.com\/de\/producto\/kleine-rosen-kohlenstoff\/"]}]},{"@type":"ImageObject","inLanguage":"de","@id":"https:\/\/bastardsknives.com\/de\/producto\/kleine-rosen-kohlenstoff\/#primaryimage","url":"https:\/\/bastardsknives.com\/wp-content\/uploads\/2024\/05\/small-roses-carbon.jpg","contentUrl":"https:\/\/bastardsknives.com\/wp-content\/uploads\/2024\/05\/small-roses-carbon.jpg","width":800,"height":800},{"@type":"BreadcrumbList","@id":"https:\/\/bastardsknives.com\/de\/producto\/kleine-rosen-kohlenstoff\/#breadcrumb","itemListElement":[{"@type":"ListItem","position":1,"name":"Home","item":"https:\/\/bastardsknives.com\/de\/"},{"@type":"ListItem","position":2,"name":"Shop","item":"https:\/\/bastardsknives.com\/de\/shop\/"},{"@type":"ListItem","position":3,"name":"Kleine Rosen (Kohlenstoff)"}]},{"@type":"WebSite","@id":"https:\/\/bastardsknives.com\/de\/#website","url":"https:\/\/bastardsknives.com\/de\/","name":"Bastards Knives","description":"Bastards Knives | Viviendo al filo","publisher":{"@id":"https:\/\/bastardsknives.com\/de\/#organization"},"potentialAction":[{"@type":"SearchAction","target":{"@type":"EntryPoint","urlTemplate":"https:\/\/bastardsknives.com\/de\/?s={search_term_string}"},"query-input":"required name=search_term_string"}],"inLanguage":"de"},{"@type":"Organization","@id":"https:\/\/bastardsknives.com\/de\/#organization","name":"Bastards Knives","url":"https:\/\/bastardsknives.com\/de\/","logo":{"@type":"ImageObject","inLanguage":"de","@id":"https:\/\/bastardsknives.com\/de\/#\/schema\/logo\/image\/","url":"https:\/\/bastardsknives.com\/wp-content\/uploads\/2022\/07\/Logoprod1.png","contentUrl":"https:\/\/bastardsknives.com\/wp-content\/uploads\/2022\/07\/Logoprod1.png","width":284,"height":122,"caption":"Bastards Knives"},"image":{"@id":"https:\/\/bastardsknives.com\/de\/#\/schema\/logo\/image\/"}}]}},"_links":{"self":[{"href":"https:\/\/bastardsknives.com\/de\/wp-json\/wp\/v2\/product\/4512","targetHints":{"allow":["GET"]}}],"collection":[{"href":"https:\/\/bastardsknives.com\/de\/wp-json\/wp\/v2\/product"}],"about":[{"href":"https:\/\/bastardsknives.com\/de\/wp-json\/wp\/v2\/types\/product"}],"wp:featuredmedia":[{"embeddable":true,"href":"https:\/\/bastardsknives.com\/de\/wp-json\/wp\/v2\/media\/4486"}],"wp:attachment":[{"href":"https:\/\/bastardsknives.com\/de\/wp-json\/wp\/v2\/media?parent=4512"}],"wp:term":[{"taxonomy":"product_brand","embeddable":true,"href":"https:\/\/bastardsknives.com\/de\/wp-json\/wp\/v2\/product_brand?post=4512"},{"taxonomy":"product_cat","embeddable":true,"href":"https:\/\/bastardsknives.com\/de\/wp-json\/wp\/v2\/product_cat?post=4512"},{"taxonomy":"product_tag","embeddable":true,"href":"https:\/\/bastardsknives.com\/de\/wp-json\/wp\/v2\/product_tag?post=4512"}],"curies":[{"name":"wp","href":"https:\/\/api.w.org\/{rel}","templated":true}]}}