{"id":4844,"date":"2024-05-14T08:53:09","date_gmt":"2024-05-14T08:53:09","guid":{"rendered":"https:\/\/bastardsknives.com\/?post_type=product&#038;p=4844"},"modified":"2024-05-14T08:53:13","modified_gmt":"2024-05-14T08:53:13","slug":"stuck-gerollter-damast","status":"publish","type":"product","link":"https:\/\/bastardsknives.com\/de\/producto\/stuck-gerollter-damast\/","title":{"rendered":"St\u00fcck gerollter Damast"},"content":{"rendered":"<p>Das gerollte Damastst\u00fcck (Lion III) ist aus Leo-Damast\u00ae III, einem 320-lagigen nicht rostfreien Damaststahl, gefertigt. Es weist ein sorgf\u00e4ltig gearbeitetes Damaszener-Rollenmuster auf und hat eine Gr\u00f6\u00dfe von 27x4x110 mm, erg\u00e4nzt durch einen Griff. Dieses in Handarbeit im Verbundschwei\u00dfverfahren gefertigte Teil enth\u00e4lt den Stahl der Leopard I-Panzerkanone sowie Werkzeugstahl und Lager, was eine un\u00fcbertroffene Qualit\u00e4t gew\u00e4hrleistet.<\/p>\n","protected":false},"excerpt":{"rendered":"<p>Gewalztes Damastst\u00fcck: Leo-Damast\u00ae III, Damaststahl. Damast-Rollenmuster, 320 Lagen. Handgefertigt, Abmessungen 27x4x110 mm + Griff.<\/p>\n","protected":false},"featured_media":4664,"template":"","meta":[],"product_brand":[],"product_cat":[286],"product_tag":[],"class_list":{"0":"post-4844","1":"product","2":"type-product","3":"status-publish","4":"has-post-thumbnail","6":"product_cat-balbachdamast-de","8":"first","9":"instock","10":"taxable","11":"shipping-taxable","12":"purchasable","13":"product-type-simple"},"acf":[],"yoast_head":"<!-- This site is optimized with the Yoast SEO plugin v23.1 - https:\/\/yoast.com\/wordpress\/plugins\/seo\/ -->\n<title>St\u00fcck gerollter Damast - Bastards Knives<\/title>\n<meta name=\"robots\" content=\"index, follow, max-snippet:-1, max-image-preview:large, max-video-preview:-1\" \/>\n<link rel=\"canonical\" href=\"https:\/\/bastardsknives.com\/de\/producto\/stuck-gerollter-damast\/\" \/>\n<meta property=\"og:locale\" content=\"de_DE\" \/>\n<meta property=\"og:type\" content=\"article\" \/>\n<meta property=\"og:title\" content=\"St\u00fcck gerollter Damast - Bastards Knives\" \/>\n<meta property=\"og:description\" content=\"Gewalztes Damastst\u00fcck: Leo-Damast\u00ae III, Damaststahl. Damast-Rollenmuster, 320 Lagen. Handgefertigt, Abmessungen 27x4x110 mm + Griff.\" \/>\n<meta property=\"og:url\" content=\"https:\/\/bastardsknives.com\/de\/producto\/stuck-gerollter-damast\/\" \/>\n<meta property=\"og:site_name\" content=\"Bastards Knives\" \/>\n<meta property=\"article:modified_time\" content=\"2024-05-14T08:53:13+00:00\" \/>\n<meta property=\"og:image\" content=\"https:\/\/bastardsknives.com\/wp-content\/uploads\/2024\/05\/blank-roll-damascus-leo-i.jpg\" \/>\n\t<meta property=\"og:image:width\" content=\"800\" \/>\n\t<meta property=\"og:image:height\" content=\"800\" \/>\n\t<meta property=\"og:image:type\" content=\"image\/jpeg\" \/>\n<meta name=\"twitter:card\" content=\"summary_large_image\" \/>\n<script type=\"application\/ld+json\" class=\"yoast-schema-graph\">{\"@context\":\"https:\/\/schema.org\",\"@graph\":[{\"@type\":\"WebPage\",\"@id\":\"https:\/\/bastardsknives.com\/de\/producto\/stuck-gerollter-damast\/\",\"url\":\"https:\/\/bastardsknives.com\/de\/producto\/stuck-gerollter-damast\/\",\"name\":\"St\u00fcck gerollter Damast - Bastards Knives\",\"isPartOf\":{\"@id\":\"https:\/\/bastardsknives.com\/de\/#website\"},\"primaryImageOfPage\":{\"@id\":\"https:\/\/bastardsknives.com\/de\/producto\/stuck-gerollter-damast\/#primaryimage\"},\"image\":{\"@id\":\"https:\/\/bastardsknives.com\/de\/producto\/stuck-gerollter-damast\/#primaryimage\"},\"thumbnailUrl\":\"https:\/\/bastardsknives.com\/wp-content\/uploads\/2024\/05\/blank-roll-damascus-leo-i.jpg\",\"datePublished\":\"2024-05-14T08:53:09+00:00\",\"dateModified\":\"2024-05-14T08:53:13+00:00\",\"breadcrumb\":{\"@id\":\"https:\/\/bastardsknives.com\/de\/producto\/stuck-gerollter-damast\/#breadcrumb\"},\"inLanguage\":\"de\",\"potentialAction\":[{\"@type\":\"ReadAction\",\"target\":[\"https:\/\/bastardsknives.com\/de\/producto\/stuck-gerollter-damast\/\"]}]},{\"@type\":\"ImageObject\",\"inLanguage\":\"de\",\"@id\":\"https:\/\/bastardsknives.com\/de\/producto\/stuck-gerollter-damast\/#primaryimage\",\"url\":\"https:\/\/bastardsknives.com\/wp-content\/uploads\/2024\/05\/blank-roll-damascus-leo-i.jpg\",\"contentUrl\":\"https:\/\/bastardsknives.com\/wp-content\/uploads\/2024\/05\/blank-roll-damascus-leo-i.jpg\",\"width\":800,\"height\":800},{\"@type\":\"BreadcrumbList\",\"@id\":\"https:\/\/bastardsknives.com\/de\/producto\/stuck-gerollter-damast\/#breadcrumb\",\"itemListElement\":[{\"@type\":\"ListItem\",\"position\":1,\"name\":\"Home\",\"item\":\"https:\/\/bastardsknives.com\/de\/\"},{\"@type\":\"ListItem\",\"position\":2,\"name\":\"Shop\",\"item\":\"https:\/\/bastardsknives.com\/de\/shop\/\"},{\"@type\":\"ListItem\",\"position\":3,\"name\":\"St\u00fcck gerollter Damast\"}]},{\"@type\":\"WebSite\",\"@id\":\"https:\/\/bastardsknives.com\/de\/#website\",\"url\":\"https:\/\/bastardsknives.com\/de\/\",\"name\":\"Bastards Knives\",\"description\":\"Bastards Knives | Viviendo al filo\",\"publisher\":{\"@id\":\"https:\/\/bastardsknives.com\/de\/#organization\"},\"potentialAction\":[{\"@type\":\"SearchAction\",\"target\":{\"@type\":\"EntryPoint\",\"urlTemplate\":\"https:\/\/bastardsknives.com\/de\/?s={search_term_string}\"},\"query-input\":\"required name=search_term_string\"}],\"inLanguage\":\"de\"},{\"@type\":\"Organization\",\"@id\":\"https:\/\/bastardsknives.com\/de\/#organization\",\"name\":\"Bastards Knives\",\"url\":\"https:\/\/bastardsknives.com\/de\/\",\"logo\":{\"@type\":\"ImageObject\",\"inLanguage\":\"de\",\"@id\":\"https:\/\/bastardsknives.com\/de\/#\/schema\/logo\/image\/\",\"url\":\"https:\/\/bastardsknives.com\/wp-content\/uploads\/2022\/07\/Logoprod1.png\",\"contentUrl\":\"https:\/\/bastardsknives.com\/wp-content\/uploads\/2022\/07\/Logoprod1.png\",\"width\":284,\"height\":122,\"caption\":\"Bastards Knives\"},\"image\":{\"@id\":\"https:\/\/bastardsknives.com\/de\/#\/schema\/logo\/image\/\"}}]}<\/script>\n<!-- \/ Yoast SEO plugin. -->","yoast_head_json":{"title":"St\u00fcck gerollter Damast - Bastards Knives","robots":{"index":"index","follow":"follow","max-snippet":"max-snippet:-1","max-image-preview":"max-image-preview:large","max-video-preview":"max-video-preview:-1"},"canonical":"https:\/\/bastardsknives.com\/de\/producto\/stuck-gerollter-damast\/","og_locale":"de_DE","og_type":"article","og_title":"St\u00fcck gerollter Damast - Bastards Knives","og_description":"Gewalztes Damastst\u00fcck: Leo-Damast\u00ae III, Damaststahl. Damast-Rollenmuster, 320 Lagen. Handgefertigt, Abmessungen 27x4x110 mm + Griff.","og_url":"https:\/\/bastardsknives.com\/de\/producto\/stuck-gerollter-damast\/","og_site_name":"Bastards Knives","article_modified_time":"2024-05-14T08:53:13+00:00","og_image":[{"width":800,"height":800,"url":"https:\/\/bastardsknives.com\/wp-content\/uploads\/2024\/05\/blank-roll-damascus-leo-i.jpg","type":"image\/jpeg"}],"twitter_card":"summary_large_image","schema":{"@context":"https:\/\/schema.org","@graph":[{"@type":"WebPage","@id":"https:\/\/bastardsknives.com\/de\/producto\/stuck-gerollter-damast\/","url":"https:\/\/bastardsknives.com\/de\/producto\/stuck-gerollter-damast\/","name":"St\u00fcck gerollter Damast - Bastards Knives","isPartOf":{"@id":"https:\/\/bastardsknives.com\/de\/#website"},"primaryImageOfPage":{"@id":"https:\/\/bastardsknives.com\/de\/producto\/stuck-gerollter-damast\/#primaryimage"},"image":{"@id":"https:\/\/bastardsknives.com\/de\/producto\/stuck-gerollter-damast\/#primaryimage"},"thumbnailUrl":"https:\/\/bastardsknives.com\/wp-content\/uploads\/2024\/05\/blank-roll-damascus-leo-i.jpg","datePublished":"2024-05-14T08:53:09+00:00","dateModified":"2024-05-14T08:53:13+00:00","breadcrumb":{"@id":"https:\/\/bastardsknives.com\/de\/producto\/stuck-gerollter-damast\/#breadcrumb"},"inLanguage":"de","potentialAction":[{"@type":"ReadAction","target":["https:\/\/bastardsknives.com\/de\/producto\/stuck-gerollter-damast\/"]}]},{"@type":"ImageObject","inLanguage":"de","@id":"https:\/\/bastardsknives.com\/de\/producto\/stuck-gerollter-damast\/#primaryimage","url":"https:\/\/bastardsknives.com\/wp-content\/uploads\/2024\/05\/blank-roll-damascus-leo-i.jpg","contentUrl":"https:\/\/bastardsknives.com\/wp-content\/uploads\/2024\/05\/blank-roll-damascus-leo-i.jpg","width":800,"height":800},{"@type":"BreadcrumbList","@id":"https:\/\/bastardsknives.com\/de\/producto\/stuck-gerollter-damast\/#breadcrumb","itemListElement":[{"@type":"ListItem","position":1,"name":"Home","item":"https:\/\/bastardsknives.com\/de\/"},{"@type":"ListItem","position":2,"name":"Shop","item":"https:\/\/bastardsknives.com\/de\/shop\/"},{"@type":"ListItem","position":3,"name":"St\u00fcck gerollter Damast"}]},{"@type":"WebSite","@id":"https:\/\/bastardsknives.com\/de\/#website","url":"https:\/\/bastardsknives.com\/de\/","name":"Bastards Knives","description":"Bastards Knives | Viviendo al filo","publisher":{"@id":"https:\/\/bastardsknives.com\/de\/#organization"},"potentialAction":[{"@type":"SearchAction","target":{"@type":"EntryPoint","urlTemplate":"https:\/\/bastardsknives.com\/de\/?s={search_term_string}"},"query-input":"required name=search_term_string"}],"inLanguage":"de"},{"@type":"Organization","@id":"https:\/\/bastardsknives.com\/de\/#organization","name":"Bastards Knives","url":"https:\/\/bastardsknives.com\/de\/","logo":{"@type":"ImageObject","inLanguage":"de","@id":"https:\/\/bastardsknives.com\/de\/#\/schema\/logo\/image\/","url":"https:\/\/bastardsknives.com\/wp-content\/uploads\/2022\/07\/Logoprod1.png","contentUrl":"https:\/\/bastardsknives.com\/wp-content\/uploads\/2022\/07\/Logoprod1.png","width":284,"height":122,"caption":"Bastards Knives"},"image":{"@id":"https:\/\/bastardsknives.com\/de\/#\/schema\/logo\/image\/"}}]}},"_links":{"self":[{"href":"https:\/\/bastardsknives.com\/de\/wp-json\/wp\/v2\/product\/4844","targetHints":{"allow":["GET"]}}],"collection":[{"href":"https:\/\/bastardsknives.com\/de\/wp-json\/wp\/v2\/product"}],"about":[{"href":"https:\/\/bastardsknives.com\/de\/wp-json\/wp\/v2\/types\/product"}],"wp:featuredmedia":[{"embeddable":true,"href":"https:\/\/bastardsknives.com\/de\/wp-json\/wp\/v2\/media\/4664"}],"wp:attachment":[{"href":"https:\/\/bastardsknives.com\/de\/wp-json\/wp\/v2\/media?parent=4844"}],"wp:term":[{"taxonomy":"product_brand","embeddable":true,"href":"https:\/\/bastardsknives.com\/de\/wp-json\/wp\/v2\/product_brand?post=4844"},{"taxonomy":"product_cat","embeddable":true,"href":"https:\/\/bastardsknives.com\/de\/wp-json\/wp\/v2\/product_cat?post=4844"},{"taxonomy":"product_tag","embeddable":true,"href":"https:\/\/bastardsknives.com\/de\/wp-json\/wp\/v2\/product_tag?post=4844"}],"curies":[{"name":"wp","href":"https:\/\/api.w.org\/{rel}","templated":true}]}}