{"id":4937,"date":"2024-05-14T13:50:54","date_gmt":"2024-05-14T13:50:54","guid":{"rendered":"https:\/\/bastardsknives.com\/?post_type=product&#038;p=4937"},"modified":"2024-05-14T13:50:54","modified_gmt":"2024-05-14T13:50:54","slug":"locken-rostfreier-stahl","status":"publish","type":"product","link":"https:\/\/bastardsknives.com\/de\/producto\/locken-rostfreier-stahl\/","title":{"rendered":"Locken (rostfreier Stahl)"},"content":{"rendered":"<p>Curl Flat Bars (Inox) sind Produkte von au\u00dfergew\u00f6hnlicher Qualit\u00e4t, hergestellt aus DSC\u00ae inox-s (rostfreiem) Damast mit Curl-Muster. Mit 120 Lagen verf\u00fcgen diese St\u00e4be \u00fcber SuperClean-Schwei\u00dfn\u00e4hte, die Korrosionsbest\u00e4ndigkeit und ein sehr feines Korn gew\u00e4hrleisten. Das zuverl\u00e4ssige Herstellungsverfahren gew\u00e4hrleistet eine hohe Kantenfestigkeit und Lebensmitteltauglichkeit. Dar\u00fcber hinaus erlauben sie eine unkritische Umformung nach der W\u00e4rmebehandlung und bieten die M\u00f6glichkeit einer hohen H\u00e4rtung bis 62 HRC. Sein Preis wird pro Zentimeter festgelegt.<\/p>\n","protected":false},"excerpt":{"rendered":"<p>Curl-Flachst\u00e4be: DSC\u00ae inox-s, Damast mit Curl-Muster. SuperClean-Schwei\u00dfn\u00e4hte, rostfrei. Hoher Halt, geeignet f\u00fcr Lebensmittel. Bis zu 62 HRC.<\/p>\n","protected":false},"featured_media":4935,"template":"","meta":[],"product_brand":[],"product_cat":[286,765],"product_tag":[],"class_list":{"0":"post-4937","1":"product","2":"type-product","3":"status-publish","4":"has-post-thumbnail","6":"product_cat-balbachdamast-de","7":"product_cat-rostfrei","9":"first","10":"instock","11":"taxable","12":"shipping-taxable","13":"purchasable","14":"product-type-simple"},"acf":[],"yoast_head":"<!-- This site is optimized with the Yoast SEO plugin v23.1 - https:\/\/yoast.com\/wordpress\/plugins\/seo\/ -->\n<title>Locken (rostfreier Stahl) - Bastards Knives<\/title>\n<meta name=\"robots\" content=\"index, follow, max-snippet:-1, max-image-preview:large, max-video-preview:-1\" \/>\n<link rel=\"canonical\" href=\"https:\/\/bastardsknives.com\/de\/producto\/locken-rostfreier-stahl\/\" \/>\n<meta property=\"og:locale\" content=\"de_DE\" \/>\n<meta property=\"og:type\" content=\"article\" \/>\n<meta property=\"og:title\" content=\"Locken (rostfreier Stahl) - Bastards Knives\" \/>\n<meta property=\"og:description\" content=\"Curl-Flachst\u00e4be: DSC\u00ae inox-s, Damast mit Curl-Muster. SuperClean-Schwei\u00dfn\u00e4hte, rostfrei. Hoher Halt, geeignet f\u00fcr Lebensmittel. Bis zu 62 HRC.\" \/>\n<meta property=\"og:url\" content=\"https:\/\/bastardsknives.com\/de\/producto\/locken-rostfreier-stahl\/\" \/>\n<meta property=\"og:site_name\" content=\"Bastards Knives\" \/>\n<meta property=\"og:image\" content=\"https:\/\/bastardsknives.com\/wp-content\/uploads\/2024\/05\/curls-inox-s.jpg\" \/>\n\t<meta property=\"og:image:width\" content=\"800\" \/>\n\t<meta property=\"og:image:height\" content=\"800\" \/>\n\t<meta property=\"og:image:type\" content=\"image\/jpeg\" \/>\n<meta name=\"twitter:card\" content=\"summary_large_image\" \/>\n<script type=\"application\/ld+json\" class=\"yoast-schema-graph\">{\"@context\":\"https:\/\/schema.org\",\"@graph\":[{\"@type\":\"WebPage\",\"@id\":\"https:\/\/bastardsknives.com\/de\/producto\/locken-rostfreier-stahl\/\",\"url\":\"https:\/\/bastardsknives.com\/de\/producto\/locken-rostfreier-stahl\/\",\"name\":\"Locken (rostfreier Stahl) - Bastards Knives\",\"isPartOf\":{\"@id\":\"https:\/\/bastardsknives.com\/de\/#website\"},\"primaryImageOfPage\":{\"@id\":\"https:\/\/bastardsknives.com\/de\/producto\/locken-rostfreier-stahl\/#primaryimage\"},\"image\":{\"@id\":\"https:\/\/bastardsknives.com\/de\/producto\/locken-rostfreier-stahl\/#primaryimage\"},\"thumbnailUrl\":\"https:\/\/bastardsknives.com\/wp-content\/uploads\/2024\/05\/curls-inox-s.jpg\",\"datePublished\":\"2024-05-14T13:50:54+00:00\",\"dateModified\":\"2024-05-14T13:50:54+00:00\",\"breadcrumb\":{\"@id\":\"https:\/\/bastardsknives.com\/de\/producto\/locken-rostfreier-stahl\/#breadcrumb\"},\"inLanguage\":\"de\",\"potentialAction\":[{\"@type\":\"ReadAction\",\"target\":[\"https:\/\/bastardsknives.com\/de\/producto\/locken-rostfreier-stahl\/\"]}]},{\"@type\":\"ImageObject\",\"inLanguage\":\"de\",\"@id\":\"https:\/\/bastardsknives.com\/de\/producto\/locken-rostfreier-stahl\/#primaryimage\",\"url\":\"https:\/\/bastardsknives.com\/wp-content\/uploads\/2024\/05\/curls-inox-s.jpg\",\"contentUrl\":\"https:\/\/bastardsknives.com\/wp-content\/uploads\/2024\/05\/curls-inox-s.jpg\",\"width\":800,\"height\":800,\"caption\":\"Damast mit Lockenmuster\"},{\"@type\":\"BreadcrumbList\",\"@id\":\"https:\/\/bastardsknives.com\/de\/producto\/locken-rostfreier-stahl\/#breadcrumb\",\"itemListElement\":[{\"@type\":\"ListItem\",\"position\":1,\"name\":\"Home\",\"item\":\"https:\/\/bastardsknives.com\/de\/\"},{\"@type\":\"ListItem\",\"position\":2,\"name\":\"Shop\",\"item\":\"https:\/\/bastardsknives.com\/de\/shop\/\"},{\"@type\":\"ListItem\",\"position\":3,\"name\":\"Locken (rostfreier Stahl)\"}]},{\"@type\":\"WebSite\",\"@id\":\"https:\/\/bastardsknives.com\/de\/#website\",\"url\":\"https:\/\/bastardsknives.com\/de\/\",\"name\":\"Bastards Knives\",\"description\":\"Bastards Knives | Viviendo al filo\",\"publisher\":{\"@id\":\"https:\/\/bastardsknives.com\/de\/#organization\"},\"potentialAction\":[{\"@type\":\"SearchAction\",\"target\":{\"@type\":\"EntryPoint\",\"urlTemplate\":\"https:\/\/bastardsknives.com\/de\/?s={search_term_string}\"},\"query-input\":\"required name=search_term_string\"}],\"inLanguage\":\"de\"},{\"@type\":\"Organization\",\"@id\":\"https:\/\/bastardsknives.com\/de\/#organization\",\"name\":\"Bastards Knives\",\"url\":\"https:\/\/bastardsknives.com\/de\/\",\"logo\":{\"@type\":\"ImageObject\",\"inLanguage\":\"de\",\"@id\":\"https:\/\/bastardsknives.com\/de\/#\/schema\/logo\/image\/\",\"url\":\"https:\/\/bastardsknives.com\/wp-content\/uploads\/2022\/07\/Logoprod1.png\",\"contentUrl\":\"https:\/\/bastardsknives.com\/wp-content\/uploads\/2022\/07\/Logoprod1.png\",\"width\":284,\"height\":122,\"caption\":\"Bastards Knives\"},\"image\":{\"@id\":\"https:\/\/bastardsknives.com\/de\/#\/schema\/logo\/image\/\"}}]}<\/script>\n<!-- \/ Yoast SEO plugin. -->","yoast_head_json":{"title":"Locken (rostfreier Stahl) - Bastards Knives","robots":{"index":"index","follow":"follow","max-snippet":"max-snippet:-1","max-image-preview":"max-image-preview:large","max-video-preview":"max-video-preview:-1"},"canonical":"https:\/\/bastardsknives.com\/de\/producto\/locken-rostfreier-stahl\/","og_locale":"de_DE","og_type":"article","og_title":"Locken (rostfreier Stahl) - Bastards Knives","og_description":"Curl-Flachst\u00e4be: DSC\u00ae inox-s, Damast mit Curl-Muster. SuperClean-Schwei\u00dfn\u00e4hte, rostfrei. Hoher Halt, geeignet f\u00fcr Lebensmittel. Bis zu 62 HRC.","og_url":"https:\/\/bastardsknives.com\/de\/producto\/locken-rostfreier-stahl\/","og_site_name":"Bastards Knives","og_image":[{"width":800,"height":800,"url":"https:\/\/bastardsknives.com\/wp-content\/uploads\/2024\/05\/curls-inox-s.jpg","type":"image\/jpeg"}],"twitter_card":"summary_large_image","schema":{"@context":"https:\/\/schema.org","@graph":[{"@type":"WebPage","@id":"https:\/\/bastardsknives.com\/de\/producto\/locken-rostfreier-stahl\/","url":"https:\/\/bastardsknives.com\/de\/producto\/locken-rostfreier-stahl\/","name":"Locken (rostfreier Stahl) - Bastards Knives","isPartOf":{"@id":"https:\/\/bastardsknives.com\/de\/#website"},"primaryImageOfPage":{"@id":"https:\/\/bastardsknives.com\/de\/producto\/locken-rostfreier-stahl\/#primaryimage"},"image":{"@id":"https:\/\/bastardsknives.com\/de\/producto\/locken-rostfreier-stahl\/#primaryimage"},"thumbnailUrl":"https:\/\/bastardsknives.com\/wp-content\/uploads\/2024\/05\/curls-inox-s.jpg","datePublished":"2024-05-14T13:50:54+00:00","dateModified":"2024-05-14T13:50:54+00:00","breadcrumb":{"@id":"https:\/\/bastardsknives.com\/de\/producto\/locken-rostfreier-stahl\/#breadcrumb"},"inLanguage":"de","potentialAction":[{"@type":"ReadAction","target":["https:\/\/bastardsknives.com\/de\/producto\/locken-rostfreier-stahl\/"]}]},{"@type":"ImageObject","inLanguage":"de","@id":"https:\/\/bastardsknives.com\/de\/producto\/locken-rostfreier-stahl\/#primaryimage","url":"https:\/\/bastardsknives.com\/wp-content\/uploads\/2024\/05\/curls-inox-s.jpg","contentUrl":"https:\/\/bastardsknives.com\/wp-content\/uploads\/2024\/05\/curls-inox-s.jpg","width":800,"height":800,"caption":"Damast mit Lockenmuster"},{"@type":"BreadcrumbList","@id":"https:\/\/bastardsknives.com\/de\/producto\/locken-rostfreier-stahl\/#breadcrumb","itemListElement":[{"@type":"ListItem","position":1,"name":"Home","item":"https:\/\/bastardsknives.com\/de\/"},{"@type":"ListItem","position":2,"name":"Shop","item":"https:\/\/bastardsknives.com\/de\/shop\/"},{"@type":"ListItem","position":3,"name":"Locken (rostfreier Stahl)"}]},{"@type":"WebSite","@id":"https:\/\/bastardsknives.com\/de\/#website","url":"https:\/\/bastardsknives.com\/de\/","name":"Bastards Knives","description":"Bastards Knives | Viviendo al filo","publisher":{"@id":"https:\/\/bastardsknives.com\/de\/#organization"},"potentialAction":[{"@type":"SearchAction","target":{"@type":"EntryPoint","urlTemplate":"https:\/\/bastardsknives.com\/de\/?s={search_term_string}"},"query-input":"required name=search_term_string"}],"inLanguage":"de"},{"@type":"Organization","@id":"https:\/\/bastardsknives.com\/de\/#organization","name":"Bastards Knives","url":"https:\/\/bastardsknives.com\/de\/","logo":{"@type":"ImageObject","inLanguage":"de","@id":"https:\/\/bastardsknives.com\/de\/#\/schema\/logo\/image\/","url":"https:\/\/bastardsknives.com\/wp-content\/uploads\/2022\/07\/Logoprod1.png","contentUrl":"https:\/\/bastardsknives.com\/wp-content\/uploads\/2022\/07\/Logoprod1.png","width":284,"height":122,"caption":"Bastards Knives"},"image":{"@id":"https:\/\/bastardsknives.com\/de\/#\/schema\/logo\/image\/"}}]}},"_links":{"self":[{"href":"https:\/\/bastardsknives.com\/de\/wp-json\/wp\/v2\/product\/4937","targetHints":{"allow":["GET"]}}],"collection":[{"href":"https:\/\/bastardsknives.com\/de\/wp-json\/wp\/v2\/product"}],"about":[{"href":"https:\/\/bastardsknives.com\/de\/wp-json\/wp\/v2\/types\/product"}],"wp:featuredmedia":[{"embeddable":true,"href":"https:\/\/bastardsknives.com\/de\/wp-json\/wp\/v2\/media\/4935"}],"wp:attachment":[{"href":"https:\/\/bastardsknives.com\/de\/wp-json\/wp\/v2\/media?parent=4937"}],"wp:term":[{"taxonomy":"product_brand","embeddable":true,"href":"https:\/\/bastardsknives.com\/de\/wp-json\/wp\/v2\/product_brand?post=4937"},{"taxonomy":"product_cat","embeddable":true,"href":"https:\/\/bastardsknives.com\/de\/wp-json\/wp\/v2\/product_cat?post=4937"},{"taxonomy":"product_tag","embeddable":true,"href":"https:\/\/bastardsknives.com\/de\/wp-json\/wp\/v2\/product_tag?post=4937"}],"curies":[{"name":"wp","href":"https:\/\/api.w.org\/{rel}","templated":true}]}}