{"id":5038,"date":"2024-05-16T10:54:02","date_gmt":"2024-05-16T10:54:02","guid":{"rendered":"https:\/\/bastardsknives.com\/?post_type=product&#038;p=5038"},"modified":"2024-05-16T10:54:03","modified_gmt":"2024-05-16T10:54:03","slug":"grobblech-grose-diamanten-leo-iii","status":"publish","type":"product","link":"https:\/\/bastardsknives.com\/de\/producto\/grobblech-grose-diamanten-leo-iii\/","title":{"rendered":"Grobblech gro\u00dfe Diamanten (leo III)"},"content":{"rendered":"<p>Die gro\u00dfe Klinge mit Rhombusmuster (Leo III) ist ein St\u00fcck von au\u00dfergew\u00f6hnlicher Qualit\u00e4t, hergestellt aus Leo-Damast\u00ae III (nicht rostfrei). Mit den Ma\u00dfen 26&#215;4,1&#215;110 mm plus Griff bietet dieses Messer eine unverwechselbare \u00c4sthetik und h\u00f6chste Qualit\u00e4t. Leo-Damast\u00ae III wird in Handarbeit im Verbundschwei\u00dfverfahren aus 320 Lagen geschmiedet und besteht aus Leopard-I-Panzerkanonenstahl sowie Werkzeug- und Lagerstahl. Der Preis ist pro St\u00fcck festgelegt.<\/p>\n","protected":false},"excerpt":{"rendered":"<p>Grobe Klinge Gro\u00dfer Rhombus (Leo III): Leo-Damast\u00ae III, nicht rostfrei. Unverwechselbares Muster, 320 Schichten. Handgefertigt. Preis pro St\u00fcck.<\/p>\n","protected":false},"featured_media":5036,"template":"","meta":[],"product_brand":[],"product_cat":[286],"product_tag":[],"class_list":{"0":"post-5038","1":"product","2":"type-product","3":"status-publish","4":"has-post-thumbnail","6":"product_cat-balbachdamast-de","8":"first","9":"instock","10":"taxable","11":"shipping-taxable","12":"purchasable","13":"product-type-simple"},"acf":[],"yoast_head":"<!-- This site is optimized with the Yoast SEO plugin v23.1 - https:\/\/yoast.com\/wordpress\/plugins\/seo\/ -->\n<title>Grobblech gro\u00dfe Diamanten (leo III) - Bastards Knives<\/title>\n<meta name=\"robots\" content=\"index, follow, max-snippet:-1, max-image-preview:large, max-video-preview:-1\" \/>\n<link rel=\"canonical\" href=\"https:\/\/bastardsknives.com\/de\/producto\/grobblech-grose-diamanten-leo-iii\/\" \/>\n<meta property=\"og:locale\" content=\"de_DE\" \/>\n<meta property=\"og:type\" content=\"article\" \/>\n<meta property=\"og:title\" content=\"Grobblech gro\u00dfe Diamanten (leo III) - Bastards Knives\" \/>\n<meta property=\"og:description\" content=\"Grobe Klinge Gro\u00dfer Rhombus (Leo III): Leo-Damast\u00ae III, nicht rostfrei. Unverwechselbares Muster, 320 Schichten. Handgefertigt. Preis pro St\u00fcck.\" \/>\n<meta property=\"og:url\" content=\"https:\/\/bastardsknives.com\/de\/producto\/grobblech-grose-diamanten-leo-iii\/\" \/>\n<meta property=\"og:site_name\" content=\"Bastards Knives\" \/>\n<meta property=\"article:modified_time\" content=\"2024-05-16T10:54:03+00:00\" \/>\n<meta property=\"og:image\" content=\"https:\/\/bastardsknives.com\/wp-content\/uploads\/2024\/05\/blank-large-rhombi-leo-iii.jpg\" \/>\n\t<meta property=\"og:image:width\" content=\"800\" \/>\n\t<meta property=\"og:image:height\" content=\"800\" \/>\n\t<meta property=\"og:image:type\" content=\"image\/jpeg\" \/>\n<meta name=\"twitter:card\" content=\"summary_large_image\" \/>\n<script type=\"application\/ld+json\" class=\"yoast-schema-graph\">{\"@context\":\"https:\/\/schema.org\",\"@graph\":[{\"@type\":\"WebPage\",\"@id\":\"https:\/\/bastardsknives.com\/de\/producto\/grobblech-grose-diamanten-leo-iii\/\",\"url\":\"https:\/\/bastardsknives.com\/de\/producto\/grobblech-grose-diamanten-leo-iii\/\",\"name\":\"Grobblech gro\u00dfe Diamanten (leo III) - Bastards Knives\",\"isPartOf\":{\"@id\":\"https:\/\/bastardsknives.com\/de\/#website\"},\"primaryImageOfPage\":{\"@id\":\"https:\/\/bastardsknives.com\/de\/producto\/grobblech-grose-diamanten-leo-iii\/#primaryimage\"},\"image\":{\"@id\":\"https:\/\/bastardsknives.com\/de\/producto\/grobblech-grose-diamanten-leo-iii\/#primaryimage\"},\"thumbnailUrl\":\"https:\/\/bastardsknives.com\/wp-content\/uploads\/2024\/05\/blank-large-rhombi-leo-iii.jpg\",\"datePublished\":\"2024-05-16T10:54:02+00:00\",\"dateModified\":\"2024-05-16T10:54:03+00:00\",\"breadcrumb\":{\"@id\":\"https:\/\/bastardsknives.com\/de\/producto\/grobblech-grose-diamanten-leo-iii\/#breadcrumb\"},\"inLanguage\":\"de\",\"potentialAction\":[{\"@type\":\"ReadAction\",\"target\":[\"https:\/\/bastardsknives.com\/de\/producto\/grobblech-grose-diamanten-leo-iii\/\"]}]},{\"@type\":\"ImageObject\",\"inLanguage\":\"de\",\"@id\":\"https:\/\/bastardsknives.com\/de\/producto\/grobblech-grose-diamanten-leo-iii\/#primaryimage\",\"url\":\"https:\/\/bastardsknives.com\/wp-content\/uploads\/2024\/05\/blank-large-rhombi-leo-iii.jpg\",\"contentUrl\":\"https:\/\/bastardsknives.com\/wp-content\/uploads\/2024\/05\/blank-large-rhombi-leo-iii.jpg\",\"width\":800,\"height\":800,\"caption\":\"Grobblech\"},{\"@type\":\"BreadcrumbList\",\"@id\":\"https:\/\/bastardsknives.com\/de\/producto\/grobblech-grose-diamanten-leo-iii\/#breadcrumb\",\"itemListElement\":[{\"@type\":\"ListItem\",\"position\":1,\"name\":\"Home\",\"item\":\"https:\/\/bastardsknives.com\/de\/\"},{\"@type\":\"ListItem\",\"position\":2,\"name\":\"Shop\",\"item\":\"https:\/\/bastardsknives.com\/de\/shop\/\"},{\"@type\":\"ListItem\",\"position\":3,\"name\":\"Grobblech gro\u00dfe Diamanten (leo III)\"}]},{\"@type\":\"WebSite\",\"@id\":\"https:\/\/bastardsknives.com\/de\/#website\",\"url\":\"https:\/\/bastardsknives.com\/de\/\",\"name\":\"Bastards Knives\",\"description\":\"Bastards Knives | Viviendo al filo\",\"publisher\":{\"@id\":\"https:\/\/bastardsknives.com\/de\/#organization\"},\"potentialAction\":[{\"@type\":\"SearchAction\",\"target\":{\"@type\":\"EntryPoint\",\"urlTemplate\":\"https:\/\/bastardsknives.com\/de\/?s={search_term_string}\"},\"query-input\":\"required name=search_term_string\"}],\"inLanguage\":\"de\"},{\"@type\":\"Organization\",\"@id\":\"https:\/\/bastardsknives.com\/de\/#organization\",\"name\":\"Bastards Knives\",\"url\":\"https:\/\/bastardsknives.com\/de\/\",\"logo\":{\"@type\":\"ImageObject\",\"inLanguage\":\"de\",\"@id\":\"https:\/\/bastardsknives.com\/de\/#\/schema\/logo\/image\/\",\"url\":\"https:\/\/bastardsknives.com\/wp-content\/uploads\/2022\/07\/Logoprod1.png\",\"contentUrl\":\"https:\/\/bastardsknives.com\/wp-content\/uploads\/2022\/07\/Logoprod1.png\",\"width\":284,\"height\":122,\"caption\":\"Bastards Knives\"},\"image\":{\"@id\":\"https:\/\/bastardsknives.com\/de\/#\/schema\/logo\/image\/\"}}]}<\/script>\n<!-- \/ Yoast SEO plugin. -->","yoast_head_json":{"title":"Grobblech gro\u00dfe Diamanten (leo III) - Bastards Knives","robots":{"index":"index","follow":"follow","max-snippet":"max-snippet:-1","max-image-preview":"max-image-preview:large","max-video-preview":"max-video-preview:-1"},"canonical":"https:\/\/bastardsknives.com\/de\/producto\/grobblech-grose-diamanten-leo-iii\/","og_locale":"de_DE","og_type":"article","og_title":"Grobblech gro\u00dfe Diamanten (leo III) - Bastards Knives","og_description":"Grobe Klinge Gro\u00dfer Rhombus (Leo III): Leo-Damast\u00ae III, nicht rostfrei. Unverwechselbares Muster, 320 Schichten. Handgefertigt. Preis pro St\u00fcck.","og_url":"https:\/\/bastardsknives.com\/de\/producto\/grobblech-grose-diamanten-leo-iii\/","og_site_name":"Bastards Knives","article_modified_time":"2024-05-16T10:54:03+00:00","og_image":[{"width":800,"height":800,"url":"https:\/\/bastardsknives.com\/wp-content\/uploads\/2024\/05\/blank-large-rhombi-leo-iii.jpg","type":"image\/jpeg"}],"twitter_card":"summary_large_image","schema":{"@context":"https:\/\/schema.org","@graph":[{"@type":"WebPage","@id":"https:\/\/bastardsknives.com\/de\/producto\/grobblech-grose-diamanten-leo-iii\/","url":"https:\/\/bastardsknives.com\/de\/producto\/grobblech-grose-diamanten-leo-iii\/","name":"Grobblech gro\u00dfe Diamanten (leo III) - Bastards Knives","isPartOf":{"@id":"https:\/\/bastardsknives.com\/de\/#website"},"primaryImageOfPage":{"@id":"https:\/\/bastardsknives.com\/de\/producto\/grobblech-grose-diamanten-leo-iii\/#primaryimage"},"image":{"@id":"https:\/\/bastardsknives.com\/de\/producto\/grobblech-grose-diamanten-leo-iii\/#primaryimage"},"thumbnailUrl":"https:\/\/bastardsknives.com\/wp-content\/uploads\/2024\/05\/blank-large-rhombi-leo-iii.jpg","datePublished":"2024-05-16T10:54:02+00:00","dateModified":"2024-05-16T10:54:03+00:00","breadcrumb":{"@id":"https:\/\/bastardsknives.com\/de\/producto\/grobblech-grose-diamanten-leo-iii\/#breadcrumb"},"inLanguage":"de","potentialAction":[{"@type":"ReadAction","target":["https:\/\/bastardsknives.com\/de\/producto\/grobblech-grose-diamanten-leo-iii\/"]}]},{"@type":"ImageObject","inLanguage":"de","@id":"https:\/\/bastardsknives.com\/de\/producto\/grobblech-grose-diamanten-leo-iii\/#primaryimage","url":"https:\/\/bastardsknives.com\/wp-content\/uploads\/2024\/05\/blank-large-rhombi-leo-iii.jpg","contentUrl":"https:\/\/bastardsknives.com\/wp-content\/uploads\/2024\/05\/blank-large-rhombi-leo-iii.jpg","width":800,"height":800,"caption":"Grobblech"},{"@type":"BreadcrumbList","@id":"https:\/\/bastardsknives.com\/de\/producto\/grobblech-grose-diamanten-leo-iii\/#breadcrumb","itemListElement":[{"@type":"ListItem","position":1,"name":"Home","item":"https:\/\/bastardsknives.com\/de\/"},{"@type":"ListItem","position":2,"name":"Shop","item":"https:\/\/bastardsknives.com\/de\/shop\/"},{"@type":"ListItem","position":3,"name":"Grobblech gro\u00dfe Diamanten (leo III)"}]},{"@type":"WebSite","@id":"https:\/\/bastardsknives.com\/de\/#website","url":"https:\/\/bastardsknives.com\/de\/","name":"Bastards Knives","description":"Bastards Knives | Viviendo al filo","publisher":{"@id":"https:\/\/bastardsknives.com\/de\/#organization"},"potentialAction":[{"@type":"SearchAction","target":{"@type":"EntryPoint","urlTemplate":"https:\/\/bastardsknives.com\/de\/?s={search_term_string}"},"query-input":"required name=search_term_string"}],"inLanguage":"de"},{"@type":"Organization","@id":"https:\/\/bastardsknives.com\/de\/#organization","name":"Bastards Knives","url":"https:\/\/bastardsknives.com\/de\/","logo":{"@type":"ImageObject","inLanguage":"de","@id":"https:\/\/bastardsknives.com\/de\/#\/schema\/logo\/image\/","url":"https:\/\/bastardsknives.com\/wp-content\/uploads\/2022\/07\/Logoprod1.png","contentUrl":"https:\/\/bastardsknives.com\/wp-content\/uploads\/2022\/07\/Logoprod1.png","width":284,"height":122,"caption":"Bastards Knives"},"image":{"@id":"https:\/\/bastardsknives.com\/de\/#\/schema\/logo\/image\/"}}]}},"_links":{"self":[{"href":"https:\/\/bastardsknives.com\/de\/wp-json\/wp\/v2\/product\/5038","targetHints":{"allow":["GET"]}}],"collection":[{"href":"https:\/\/bastardsknives.com\/de\/wp-json\/wp\/v2\/product"}],"about":[{"href":"https:\/\/bastardsknives.com\/de\/wp-json\/wp\/v2\/types\/product"}],"wp:featuredmedia":[{"embeddable":true,"href":"https:\/\/bastardsknives.com\/de\/wp-json\/wp\/v2\/media\/5036"}],"wp:attachment":[{"href":"https:\/\/bastardsknives.com\/de\/wp-json\/wp\/v2\/media?parent=5038"}],"wp:term":[{"taxonomy":"product_brand","embeddable":true,"href":"https:\/\/bastardsknives.com\/de\/wp-json\/wp\/v2\/product_brand?post=5038"},{"taxonomy":"product_cat","embeddable":true,"href":"https:\/\/bastardsknives.com\/de\/wp-json\/wp\/v2\/product_cat?post=5038"},{"taxonomy":"product_tag","embeddable":true,"href":"https:\/\/bastardsknives.com\/de\/wp-json\/wp\/v2\/product_tag?post=5038"}],"curies":[{"name":"wp","href":"https:\/\/api.w.org\/{rel}","templated":true}]}}