{"id":5061,"date":"2024-05-16T11:49:23","date_gmt":"2024-05-16T11:49:23","guid":{"rendered":"https:\/\/bastardsknives.com\/?post_type=product&#038;p=5061"},"modified":"2024-05-16T11:49:24","modified_gmt":"2024-05-16T11:49:24","slug":"rohblatter-wildes-damaszenermuster-kohlenstoff","status":"publish","type":"product","link":"https:\/\/bastardsknives.com\/de\/producto\/rohblatter-wildes-damaszenermuster-kohlenstoff\/","title":{"rendered":"Rohbl\u00e4tter &#8211; Wildes Damaszenermuster (Kohlenstoff)"},"content":{"rendered":"<p>Die Rohbl\u00e4tter Wildes Damaszenermuster (Kohlenstoff) sind au\u00dfergew\u00f6hnliche St\u00fccke von hoher Qualit\u00e4t, hergestellt aus Kohlenstoff-DSC (nicht rostfrei) mit einem charakteristischen Muster des Wilden Damaszenermusters. Mit 160 Schichten bieten diese Bl\u00e4tter SuperClean-Lagenschwei\u00dfungen und eine sehr feine K\u00f6rnung, was einen zuverl\u00e4ssigen Herstellungsprozess und eine hohe Schneidf\u00e4higkeit gew\u00e4hrleistet. Sie bieten die M\u00f6glichkeit einer hohen H\u00e4rtung bis zu 63 HRC. Der Preis ist pro St\u00fcck festgelegt.<\/p>\n","protected":false},"excerpt":{"rendered":"<p>Rohbl\u00e4tter Wildes Damaszenermuster (Kohlenstoff): Carbon DSC, Wildes Damaszenermuster. SuperClean-Schwei\u00dfn\u00e4hte, feines Korn, hohe H\u00e4rte. Preis pro St\u00fcck<\/p>\n","protected":false},"featured_media":5048,"template":"","meta":[],"product_brand":[],"product_cat":[286,763],"product_tag":[],"class_list":{"0":"post-5061","1":"product","2":"type-product","3":"status-publish","4":"has-post-thumbnail","6":"product_cat-balbachdamast-de","7":"product_cat-kohlenstoff","9":"first","10":"instock","11":"taxable","12":"shipping-taxable","13":"purchasable","14":"product-type-variable"},"acf":[],"yoast_head":"<!-- This site is optimized with the Yoast SEO plugin v23.1 - https:\/\/yoast.com\/wordpress\/plugins\/seo\/ -->\n<title>Rohbl\u00e4tter - Wildes Damaszenermuster (Kohlenstoff) - Bastards Knives<\/title>\n<meta name=\"robots\" content=\"index, follow, max-snippet:-1, max-image-preview:large, max-video-preview:-1\" \/>\n<link rel=\"canonical\" href=\"https:\/\/bastardsknives.com\/de\/producto\/rohblatter-wildes-damaszenermuster-kohlenstoff\/\" \/>\n<meta property=\"og:locale\" content=\"de_DE\" \/>\n<meta property=\"og:type\" content=\"article\" \/>\n<meta property=\"og:title\" content=\"Rohbl\u00e4tter - Wildes Damaszenermuster (Kohlenstoff) - Bastards Knives\" \/>\n<meta property=\"og:description\" content=\"Rohbl\u00e4tter Wildes Damaszenermuster (Kohlenstoff): Carbon DSC, Wildes Damaszenermuster. SuperClean-Schwei\u00dfn\u00e4hte, feines Korn, hohe H\u00e4rte. Preis pro St\u00fcck\" \/>\n<meta property=\"og:url\" content=\"https:\/\/bastardsknives.com\/de\/producto\/rohblatter-wildes-damaszenermuster-kohlenstoff\/\" \/>\n<meta property=\"og:site_name\" content=\"Bastards Knives\" \/>\n<meta property=\"article:modified_time\" content=\"2024-05-16T11:49:24+00:00\" \/>\n<meta property=\"og:image\" content=\"https:\/\/bastardsknives.com\/wp-content\/uploads\/2024\/05\/blank-wild-damascus-carbon.jpg\" \/>\n\t<meta property=\"og:image:width\" content=\"800\" \/>\n\t<meta property=\"og:image:height\" content=\"800\" \/>\n\t<meta property=\"og:image:type\" content=\"image\/jpeg\" \/>\n<meta name=\"twitter:card\" content=\"summary_large_image\" \/>\n<script type=\"application\/ld+json\" class=\"yoast-schema-graph\">{\"@context\":\"https:\/\/schema.org\",\"@graph\":[{\"@type\":\"WebPage\",\"@id\":\"https:\/\/bastardsknives.com\/de\/producto\/rohblatter-wildes-damaszenermuster-kohlenstoff\/\",\"url\":\"https:\/\/bastardsknives.com\/de\/producto\/rohblatter-wildes-damaszenermuster-kohlenstoff\/\",\"name\":\"Rohbl\u00e4tter - Wildes Damaszenermuster (Kohlenstoff) - Bastards Knives\",\"isPartOf\":{\"@id\":\"https:\/\/bastardsknives.com\/de\/#website\"},\"primaryImageOfPage\":{\"@id\":\"https:\/\/bastardsknives.com\/de\/producto\/rohblatter-wildes-damaszenermuster-kohlenstoff\/#primaryimage\"},\"image\":{\"@id\":\"https:\/\/bastardsknives.com\/de\/producto\/rohblatter-wildes-damaszenermuster-kohlenstoff\/#primaryimage\"},\"thumbnailUrl\":\"https:\/\/bastardsknives.com\/wp-content\/uploads\/2024\/05\/blank-wild-damascus-carbon.jpg\",\"datePublished\":\"2024-05-16T11:49:23+00:00\",\"dateModified\":\"2024-05-16T11:49:24+00:00\",\"breadcrumb\":{\"@id\":\"https:\/\/bastardsknives.com\/de\/producto\/rohblatter-wildes-damaszenermuster-kohlenstoff\/#breadcrumb\"},\"inLanguage\":\"de\",\"potentialAction\":[{\"@type\":\"ReadAction\",\"target\":[\"https:\/\/bastardsknives.com\/de\/producto\/rohblatter-wildes-damaszenermuster-kohlenstoff\/\"]}]},{\"@type\":\"ImageObject\",\"inLanguage\":\"de\",\"@id\":\"https:\/\/bastardsknives.com\/de\/producto\/rohblatter-wildes-damaszenermuster-kohlenstoff\/#primaryimage\",\"url\":\"https:\/\/bastardsknives.com\/wp-content\/uploads\/2024\/05\/blank-wild-damascus-carbon.jpg\",\"contentUrl\":\"https:\/\/bastardsknives.com\/wp-content\/uploads\/2024\/05\/blank-wild-damascus-carbon.jpg\",\"width\":800,\"height\":800},{\"@type\":\"BreadcrumbList\",\"@id\":\"https:\/\/bastardsknives.com\/de\/producto\/rohblatter-wildes-damaszenermuster-kohlenstoff\/#breadcrumb\",\"itemListElement\":[{\"@type\":\"ListItem\",\"position\":1,\"name\":\"Home\",\"item\":\"https:\/\/bastardsknives.com\/de\/\"},{\"@type\":\"ListItem\",\"position\":2,\"name\":\"Shop\",\"item\":\"https:\/\/bastardsknives.com\/de\/shop\/\"},{\"@type\":\"ListItem\",\"position\":3,\"name\":\"Rohbl\u00e4tter &#8211; Wildes Damaszenermuster (Kohlenstoff)\"}]},{\"@type\":\"WebSite\",\"@id\":\"https:\/\/bastardsknives.com\/de\/#website\",\"url\":\"https:\/\/bastardsknives.com\/de\/\",\"name\":\"Bastards Knives\",\"description\":\"Bastards Knives | Viviendo al filo\",\"publisher\":{\"@id\":\"https:\/\/bastardsknives.com\/de\/#organization\"},\"potentialAction\":[{\"@type\":\"SearchAction\",\"target\":{\"@type\":\"EntryPoint\",\"urlTemplate\":\"https:\/\/bastardsknives.com\/de\/?s={search_term_string}\"},\"query-input\":\"required name=search_term_string\"}],\"inLanguage\":\"de\"},{\"@type\":\"Organization\",\"@id\":\"https:\/\/bastardsknives.com\/de\/#organization\",\"name\":\"Bastards Knives\",\"url\":\"https:\/\/bastardsknives.com\/de\/\",\"logo\":{\"@type\":\"ImageObject\",\"inLanguage\":\"de\",\"@id\":\"https:\/\/bastardsknives.com\/de\/#\/schema\/logo\/image\/\",\"url\":\"https:\/\/bastardsknives.com\/wp-content\/uploads\/2022\/07\/Logoprod1.png\",\"contentUrl\":\"https:\/\/bastardsknives.com\/wp-content\/uploads\/2022\/07\/Logoprod1.png\",\"width\":284,\"height\":122,\"caption\":\"Bastards Knives\"},\"image\":{\"@id\":\"https:\/\/bastardsknives.com\/de\/#\/schema\/logo\/image\/\"}}]}<\/script>\n<!-- \/ Yoast SEO plugin. -->","yoast_head_json":{"title":"Rohbl\u00e4tter - Wildes Damaszenermuster (Kohlenstoff) - Bastards Knives","robots":{"index":"index","follow":"follow","max-snippet":"max-snippet:-1","max-image-preview":"max-image-preview:large","max-video-preview":"max-video-preview:-1"},"canonical":"https:\/\/bastardsknives.com\/de\/producto\/rohblatter-wildes-damaszenermuster-kohlenstoff\/","og_locale":"de_DE","og_type":"article","og_title":"Rohbl\u00e4tter - Wildes Damaszenermuster (Kohlenstoff) - Bastards Knives","og_description":"Rohbl\u00e4tter Wildes Damaszenermuster (Kohlenstoff): Carbon DSC, Wildes Damaszenermuster. SuperClean-Schwei\u00dfn\u00e4hte, feines Korn, hohe H\u00e4rte. Preis pro St\u00fcck","og_url":"https:\/\/bastardsknives.com\/de\/producto\/rohblatter-wildes-damaszenermuster-kohlenstoff\/","og_site_name":"Bastards Knives","article_modified_time":"2024-05-16T11:49:24+00:00","og_image":[{"width":800,"height":800,"url":"https:\/\/bastardsknives.com\/wp-content\/uploads\/2024\/05\/blank-wild-damascus-carbon.jpg","type":"image\/jpeg"}],"twitter_card":"summary_large_image","schema":{"@context":"https:\/\/schema.org","@graph":[{"@type":"WebPage","@id":"https:\/\/bastardsknives.com\/de\/producto\/rohblatter-wildes-damaszenermuster-kohlenstoff\/","url":"https:\/\/bastardsknives.com\/de\/producto\/rohblatter-wildes-damaszenermuster-kohlenstoff\/","name":"Rohbl\u00e4tter - Wildes Damaszenermuster (Kohlenstoff) - Bastards Knives","isPartOf":{"@id":"https:\/\/bastardsknives.com\/de\/#website"},"primaryImageOfPage":{"@id":"https:\/\/bastardsknives.com\/de\/producto\/rohblatter-wildes-damaszenermuster-kohlenstoff\/#primaryimage"},"image":{"@id":"https:\/\/bastardsknives.com\/de\/producto\/rohblatter-wildes-damaszenermuster-kohlenstoff\/#primaryimage"},"thumbnailUrl":"https:\/\/bastardsknives.com\/wp-content\/uploads\/2024\/05\/blank-wild-damascus-carbon.jpg","datePublished":"2024-05-16T11:49:23+00:00","dateModified":"2024-05-16T11:49:24+00:00","breadcrumb":{"@id":"https:\/\/bastardsknives.com\/de\/producto\/rohblatter-wildes-damaszenermuster-kohlenstoff\/#breadcrumb"},"inLanguage":"de","potentialAction":[{"@type":"ReadAction","target":["https:\/\/bastardsknives.com\/de\/producto\/rohblatter-wildes-damaszenermuster-kohlenstoff\/"]}]},{"@type":"ImageObject","inLanguage":"de","@id":"https:\/\/bastardsknives.com\/de\/producto\/rohblatter-wildes-damaszenermuster-kohlenstoff\/#primaryimage","url":"https:\/\/bastardsknives.com\/wp-content\/uploads\/2024\/05\/blank-wild-damascus-carbon.jpg","contentUrl":"https:\/\/bastardsknives.com\/wp-content\/uploads\/2024\/05\/blank-wild-damascus-carbon.jpg","width":800,"height":800},{"@type":"BreadcrumbList","@id":"https:\/\/bastardsknives.com\/de\/producto\/rohblatter-wildes-damaszenermuster-kohlenstoff\/#breadcrumb","itemListElement":[{"@type":"ListItem","position":1,"name":"Home","item":"https:\/\/bastardsknives.com\/de\/"},{"@type":"ListItem","position":2,"name":"Shop","item":"https:\/\/bastardsknives.com\/de\/shop\/"},{"@type":"ListItem","position":3,"name":"Rohbl\u00e4tter &#8211; Wildes Damaszenermuster (Kohlenstoff)"}]},{"@type":"WebSite","@id":"https:\/\/bastardsknives.com\/de\/#website","url":"https:\/\/bastardsknives.com\/de\/","name":"Bastards Knives","description":"Bastards Knives | Viviendo al filo","publisher":{"@id":"https:\/\/bastardsknives.com\/de\/#organization"},"potentialAction":[{"@type":"SearchAction","target":{"@type":"EntryPoint","urlTemplate":"https:\/\/bastardsknives.com\/de\/?s={search_term_string}"},"query-input":"required name=search_term_string"}],"inLanguage":"de"},{"@type":"Organization","@id":"https:\/\/bastardsknives.com\/de\/#organization","name":"Bastards Knives","url":"https:\/\/bastardsknives.com\/de\/","logo":{"@type":"ImageObject","inLanguage":"de","@id":"https:\/\/bastardsknives.com\/de\/#\/schema\/logo\/image\/","url":"https:\/\/bastardsknives.com\/wp-content\/uploads\/2022\/07\/Logoprod1.png","contentUrl":"https:\/\/bastardsknives.com\/wp-content\/uploads\/2022\/07\/Logoprod1.png","width":284,"height":122,"caption":"Bastards Knives"},"image":{"@id":"https:\/\/bastardsknives.com\/de\/#\/schema\/logo\/image\/"}}]}},"_links":{"self":[{"href":"https:\/\/bastardsknives.com\/de\/wp-json\/wp\/v2\/product\/5061","targetHints":{"allow":["GET"]}}],"collection":[{"href":"https:\/\/bastardsknives.com\/de\/wp-json\/wp\/v2\/product"}],"about":[{"href":"https:\/\/bastardsknives.com\/de\/wp-json\/wp\/v2\/types\/product"}],"wp:featuredmedia":[{"embeddable":true,"href":"https:\/\/bastardsknives.com\/de\/wp-json\/wp\/v2\/media\/5048"}],"wp:attachment":[{"href":"https:\/\/bastardsknives.com\/de\/wp-json\/wp\/v2\/media?parent=5061"}],"wp:term":[{"taxonomy":"product_brand","embeddable":true,"href":"https:\/\/bastardsknives.com\/de\/wp-json\/wp\/v2\/product_brand?post=5061"},{"taxonomy":"product_cat","embeddable":true,"href":"https:\/\/bastardsknives.com\/de\/wp-json\/wp\/v2\/product_cat?post=5061"},{"taxonomy":"product_tag","embeddable":true,"href":"https:\/\/bastardsknives.com\/de\/wp-json\/wp\/v2\/product_tag?post=5061"}],"curies":[{"name":"wp","href":"https:\/\/api.w.org\/{rel}","templated":true}]}}