{"id":5091,"date":"2024-05-17T07:35:08","date_gmt":"2024-05-17T07:35:08","guid":{"rendered":"https:\/\/bastardsknives.com\/?post_type=product&#038;p=5091"},"modified":"2024-05-17T07:35:08","modified_gmt":"2024-05-17T07:35:08","slug":"dsc-carbon-uberraschungspaket","status":"publish","type":"product","link":"https:\/\/bastardsknives.com\/de\/producto\/dsc-carbon-uberraschungspaket\/","title":{"rendered":"DSC Carbon &#8211; \u00dcberraschungspaket"},"content":{"rendered":"<p>Das Damascus Surprise Pack (DSC Carbon) bietet eine einzigartige und vielf\u00e4ltige Auswahl an DSC Carbonruten. Jede Packung enth\u00e4lt St\u00fccke mit unterschiedlichen Abmessungen und Mustern, mit zuf\u00e4lliger Breite und Dicke und L\u00e4ngen zwischen 19 und 30 cm. Das Gesamtgewicht des Pakets betr\u00e4gt 1 kg und stellt ein Sonderangebot zu einem unschlagbaren Preis dar. Das gezeigte Bild ist repr\u00e4sentativ f\u00fcr die m\u00f6glichen Produkte, die in der Sendung enthalten sind.<\/p>\n","protected":false},"excerpt":{"rendered":"<p>Damascus Surprise Pack (DSC Carbon): Auswahl an DSC Carbon-St\u00e4ben. Unterschiedliche Abmessungen und Muster. Gesamtgewicht 1 kg. Sonderangebot.<\/p>\n","protected":false},"featured_media":5089,"template":"","meta":[],"product_brand":[],"product_cat":[286,763],"product_tag":[],"class_list":{"0":"post-5091","1":"product","2":"type-product","3":"status-publish","4":"has-post-thumbnail","6":"product_cat-balbachdamast-de","7":"product_cat-kohlenstoff","9":"first","10":"instock","11":"sale","12":"taxable","13":"shipping-taxable","14":"purchasable","15":"product-type-simple"},"acf":[],"yoast_head":"<!-- This site is optimized with the Yoast SEO plugin v23.1 - https:\/\/yoast.com\/wordpress\/plugins\/seo\/ -->\n<title>DSC Carbon - \u00dcberraschungspaket - Bastards Knives<\/title>\n<meta name=\"robots\" content=\"index, follow, max-snippet:-1, max-image-preview:large, max-video-preview:-1\" \/>\n<link rel=\"canonical\" href=\"https:\/\/bastardsknives.com\/de\/producto\/dsc-carbon-uberraschungspaket\/\" \/>\n<meta property=\"og:locale\" content=\"de_DE\" \/>\n<meta property=\"og:type\" content=\"article\" \/>\n<meta property=\"og:title\" content=\"DSC Carbon - \u00dcberraschungspaket - Bastards Knives\" \/>\n<meta property=\"og:description\" content=\"Damascus Surprise Pack (DSC Carbon): Auswahl an DSC Carbon-St\u00e4ben. Unterschiedliche Abmessungen und Muster. Gesamtgewicht 1 kg. Sonderangebot.\" \/>\n<meta property=\"og:url\" content=\"https:\/\/bastardsknives.com\/de\/producto\/dsc-carbon-uberraschungspaket\/\" \/>\n<meta property=\"og:site_name\" content=\"Bastards Knives\" \/>\n<meta property=\"og:image\" content=\"https:\/\/bastardsknives.com\/wp-content\/uploads\/2024\/05\/dsc-carbon-surprise-pack.jpg\" \/>\n\t<meta property=\"og:image:width\" content=\"800\" \/>\n\t<meta property=\"og:image:height\" content=\"800\" \/>\n\t<meta property=\"og:image:type\" content=\"image\/jpeg\" \/>\n<meta name=\"twitter:card\" content=\"summary_large_image\" \/>\n<script type=\"application\/ld+json\" class=\"yoast-schema-graph\">{\"@context\":\"https:\/\/schema.org\",\"@graph\":[{\"@type\":\"WebPage\",\"@id\":\"https:\/\/bastardsknives.com\/de\/producto\/dsc-carbon-uberraschungspaket\/\",\"url\":\"https:\/\/bastardsknives.com\/de\/producto\/dsc-carbon-uberraschungspaket\/\",\"name\":\"DSC Carbon - \u00dcberraschungspaket - Bastards Knives\",\"isPartOf\":{\"@id\":\"https:\/\/bastardsknives.com\/de\/#website\"},\"primaryImageOfPage\":{\"@id\":\"https:\/\/bastardsknives.com\/de\/producto\/dsc-carbon-uberraschungspaket\/#primaryimage\"},\"image\":{\"@id\":\"https:\/\/bastardsknives.com\/de\/producto\/dsc-carbon-uberraschungspaket\/#primaryimage\"},\"thumbnailUrl\":\"https:\/\/bastardsknives.com\/wp-content\/uploads\/2024\/05\/dsc-carbon-surprise-pack.jpg\",\"datePublished\":\"2024-05-17T07:35:08+00:00\",\"dateModified\":\"2024-05-17T07:35:08+00:00\",\"breadcrumb\":{\"@id\":\"https:\/\/bastardsknives.com\/de\/producto\/dsc-carbon-uberraschungspaket\/#breadcrumb\"},\"inLanguage\":\"de\",\"potentialAction\":[{\"@type\":\"ReadAction\",\"target\":[\"https:\/\/bastardsknives.com\/de\/producto\/dsc-carbon-uberraschungspaket\/\"]}]},{\"@type\":\"ImageObject\",\"inLanguage\":\"de\",\"@id\":\"https:\/\/bastardsknives.com\/de\/producto\/dsc-carbon-uberraschungspaket\/#primaryimage\",\"url\":\"https:\/\/bastardsknives.com\/wp-content\/uploads\/2024\/05\/dsc-carbon-surprise-pack.jpg\",\"contentUrl\":\"https:\/\/bastardsknives.com\/wp-content\/uploads\/2024\/05\/dsc-carbon-surprise-pack.jpg\",\"width\":800,\"height\":800},{\"@type\":\"BreadcrumbList\",\"@id\":\"https:\/\/bastardsknives.com\/de\/producto\/dsc-carbon-uberraschungspaket\/#breadcrumb\",\"itemListElement\":[{\"@type\":\"ListItem\",\"position\":1,\"name\":\"Home\",\"item\":\"https:\/\/bastardsknives.com\/de\/\"},{\"@type\":\"ListItem\",\"position\":2,\"name\":\"Shop\",\"item\":\"https:\/\/bastardsknives.com\/de\/shop\/\"},{\"@type\":\"ListItem\",\"position\":3,\"name\":\"DSC Carbon &#8211; \u00dcberraschungspaket\"}]},{\"@type\":\"WebSite\",\"@id\":\"https:\/\/bastardsknives.com\/de\/#website\",\"url\":\"https:\/\/bastardsknives.com\/de\/\",\"name\":\"Bastards Knives\",\"description\":\"Bastards Knives | Viviendo al filo\",\"publisher\":{\"@id\":\"https:\/\/bastardsknives.com\/de\/#organization\"},\"potentialAction\":[{\"@type\":\"SearchAction\",\"target\":{\"@type\":\"EntryPoint\",\"urlTemplate\":\"https:\/\/bastardsknives.com\/de\/?s={search_term_string}\"},\"query-input\":\"required name=search_term_string\"}],\"inLanguage\":\"de\"},{\"@type\":\"Organization\",\"@id\":\"https:\/\/bastardsknives.com\/de\/#organization\",\"name\":\"Bastards Knives\",\"url\":\"https:\/\/bastardsknives.com\/de\/\",\"logo\":{\"@type\":\"ImageObject\",\"inLanguage\":\"de\",\"@id\":\"https:\/\/bastardsknives.com\/de\/#\/schema\/logo\/image\/\",\"url\":\"https:\/\/bastardsknives.com\/wp-content\/uploads\/2022\/07\/Logoprod1.png\",\"contentUrl\":\"https:\/\/bastardsknives.com\/wp-content\/uploads\/2022\/07\/Logoprod1.png\",\"width\":284,\"height\":122,\"caption\":\"Bastards Knives\"},\"image\":{\"@id\":\"https:\/\/bastardsknives.com\/de\/#\/schema\/logo\/image\/\"}}]}<\/script>\n<!-- \/ Yoast SEO plugin. -->","yoast_head_json":{"title":"DSC Carbon - \u00dcberraschungspaket - Bastards Knives","robots":{"index":"index","follow":"follow","max-snippet":"max-snippet:-1","max-image-preview":"max-image-preview:large","max-video-preview":"max-video-preview:-1"},"canonical":"https:\/\/bastardsknives.com\/de\/producto\/dsc-carbon-uberraschungspaket\/","og_locale":"de_DE","og_type":"article","og_title":"DSC Carbon - \u00dcberraschungspaket - Bastards Knives","og_description":"Damascus Surprise Pack (DSC Carbon): Auswahl an DSC Carbon-St\u00e4ben. Unterschiedliche Abmessungen und Muster. Gesamtgewicht 1 kg. Sonderangebot.","og_url":"https:\/\/bastardsknives.com\/de\/producto\/dsc-carbon-uberraschungspaket\/","og_site_name":"Bastards Knives","og_image":[{"width":800,"height":800,"url":"https:\/\/bastardsknives.com\/wp-content\/uploads\/2024\/05\/dsc-carbon-surprise-pack.jpg","type":"image\/jpeg"}],"twitter_card":"summary_large_image","schema":{"@context":"https:\/\/schema.org","@graph":[{"@type":"WebPage","@id":"https:\/\/bastardsknives.com\/de\/producto\/dsc-carbon-uberraschungspaket\/","url":"https:\/\/bastardsknives.com\/de\/producto\/dsc-carbon-uberraschungspaket\/","name":"DSC Carbon - \u00dcberraschungspaket - Bastards Knives","isPartOf":{"@id":"https:\/\/bastardsknives.com\/de\/#website"},"primaryImageOfPage":{"@id":"https:\/\/bastardsknives.com\/de\/producto\/dsc-carbon-uberraschungspaket\/#primaryimage"},"image":{"@id":"https:\/\/bastardsknives.com\/de\/producto\/dsc-carbon-uberraschungspaket\/#primaryimage"},"thumbnailUrl":"https:\/\/bastardsknives.com\/wp-content\/uploads\/2024\/05\/dsc-carbon-surprise-pack.jpg","datePublished":"2024-05-17T07:35:08+00:00","dateModified":"2024-05-17T07:35:08+00:00","breadcrumb":{"@id":"https:\/\/bastardsknives.com\/de\/producto\/dsc-carbon-uberraschungspaket\/#breadcrumb"},"inLanguage":"de","potentialAction":[{"@type":"ReadAction","target":["https:\/\/bastardsknives.com\/de\/producto\/dsc-carbon-uberraschungspaket\/"]}]},{"@type":"ImageObject","inLanguage":"de","@id":"https:\/\/bastardsknives.com\/de\/producto\/dsc-carbon-uberraschungspaket\/#primaryimage","url":"https:\/\/bastardsknives.com\/wp-content\/uploads\/2024\/05\/dsc-carbon-surprise-pack.jpg","contentUrl":"https:\/\/bastardsknives.com\/wp-content\/uploads\/2024\/05\/dsc-carbon-surprise-pack.jpg","width":800,"height":800},{"@type":"BreadcrumbList","@id":"https:\/\/bastardsknives.com\/de\/producto\/dsc-carbon-uberraschungspaket\/#breadcrumb","itemListElement":[{"@type":"ListItem","position":1,"name":"Home","item":"https:\/\/bastardsknives.com\/de\/"},{"@type":"ListItem","position":2,"name":"Shop","item":"https:\/\/bastardsknives.com\/de\/shop\/"},{"@type":"ListItem","position":3,"name":"DSC Carbon &#8211; \u00dcberraschungspaket"}]},{"@type":"WebSite","@id":"https:\/\/bastardsknives.com\/de\/#website","url":"https:\/\/bastardsknives.com\/de\/","name":"Bastards Knives","description":"Bastards Knives | Viviendo al filo","publisher":{"@id":"https:\/\/bastardsknives.com\/de\/#organization"},"potentialAction":[{"@type":"SearchAction","target":{"@type":"EntryPoint","urlTemplate":"https:\/\/bastardsknives.com\/de\/?s={search_term_string}"},"query-input":"required name=search_term_string"}],"inLanguage":"de"},{"@type":"Organization","@id":"https:\/\/bastardsknives.com\/de\/#organization","name":"Bastards Knives","url":"https:\/\/bastardsknives.com\/de\/","logo":{"@type":"ImageObject","inLanguage":"de","@id":"https:\/\/bastardsknives.com\/de\/#\/schema\/logo\/image\/","url":"https:\/\/bastardsknives.com\/wp-content\/uploads\/2022\/07\/Logoprod1.png","contentUrl":"https:\/\/bastardsknives.com\/wp-content\/uploads\/2022\/07\/Logoprod1.png","width":284,"height":122,"caption":"Bastards Knives"},"image":{"@id":"https:\/\/bastardsknives.com\/de\/#\/schema\/logo\/image\/"}}]}},"_links":{"self":[{"href":"https:\/\/bastardsknives.com\/de\/wp-json\/wp\/v2\/product\/5091","targetHints":{"allow":["GET"]}}],"collection":[{"href":"https:\/\/bastardsknives.com\/de\/wp-json\/wp\/v2\/product"}],"about":[{"href":"https:\/\/bastardsknives.com\/de\/wp-json\/wp\/v2\/types\/product"}],"wp:featuredmedia":[{"embeddable":true,"href":"https:\/\/bastardsknives.com\/de\/wp-json\/wp\/v2\/media\/5089"}],"wp:attachment":[{"href":"https:\/\/bastardsknives.com\/de\/wp-json\/wp\/v2\/media?parent=5091"}],"wp:term":[{"taxonomy":"product_brand","embeddable":true,"href":"https:\/\/bastardsknives.com\/de\/wp-json\/wp\/v2\/product_brand?post=5091"},{"taxonomy":"product_cat","embeddable":true,"href":"https:\/\/bastardsknives.com\/de\/wp-json\/wp\/v2\/product_cat?post=5091"},{"taxonomy":"product_tag","embeddable":true,"href":"https:\/\/bastardsknives.com\/de\/wp-json\/wp\/v2\/product_tag?post=5091"}],"curies":[{"name":"wp","href":"https:\/\/api.w.org\/{rel}","templated":true}]}}