{"id":5127,"date":"2024-05-17T10:08:56","date_gmt":"2024-05-17T10:08:56","guid":{"rendered":"https:\/\/bastardsknives.com\/?post_type=product&#038;p=5127"},"modified":"2024-05-17T10:08:57","modified_gmt":"2024-05-17T10:08:57","slug":"leopardenfell-leo-iv","status":"publish","type":"product","link":"https:\/\/bastardsknives.com\/de\/producto\/leopardenfell-leo-iv\/","title":{"rendered":"Leopardenfell (Leo IV)"},"content":{"rendered":"<p>Leopardenfell-Flachst\u00e4be (Leo IV) werden aus Leo-Damast\u00ae IV hergestellt, einem nicht rostfreien Damaststahl mit 640 Lagen. Dieser Verbundwerkstoff wird in einem handwerklichen Verbundschwei\u00dfverfahren unter Verwendung von Leopard I-Panzerkanonenstahl, Werkzeugstahl, Kaltarbeitsstahl und Lagerstahl hergestellt. Das Leopardenfellmuster in Verbindung mit den SuperClean-Schichtschwei\u00dfn\u00e4hten und einer sehr feinen Maserung garantiert ein \u00e4u\u00dferst zuverl\u00e4ssiges und langlebiges Produkt. Diese Flachst\u00e4be erm\u00f6glichen eine hohe H\u00e4rtung bis zu 62 HRC und sind f\u00fcr den Kontakt mit Lebensmitteln geeignet. Eine fehlerhafte Formgebung nach der W\u00e4rmebehandlung ist unkritisch, was die Vielseitigkeit f\u00fcr eine Vielzahl von Hochpr\u00e4zisionsanwendungen gew\u00e4hrleistet.<\/p>\n","protected":false},"excerpt":{"rendered":"<p>Leo-Damast\u00ae IV Flachst\u00e4be mit Leopardenfellmuster, 640-lagiger nicht rostfreier Damast, SuperClean-Schwei\u00dfn\u00e4hte, H\u00e4rtung bis 62 HRC<\/p>\n","protected":false},"featured_media":5122,"template":"","meta":[],"product_brand":[],"product_cat":[286],"product_tag":[],"class_list":{"0":"post-5127","1":"product","2":"type-product","3":"status-publish","4":"has-post-thumbnail","6":"product_cat-balbachdamast-de","8":"first","9":"instock","10":"taxable","11":"shipping-taxable","12":"purchasable","13":"product-type-variable"},"acf":[],"yoast_head":"<!-- This site is optimized with the Yoast SEO plugin v23.1 - https:\/\/yoast.com\/wordpress\/plugins\/seo\/ -->\n<title>Leopardenfell (Leo IV) - Bastards Knives<\/title>\n<meta name=\"robots\" content=\"index, follow, max-snippet:-1, max-image-preview:large, max-video-preview:-1\" \/>\n<link rel=\"canonical\" href=\"https:\/\/bastardsknives.com\/de\/producto\/leopardenfell-leo-iv\/\" \/>\n<meta property=\"og:locale\" content=\"de_DE\" \/>\n<meta property=\"og:type\" content=\"article\" \/>\n<meta property=\"og:title\" content=\"Leopardenfell (Leo IV) - Bastards Knives\" \/>\n<meta property=\"og:description\" content=\"Leo-Damast\u00ae IV Flachst\u00e4be mit Leopardenfellmuster, 640-lagiger nicht rostfreier Damast, SuperClean-Schwei\u00dfn\u00e4hte, H\u00e4rtung bis 62 HRC\" \/>\n<meta property=\"og:url\" content=\"https:\/\/bastardsknives.com\/de\/producto\/leopardenfell-leo-iv\/\" \/>\n<meta property=\"og:site_name\" content=\"Bastards Knives\" \/>\n<meta property=\"article:modified_time\" content=\"2024-05-17T10:08:57+00:00\" \/>\n<meta property=\"og:image\" content=\"https:\/\/bastardsknives.com\/wp-content\/uploads\/2024\/05\/leopardskin-leo-iv.jpg\" \/>\n\t<meta property=\"og:image:width\" content=\"800\" \/>\n\t<meta property=\"og:image:height\" content=\"800\" \/>\n\t<meta property=\"og:image:type\" content=\"image\/jpeg\" \/>\n<meta name=\"twitter:card\" content=\"summary_large_image\" \/>\n<script type=\"application\/ld+json\" class=\"yoast-schema-graph\">{\"@context\":\"https:\/\/schema.org\",\"@graph\":[{\"@type\":\"WebPage\",\"@id\":\"https:\/\/bastardsknives.com\/de\/producto\/leopardenfell-leo-iv\/\",\"url\":\"https:\/\/bastardsknives.com\/de\/producto\/leopardenfell-leo-iv\/\",\"name\":\"Leopardenfell (Leo IV) - Bastards Knives\",\"isPartOf\":{\"@id\":\"https:\/\/bastardsknives.com\/de\/#website\"},\"primaryImageOfPage\":{\"@id\":\"https:\/\/bastardsknives.com\/de\/producto\/leopardenfell-leo-iv\/#primaryimage\"},\"image\":{\"@id\":\"https:\/\/bastardsknives.com\/de\/producto\/leopardenfell-leo-iv\/#primaryimage\"},\"thumbnailUrl\":\"https:\/\/bastardsknives.com\/wp-content\/uploads\/2024\/05\/leopardskin-leo-iv.jpg\",\"datePublished\":\"2024-05-17T10:08:56+00:00\",\"dateModified\":\"2024-05-17T10:08:57+00:00\",\"breadcrumb\":{\"@id\":\"https:\/\/bastardsknives.com\/de\/producto\/leopardenfell-leo-iv\/#breadcrumb\"},\"inLanguage\":\"de\",\"potentialAction\":[{\"@type\":\"ReadAction\",\"target\":[\"https:\/\/bastardsknives.com\/de\/producto\/leopardenfell-leo-iv\/\"]}]},{\"@type\":\"ImageObject\",\"inLanguage\":\"de\",\"@id\":\"https:\/\/bastardsknives.com\/de\/producto\/leopardenfell-leo-iv\/#primaryimage\",\"url\":\"https:\/\/bastardsknives.com\/wp-content\/uploads\/2024\/05\/leopardskin-leo-iv.jpg\",\"contentUrl\":\"https:\/\/bastardsknives.com\/wp-content\/uploads\/2024\/05\/leopardskin-leo-iv.jpg\",\"width\":800,\"height\":800,\"caption\":\"Nicht rostfreier Damast\"},{\"@type\":\"BreadcrumbList\",\"@id\":\"https:\/\/bastardsknives.com\/de\/producto\/leopardenfell-leo-iv\/#breadcrumb\",\"itemListElement\":[{\"@type\":\"ListItem\",\"position\":1,\"name\":\"Home\",\"item\":\"https:\/\/bastardsknives.com\/de\/\"},{\"@type\":\"ListItem\",\"position\":2,\"name\":\"Shop\",\"item\":\"https:\/\/bastardsknives.com\/de\/shop\/\"},{\"@type\":\"ListItem\",\"position\":3,\"name\":\"Leopardenfell (Leo IV)\"}]},{\"@type\":\"WebSite\",\"@id\":\"https:\/\/bastardsknives.com\/de\/#website\",\"url\":\"https:\/\/bastardsknives.com\/de\/\",\"name\":\"Bastards Knives\",\"description\":\"Bastards Knives | Viviendo al filo\",\"publisher\":{\"@id\":\"https:\/\/bastardsknives.com\/de\/#organization\"},\"potentialAction\":[{\"@type\":\"SearchAction\",\"target\":{\"@type\":\"EntryPoint\",\"urlTemplate\":\"https:\/\/bastardsknives.com\/de\/?s={search_term_string}\"},\"query-input\":\"required name=search_term_string\"}],\"inLanguage\":\"de\"},{\"@type\":\"Organization\",\"@id\":\"https:\/\/bastardsknives.com\/de\/#organization\",\"name\":\"Bastards Knives\",\"url\":\"https:\/\/bastardsknives.com\/de\/\",\"logo\":{\"@type\":\"ImageObject\",\"inLanguage\":\"de\",\"@id\":\"https:\/\/bastardsknives.com\/de\/#\/schema\/logo\/image\/\",\"url\":\"https:\/\/bastardsknives.com\/wp-content\/uploads\/2022\/07\/Logoprod1.png\",\"contentUrl\":\"https:\/\/bastardsknives.com\/wp-content\/uploads\/2022\/07\/Logoprod1.png\",\"width\":284,\"height\":122,\"caption\":\"Bastards Knives\"},\"image\":{\"@id\":\"https:\/\/bastardsknives.com\/de\/#\/schema\/logo\/image\/\"}}]}<\/script>\n<!-- \/ Yoast SEO plugin. -->","yoast_head_json":{"title":"Leopardenfell (Leo IV) - Bastards Knives","robots":{"index":"index","follow":"follow","max-snippet":"max-snippet:-1","max-image-preview":"max-image-preview:large","max-video-preview":"max-video-preview:-1"},"canonical":"https:\/\/bastardsknives.com\/de\/producto\/leopardenfell-leo-iv\/","og_locale":"de_DE","og_type":"article","og_title":"Leopardenfell (Leo IV) - Bastards Knives","og_description":"Leo-Damast\u00ae IV Flachst\u00e4be mit Leopardenfellmuster, 640-lagiger nicht rostfreier Damast, SuperClean-Schwei\u00dfn\u00e4hte, H\u00e4rtung bis 62 HRC","og_url":"https:\/\/bastardsknives.com\/de\/producto\/leopardenfell-leo-iv\/","og_site_name":"Bastards Knives","article_modified_time":"2024-05-17T10:08:57+00:00","og_image":[{"width":800,"height":800,"url":"https:\/\/bastardsknives.com\/wp-content\/uploads\/2024\/05\/leopardskin-leo-iv.jpg","type":"image\/jpeg"}],"twitter_card":"summary_large_image","schema":{"@context":"https:\/\/schema.org","@graph":[{"@type":"WebPage","@id":"https:\/\/bastardsknives.com\/de\/producto\/leopardenfell-leo-iv\/","url":"https:\/\/bastardsknives.com\/de\/producto\/leopardenfell-leo-iv\/","name":"Leopardenfell (Leo IV) - Bastards Knives","isPartOf":{"@id":"https:\/\/bastardsknives.com\/de\/#website"},"primaryImageOfPage":{"@id":"https:\/\/bastardsknives.com\/de\/producto\/leopardenfell-leo-iv\/#primaryimage"},"image":{"@id":"https:\/\/bastardsknives.com\/de\/producto\/leopardenfell-leo-iv\/#primaryimage"},"thumbnailUrl":"https:\/\/bastardsknives.com\/wp-content\/uploads\/2024\/05\/leopardskin-leo-iv.jpg","datePublished":"2024-05-17T10:08:56+00:00","dateModified":"2024-05-17T10:08:57+00:00","breadcrumb":{"@id":"https:\/\/bastardsknives.com\/de\/producto\/leopardenfell-leo-iv\/#breadcrumb"},"inLanguage":"de","potentialAction":[{"@type":"ReadAction","target":["https:\/\/bastardsknives.com\/de\/producto\/leopardenfell-leo-iv\/"]}]},{"@type":"ImageObject","inLanguage":"de","@id":"https:\/\/bastardsknives.com\/de\/producto\/leopardenfell-leo-iv\/#primaryimage","url":"https:\/\/bastardsknives.com\/wp-content\/uploads\/2024\/05\/leopardskin-leo-iv.jpg","contentUrl":"https:\/\/bastardsknives.com\/wp-content\/uploads\/2024\/05\/leopardskin-leo-iv.jpg","width":800,"height":800,"caption":"Nicht rostfreier Damast"},{"@type":"BreadcrumbList","@id":"https:\/\/bastardsknives.com\/de\/producto\/leopardenfell-leo-iv\/#breadcrumb","itemListElement":[{"@type":"ListItem","position":1,"name":"Home","item":"https:\/\/bastardsknives.com\/de\/"},{"@type":"ListItem","position":2,"name":"Shop","item":"https:\/\/bastardsknives.com\/de\/shop\/"},{"@type":"ListItem","position":3,"name":"Leopardenfell (Leo IV)"}]},{"@type":"WebSite","@id":"https:\/\/bastardsknives.com\/de\/#website","url":"https:\/\/bastardsknives.com\/de\/","name":"Bastards Knives","description":"Bastards Knives | Viviendo al filo","publisher":{"@id":"https:\/\/bastardsknives.com\/de\/#organization"},"potentialAction":[{"@type":"SearchAction","target":{"@type":"EntryPoint","urlTemplate":"https:\/\/bastardsknives.com\/de\/?s={search_term_string}"},"query-input":"required name=search_term_string"}],"inLanguage":"de"},{"@type":"Organization","@id":"https:\/\/bastardsknives.com\/de\/#organization","name":"Bastards Knives","url":"https:\/\/bastardsknives.com\/de\/","logo":{"@type":"ImageObject","inLanguage":"de","@id":"https:\/\/bastardsknives.com\/de\/#\/schema\/logo\/image\/","url":"https:\/\/bastardsknives.com\/wp-content\/uploads\/2022\/07\/Logoprod1.png","contentUrl":"https:\/\/bastardsknives.com\/wp-content\/uploads\/2022\/07\/Logoprod1.png","width":284,"height":122,"caption":"Bastards Knives"},"image":{"@id":"https:\/\/bastardsknives.com\/de\/#\/schema\/logo\/image\/"}}]}},"_links":{"self":[{"href":"https:\/\/bastardsknives.com\/de\/wp-json\/wp\/v2\/product\/5127","targetHints":{"allow":["GET"]}}],"collection":[{"href":"https:\/\/bastardsknives.com\/de\/wp-json\/wp\/v2\/product"}],"about":[{"href":"https:\/\/bastardsknives.com\/de\/wp-json\/wp\/v2\/types\/product"}],"wp:featuredmedia":[{"embeddable":true,"href":"https:\/\/bastardsknives.com\/de\/wp-json\/wp\/v2\/media\/5122"}],"wp:attachment":[{"href":"https:\/\/bastardsknives.com\/de\/wp-json\/wp\/v2\/media?parent=5127"}],"wp:term":[{"taxonomy":"product_brand","embeddable":true,"href":"https:\/\/bastardsknives.com\/de\/wp-json\/wp\/v2\/product_brand?post=5127"},{"taxonomy":"product_cat","embeddable":true,"href":"https:\/\/bastardsknives.com\/de\/wp-json\/wp\/v2\/product_cat?post=5127"},{"taxonomy":"product_tag","embeddable":true,"href":"https:\/\/bastardsknives.com\/de\/wp-json\/wp\/v2\/product_tag?post=5127"}],"curies":[{"name":"wp","href":"https:\/\/api.w.org\/{rel}","templated":true}]}}