{"id":5608,"date":"2024-07-17T11:12:25","date_gmt":"2024-07-17T11:12:25","guid":{"rendered":"https:\/\/bastardsknives.com\/producto\/legion\/"},"modified":"2024-07-17T11:12:25","modified_gmt":"2024-07-17T11:12:25","slug":"legion","status":"publish","type":"product","link":"https:\/\/bastardsknives.com\/de\/producto\/legion\/","title":{"rendered":"Legion"},"content":{"rendered":"<p>Entworfen in Zusammenarbeit mit Krav Maga-Meister Mart\u00edn Luna f\u00fcr die Neton-Gruppe der spanischen Legion. Die Fulltang-Klinge ist aus Nitro-V-Stahl mit kryogener W\u00e4rmebehandlung gefertigt. Wie f\u00fcr den Griff, ist es mit schwarzen G10 gefr\u00e4st Griffe, die einen weichen und festen Griff bietet angepasst. Die Scheide ist aus Kydex gefertigt und von RK Sheaths entworfen. Das Messer wird von einem kleinen Werkzeug mit Schraubendreher und Hebel begleitet, das in der gleichen Scheide untergebracht ist.<\/p>\n","protected":false},"excerpt":{"rendered":"<p>Entworfen in Zusammenarbeit mit Krav Maga-Meister Mart\u00edn Luna f\u00fcr die Neton-Gruppe der spanischen Legion. Die Fulltang-Klinge ist aus Nitro-V-Stahl mit kryogener W\u00e4rmebehandlung gefertigt. Wie f\u00fcr den Griff, ist es mit schwarzen G10 gefr\u00e4st Griffe, die einen weichen und festen Griff bietet angepasst. Die Scheide ist aus Kydex gefertigt und von RK Sheaths entworfen. Das Messer&#8230;<\/p>\n","protected":false},"featured_media":5554,"template":"","meta":[],"product_brand":[],"product_cat":[771,768],"product_tag":[],"class_list":{"0":"post-5608","1":"product","2":"type-product","3":"status-publish","4":"has-post-thumbnail","6":"product_cat-bastards-knives-de","7":"product_cat-messer-und-rasiermesser","9":"first","10":"instock","11":"taxable","12":"shipping-taxable","13":"purchasable","14":"product-type-simple"},"acf":[],"yoast_head":"<!-- This site is optimized with the Yoast SEO plugin v23.1 - https:\/\/yoast.com\/wordpress\/plugins\/seo\/ -->\n<title>Legion - Bastards Knives<\/title>\n<meta name=\"robots\" content=\"index, follow, max-snippet:-1, max-image-preview:large, max-video-preview:-1\" \/>\n<link rel=\"canonical\" href=\"https:\/\/bastardsknives.com\/de\/producto\/legion\/\" \/>\n<meta property=\"og:locale\" content=\"de_DE\" \/>\n<meta property=\"og:type\" content=\"article\" \/>\n<meta property=\"og:title\" content=\"Legion - Bastards Knives\" \/>\n<meta property=\"og:description\" content=\"Entworfen in Zusammenarbeit mit Krav Maga-Meister Mart\u00edn Luna f\u00fcr die Neton-Gruppe der spanischen Legion. Die Fulltang-Klinge ist aus Nitro-V-Stahl mit kryogener W\u00e4rmebehandlung gefertigt. Wie f\u00fcr den Griff, ist es mit schwarzen G10 gefr\u00e4st Griffe, die einen weichen und festen Griff bietet angepasst. Die Scheide ist aus Kydex gefertigt und von RK Sheaths entworfen. Das Messer...\" \/>\n<meta property=\"og:url\" content=\"https:\/\/bastardsknives.com\/de\/producto\/legion\/\" \/>\n<meta property=\"og:site_name\" content=\"Bastards Knives\" \/>\n<meta property=\"og:image\" content=\"https:\/\/bastardsknives.com\/wp-content\/uploads\/2024\/07\/legion-6.jpg\" \/>\n\t<meta property=\"og:image:width\" content=\"1080\" \/>\n\t<meta property=\"og:image:height\" content=\"1080\" \/>\n\t<meta property=\"og:image:type\" content=\"image\/jpeg\" \/>\n<meta name=\"twitter:card\" content=\"summary_large_image\" \/>\n<script type=\"application\/ld+json\" class=\"yoast-schema-graph\">{\"@context\":\"https:\/\/schema.org\",\"@graph\":[{\"@type\":\"WebPage\",\"@id\":\"https:\/\/bastardsknives.com\/de\/producto\/legion\/\",\"url\":\"https:\/\/bastardsknives.com\/de\/producto\/legion\/\",\"name\":\"Legion - Bastards Knives\",\"isPartOf\":{\"@id\":\"https:\/\/bastardsknives.com\/de\/#website\"},\"primaryImageOfPage\":{\"@id\":\"https:\/\/bastardsknives.com\/de\/producto\/legion\/#primaryimage\"},\"image\":{\"@id\":\"https:\/\/bastardsknives.com\/de\/producto\/legion\/#primaryimage\"},\"thumbnailUrl\":\"https:\/\/bastardsknives.com\/wp-content\/uploads\/2024\/07\/legion-6.jpg\",\"datePublished\":\"2024-07-17T11:12:25+00:00\",\"dateModified\":\"2024-07-17T11:12:25+00:00\",\"breadcrumb\":{\"@id\":\"https:\/\/bastardsknives.com\/de\/producto\/legion\/#breadcrumb\"},\"inLanguage\":\"de\",\"potentialAction\":[{\"@type\":\"ReadAction\",\"target\":[\"https:\/\/bastardsknives.com\/de\/producto\/legion\/\"]}]},{\"@type\":\"ImageObject\",\"inLanguage\":\"de\",\"@id\":\"https:\/\/bastardsknives.com\/de\/producto\/legion\/#primaryimage\",\"url\":\"https:\/\/bastardsknives.com\/wp-content\/uploads\/2024\/07\/legion-6.jpg\",\"contentUrl\":\"https:\/\/bastardsknives.com\/wp-content\/uploads\/2024\/07\/legion-6.jpg\",\"width\":1080,\"height\":1080},{\"@type\":\"BreadcrumbList\",\"@id\":\"https:\/\/bastardsknives.com\/de\/producto\/legion\/#breadcrumb\",\"itemListElement\":[{\"@type\":\"ListItem\",\"position\":1,\"name\":\"Home\",\"item\":\"https:\/\/bastardsknives.com\/de\/\"},{\"@type\":\"ListItem\",\"position\":2,\"name\":\"Shop\",\"item\":\"https:\/\/bastardsknives.com\/de\/shop\/\"},{\"@type\":\"ListItem\",\"position\":3,\"name\":\"Legion\"}]},{\"@type\":\"WebSite\",\"@id\":\"https:\/\/bastardsknives.com\/de\/#website\",\"url\":\"https:\/\/bastardsknives.com\/de\/\",\"name\":\"Bastards Knives\",\"description\":\"Bastards Knives | Viviendo al filo\",\"publisher\":{\"@id\":\"https:\/\/bastardsknives.com\/de\/#organization\"},\"potentialAction\":[{\"@type\":\"SearchAction\",\"target\":{\"@type\":\"EntryPoint\",\"urlTemplate\":\"https:\/\/bastardsknives.com\/de\/?s={search_term_string}\"},\"query-input\":\"required name=search_term_string\"}],\"inLanguage\":\"de\"},{\"@type\":\"Organization\",\"@id\":\"https:\/\/bastardsknives.com\/de\/#organization\",\"name\":\"Bastards Knives\",\"url\":\"https:\/\/bastardsknives.com\/de\/\",\"logo\":{\"@type\":\"ImageObject\",\"inLanguage\":\"de\",\"@id\":\"https:\/\/bastardsknives.com\/de\/#\/schema\/logo\/image\/\",\"url\":\"https:\/\/bastardsknives.com\/wp-content\/uploads\/2022\/07\/Logoprod1.png\",\"contentUrl\":\"https:\/\/bastardsknives.com\/wp-content\/uploads\/2022\/07\/Logoprod1.png\",\"width\":284,\"height\":122,\"caption\":\"Bastards Knives\"},\"image\":{\"@id\":\"https:\/\/bastardsknives.com\/de\/#\/schema\/logo\/image\/\"}}]}<\/script>\n<!-- \/ Yoast SEO plugin. -->","yoast_head_json":{"title":"Legion - Bastards Knives","robots":{"index":"index","follow":"follow","max-snippet":"max-snippet:-1","max-image-preview":"max-image-preview:large","max-video-preview":"max-video-preview:-1"},"canonical":"https:\/\/bastardsknives.com\/de\/producto\/legion\/","og_locale":"de_DE","og_type":"article","og_title":"Legion - Bastards Knives","og_description":"Entworfen in Zusammenarbeit mit Krav Maga-Meister Mart\u00edn Luna f\u00fcr die Neton-Gruppe der spanischen Legion. Die Fulltang-Klinge ist aus Nitro-V-Stahl mit kryogener W\u00e4rmebehandlung gefertigt. Wie f\u00fcr den Griff, ist es mit schwarzen G10 gefr\u00e4st Griffe, die einen weichen und festen Griff bietet angepasst. Die Scheide ist aus Kydex gefertigt und von RK Sheaths entworfen. Das Messer...","og_url":"https:\/\/bastardsknives.com\/de\/producto\/legion\/","og_site_name":"Bastards Knives","og_image":[{"width":1080,"height":1080,"url":"https:\/\/bastardsknives.com\/wp-content\/uploads\/2024\/07\/legion-6.jpg","type":"image\/jpeg"}],"twitter_card":"summary_large_image","schema":{"@context":"https:\/\/schema.org","@graph":[{"@type":"WebPage","@id":"https:\/\/bastardsknives.com\/de\/producto\/legion\/","url":"https:\/\/bastardsknives.com\/de\/producto\/legion\/","name":"Legion - Bastards Knives","isPartOf":{"@id":"https:\/\/bastardsknives.com\/de\/#website"},"primaryImageOfPage":{"@id":"https:\/\/bastardsknives.com\/de\/producto\/legion\/#primaryimage"},"image":{"@id":"https:\/\/bastardsknives.com\/de\/producto\/legion\/#primaryimage"},"thumbnailUrl":"https:\/\/bastardsknives.com\/wp-content\/uploads\/2024\/07\/legion-6.jpg","datePublished":"2024-07-17T11:12:25+00:00","dateModified":"2024-07-17T11:12:25+00:00","breadcrumb":{"@id":"https:\/\/bastardsknives.com\/de\/producto\/legion\/#breadcrumb"},"inLanguage":"de","potentialAction":[{"@type":"ReadAction","target":["https:\/\/bastardsknives.com\/de\/producto\/legion\/"]}]},{"@type":"ImageObject","inLanguage":"de","@id":"https:\/\/bastardsknives.com\/de\/producto\/legion\/#primaryimage","url":"https:\/\/bastardsknives.com\/wp-content\/uploads\/2024\/07\/legion-6.jpg","contentUrl":"https:\/\/bastardsknives.com\/wp-content\/uploads\/2024\/07\/legion-6.jpg","width":1080,"height":1080},{"@type":"BreadcrumbList","@id":"https:\/\/bastardsknives.com\/de\/producto\/legion\/#breadcrumb","itemListElement":[{"@type":"ListItem","position":1,"name":"Home","item":"https:\/\/bastardsknives.com\/de\/"},{"@type":"ListItem","position":2,"name":"Shop","item":"https:\/\/bastardsknives.com\/de\/shop\/"},{"@type":"ListItem","position":3,"name":"Legion"}]},{"@type":"WebSite","@id":"https:\/\/bastardsknives.com\/de\/#website","url":"https:\/\/bastardsknives.com\/de\/","name":"Bastards Knives","description":"Bastards Knives | Viviendo al filo","publisher":{"@id":"https:\/\/bastardsknives.com\/de\/#organization"},"potentialAction":[{"@type":"SearchAction","target":{"@type":"EntryPoint","urlTemplate":"https:\/\/bastardsknives.com\/de\/?s={search_term_string}"},"query-input":"required name=search_term_string"}],"inLanguage":"de"},{"@type":"Organization","@id":"https:\/\/bastardsknives.com\/de\/#organization","name":"Bastards Knives","url":"https:\/\/bastardsknives.com\/de\/","logo":{"@type":"ImageObject","inLanguage":"de","@id":"https:\/\/bastardsknives.com\/de\/#\/schema\/logo\/image\/","url":"https:\/\/bastardsknives.com\/wp-content\/uploads\/2022\/07\/Logoprod1.png","contentUrl":"https:\/\/bastardsknives.com\/wp-content\/uploads\/2022\/07\/Logoprod1.png","width":284,"height":122,"caption":"Bastards Knives"},"image":{"@id":"https:\/\/bastardsknives.com\/de\/#\/schema\/logo\/image\/"}}]}},"_links":{"self":[{"href":"https:\/\/bastardsknives.com\/de\/wp-json\/wp\/v2\/product\/5608","targetHints":{"allow":["GET"]}}],"collection":[{"href":"https:\/\/bastardsknives.com\/de\/wp-json\/wp\/v2\/product"}],"about":[{"href":"https:\/\/bastardsknives.com\/de\/wp-json\/wp\/v2\/types\/product"}],"wp:featuredmedia":[{"embeddable":true,"href":"https:\/\/bastardsknives.com\/de\/wp-json\/wp\/v2\/media\/5554"}],"wp:attachment":[{"href":"https:\/\/bastardsknives.com\/de\/wp-json\/wp\/v2\/media?parent=5608"}],"wp:term":[{"taxonomy":"product_brand","embeddable":true,"href":"https:\/\/bastardsknives.com\/de\/wp-json\/wp\/v2\/product_brand?post=5608"},{"taxonomy":"product_cat","embeddable":true,"href":"https:\/\/bastardsknives.com\/de\/wp-json\/wp\/v2\/product_cat?post=5608"},{"taxonomy":"product_tag","embeddable":true,"href":"https:\/\/bastardsknives.com\/de\/wp-json\/wp\/v2\/product_tag?post=5608"}],"curies":[{"name":"wp","href":"https:\/\/api.w.org\/{rel}","templated":true}]}}