{"id":5609,"date":"2025-06-02T02:00:33","date_gmt":"2025-06-02T02:00:33","guid":{"rendered":"https:\/\/bastardsknives.com\/producto\/tibia\/"},"modified":"2025-06-09T00:24:09","modified_gmt":"2025-06-09T00:24:09","slug":"tibia","status":"publish","type":"product","link":"https:\/\/bastardsknives.com\/de\/producto\/tibia\/","title":{"rendered":"Tibia"},"content":{"rendered":"<h3><strong>Tibia \u2013 Das Taschenmesser f\u00fcr echte Kenner<\/strong><\/h3>\n<p>Entdecke das Tibia, ein Taschenmesser, das durch die Zusammenarbeit des renommierten US-YouTubers Jim Skelton und des Teams von Bastards Knives entstanden ist. Dieses au\u00dfergew\u00f6hnliche Werkzeug vereint Pr\u00e4zision, Stil und Funktionalit\u00e4t in einem formvollendeten Design, das deine Erwartungen \u00fcbertreffen wird.<\/p>\n<p><strong>Hochwertige Sax-Klinge f\u00fcr perfekte Schnitte<\/strong><br \/>\nDas Tibia verf\u00fcgt \u00fcber eine 8,8 cm lange Sax-Klinge, die aus extrem widerstandsf\u00e4higem CPM3V-Stahl gefertigt wurde. Dieser Stahl ist bekannt f\u00fcr seine exzellente Schnitthaltigkeit und H\u00e4rte, was dir erm\u00f6glicht, auch anspruchsvolle Schneidarbeiten m\u00fchelos zu meistern. Egal, ob du es im Alltag nutzt oder bei Outdoor-Abenteuern \u2013 auf diese Klinge kannst du dich verlassen.<\/p>\n<p><strong>Titan-Griff mit cooler DLC-Beschichtung<\/strong><br \/>\nDer Griff des Tibia liegt dank seiner ergonomischen Form perfekt in deiner Hand. Hergestellt aus hochwertigem Titan, verleiht er dem Messer nicht nur Leichtigkeit, sondern auch eine bemerkenswerte Stabilit\u00e4t. Die zus\u00e4tzliche graue DLC-Beschichtung (Diamond-Like Carbon) sorgt nicht nur f\u00fcr eine herausragende Widerstandsf\u00e4higkeit gegen Kratzer und Abnutzung, sondern verleiht dem Messer auch einen besonders coolen, modernen Look.<\/p>\n<p><strong>Flipper und Linerlock \u2013 Sicherheit und Komfort<\/strong><br \/>\nDas Tibia ist mit einem praktischen Flipper ausgestattet, der dir als \u00d6ffnungshilfe dient. Durch die Kugellagerung der Klinge kannst du sie flie\u00dfend in Position bringen. Einmal ge\u00f6ffnet, wird die Klinge durch einen stabilen Linerlock sicher fixiert, sodass du sie bedenkenlos nutzen kannst.<\/p>\n<p><strong>Kompakt und bereit f\u00fcr dein n\u00e4chstes Abenteuer<\/strong><br \/>\nMit einer Gesamtl\u00e4nge von 20,9 cm bietet das Tibia das perfekte Gleichgewicht zwischen kompakter Gr\u00f6\u00dfe und vielseitiger Einsatzm\u00f6glichkeit. Ob im Alltag oder bei besonderen Anl\u00e4ssen \u2013 dieses Messer wird schnell zu deinem unverzichtbaren Begleiter und zum Hingucker.<\/p>\n<p>Wir freuen uns, Dir das Ergebnis dieser besonderen Zusammenarbeit pr\u00e4sentieren zu d\u00fcrfen.<\/p>\n","protected":false},"excerpt":{"rendered":"<p>Tibia \u2013 Das Taschenmesser f\u00fcr echte Kenner Entdecke das Tibia, ein Taschenmesser, das durch die Zusammenarbeit des renommierten US-YouTubers Jim Skelton und des Teams von Bastards Knives entstanden ist. Dieses au\u00dfergew\u00f6hnliche Werkzeug vereint Pr\u00e4zision, Stil und Funktionalit\u00e4t in einem formvollendeten Design, das deine Erwartungen \u00fcbertreffen wird. Hochwertige Sax-Klinge f\u00fcr perfekte Schnitte Das Tibia verf\u00fcgt \u00fcber&#8230;<\/p>\n","protected":false},"featured_media":5573,"template":"","meta":[],"product_brand":[],"product_cat":[771,768,1067],"product_tag":[],"class_list":{"0":"post-5609","1":"product","2":"type-product","3":"status-publish","4":"has-post-thumbnail","6":"product_cat-bastards-knives-de","7":"product_cat-messer-und-rasiermesser","8":"product_cat-jim-skelton-2","10":"first","11":"instock","12":"taxable","13":"shipping-taxable","14":"purchasable","15":"product-type-simple"},"acf":[],"yoast_head":"<!-- This site is optimized with the Yoast SEO plugin v23.1 - https:\/\/yoast.com\/wordpress\/plugins\/seo\/ -->\n<title>Tibia - Bastards Knives<\/title>\n<meta name=\"robots\" content=\"index, follow, max-snippet:-1, max-image-preview:large, max-video-preview:-1\" \/>\n<link rel=\"canonical\" href=\"https:\/\/bastardsknives.com\/de\/producto\/tibia\/\" \/>\n<meta property=\"og:locale\" content=\"de_DE\" \/>\n<meta property=\"og:type\" content=\"article\" \/>\n<meta property=\"og:title\" content=\"Tibia - Bastards Knives\" \/>\n<meta property=\"og:description\" content=\"Tibia \u2013 Das Taschenmesser f\u00fcr echte Kenner Entdecke das Tibia, ein Taschenmesser, das durch die Zusammenarbeit des renommierten US-YouTubers Jim Skelton und des Teams von Bastards Knives entstanden ist. Dieses au\u00dfergew\u00f6hnliche Werkzeug vereint Pr\u00e4zision, Stil und Funktionalit\u00e4t in einem formvollendeten Design, das deine Erwartungen \u00fcbertreffen wird. Hochwertige Sax-Klinge f\u00fcr perfekte Schnitte Das Tibia verf\u00fcgt \u00fcber...\" \/>\n<meta property=\"og:url\" content=\"https:\/\/bastardsknives.com\/de\/producto\/tibia\/\" \/>\n<meta property=\"og:site_name\" content=\"Bastards Knives\" \/>\n<meta property=\"article:modified_time\" content=\"2025-06-09T00:24:09+00:00\" \/>\n<meta property=\"og:image\" content=\"https:\/\/bastardsknives.com\/wp-content\/uploads\/2024\/07\/tibia-2.jpg\" \/>\n\t<meta property=\"og:image:width\" content=\"800\" \/>\n\t<meta property=\"og:image:height\" content=\"800\" \/>\n\t<meta property=\"og:image:type\" content=\"image\/jpeg\" \/>\n<meta name=\"twitter:card\" content=\"summary_large_image\" \/>\n<meta name=\"twitter:label1\" content=\"Gesch\u00e4tzte Lesezeit\" \/>\n\t<meta name=\"twitter:data1\" content=\"2\u00a0Minuten\" \/>\n<script type=\"application\/ld+json\" class=\"yoast-schema-graph\">{\"@context\":\"https:\/\/schema.org\",\"@graph\":[{\"@type\":\"WebPage\",\"@id\":\"https:\/\/bastardsknives.com\/de\/producto\/tibia\/\",\"url\":\"https:\/\/bastardsknives.com\/de\/producto\/tibia\/\",\"name\":\"Tibia - Bastards Knives\",\"isPartOf\":{\"@id\":\"https:\/\/bastardsknives.com\/de\/#website\"},\"primaryImageOfPage\":{\"@id\":\"https:\/\/bastardsknives.com\/de\/producto\/tibia\/#primaryimage\"},\"image\":{\"@id\":\"https:\/\/bastardsknives.com\/de\/producto\/tibia\/#primaryimage\"},\"thumbnailUrl\":\"https:\/\/bastardsknives.com\/wp-content\/uploads\/2024\/07\/tibia-2.jpg\",\"datePublished\":\"2025-06-02T02:00:33+00:00\",\"dateModified\":\"2025-06-09T00:24:09+00:00\",\"breadcrumb\":{\"@id\":\"https:\/\/bastardsknives.com\/de\/producto\/tibia\/#breadcrumb\"},\"inLanguage\":\"de\",\"potentialAction\":[{\"@type\":\"ReadAction\",\"target\":[\"https:\/\/bastardsknives.com\/de\/producto\/tibia\/\"]}]},{\"@type\":\"ImageObject\",\"inLanguage\":\"de\",\"@id\":\"https:\/\/bastardsknives.com\/de\/producto\/tibia\/#primaryimage\",\"url\":\"https:\/\/bastardsknives.com\/wp-content\/uploads\/2024\/07\/tibia-2.jpg\",\"contentUrl\":\"https:\/\/bastardsknives.com\/wp-content\/uploads\/2024\/07\/tibia-2.jpg\",\"width\":800,\"height\":800},{\"@type\":\"BreadcrumbList\",\"@id\":\"https:\/\/bastardsknives.com\/de\/producto\/tibia\/#breadcrumb\",\"itemListElement\":[{\"@type\":\"ListItem\",\"position\":1,\"name\":\"Home\",\"item\":\"https:\/\/bastardsknives.com\/de\/\"},{\"@type\":\"ListItem\",\"position\":2,\"name\":\"Shop\",\"item\":\"https:\/\/bastardsknives.com\/de\/shop\/\"},{\"@type\":\"ListItem\",\"position\":3,\"name\":\"Tibia\"}]},{\"@type\":\"WebSite\",\"@id\":\"https:\/\/bastardsknives.com\/de\/#website\",\"url\":\"https:\/\/bastardsknives.com\/de\/\",\"name\":\"Bastards Knives\",\"description\":\"Bastards Knives | Viviendo al filo\",\"publisher\":{\"@id\":\"https:\/\/bastardsknives.com\/de\/#organization\"},\"potentialAction\":[{\"@type\":\"SearchAction\",\"target\":{\"@type\":\"EntryPoint\",\"urlTemplate\":\"https:\/\/bastardsknives.com\/de\/?s={search_term_string}\"},\"query-input\":\"required name=search_term_string\"}],\"inLanguage\":\"de\"},{\"@type\":\"Organization\",\"@id\":\"https:\/\/bastardsknives.com\/de\/#organization\",\"name\":\"Bastards Knives\",\"url\":\"https:\/\/bastardsknives.com\/de\/\",\"logo\":{\"@type\":\"ImageObject\",\"inLanguage\":\"de\",\"@id\":\"https:\/\/bastardsknives.com\/de\/#\/schema\/logo\/image\/\",\"url\":\"https:\/\/bastardsknives.com\/wp-content\/uploads\/2022\/07\/Logoprod1.png\",\"contentUrl\":\"https:\/\/bastardsknives.com\/wp-content\/uploads\/2022\/07\/Logoprod1.png\",\"width\":284,\"height\":122,\"caption\":\"Bastards Knives\"},\"image\":{\"@id\":\"https:\/\/bastardsknives.com\/de\/#\/schema\/logo\/image\/\"}}]}<\/script>\n<!-- \/ Yoast SEO plugin. -->","yoast_head_json":{"title":"Tibia - Bastards Knives","robots":{"index":"index","follow":"follow","max-snippet":"max-snippet:-1","max-image-preview":"max-image-preview:large","max-video-preview":"max-video-preview:-1"},"canonical":"https:\/\/bastardsknives.com\/de\/producto\/tibia\/","og_locale":"de_DE","og_type":"article","og_title":"Tibia - Bastards Knives","og_description":"Tibia \u2013 Das Taschenmesser f\u00fcr echte Kenner Entdecke das Tibia, ein Taschenmesser, das durch die Zusammenarbeit des renommierten US-YouTubers Jim Skelton und des Teams von Bastards Knives entstanden ist. Dieses au\u00dfergew\u00f6hnliche Werkzeug vereint Pr\u00e4zision, Stil und Funktionalit\u00e4t in einem formvollendeten Design, das deine Erwartungen \u00fcbertreffen wird. Hochwertige Sax-Klinge f\u00fcr perfekte Schnitte Das Tibia verf\u00fcgt \u00fcber...","og_url":"https:\/\/bastardsknives.com\/de\/producto\/tibia\/","og_site_name":"Bastards Knives","article_modified_time":"2025-06-09T00:24:09+00:00","og_image":[{"width":800,"height":800,"url":"https:\/\/bastardsknives.com\/wp-content\/uploads\/2024\/07\/tibia-2.jpg","type":"image\/jpeg"}],"twitter_card":"summary_large_image","twitter_misc":{"Gesch\u00e4tzte Lesezeit":"2\u00a0Minuten"},"schema":{"@context":"https:\/\/schema.org","@graph":[{"@type":"WebPage","@id":"https:\/\/bastardsknives.com\/de\/producto\/tibia\/","url":"https:\/\/bastardsknives.com\/de\/producto\/tibia\/","name":"Tibia - Bastards Knives","isPartOf":{"@id":"https:\/\/bastardsknives.com\/de\/#website"},"primaryImageOfPage":{"@id":"https:\/\/bastardsknives.com\/de\/producto\/tibia\/#primaryimage"},"image":{"@id":"https:\/\/bastardsknives.com\/de\/producto\/tibia\/#primaryimage"},"thumbnailUrl":"https:\/\/bastardsknives.com\/wp-content\/uploads\/2024\/07\/tibia-2.jpg","datePublished":"2025-06-02T02:00:33+00:00","dateModified":"2025-06-09T00:24:09+00:00","breadcrumb":{"@id":"https:\/\/bastardsknives.com\/de\/producto\/tibia\/#breadcrumb"},"inLanguage":"de","potentialAction":[{"@type":"ReadAction","target":["https:\/\/bastardsknives.com\/de\/producto\/tibia\/"]}]},{"@type":"ImageObject","inLanguage":"de","@id":"https:\/\/bastardsknives.com\/de\/producto\/tibia\/#primaryimage","url":"https:\/\/bastardsknives.com\/wp-content\/uploads\/2024\/07\/tibia-2.jpg","contentUrl":"https:\/\/bastardsknives.com\/wp-content\/uploads\/2024\/07\/tibia-2.jpg","width":800,"height":800},{"@type":"BreadcrumbList","@id":"https:\/\/bastardsknives.com\/de\/producto\/tibia\/#breadcrumb","itemListElement":[{"@type":"ListItem","position":1,"name":"Home","item":"https:\/\/bastardsknives.com\/de\/"},{"@type":"ListItem","position":2,"name":"Shop","item":"https:\/\/bastardsknives.com\/de\/shop\/"},{"@type":"ListItem","position":3,"name":"Tibia"}]},{"@type":"WebSite","@id":"https:\/\/bastardsknives.com\/de\/#website","url":"https:\/\/bastardsknives.com\/de\/","name":"Bastards Knives","description":"Bastards Knives | Viviendo al filo","publisher":{"@id":"https:\/\/bastardsknives.com\/de\/#organization"},"potentialAction":[{"@type":"SearchAction","target":{"@type":"EntryPoint","urlTemplate":"https:\/\/bastardsknives.com\/de\/?s={search_term_string}"},"query-input":"required name=search_term_string"}],"inLanguage":"de"},{"@type":"Organization","@id":"https:\/\/bastardsknives.com\/de\/#organization","name":"Bastards Knives","url":"https:\/\/bastardsknives.com\/de\/","logo":{"@type":"ImageObject","inLanguage":"de","@id":"https:\/\/bastardsknives.com\/de\/#\/schema\/logo\/image\/","url":"https:\/\/bastardsknives.com\/wp-content\/uploads\/2022\/07\/Logoprod1.png","contentUrl":"https:\/\/bastardsknives.com\/wp-content\/uploads\/2022\/07\/Logoprod1.png","width":284,"height":122,"caption":"Bastards Knives"},"image":{"@id":"https:\/\/bastardsknives.com\/de\/#\/schema\/logo\/image\/"}}]}},"_links":{"self":[{"href":"https:\/\/bastardsknives.com\/de\/wp-json\/wp\/v2\/product\/5609","targetHints":{"allow":["GET"]}}],"collection":[{"href":"https:\/\/bastardsknives.com\/de\/wp-json\/wp\/v2\/product"}],"about":[{"href":"https:\/\/bastardsknives.com\/de\/wp-json\/wp\/v2\/types\/product"}],"wp:featuredmedia":[{"embeddable":true,"href":"https:\/\/bastardsknives.com\/de\/wp-json\/wp\/v2\/media\/5573"}],"wp:attachment":[{"href":"https:\/\/bastardsknives.com\/de\/wp-json\/wp\/v2\/media?parent=5609"}],"wp:term":[{"taxonomy":"product_brand","embeddable":true,"href":"https:\/\/bastardsknives.com\/de\/wp-json\/wp\/v2\/product_brand?post=5609"},{"taxonomy":"product_cat","embeddable":true,"href":"https:\/\/bastardsknives.com\/de\/wp-json\/wp\/v2\/product_cat?post=5609"},{"taxonomy":"product_tag","embeddable":true,"href":"https:\/\/bastardsknives.com\/de\/wp-json\/wp\/v2\/product_tag?post=5609"}],"curies":[{"name":"wp","href":"https:\/\/api.w.org\/{rel}","templated":true}]}}