{"id":5636,"date":"2025-05-19T01:00:30","date_gmt":"2025-05-19T01:00:30","guid":{"rendered":"https:\/\/bastardsknives.com\/?post_type=product&#038;p=5636"},"modified":"2025-05-26T00:24:22","modified_gmt":"2025-05-26T00:24:22","slug":"venator-fixed-dark-matter-black","status":"publish","type":"product","link":"https:\/\/bastardsknives.com\/de\/producto\/venator-fixed-dark-matter-black\/","title":{"rendered":"Venator Fixed Dark Matter Black"},"content":{"rendered":"<p>Mit Freude und voller Stolz pr\u00e4sentieren wir euch unser, wie wir finden, gelungenes Meisterwerk: das Venator Fixed Dark Matter Black. Dieses schmale Fixed-Messer vereint futuristisches und traditionelles Design, Funktionalit\u00e4t und Qualit\u00e4t in einem atemberaubenden Gesamtpaket. Als gelungenes Produkt aus unserer spanischen Ideenschmiede besticht es durch seine herausragenden Leistungsmerkmale und sein unverwechselbares Design. So wie in jedem unserer Produkte steckt auch in diesem Messer viel Herzblut und Hingabe, um ein Produkt auf den Markt zu bringen, das robust und dennoch elegant ist. Getestet wurde es erfolgreich auf Herz und Nieren bei dem YouTube-Format 7 vs. Wild in Kanada. Wir k\u00f6nnen mit ruhigem Gewissen sagen, es hat alle Aufgaben mit Bravour bestanden.<\/p>\n<p>Mit einer Gesamtl\u00e4nge von 21,5 cm liegt es perfekt in der Hand und strahlt zugleich Robustheit und Eleganz aus. Die 10,9 cm lange Klinge besteht aus hochwertigem N690co Stahl, der durch eine kryogene Behandlung seine Festigkeit und Sch\u00e4rfe auf ein Maximum bringt. Die leicht gebogene Recurve Klingenform wurde mit einem feinen Dark Bead Blast Finish versehen. Die Recurve Form bietet eine ausgezeichnete Schneideigenschaft, egal ob im Alltag oder im Outdoorbereich. Ob feine Schnitte oder Batoning, kein Problem f\u00fcr diese Klinge.<\/p>\n<p>Die Griffschalen sind aus dem atemberaubendem und zugleich eleganten Dark Matter Black gefertigt, welches wir von unserem gesch\u00e4tzten Partner Fatcarbon aus Litauen beziehen. Fatcarbon ist bekannt f\u00fcr seine einzigartigen und hochwertigen Carbon-Varianten, die jedes Messer zu einem besonderen Highlight machen. Aber Fatcarbon sieht nicht nur richtig gut aus, es schmiegt sich auch hervorragend in die Hand ein. Viele halten dieses Messer beim ersten Blick f\u00fcr etwas unhandlich, da es sehr flach und schlank gebaut ist, aber nach dem ersten Befummeln \u00fcberzeugt es jeden Skeptiker.<\/p>\n<p>Das moderne EDC-Messer wird mit einer passgenauen Kydex geliefert, die sich mit dem Kydexholster des Venator Folders verbinden l\u00e4sst. Dieses dynamische Duo ist perfekt f\u00fcr Outdoor-Abenteuer geeignet! Aber auch einzeln verf\u00fcgt das Venator Fixed \u00fcber ein vielseitiges Befestigungssystem, um es bequem am G\u00fcrtel oder am Rucksack zu tragen. Perfekt geeignet f\u00fcr den Fall, dass man sich mal nicht entscheiden m\u00f6chte, ob Fixed oder Folder.<\/p>\n<p>\u00dcberzeuge dich selbst von der Qualit\u00e4t und dem Design des Venator Fixed Dark Matter Black und erfahre, was wahre Handwerkskunst bedeutet. Eine gelungene Kombination aus Herzblut, Qualit\u00e4t und Funktionalit\u00e4t.<\/p>\n","protected":false},"excerpt":{"rendered":"<p>Mit Freude und voller Stolz pr\u00e4sentieren wir euch unser, wie wir finden, gelungenes Meisterwerk: das Venator Fixed Dark Matter Black. Dieses schmale Fixed-Messer vereint futuristisches und traditionelles Design, Funktionalit\u00e4t und Qualit\u00e4t in einem atemberaubenden Gesamtpaket. Als gelungenes Produkt aus unserer spanischen Ideenschmiede besticht es durch seine herausragenden Leistungsmerkmale und sein unverwechselbares Design. So wie in&#8230;<\/p>\n","protected":false},"featured_media":5633,"template":"","meta":[],"product_brand":[],"product_cat":[771,768,765],"product_tag":[],"class_list":{"0":"post-5636","1":"product","2":"type-product","3":"status-publish","4":"has-post-thumbnail","6":"product_cat-bastards-knives-de","7":"product_cat-messer-und-rasiermesser","8":"product_cat-rostfrei","10":"first","11":"instock","12":"taxable","13":"shipping-taxable","14":"purchasable","15":"product-type-simple"},"acf":[],"yoast_head":"<!-- This site is optimized with the Yoast SEO plugin v23.1 - https:\/\/yoast.com\/wordpress\/plugins\/seo\/ -->\n<title>Venator Fixed Dark Matter Black - Bastards Knives<\/title>\n<meta name=\"robots\" content=\"index, follow, max-snippet:-1, max-image-preview:large, max-video-preview:-1\" \/>\n<link rel=\"canonical\" href=\"https:\/\/bastardsknives.com\/de\/producto\/venator-fixed-dark-matter-black\/\" \/>\n<meta property=\"og:locale\" content=\"de_DE\" \/>\n<meta property=\"og:type\" content=\"article\" \/>\n<meta property=\"og:title\" content=\"Venator Fixed Dark Matter Black - Bastards Knives\" \/>\n<meta property=\"og:description\" content=\"Mit Freude und voller Stolz pr\u00e4sentieren wir euch unser, wie wir finden, gelungenes Meisterwerk: das Venator Fixed Dark Matter Black. Dieses schmale Fixed-Messer vereint futuristisches und traditionelles Design, Funktionalit\u00e4t und Qualit\u00e4t in einem atemberaubenden Gesamtpaket. Als gelungenes Produkt aus unserer spanischen Ideenschmiede besticht es durch seine herausragenden Leistungsmerkmale und sein unverwechselbares Design. So wie in...\" \/>\n<meta property=\"og:url\" content=\"https:\/\/bastardsknives.com\/de\/producto\/venator-fixed-dark-matter-black\/\" \/>\n<meta property=\"og:site_name\" content=\"Bastards Knives\" \/>\n<meta property=\"article:modified_time\" content=\"2025-05-26T00:24:22+00:00\" \/>\n<meta property=\"og:image\" content=\"https:\/\/bastardsknives.com\/wp-content\/uploads\/2023\/10\/Venator_Fixed_DMBK_5.jpg\" \/>\n\t<meta property=\"og:image:width\" content=\"800\" \/>\n\t<meta property=\"og:image:height\" content=\"800\" \/>\n\t<meta property=\"og:image:type\" content=\"image\/jpeg\" \/>\n<meta name=\"twitter:card\" content=\"summary_large_image\" \/>\n<meta name=\"twitter:label1\" content=\"Gesch\u00e4tzte Lesezeit\" \/>\n\t<meta name=\"twitter:data1\" content=\"3\u00a0Minuten\" \/>\n<script type=\"application\/ld+json\" class=\"yoast-schema-graph\">{\"@context\":\"https:\/\/schema.org\",\"@graph\":[{\"@type\":\"WebPage\",\"@id\":\"https:\/\/bastardsknives.com\/de\/producto\/venator-fixed-dark-matter-black\/\",\"url\":\"https:\/\/bastardsknives.com\/de\/producto\/venator-fixed-dark-matter-black\/\",\"name\":\"Venator Fixed Dark Matter Black - Bastards Knives\",\"isPartOf\":{\"@id\":\"https:\/\/bastardsknives.com\/de\/#website\"},\"primaryImageOfPage\":{\"@id\":\"https:\/\/bastardsknives.com\/de\/producto\/venator-fixed-dark-matter-black\/#primaryimage\"},\"image\":{\"@id\":\"https:\/\/bastardsknives.com\/de\/producto\/venator-fixed-dark-matter-black\/#primaryimage\"},\"thumbnailUrl\":\"https:\/\/bastardsknives.com\/wp-content\/uploads\/2023\/10\/Venator_Fixed_DMBK_5.jpg\",\"datePublished\":\"2025-05-19T01:00:30+00:00\",\"dateModified\":\"2025-05-26T00:24:22+00:00\",\"breadcrumb\":{\"@id\":\"https:\/\/bastardsknives.com\/de\/producto\/venator-fixed-dark-matter-black\/#breadcrumb\"},\"inLanguage\":\"de\",\"potentialAction\":[{\"@type\":\"ReadAction\",\"target\":[\"https:\/\/bastardsknives.com\/de\/producto\/venator-fixed-dark-matter-black\/\"]}]},{\"@type\":\"ImageObject\",\"inLanguage\":\"de\",\"@id\":\"https:\/\/bastardsknives.com\/de\/producto\/venator-fixed-dark-matter-black\/#primaryimage\",\"url\":\"https:\/\/bastardsknives.com\/wp-content\/uploads\/2023\/10\/Venator_Fixed_DMBK_5.jpg\",\"contentUrl\":\"https:\/\/bastardsknives.com\/wp-content\/uploads\/2023\/10\/Venator_Fixed_DMBK_5.jpg\",\"width\":800,\"height\":800},{\"@type\":\"BreadcrumbList\",\"@id\":\"https:\/\/bastardsknives.com\/de\/producto\/venator-fixed-dark-matter-black\/#breadcrumb\",\"itemListElement\":[{\"@type\":\"ListItem\",\"position\":1,\"name\":\"Home\",\"item\":\"https:\/\/bastardsknives.com\/de\/\"},{\"@type\":\"ListItem\",\"position\":2,\"name\":\"Shop\",\"item\":\"https:\/\/bastardsknives.com\/de\/shop\/\"},{\"@type\":\"ListItem\",\"position\":3,\"name\":\"Venator Fixed Dark Matter Black\"}]},{\"@type\":\"WebSite\",\"@id\":\"https:\/\/bastardsknives.com\/de\/#website\",\"url\":\"https:\/\/bastardsknives.com\/de\/\",\"name\":\"Bastards Knives\",\"description\":\"Bastards Knives | Viviendo al filo\",\"publisher\":{\"@id\":\"https:\/\/bastardsknives.com\/de\/#organization\"},\"potentialAction\":[{\"@type\":\"SearchAction\",\"target\":{\"@type\":\"EntryPoint\",\"urlTemplate\":\"https:\/\/bastardsknives.com\/de\/?s={search_term_string}\"},\"query-input\":\"required name=search_term_string\"}],\"inLanguage\":\"de\"},{\"@type\":\"Organization\",\"@id\":\"https:\/\/bastardsknives.com\/de\/#organization\",\"name\":\"Bastards Knives\",\"url\":\"https:\/\/bastardsknives.com\/de\/\",\"logo\":{\"@type\":\"ImageObject\",\"inLanguage\":\"de\",\"@id\":\"https:\/\/bastardsknives.com\/de\/#\/schema\/logo\/image\/\",\"url\":\"https:\/\/bastardsknives.com\/wp-content\/uploads\/2022\/07\/Logoprod1.png\",\"contentUrl\":\"https:\/\/bastardsknives.com\/wp-content\/uploads\/2022\/07\/Logoprod1.png\",\"width\":284,\"height\":122,\"caption\":\"Bastards Knives\"},\"image\":{\"@id\":\"https:\/\/bastardsknives.com\/de\/#\/schema\/logo\/image\/\"}}]}<\/script>\n<!-- \/ Yoast SEO plugin. -->","yoast_head_json":{"title":"Venator Fixed Dark Matter Black - Bastards Knives","robots":{"index":"index","follow":"follow","max-snippet":"max-snippet:-1","max-image-preview":"max-image-preview:large","max-video-preview":"max-video-preview:-1"},"canonical":"https:\/\/bastardsknives.com\/de\/producto\/venator-fixed-dark-matter-black\/","og_locale":"de_DE","og_type":"article","og_title":"Venator Fixed Dark Matter Black - Bastards Knives","og_description":"Mit Freude und voller Stolz pr\u00e4sentieren wir euch unser, wie wir finden, gelungenes Meisterwerk: das Venator Fixed Dark Matter Black. Dieses schmale Fixed-Messer vereint futuristisches und traditionelles Design, Funktionalit\u00e4t und Qualit\u00e4t in einem atemberaubenden Gesamtpaket. Als gelungenes Produkt aus unserer spanischen Ideenschmiede besticht es durch seine herausragenden Leistungsmerkmale und sein unverwechselbares Design. So wie in...","og_url":"https:\/\/bastardsknives.com\/de\/producto\/venator-fixed-dark-matter-black\/","og_site_name":"Bastards Knives","article_modified_time":"2025-05-26T00:24:22+00:00","og_image":[{"width":800,"height":800,"url":"https:\/\/bastardsknives.com\/wp-content\/uploads\/2023\/10\/Venator_Fixed_DMBK_5.jpg","type":"image\/jpeg"}],"twitter_card":"summary_large_image","twitter_misc":{"Gesch\u00e4tzte Lesezeit":"3\u00a0Minuten"},"schema":{"@context":"https:\/\/schema.org","@graph":[{"@type":"WebPage","@id":"https:\/\/bastardsknives.com\/de\/producto\/venator-fixed-dark-matter-black\/","url":"https:\/\/bastardsknives.com\/de\/producto\/venator-fixed-dark-matter-black\/","name":"Venator Fixed Dark Matter Black - Bastards Knives","isPartOf":{"@id":"https:\/\/bastardsknives.com\/de\/#website"},"primaryImageOfPage":{"@id":"https:\/\/bastardsknives.com\/de\/producto\/venator-fixed-dark-matter-black\/#primaryimage"},"image":{"@id":"https:\/\/bastardsknives.com\/de\/producto\/venator-fixed-dark-matter-black\/#primaryimage"},"thumbnailUrl":"https:\/\/bastardsknives.com\/wp-content\/uploads\/2023\/10\/Venator_Fixed_DMBK_5.jpg","datePublished":"2025-05-19T01:00:30+00:00","dateModified":"2025-05-26T00:24:22+00:00","breadcrumb":{"@id":"https:\/\/bastardsknives.com\/de\/producto\/venator-fixed-dark-matter-black\/#breadcrumb"},"inLanguage":"de","potentialAction":[{"@type":"ReadAction","target":["https:\/\/bastardsknives.com\/de\/producto\/venator-fixed-dark-matter-black\/"]}]},{"@type":"ImageObject","inLanguage":"de","@id":"https:\/\/bastardsknives.com\/de\/producto\/venator-fixed-dark-matter-black\/#primaryimage","url":"https:\/\/bastardsknives.com\/wp-content\/uploads\/2023\/10\/Venator_Fixed_DMBK_5.jpg","contentUrl":"https:\/\/bastardsknives.com\/wp-content\/uploads\/2023\/10\/Venator_Fixed_DMBK_5.jpg","width":800,"height":800},{"@type":"BreadcrumbList","@id":"https:\/\/bastardsknives.com\/de\/producto\/venator-fixed-dark-matter-black\/#breadcrumb","itemListElement":[{"@type":"ListItem","position":1,"name":"Home","item":"https:\/\/bastardsknives.com\/de\/"},{"@type":"ListItem","position":2,"name":"Shop","item":"https:\/\/bastardsknives.com\/de\/shop\/"},{"@type":"ListItem","position":3,"name":"Venator Fixed Dark Matter Black"}]},{"@type":"WebSite","@id":"https:\/\/bastardsknives.com\/de\/#website","url":"https:\/\/bastardsknives.com\/de\/","name":"Bastards Knives","description":"Bastards Knives | Viviendo al filo","publisher":{"@id":"https:\/\/bastardsknives.com\/de\/#organization"},"potentialAction":[{"@type":"SearchAction","target":{"@type":"EntryPoint","urlTemplate":"https:\/\/bastardsknives.com\/de\/?s={search_term_string}"},"query-input":"required name=search_term_string"}],"inLanguage":"de"},{"@type":"Organization","@id":"https:\/\/bastardsknives.com\/de\/#organization","name":"Bastards Knives","url":"https:\/\/bastardsknives.com\/de\/","logo":{"@type":"ImageObject","inLanguage":"de","@id":"https:\/\/bastardsknives.com\/de\/#\/schema\/logo\/image\/","url":"https:\/\/bastardsknives.com\/wp-content\/uploads\/2022\/07\/Logoprod1.png","contentUrl":"https:\/\/bastardsknives.com\/wp-content\/uploads\/2022\/07\/Logoprod1.png","width":284,"height":122,"caption":"Bastards Knives"},"image":{"@id":"https:\/\/bastardsknives.com\/de\/#\/schema\/logo\/image\/"}}]}},"_links":{"self":[{"href":"https:\/\/bastardsknives.com\/de\/wp-json\/wp\/v2\/product\/5636","targetHints":{"allow":["GET"]}}],"collection":[{"href":"https:\/\/bastardsknives.com\/de\/wp-json\/wp\/v2\/product"}],"about":[{"href":"https:\/\/bastardsknives.com\/de\/wp-json\/wp\/v2\/types\/product"}],"wp:featuredmedia":[{"embeddable":true,"href":"https:\/\/bastardsknives.com\/de\/wp-json\/wp\/v2\/media\/5633"}],"wp:attachment":[{"href":"https:\/\/bastardsknives.com\/de\/wp-json\/wp\/v2\/media?parent=5636"}],"wp:term":[{"taxonomy":"product_brand","embeddable":true,"href":"https:\/\/bastardsknives.com\/de\/wp-json\/wp\/v2\/product_brand?post=5636"},{"taxonomy":"product_cat","embeddable":true,"href":"https:\/\/bastardsknives.com\/de\/wp-json\/wp\/v2\/product_cat?post=5636"},{"taxonomy":"product_tag","embeddable":true,"href":"https:\/\/bastardsknives.com\/de\/wp-json\/wp\/v2\/product_tag?post=5636"}],"curies":[{"name":"wp","href":"https:\/\/api.w.org\/{rel}","templated":true}]}}