{"id":6381,"date":"2024-09-12T10:06:24","date_gmt":"2024-09-12T10:06:24","guid":{"rendered":"https:\/\/bastardsknives.com\/?post_type=product&#038;p=6381"},"modified":"2024-09-12T10:06:24","modified_gmt":"2024-09-12T10:06:24","slug":"carbon-fibre-arktischer-sturm","status":"publish","type":"product","link":"https:\/\/bastardsknives.com\/de\/producto\/carbon-fibre-arktischer-sturm\/","title":{"rendered":"CARBON FIBRE \u201eArktischer Sturm\u201c."},"content":{"rendered":"<p>Das Design des Carbon-Verbundstoffs \u201eArctic Storm\u201c ist von polaren Wirbelst\u00fcrmen inspiriert, die gro\u00dfe Gew\u00e4sser beeinflussen k\u00f6nnen. Aus dem Weltraum erscheinen diese Wirbelst\u00fcrme als auff\u00e4llige blaue und wei\u00dfe Muster. Unsere Kohlefaser- und Epoxidverbundwerkstoffe zeichnen sich durch geringes Gewicht, hohe Steifigkeit, Haltbarkeit, Dimensionsstabilit\u00e4t und Korrosionsbest\u00e4ndigkeit aus. Au\u00dferdem zeichnen sie sich durch eine unverwechselbare \u00c4sthetik ihrer Struktur aus.   <\/p>\n","protected":false},"excerpt":{"rendered":"<p>Das Design des Carbon-Verbundstoffs \u201eArctic Storm\u201c ist von polaren Wirbelst\u00fcrmen inspiriert, die gro\u00dfe Gew\u00e4sser beeinflussen k\u00f6nnen. Aus dem Weltraum erscheinen diese Wirbelst\u00fcrme als auff\u00e4llige blaue und wei\u00dfe Muster. Unsere Kohlefaser- und Epoxidverbundwerkstoffe zeichnen sich durch geringes Gewicht, hohe Steifigkeit, Haltbarkeit, Dimensionsstabilit\u00e4t und Korrosionsbest\u00e4ndigkeit aus. Au\u00dferdem zeichnen sie sich durch eine unverwechselbare \u00c4sthetik ihrer Struktur aus.<\/p>\n","protected":false},"featured_media":6209,"template":"","meta":[],"product_brand":[],"product_cat":[906],"product_tag":[],"class_list":{"0":"post-6381","1":"product","2":"type-product","3":"status-publish","4":"has-post-thumbnail","6":"product_cat-fat-carbon-de","8":"first","9":"instock","10":"taxable","11":"shipping-taxable","12":"purchasable","13":"product-type-variable"},"acf":[],"yoast_head":"<!-- This site is optimized with the Yoast SEO plugin v23.1 - https:\/\/yoast.com\/wordpress\/plugins\/seo\/ -->\n<title>CARBON FIBRE \u201eArktischer Sturm\u201c. - Bastards Knives<\/title>\n<meta name=\"description\" content=\"Entdecken Sie den Arctic Storm Carbon-Verbundwerkstoff: leicht, langlebig, optisch ansprechend, korrosionsbest\u00e4ndig und leistungsstark.\" \/>\n<meta name=\"robots\" content=\"index, follow, max-snippet:-1, max-image-preview:large, max-video-preview:-1\" \/>\n<link rel=\"canonical\" href=\"https:\/\/bastardsknives.com\/de\/producto\/carbon-fibre-arktischer-sturm\/\" \/>\n<meta property=\"og:locale\" content=\"de_DE\" \/>\n<meta property=\"og:type\" content=\"article\" \/>\n<meta property=\"og:title\" content=\"CARBON FIBRE \u201eArktischer Sturm\u201c. - Bastards Knives\" \/>\n<meta property=\"og:description\" content=\"Entdecken Sie den Arctic Storm Carbon-Verbundwerkstoff: leicht, langlebig, optisch ansprechend, korrosionsbest\u00e4ndig und leistungsstark.\" \/>\n<meta property=\"og:url\" content=\"https:\/\/bastardsknives.com\/de\/producto\/carbon-fibre-arktischer-sturm\/\" \/>\n<meta property=\"og:site_name\" content=\"Bastards Knives\" \/>\n<meta property=\"og:image\" content=\"https:\/\/bastardsknives.com\/wp-content\/uploads\/2024\/09\/Arctic-Storm-1.jpg\" \/>\n\t<meta property=\"og:image:width\" content=\"1600\" \/>\n\t<meta property=\"og:image:height\" content=\"1600\" \/>\n\t<meta property=\"og:image:type\" content=\"image\/jpeg\" \/>\n<meta name=\"twitter:card\" content=\"summary_large_image\" \/>\n<script type=\"application\/ld+json\" class=\"yoast-schema-graph\">{\"@context\":\"https:\/\/schema.org\",\"@graph\":[{\"@type\":\"WebPage\",\"@id\":\"https:\/\/bastardsknives.com\/de\/producto\/carbon-fibre-arktischer-sturm\/\",\"url\":\"https:\/\/bastardsknives.com\/de\/producto\/carbon-fibre-arktischer-sturm\/\",\"name\":\"CARBON FIBRE \u201eArktischer Sturm\u201c. - Bastards Knives\",\"isPartOf\":{\"@id\":\"https:\/\/bastardsknives.com\/de\/#website\"},\"primaryImageOfPage\":{\"@id\":\"https:\/\/bastardsknives.com\/de\/producto\/carbon-fibre-arktischer-sturm\/#primaryimage\"},\"image\":{\"@id\":\"https:\/\/bastardsknives.com\/de\/producto\/carbon-fibre-arktischer-sturm\/#primaryimage\"},\"thumbnailUrl\":\"https:\/\/bastardsknives.com\/wp-content\/uploads\/2024\/09\/Arctic-Storm-1.jpg\",\"datePublished\":\"2024-09-12T10:06:24+00:00\",\"dateModified\":\"2024-09-12T10:06:24+00:00\",\"description\":\"Entdecken Sie den Arctic Storm Carbon-Verbundwerkstoff: leicht, langlebig, optisch ansprechend, korrosionsbest\u00e4ndig und leistungsstark.\",\"breadcrumb\":{\"@id\":\"https:\/\/bastardsknives.com\/de\/producto\/carbon-fibre-arktischer-sturm\/#breadcrumb\"},\"inLanguage\":\"de\",\"potentialAction\":[{\"@type\":\"ReadAction\",\"target\":[\"https:\/\/bastardsknives.com\/de\/producto\/carbon-fibre-arktischer-sturm\/\"]}]},{\"@type\":\"ImageObject\",\"inLanguage\":\"de\",\"@id\":\"https:\/\/bastardsknives.com\/de\/producto\/carbon-fibre-arktischer-sturm\/#primaryimage\",\"url\":\"https:\/\/bastardsknives.com\/wp-content\/uploads\/2024\/09\/Arctic-Storm-1.jpg\",\"contentUrl\":\"https:\/\/bastardsknives.com\/wp-content\/uploads\/2024\/09\/Arctic-Storm-1.jpg\",\"width\":1600,\"height\":1600,\"caption\":\"Kohlenstoffverbindung\"},{\"@type\":\"BreadcrumbList\",\"@id\":\"https:\/\/bastardsknives.com\/de\/producto\/carbon-fibre-arktischer-sturm\/#breadcrumb\",\"itemListElement\":[{\"@type\":\"ListItem\",\"position\":1,\"name\":\"Home\",\"item\":\"https:\/\/bastardsknives.com\/de\/\"},{\"@type\":\"ListItem\",\"position\":2,\"name\":\"Shop\",\"item\":\"https:\/\/bastardsknives.com\/de\/shop\/\"},{\"@type\":\"ListItem\",\"position\":3,\"name\":\"CARBON FIBRE \u201eArktischer Sturm\u201c.\"}]},{\"@type\":\"WebSite\",\"@id\":\"https:\/\/bastardsknives.com\/de\/#website\",\"url\":\"https:\/\/bastardsknives.com\/de\/\",\"name\":\"Bastards Knives\",\"description\":\"Bastards Knives | Viviendo al filo\",\"publisher\":{\"@id\":\"https:\/\/bastardsknives.com\/de\/#organization\"},\"potentialAction\":[{\"@type\":\"SearchAction\",\"target\":{\"@type\":\"EntryPoint\",\"urlTemplate\":\"https:\/\/bastardsknives.com\/de\/?s={search_term_string}\"},\"query-input\":\"required name=search_term_string\"}],\"inLanguage\":\"de\"},{\"@type\":\"Organization\",\"@id\":\"https:\/\/bastardsknives.com\/de\/#organization\",\"name\":\"Bastards Knives\",\"url\":\"https:\/\/bastardsknives.com\/de\/\",\"logo\":{\"@type\":\"ImageObject\",\"inLanguage\":\"de\",\"@id\":\"https:\/\/bastardsknives.com\/de\/#\/schema\/logo\/image\/\",\"url\":\"https:\/\/bastardsknives.com\/wp-content\/uploads\/2022\/07\/Logoprod1.png\",\"contentUrl\":\"https:\/\/bastardsknives.com\/wp-content\/uploads\/2022\/07\/Logoprod1.png\",\"width\":284,\"height\":122,\"caption\":\"Bastards Knives\"},\"image\":{\"@id\":\"https:\/\/bastardsknives.com\/de\/#\/schema\/logo\/image\/\"}}]}<\/script>\n<!-- \/ Yoast SEO plugin. -->","yoast_head_json":{"title":"CARBON FIBRE \u201eArktischer Sturm\u201c. - Bastards Knives","description":"Entdecken Sie den Arctic Storm Carbon-Verbundwerkstoff: leicht, langlebig, optisch ansprechend, korrosionsbest\u00e4ndig und leistungsstark.","robots":{"index":"index","follow":"follow","max-snippet":"max-snippet:-1","max-image-preview":"max-image-preview:large","max-video-preview":"max-video-preview:-1"},"canonical":"https:\/\/bastardsknives.com\/de\/producto\/carbon-fibre-arktischer-sturm\/","og_locale":"de_DE","og_type":"article","og_title":"CARBON FIBRE \u201eArktischer Sturm\u201c. - Bastards Knives","og_description":"Entdecken Sie den Arctic Storm Carbon-Verbundwerkstoff: leicht, langlebig, optisch ansprechend, korrosionsbest\u00e4ndig und leistungsstark.","og_url":"https:\/\/bastardsknives.com\/de\/producto\/carbon-fibre-arktischer-sturm\/","og_site_name":"Bastards Knives","og_image":[{"width":1600,"height":1600,"url":"https:\/\/bastardsknives.com\/wp-content\/uploads\/2024\/09\/Arctic-Storm-1.jpg","type":"image\/jpeg"}],"twitter_card":"summary_large_image","schema":{"@context":"https:\/\/schema.org","@graph":[{"@type":"WebPage","@id":"https:\/\/bastardsknives.com\/de\/producto\/carbon-fibre-arktischer-sturm\/","url":"https:\/\/bastardsknives.com\/de\/producto\/carbon-fibre-arktischer-sturm\/","name":"CARBON FIBRE \u201eArktischer Sturm\u201c. - Bastards Knives","isPartOf":{"@id":"https:\/\/bastardsknives.com\/de\/#website"},"primaryImageOfPage":{"@id":"https:\/\/bastardsknives.com\/de\/producto\/carbon-fibre-arktischer-sturm\/#primaryimage"},"image":{"@id":"https:\/\/bastardsknives.com\/de\/producto\/carbon-fibre-arktischer-sturm\/#primaryimage"},"thumbnailUrl":"https:\/\/bastardsknives.com\/wp-content\/uploads\/2024\/09\/Arctic-Storm-1.jpg","datePublished":"2024-09-12T10:06:24+00:00","dateModified":"2024-09-12T10:06:24+00:00","description":"Entdecken Sie den Arctic Storm Carbon-Verbundwerkstoff: leicht, langlebig, optisch ansprechend, korrosionsbest\u00e4ndig und leistungsstark.","breadcrumb":{"@id":"https:\/\/bastardsknives.com\/de\/producto\/carbon-fibre-arktischer-sturm\/#breadcrumb"},"inLanguage":"de","potentialAction":[{"@type":"ReadAction","target":["https:\/\/bastardsknives.com\/de\/producto\/carbon-fibre-arktischer-sturm\/"]}]},{"@type":"ImageObject","inLanguage":"de","@id":"https:\/\/bastardsknives.com\/de\/producto\/carbon-fibre-arktischer-sturm\/#primaryimage","url":"https:\/\/bastardsknives.com\/wp-content\/uploads\/2024\/09\/Arctic-Storm-1.jpg","contentUrl":"https:\/\/bastardsknives.com\/wp-content\/uploads\/2024\/09\/Arctic-Storm-1.jpg","width":1600,"height":1600,"caption":"Kohlenstoffverbindung"},{"@type":"BreadcrumbList","@id":"https:\/\/bastardsknives.com\/de\/producto\/carbon-fibre-arktischer-sturm\/#breadcrumb","itemListElement":[{"@type":"ListItem","position":1,"name":"Home","item":"https:\/\/bastardsknives.com\/de\/"},{"@type":"ListItem","position":2,"name":"Shop","item":"https:\/\/bastardsknives.com\/de\/shop\/"},{"@type":"ListItem","position":3,"name":"CARBON FIBRE \u201eArktischer Sturm\u201c."}]},{"@type":"WebSite","@id":"https:\/\/bastardsknives.com\/de\/#website","url":"https:\/\/bastardsknives.com\/de\/","name":"Bastards Knives","description":"Bastards Knives | Viviendo al filo","publisher":{"@id":"https:\/\/bastardsknives.com\/de\/#organization"},"potentialAction":[{"@type":"SearchAction","target":{"@type":"EntryPoint","urlTemplate":"https:\/\/bastardsknives.com\/de\/?s={search_term_string}"},"query-input":"required name=search_term_string"}],"inLanguage":"de"},{"@type":"Organization","@id":"https:\/\/bastardsknives.com\/de\/#organization","name":"Bastards Knives","url":"https:\/\/bastardsknives.com\/de\/","logo":{"@type":"ImageObject","inLanguage":"de","@id":"https:\/\/bastardsknives.com\/de\/#\/schema\/logo\/image\/","url":"https:\/\/bastardsknives.com\/wp-content\/uploads\/2022\/07\/Logoprod1.png","contentUrl":"https:\/\/bastardsknives.com\/wp-content\/uploads\/2022\/07\/Logoprod1.png","width":284,"height":122,"caption":"Bastards Knives"},"image":{"@id":"https:\/\/bastardsknives.com\/de\/#\/schema\/logo\/image\/"}}]}},"_links":{"self":[{"href":"https:\/\/bastardsknives.com\/de\/wp-json\/wp\/v2\/product\/6381","targetHints":{"allow":["GET"]}}],"collection":[{"href":"https:\/\/bastardsknives.com\/de\/wp-json\/wp\/v2\/product"}],"about":[{"href":"https:\/\/bastardsknives.com\/de\/wp-json\/wp\/v2\/types\/product"}],"wp:featuredmedia":[{"embeddable":true,"href":"https:\/\/bastardsknives.com\/de\/wp-json\/wp\/v2\/media\/6209"}],"wp:attachment":[{"href":"https:\/\/bastardsknives.com\/de\/wp-json\/wp\/v2\/media?parent=6381"}],"wp:term":[{"taxonomy":"product_brand","embeddable":true,"href":"https:\/\/bastardsknives.com\/de\/wp-json\/wp\/v2\/product_brand?post=6381"},{"taxonomy":"product_cat","embeddable":true,"href":"https:\/\/bastardsknives.com\/de\/wp-json\/wp\/v2\/product_cat?post=6381"},{"taxonomy":"product_tag","embeddable":true,"href":"https:\/\/bastardsknives.com\/de\/wp-json\/wp\/v2\/product_tag?post=6381"}],"curies":[{"name":"wp","href":"https:\/\/api.w.org\/{rel}","templated":true}]}}