{"id":6478,"date":"2024-09-12T12:22:59","date_gmt":"2024-09-12T12:22:59","guid":{"rendered":"https:\/\/bastardsknives.com\/?post_type=product&#038;p=6478"},"modified":"2024-09-12T12:23:00","modified_gmt":"2024-09-12T12:23:00","slug":"carbon-fiber-lava-flow","status":"publish","type":"product","link":"https:\/\/bastardsknives.com\/de\/producto\/carbon-fiber-lava-flow\/","title":{"rendered":"CARBON FIBER &#8222;Lava Flow&#8220;"},"content":{"rendered":"<p>Die Inspiration f\u00fcr unseren \u201eLava Flow\u201c-Kohlenstofffaser-Epoxid-Verbundwerkstoff kam von den geschmolzenen Lavastr\u00f6men, die unseren Planeten vor Milliarden von Jahren geformt haben. Jetzt k\u00f6nnen unsere Kunden ihre Produkte mit derselben Urenergie versehen, die zur Entstehung der Erde, wie wir sie kennen, beigetragen hat. Das markante Design von \u201eLava Flow\u201c verk\u00f6rpert die rohe Kraft und Sch\u00f6nheit vulkanischer Aktivit\u00e4t und verleiht jedem Projekt einen einzigartigen, elementaren Geist.  <\/p>\n","protected":false},"excerpt":{"rendered":"<p>Die Inspiration f\u00fcr unseren \u201eLava Flow\u201c-Kohlenstofffaser-Epoxid-Verbundwerkstoff kam von den geschmolzenen Lavastr\u00f6men, die unseren Planeten vor Milliarden von Jahren geformt haben. Jetzt k\u00f6nnen unsere Kunden ihre Produkte mit derselben Urenergie versehen, die zur Entstehung der Erde, wie wir sie kennen, beigetragen hat. Das markante Design von \u201eLava Flow\u201c verk\u00f6rpert die rohe Kraft und Sch\u00f6nheit vulkanischer Aktivit\u00e4t&#8230;<\/p>\n","protected":false},"featured_media":6239,"template":"","meta":[],"product_brand":[],"product_cat":[906],"product_tag":[],"class_list":{"0":"post-6478","1":"product","2":"type-product","3":"status-publish","4":"has-post-thumbnail","6":"product_cat-fat-carbon-de","8":"first","9":"instock","10":"taxable","11":"shipping-taxable","12":"purchasable","13":"product-type-variable"},"acf":[],"yoast_head":"<!-- This site is optimized with the Yoast SEO plugin v23.1 - https:\/\/yoast.com\/wordpress\/plugins\/seo\/ -->\n<title>CARBON FIBER &quot;Lava Flow&quot; - Bastards Knives<\/title>\n<meta name=\"description\" content=\"Entdecken Sie den Kohlefaserverbundwerkstoff Lava Flow&quot;: Inspiriert von geschmolzener Lava verleiht dieses auff\u00e4llige Material Ihren Projekten einen einzigartigen, elementaren Touch.\" \/>\n<meta name=\"robots\" content=\"index, follow, max-snippet:-1, max-image-preview:large, max-video-preview:-1\" \/>\n<link rel=\"canonical\" href=\"https:\/\/bastardsknives.com\/de\/producto\/carbon-fiber-lava-flow\/\" \/>\n<meta property=\"og:locale\" content=\"de_DE\" \/>\n<meta property=\"og:type\" content=\"article\" \/>\n<meta property=\"og:title\" content=\"CARBON FIBER &quot;Lava Flow&quot; - Bastards Knives\" \/>\n<meta property=\"og:description\" content=\"Entdecken Sie den Kohlefaserverbundwerkstoff Lava Flow&quot;: Inspiriert von geschmolzener Lava verleiht dieses auff\u00e4llige Material Ihren Projekten einen einzigartigen, elementaren Touch.\" \/>\n<meta property=\"og:url\" content=\"https:\/\/bastardsknives.com\/de\/producto\/carbon-fiber-lava-flow\/\" \/>\n<meta property=\"og:site_name\" content=\"Bastards Knives\" \/>\n<meta property=\"article:modified_time\" content=\"2024-09-12T12:23:00+00:00\" \/>\n<meta property=\"og:image\" content=\"https:\/\/bastardsknives.com\/wp-content\/uploads\/2024\/09\/lawa-flow-1.jpg\" \/>\n\t<meta property=\"og:image:width\" content=\"1600\" \/>\n\t<meta property=\"og:image:height\" content=\"1600\" \/>\n\t<meta property=\"og:image:type\" content=\"image\/jpeg\" \/>\n<meta name=\"twitter:card\" content=\"summary_large_image\" \/>\n<script type=\"application\/ld+json\" class=\"yoast-schema-graph\">{\"@context\":\"https:\/\/schema.org\",\"@graph\":[{\"@type\":\"WebPage\",\"@id\":\"https:\/\/bastardsknives.com\/de\/producto\/carbon-fiber-lava-flow\/\",\"url\":\"https:\/\/bastardsknives.com\/de\/producto\/carbon-fiber-lava-flow\/\",\"name\":\"CARBON FIBER \\\"Lava Flow\\\" - Bastards Knives\",\"isPartOf\":{\"@id\":\"https:\/\/bastardsknives.com\/de\/#website\"},\"primaryImageOfPage\":{\"@id\":\"https:\/\/bastardsknives.com\/de\/producto\/carbon-fiber-lava-flow\/#primaryimage\"},\"image\":{\"@id\":\"https:\/\/bastardsknives.com\/de\/producto\/carbon-fiber-lava-flow\/#primaryimage\"},\"thumbnailUrl\":\"https:\/\/bastardsknives.com\/wp-content\/uploads\/2024\/09\/lawa-flow-1.jpg\",\"datePublished\":\"2024-09-12T12:22:59+00:00\",\"dateModified\":\"2024-09-12T12:23:00+00:00\",\"description\":\"Entdecken Sie den Kohlefaserverbundwerkstoff Lava Flow\\\": Inspiriert von geschmolzener Lava verleiht dieses auff\u00e4llige Material Ihren Projekten einen einzigartigen, elementaren Touch.\",\"breadcrumb\":{\"@id\":\"https:\/\/bastardsknives.com\/de\/producto\/carbon-fiber-lava-flow\/#breadcrumb\"},\"inLanguage\":\"de\",\"potentialAction\":[{\"@type\":\"ReadAction\",\"target\":[\"https:\/\/bastardsknives.com\/de\/producto\/carbon-fiber-lava-flow\/\"]}]},{\"@type\":\"ImageObject\",\"inLanguage\":\"de\",\"@id\":\"https:\/\/bastardsknives.com\/de\/producto\/carbon-fiber-lava-flow\/#primaryimage\",\"url\":\"https:\/\/bastardsknives.com\/wp-content\/uploads\/2024\/09\/lawa-flow-1.jpg\",\"contentUrl\":\"https:\/\/bastardsknives.com\/wp-content\/uploads\/2024\/09\/lawa-flow-1.jpg\",\"width\":1600,\"height\":1600,\"caption\":\"Kohlefasergemisch\"},{\"@type\":\"BreadcrumbList\",\"@id\":\"https:\/\/bastardsknives.com\/de\/producto\/carbon-fiber-lava-flow\/#breadcrumb\",\"itemListElement\":[{\"@type\":\"ListItem\",\"position\":1,\"name\":\"Home\",\"item\":\"https:\/\/bastardsknives.com\/de\/\"},{\"@type\":\"ListItem\",\"position\":2,\"name\":\"Shop\",\"item\":\"https:\/\/bastardsknives.com\/de\/shop\/\"},{\"@type\":\"ListItem\",\"position\":3,\"name\":\"CARBON FIBER &#8220;Lava Flow&#8221;\"}]},{\"@type\":\"WebSite\",\"@id\":\"https:\/\/bastardsknives.com\/de\/#website\",\"url\":\"https:\/\/bastardsknives.com\/de\/\",\"name\":\"Bastards Knives\",\"description\":\"Bastards Knives | Viviendo al filo\",\"publisher\":{\"@id\":\"https:\/\/bastardsknives.com\/de\/#organization\"},\"potentialAction\":[{\"@type\":\"SearchAction\",\"target\":{\"@type\":\"EntryPoint\",\"urlTemplate\":\"https:\/\/bastardsknives.com\/de\/?s={search_term_string}\"},\"query-input\":\"required name=search_term_string\"}],\"inLanguage\":\"de\"},{\"@type\":\"Organization\",\"@id\":\"https:\/\/bastardsknives.com\/de\/#organization\",\"name\":\"Bastards Knives\",\"url\":\"https:\/\/bastardsknives.com\/de\/\",\"logo\":{\"@type\":\"ImageObject\",\"inLanguage\":\"de\",\"@id\":\"https:\/\/bastardsknives.com\/de\/#\/schema\/logo\/image\/\",\"url\":\"https:\/\/bastardsknives.com\/wp-content\/uploads\/2022\/07\/Logoprod1.png\",\"contentUrl\":\"https:\/\/bastardsknives.com\/wp-content\/uploads\/2022\/07\/Logoprod1.png\",\"width\":284,\"height\":122,\"caption\":\"Bastards Knives\"},\"image\":{\"@id\":\"https:\/\/bastardsknives.com\/de\/#\/schema\/logo\/image\/\"}}]}<\/script>\n<!-- \/ Yoast SEO plugin. -->","yoast_head_json":{"title":"CARBON FIBER \"Lava Flow\" - Bastards Knives","description":"Entdecken Sie den Kohlefaserverbundwerkstoff Lava Flow\": Inspiriert von geschmolzener Lava verleiht dieses auff\u00e4llige Material Ihren Projekten einen einzigartigen, elementaren Touch.","robots":{"index":"index","follow":"follow","max-snippet":"max-snippet:-1","max-image-preview":"max-image-preview:large","max-video-preview":"max-video-preview:-1"},"canonical":"https:\/\/bastardsknives.com\/de\/producto\/carbon-fiber-lava-flow\/","og_locale":"de_DE","og_type":"article","og_title":"CARBON FIBER \"Lava Flow\" - Bastards Knives","og_description":"Entdecken Sie den Kohlefaserverbundwerkstoff Lava Flow\": Inspiriert von geschmolzener Lava verleiht dieses auff\u00e4llige Material Ihren Projekten einen einzigartigen, elementaren Touch.","og_url":"https:\/\/bastardsknives.com\/de\/producto\/carbon-fiber-lava-flow\/","og_site_name":"Bastards Knives","article_modified_time":"2024-09-12T12:23:00+00:00","og_image":[{"width":1600,"height":1600,"url":"https:\/\/bastardsknives.com\/wp-content\/uploads\/2024\/09\/lawa-flow-1.jpg","type":"image\/jpeg"}],"twitter_card":"summary_large_image","schema":{"@context":"https:\/\/schema.org","@graph":[{"@type":"WebPage","@id":"https:\/\/bastardsknives.com\/de\/producto\/carbon-fiber-lava-flow\/","url":"https:\/\/bastardsknives.com\/de\/producto\/carbon-fiber-lava-flow\/","name":"CARBON FIBER \"Lava Flow\" - Bastards Knives","isPartOf":{"@id":"https:\/\/bastardsknives.com\/de\/#website"},"primaryImageOfPage":{"@id":"https:\/\/bastardsknives.com\/de\/producto\/carbon-fiber-lava-flow\/#primaryimage"},"image":{"@id":"https:\/\/bastardsknives.com\/de\/producto\/carbon-fiber-lava-flow\/#primaryimage"},"thumbnailUrl":"https:\/\/bastardsknives.com\/wp-content\/uploads\/2024\/09\/lawa-flow-1.jpg","datePublished":"2024-09-12T12:22:59+00:00","dateModified":"2024-09-12T12:23:00+00:00","description":"Entdecken Sie den Kohlefaserverbundwerkstoff Lava Flow\": Inspiriert von geschmolzener Lava verleiht dieses auff\u00e4llige Material Ihren Projekten einen einzigartigen, elementaren Touch.","breadcrumb":{"@id":"https:\/\/bastardsknives.com\/de\/producto\/carbon-fiber-lava-flow\/#breadcrumb"},"inLanguage":"de","potentialAction":[{"@type":"ReadAction","target":["https:\/\/bastardsknives.com\/de\/producto\/carbon-fiber-lava-flow\/"]}]},{"@type":"ImageObject","inLanguage":"de","@id":"https:\/\/bastardsknives.com\/de\/producto\/carbon-fiber-lava-flow\/#primaryimage","url":"https:\/\/bastardsknives.com\/wp-content\/uploads\/2024\/09\/lawa-flow-1.jpg","contentUrl":"https:\/\/bastardsknives.com\/wp-content\/uploads\/2024\/09\/lawa-flow-1.jpg","width":1600,"height":1600,"caption":"Kohlefasergemisch"},{"@type":"BreadcrumbList","@id":"https:\/\/bastardsknives.com\/de\/producto\/carbon-fiber-lava-flow\/#breadcrumb","itemListElement":[{"@type":"ListItem","position":1,"name":"Home","item":"https:\/\/bastardsknives.com\/de\/"},{"@type":"ListItem","position":2,"name":"Shop","item":"https:\/\/bastardsknives.com\/de\/shop\/"},{"@type":"ListItem","position":3,"name":"CARBON FIBER &#8220;Lava Flow&#8221;"}]},{"@type":"WebSite","@id":"https:\/\/bastardsknives.com\/de\/#website","url":"https:\/\/bastardsknives.com\/de\/","name":"Bastards Knives","description":"Bastards Knives | Viviendo al filo","publisher":{"@id":"https:\/\/bastardsknives.com\/de\/#organization"},"potentialAction":[{"@type":"SearchAction","target":{"@type":"EntryPoint","urlTemplate":"https:\/\/bastardsknives.com\/de\/?s={search_term_string}"},"query-input":"required name=search_term_string"}],"inLanguage":"de"},{"@type":"Organization","@id":"https:\/\/bastardsknives.com\/de\/#organization","name":"Bastards Knives","url":"https:\/\/bastardsknives.com\/de\/","logo":{"@type":"ImageObject","inLanguage":"de","@id":"https:\/\/bastardsknives.com\/de\/#\/schema\/logo\/image\/","url":"https:\/\/bastardsknives.com\/wp-content\/uploads\/2022\/07\/Logoprod1.png","contentUrl":"https:\/\/bastardsknives.com\/wp-content\/uploads\/2022\/07\/Logoprod1.png","width":284,"height":122,"caption":"Bastards Knives"},"image":{"@id":"https:\/\/bastardsknives.com\/de\/#\/schema\/logo\/image\/"}}]}},"_links":{"self":[{"href":"https:\/\/bastardsknives.com\/de\/wp-json\/wp\/v2\/product\/6478","targetHints":{"allow":["GET"]}}],"collection":[{"href":"https:\/\/bastardsknives.com\/de\/wp-json\/wp\/v2\/product"}],"about":[{"href":"https:\/\/bastardsknives.com\/de\/wp-json\/wp\/v2\/types\/product"}],"wp:featuredmedia":[{"embeddable":true,"href":"https:\/\/bastardsknives.com\/de\/wp-json\/wp\/v2\/media\/6239"}],"wp:attachment":[{"href":"https:\/\/bastardsknives.com\/de\/wp-json\/wp\/v2\/media?parent=6478"}],"wp:term":[{"taxonomy":"product_brand","embeddable":true,"href":"https:\/\/bastardsknives.com\/de\/wp-json\/wp\/v2\/product_brand?post=6478"},{"taxonomy":"product_cat","embeddable":true,"href":"https:\/\/bastardsknives.com\/de\/wp-json\/wp\/v2\/product_cat?post=6478"},{"taxonomy":"product_tag","embeddable":true,"href":"https:\/\/bastardsknives.com\/de\/wp-json\/wp\/v2\/product_tag?post=6478"}],"curies":[{"name":"wp","href":"https:\/\/api.w.org\/{rel}","templated":true}]}}