{"id":6484,"date":"2024-09-12T14:13:49","date_gmt":"2024-09-12T14:13:49","guid":{"rendered":"https:\/\/bastardsknives.com\/?post_type=product&#038;p=6484"},"modified":"2024-09-12T14:13:49","modified_gmt":"2024-09-12T14:13:49","slug":"karbonfaser-mars-valley","status":"publish","type":"product","link":"https:\/\/bastardsknives.com\/de\/producto\/karbonfaser-mars-valley\/","title":{"rendered":"KARBONFASER \u201eMars Valley\u201c"},"content":{"rendered":"<p>Unser \u201eMars Valley\u201c-Kohlenstofffaserverbundstoff spiegelt die visuelle Anziehungskraft unseres \u201eLava Flow\u201c-Designs wider, bietet aber eine andere Farbkombination. Wie alle Fatcarbon-Platten ist \u201eMars Valley\u201c leicht, hat eine hohe Steifigkeit und Festigkeit, ist schlagfest und korrosionsbest\u00e4ndig und weist eine au\u00dfergew\u00f6hnliche Dimensionsstabilit\u00e4t auf. Seine auff\u00e4llige \u00c4sthetik macht es ideal f\u00fcr eine Reihe von Hochleistungsanwendungen. Der r\u00f6tliche Farbton unseres kosmischen Nachbarn, des Mars, stammt von seiner Eisenoxidoberfl\u00e4che &#8211; demselben Element, das auch Blut seine rote Farbe verleiht. Wie es sich f\u00fcr einen Planeten geh\u00f6rt, der nach dem r\u00f6mischen Gott des Krieges benannt ist, hat der Mars, obwohl er \u00fcber 54 Millionen Kilometer entfernt ist, seit der Antike die menschliche Fantasie angeregt.    <\/p>\n","protected":false},"excerpt":{"rendered":"<p>Unser \u201eMars Valley\u201c-Kohlenstofffaserverbundstoff spiegelt die visuelle Anziehungskraft unseres \u201eLava Flow\u201c-Designs wider, bietet aber eine andere Farbkombination. Wie alle Fatcarbon-Platten ist \u201eMars Valley\u201c leicht, hat eine hohe Steifigkeit und Festigkeit, ist schlagfest und korrosionsbest\u00e4ndig und weist eine au\u00dfergew\u00f6hnliche Dimensionsstabilit\u00e4t auf. Seine auff\u00e4llige \u00c4sthetik macht es ideal f\u00fcr eine Reihe von Hochleistungsanwendungen. Der r\u00f6tliche Farbton unseres kosmischen&#8230;<\/p>\n","protected":false},"featured_media":6242,"template":"","meta":[],"product_brand":[],"product_cat":[906],"product_tag":[],"class_list":{"0":"post-6484","1":"product","2":"type-product","3":"status-publish","4":"has-post-thumbnail","6":"product_cat-fat-carbon-de","8":"first","9":"instock","10":"taxable","11":"shipping-taxable","12":"purchasable","13":"product-type-variable"},"acf":[],"yoast_head":"<!-- This site is optimized with the Yoast SEO plugin v23.1 - https:\/\/yoast.com\/wordpress\/plugins\/seo\/ -->\n<title>KARBONFASER \u201eMars Valley\u201c - Bastards Knives<\/title>\n<meta name=\"description\" content=\"Entdecken Sie das \u201eMars Valley\u201c-Karbonfaserdesign: leicht, stabil und sto\u00dffest mit einer einzigartigen Farbe, die von der Eisenoxidoberfl\u00e4che des roten Planeten inspiriert ist.\" \/>\n<meta name=\"robots\" content=\"index, follow, max-snippet:-1, max-image-preview:large, max-video-preview:-1\" \/>\n<link rel=\"canonical\" href=\"https:\/\/bastardsknives.com\/de\/producto\/karbonfaser-mars-valley\/\" \/>\n<meta property=\"og:locale\" content=\"de_DE\" \/>\n<meta property=\"og:type\" content=\"article\" \/>\n<meta property=\"og:title\" content=\"KARBONFASER \u201eMars Valley\u201c - Bastards Knives\" \/>\n<meta property=\"og:description\" content=\"Entdecken Sie das \u201eMars Valley\u201c-Karbonfaserdesign: leicht, stabil und sto\u00dffest mit einer einzigartigen Farbe, die von der Eisenoxidoberfl\u00e4che des roten Planeten inspiriert ist.\" \/>\n<meta property=\"og:url\" content=\"https:\/\/bastardsknives.com\/de\/producto\/karbonfaser-mars-valley\/\" \/>\n<meta property=\"og:site_name\" content=\"Bastards Knives\" \/>\n<meta property=\"og:image\" content=\"https:\/\/bastardsknives.com\/wp-content\/uploads\/2024\/09\/mars-valey-1.jpg\" \/>\n\t<meta property=\"og:image:width\" content=\"1600\" \/>\n\t<meta property=\"og:image:height\" content=\"1600\" \/>\n\t<meta property=\"og:image:type\" content=\"image\/jpeg\" \/>\n<meta name=\"twitter:card\" content=\"summary_large_image\" \/>\n<meta name=\"twitter:label1\" content=\"Gesch\u00e4tzte Lesezeit\" \/>\n\t<meta name=\"twitter:data1\" content=\"1\u00a0Minute\" \/>\n<script type=\"application\/ld+json\" class=\"yoast-schema-graph\">{\"@context\":\"https:\/\/schema.org\",\"@graph\":[{\"@type\":\"WebPage\",\"@id\":\"https:\/\/bastardsknives.com\/de\/producto\/karbonfaser-mars-valley\/\",\"url\":\"https:\/\/bastardsknives.com\/de\/producto\/karbonfaser-mars-valley\/\",\"name\":\"KARBONFASER \u201eMars Valley\u201c - Bastards Knives\",\"isPartOf\":{\"@id\":\"https:\/\/bastardsknives.com\/de\/#website\"},\"primaryImageOfPage\":{\"@id\":\"https:\/\/bastardsknives.com\/de\/producto\/karbonfaser-mars-valley\/#primaryimage\"},\"image\":{\"@id\":\"https:\/\/bastardsknives.com\/de\/producto\/karbonfaser-mars-valley\/#primaryimage\"},\"thumbnailUrl\":\"https:\/\/bastardsknives.com\/wp-content\/uploads\/2024\/09\/mars-valey-1.jpg\",\"datePublished\":\"2024-09-12T14:13:49+00:00\",\"dateModified\":\"2024-09-12T14:13:49+00:00\",\"description\":\"Entdecken Sie das \u201eMars Valley\u201c-Karbonfaserdesign: leicht, stabil und sto\u00dffest mit einer einzigartigen Farbe, die von der Eisenoxidoberfl\u00e4che des roten Planeten inspiriert ist.\",\"breadcrumb\":{\"@id\":\"https:\/\/bastardsknives.com\/de\/producto\/karbonfaser-mars-valley\/#breadcrumb\"},\"inLanguage\":\"de\",\"potentialAction\":[{\"@type\":\"ReadAction\",\"target\":[\"https:\/\/bastardsknives.com\/de\/producto\/karbonfaser-mars-valley\/\"]}]},{\"@type\":\"ImageObject\",\"inLanguage\":\"de\",\"@id\":\"https:\/\/bastardsknives.com\/de\/producto\/karbonfaser-mars-valley\/#primaryimage\",\"url\":\"https:\/\/bastardsknives.com\/wp-content\/uploads\/2024\/09\/mars-valey-1.jpg\",\"contentUrl\":\"https:\/\/bastardsknives.com\/wp-content\/uploads\/2024\/09\/mars-valey-1.jpg\",\"width\":1600,\"height\":1600,\"caption\":\"carbon design\"},{\"@type\":\"BreadcrumbList\",\"@id\":\"https:\/\/bastardsknives.com\/de\/producto\/karbonfaser-mars-valley\/#breadcrumb\",\"itemListElement\":[{\"@type\":\"ListItem\",\"position\":1,\"name\":\"Home\",\"item\":\"https:\/\/bastardsknives.com\/de\/\"},{\"@type\":\"ListItem\",\"position\":2,\"name\":\"Shop\",\"item\":\"https:\/\/bastardsknives.com\/de\/shop\/\"},{\"@type\":\"ListItem\",\"position\":3,\"name\":\"KARBONFASER \u201eMars Valley\u201c\"}]},{\"@type\":\"WebSite\",\"@id\":\"https:\/\/bastardsknives.com\/de\/#website\",\"url\":\"https:\/\/bastardsknives.com\/de\/\",\"name\":\"Bastards Knives\",\"description\":\"Bastards Knives | Viviendo al filo\",\"publisher\":{\"@id\":\"https:\/\/bastardsknives.com\/de\/#organization\"},\"potentialAction\":[{\"@type\":\"SearchAction\",\"target\":{\"@type\":\"EntryPoint\",\"urlTemplate\":\"https:\/\/bastardsknives.com\/de\/?s={search_term_string}\"},\"query-input\":\"required name=search_term_string\"}],\"inLanguage\":\"de\"},{\"@type\":\"Organization\",\"@id\":\"https:\/\/bastardsknives.com\/de\/#organization\",\"name\":\"Bastards Knives\",\"url\":\"https:\/\/bastardsknives.com\/de\/\",\"logo\":{\"@type\":\"ImageObject\",\"inLanguage\":\"de\",\"@id\":\"https:\/\/bastardsknives.com\/de\/#\/schema\/logo\/image\/\",\"url\":\"https:\/\/bastardsknives.com\/wp-content\/uploads\/2022\/07\/Logoprod1.png\",\"contentUrl\":\"https:\/\/bastardsknives.com\/wp-content\/uploads\/2022\/07\/Logoprod1.png\",\"width\":284,\"height\":122,\"caption\":\"Bastards Knives\"},\"image\":{\"@id\":\"https:\/\/bastardsknives.com\/de\/#\/schema\/logo\/image\/\"}}]}<\/script>\n<!-- \/ Yoast SEO plugin. -->","yoast_head_json":{"title":"KARBONFASER \u201eMars Valley\u201c - Bastards Knives","description":"Entdecken Sie das \u201eMars Valley\u201c-Karbonfaserdesign: leicht, stabil und sto\u00dffest mit einer einzigartigen Farbe, die von der Eisenoxidoberfl\u00e4che des roten Planeten inspiriert ist.","robots":{"index":"index","follow":"follow","max-snippet":"max-snippet:-1","max-image-preview":"max-image-preview:large","max-video-preview":"max-video-preview:-1"},"canonical":"https:\/\/bastardsknives.com\/de\/producto\/karbonfaser-mars-valley\/","og_locale":"de_DE","og_type":"article","og_title":"KARBONFASER \u201eMars Valley\u201c - Bastards Knives","og_description":"Entdecken Sie das \u201eMars Valley\u201c-Karbonfaserdesign: leicht, stabil und sto\u00dffest mit einer einzigartigen Farbe, die von der Eisenoxidoberfl\u00e4che des roten Planeten inspiriert ist.","og_url":"https:\/\/bastardsknives.com\/de\/producto\/karbonfaser-mars-valley\/","og_site_name":"Bastards Knives","og_image":[{"width":1600,"height":1600,"url":"https:\/\/bastardsknives.com\/wp-content\/uploads\/2024\/09\/mars-valey-1.jpg","type":"image\/jpeg"}],"twitter_card":"summary_large_image","twitter_misc":{"Gesch\u00e4tzte Lesezeit":"1\u00a0Minute"},"schema":{"@context":"https:\/\/schema.org","@graph":[{"@type":"WebPage","@id":"https:\/\/bastardsknives.com\/de\/producto\/karbonfaser-mars-valley\/","url":"https:\/\/bastardsknives.com\/de\/producto\/karbonfaser-mars-valley\/","name":"KARBONFASER \u201eMars Valley\u201c - Bastards Knives","isPartOf":{"@id":"https:\/\/bastardsknives.com\/de\/#website"},"primaryImageOfPage":{"@id":"https:\/\/bastardsknives.com\/de\/producto\/karbonfaser-mars-valley\/#primaryimage"},"image":{"@id":"https:\/\/bastardsknives.com\/de\/producto\/karbonfaser-mars-valley\/#primaryimage"},"thumbnailUrl":"https:\/\/bastardsknives.com\/wp-content\/uploads\/2024\/09\/mars-valey-1.jpg","datePublished":"2024-09-12T14:13:49+00:00","dateModified":"2024-09-12T14:13:49+00:00","description":"Entdecken Sie das \u201eMars Valley\u201c-Karbonfaserdesign: leicht, stabil und sto\u00dffest mit einer einzigartigen Farbe, die von der Eisenoxidoberfl\u00e4che des roten Planeten inspiriert ist.","breadcrumb":{"@id":"https:\/\/bastardsknives.com\/de\/producto\/karbonfaser-mars-valley\/#breadcrumb"},"inLanguage":"de","potentialAction":[{"@type":"ReadAction","target":["https:\/\/bastardsknives.com\/de\/producto\/karbonfaser-mars-valley\/"]}]},{"@type":"ImageObject","inLanguage":"de","@id":"https:\/\/bastardsknives.com\/de\/producto\/karbonfaser-mars-valley\/#primaryimage","url":"https:\/\/bastardsknives.com\/wp-content\/uploads\/2024\/09\/mars-valey-1.jpg","contentUrl":"https:\/\/bastardsknives.com\/wp-content\/uploads\/2024\/09\/mars-valey-1.jpg","width":1600,"height":1600,"caption":"carbon design"},{"@type":"BreadcrumbList","@id":"https:\/\/bastardsknives.com\/de\/producto\/karbonfaser-mars-valley\/#breadcrumb","itemListElement":[{"@type":"ListItem","position":1,"name":"Home","item":"https:\/\/bastardsknives.com\/de\/"},{"@type":"ListItem","position":2,"name":"Shop","item":"https:\/\/bastardsknives.com\/de\/shop\/"},{"@type":"ListItem","position":3,"name":"KARBONFASER \u201eMars Valley\u201c"}]},{"@type":"WebSite","@id":"https:\/\/bastardsknives.com\/de\/#website","url":"https:\/\/bastardsknives.com\/de\/","name":"Bastards Knives","description":"Bastards Knives | Viviendo al filo","publisher":{"@id":"https:\/\/bastardsknives.com\/de\/#organization"},"potentialAction":[{"@type":"SearchAction","target":{"@type":"EntryPoint","urlTemplate":"https:\/\/bastardsknives.com\/de\/?s={search_term_string}"},"query-input":"required name=search_term_string"}],"inLanguage":"de"},{"@type":"Organization","@id":"https:\/\/bastardsknives.com\/de\/#organization","name":"Bastards Knives","url":"https:\/\/bastardsknives.com\/de\/","logo":{"@type":"ImageObject","inLanguage":"de","@id":"https:\/\/bastardsknives.com\/de\/#\/schema\/logo\/image\/","url":"https:\/\/bastardsknives.com\/wp-content\/uploads\/2022\/07\/Logoprod1.png","contentUrl":"https:\/\/bastardsknives.com\/wp-content\/uploads\/2022\/07\/Logoprod1.png","width":284,"height":122,"caption":"Bastards Knives"},"image":{"@id":"https:\/\/bastardsknives.com\/de\/#\/schema\/logo\/image\/"}}]}},"_links":{"self":[{"href":"https:\/\/bastardsknives.com\/de\/wp-json\/wp\/v2\/product\/6484","targetHints":{"allow":["GET"]}}],"collection":[{"href":"https:\/\/bastardsknives.com\/de\/wp-json\/wp\/v2\/product"}],"about":[{"href":"https:\/\/bastardsknives.com\/de\/wp-json\/wp\/v2\/types\/product"}],"wp:featuredmedia":[{"embeddable":true,"href":"https:\/\/bastardsknives.com\/de\/wp-json\/wp\/v2\/media\/6242"}],"wp:attachment":[{"href":"https:\/\/bastardsknives.com\/de\/wp-json\/wp\/v2\/media?parent=6484"}],"wp:term":[{"taxonomy":"product_brand","embeddable":true,"href":"https:\/\/bastardsknives.com\/de\/wp-json\/wp\/v2\/product_brand?post=6484"},{"taxonomy":"product_cat","embeddable":true,"href":"https:\/\/bastardsknives.com\/de\/wp-json\/wp\/v2\/product_cat?post=6484"},{"taxonomy":"product_tag","embeddable":true,"href":"https:\/\/bastardsknives.com\/de\/wp-json\/wp\/v2\/product_tag?post=6484"}],"curies":[{"name":"wp","href":"https:\/\/api.w.org\/{rel}","templated":true}]}}