{"id":6499,"date":"2024-09-12T14:47:13","date_gmt":"2024-09-12T14:47:13","guid":{"rendered":"https:\/\/bastardsknives.com\/?post_type=product&#038;p=6499"},"modified":"2024-09-12T14:47:13","modified_gmt":"2024-09-12T14:47:13","slug":"karbonfaser-regentropfen-gold-kupfer","status":"publish","type":"product","link":"https:\/\/bastardsknives.com\/de\/producto\/karbonfaser-regentropfen-gold-kupfer\/","title":{"rendered":"KARBONFASER \u201eRegentropfen Gold\/Kupfer\u201c"},"content":{"rendered":"<div class=\"flex max-w-full flex-col flex-grow\">\n<div class=\"min-h-[20px] text-message flex w-full flex-col items-end gap-2 whitespace-normal break-words [.text-message+&amp;]:mt-5\" dir=\"auto\" data-message-author-role=\"assistant\" data-message-id=\"ae3836e8-b052-4f42-b9db-7a80692ce03d\">\n<div class=\"flex w-full flex-col gap-1 empty:hidden first:pt-[3px]\">\n<div class=\"markdown prose w-full break-words dark:prose-invert light\"> Diese luxuri\u00f6se, mit Bronze durchzogene Kohlefaser weist eine makellose, gewebte Struktur auf und eignet sich perfekt f\u00fcr die Herstellung von Geldklammern, Manschettenkn\u00f6pfen oder auff\u00e4lligen Autodekorationselementen. Dank ihrer hervorragenden Bearbeitungseigenschaften ist sie leicht zu verarbeiten und vielseitig genug f\u00fcr eine Vielzahl von Projekten &#8211; von Schmuckst\u00fccken \u00fcber Flaschen\u00f6ffner bis hin zu beeindruckenden iPhone-H\u00fcllen. Stellen Sie sich vor, Sie k\u00f6nnten Messerschalen aus diesem herrlichen Material herstellen &#8211; es wertet jedes Design auf.   <\/div>\n<\/div>\n<\/div>\n<\/div>\n","protected":false},"excerpt":{"rendered":"<p>Diese luxuri\u00f6se, mit Bronze durchzogene Kohlefaser weist eine makellose, gewebte Struktur auf und eignet sich perfekt f\u00fcr die Herstellung von Geldklammern, Manschettenkn\u00f6pfen oder auff\u00e4lligen Autodekorationselementen. Dank ihrer hervorragenden Bearbeitungseigenschaften ist sie leicht zu verarbeiten und vielseitig genug f\u00fcr eine Vielzahl von Projekten &#8211; von Schmuckst\u00fccken \u00fcber Flaschen\u00f6ffner bis hin zu beeindruckenden iPhone-H\u00fcllen. Stellen Sie sich&#8230;<\/p>\n","protected":false},"featured_media":6245,"template":"","meta":[],"product_brand":[],"product_cat":[906],"product_tag":[],"class_list":{"0":"post-6499","1":"product","2":"type-product","3":"status-publish","4":"has-post-thumbnail","6":"product_cat-fat-carbon-de","8":"first","9":"instock","10":"taxable","11":"shipping-taxable","12":"purchasable","13":"product-type-variable"},"acf":[],"yoast_head":"<!-- This site is optimized with the Yoast SEO plugin v23.1 - https:\/\/yoast.com\/wordpress\/plugins\/seo\/ -->\n<title>KARBONFASER \u201eRegentropfen Gold\/Kupfer\u201c - Bastards Knives<\/title>\n<meta name=\"description\" content=\"Entdecken Sie die luxuri\u00f6se, mit Bronze durchzogene Karbonfaser: makellos gewebte Struktur, perfekt f\u00fcr Schmuck, Autodekor, Messerschalen und vieles mehr.\" \/>\n<meta name=\"robots\" content=\"index, follow, max-snippet:-1, max-image-preview:large, max-video-preview:-1\" \/>\n<link rel=\"canonical\" href=\"https:\/\/bastardsknives.com\/de\/producto\/karbonfaser-regentropfen-gold-kupfer\/\" \/>\n<meta property=\"og:locale\" content=\"de_DE\" \/>\n<meta property=\"og:type\" content=\"article\" \/>\n<meta property=\"og:title\" content=\"KARBONFASER \u201eRegentropfen Gold\/Kupfer\u201c - Bastards Knives\" \/>\n<meta property=\"og:description\" content=\"Entdecken Sie die luxuri\u00f6se, mit Bronze durchzogene Karbonfaser: makellos gewebte Struktur, perfekt f\u00fcr Schmuck, Autodekor, Messerschalen und vieles mehr.\" \/>\n<meta property=\"og:url\" content=\"https:\/\/bastardsknives.com\/de\/producto\/karbonfaser-regentropfen-gold-kupfer\/\" \/>\n<meta property=\"og:site_name\" content=\"Bastards Knives\" \/>\n<meta property=\"og:image\" content=\"https:\/\/bastardsknives.com\/wp-content\/uploads\/2024\/09\/raindrop-copper-1.jpg\" \/>\n\t<meta property=\"og:image:width\" content=\"1600\" \/>\n\t<meta property=\"og:image:height\" content=\"1600\" \/>\n\t<meta property=\"og:image:type\" content=\"image\/jpeg\" \/>\n<meta name=\"twitter:card\" content=\"summary_large_image\" \/>\n<script type=\"application\/ld+json\" class=\"yoast-schema-graph\">{\"@context\":\"https:\/\/schema.org\",\"@graph\":[{\"@type\":\"WebPage\",\"@id\":\"https:\/\/bastardsknives.com\/de\/producto\/karbonfaser-regentropfen-gold-kupfer\/\",\"url\":\"https:\/\/bastardsknives.com\/de\/producto\/karbonfaser-regentropfen-gold-kupfer\/\",\"name\":\"KARBONFASER \u201eRegentropfen Gold\/Kupfer\u201c - Bastards Knives\",\"isPartOf\":{\"@id\":\"https:\/\/bastardsknives.com\/de\/#website\"},\"primaryImageOfPage\":{\"@id\":\"https:\/\/bastardsknives.com\/de\/producto\/karbonfaser-regentropfen-gold-kupfer\/#primaryimage\"},\"image\":{\"@id\":\"https:\/\/bastardsknives.com\/de\/producto\/karbonfaser-regentropfen-gold-kupfer\/#primaryimage\"},\"thumbnailUrl\":\"https:\/\/bastardsknives.com\/wp-content\/uploads\/2024\/09\/raindrop-copper-1.jpg\",\"datePublished\":\"2024-09-12T14:47:13+00:00\",\"dateModified\":\"2024-09-12T14:47:13+00:00\",\"description\":\"Entdecken Sie die luxuri\u00f6se, mit Bronze durchzogene Karbonfaser: makellos gewebte Struktur, perfekt f\u00fcr Schmuck, Autodekor, Messerschalen und vieles mehr.\",\"breadcrumb\":{\"@id\":\"https:\/\/bastardsknives.com\/de\/producto\/karbonfaser-regentropfen-gold-kupfer\/#breadcrumb\"},\"inLanguage\":\"de\",\"potentialAction\":[{\"@type\":\"ReadAction\",\"target\":[\"https:\/\/bastardsknives.com\/de\/producto\/karbonfaser-regentropfen-gold-kupfer\/\"]}]},{\"@type\":\"ImageObject\",\"inLanguage\":\"de\",\"@id\":\"https:\/\/bastardsknives.com\/de\/producto\/karbonfaser-regentropfen-gold-kupfer\/#primaryimage\",\"url\":\"https:\/\/bastardsknives.com\/wp-content\/uploads\/2024\/09\/raindrop-copper-1.jpg\",\"contentUrl\":\"https:\/\/bastardsknives.com\/wp-content\/uploads\/2024\/09\/raindrop-copper-1.jpg\",\"width\":1600,\"height\":1600},{\"@type\":\"BreadcrumbList\",\"@id\":\"https:\/\/bastardsknives.com\/de\/producto\/karbonfaser-regentropfen-gold-kupfer\/#breadcrumb\",\"itemListElement\":[{\"@type\":\"ListItem\",\"position\":1,\"name\":\"Home\",\"item\":\"https:\/\/bastardsknives.com\/de\/\"},{\"@type\":\"ListItem\",\"position\":2,\"name\":\"Shop\",\"item\":\"https:\/\/bastardsknives.com\/de\/shop\/\"},{\"@type\":\"ListItem\",\"position\":3,\"name\":\"KARBONFASER \u201eRegentropfen Gold\/Kupfer\u201c\"}]},{\"@type\":\"WebSite\",\"@id\":\"https:\/\/bastardsknives.com\/de\/#website\",\"url\":\"https:\/\/bastardsknives.com\/de\/\",\"name\":\"Bastards Knives\",\"description\":\"Bastards Knives | Viviendo al filo\",\"publisher\":{\"@id\":\"https:\/\/bastardsknives.com\/de\/#organization\"},\"potentialAction\":[{\"@type\":\"SearchAction\",\"target\":{\"@type\":\"EntryPoint\",\"urlTemplate\":\"https:\/\/bastardsknives.com\/de\/?s={search_term_string}\"},\"query-input\":\"required name=search_term_string\"}],\"inLanguage\":\"de\"},{\"@type\":\"Organization\",\"@id\":\"https:\/\/bastardsknives.com\/de\/#organization\",\"name\":\"Bastards Knives\",\"url\":\"https:\/\/bastardsknives.com\/de\/\",\"logo\":{\"@type\":\"ImageObject\",\"inLanguage\":\"de\",\"@id\":\"https:\/\/bastardsknives.com\/de\/#\/schema\/logo\/image\/\",\"url\":\"https:\/\/bastardsknives.com\/wp-content\/uploads\/2022\/07\/Logoprod1.png\",\"contentUrl\":\"https:\/\/bastardsknives.com\/wp-content\/uploads\/2022\/07\/Logoprod1.png\",\"width\":284,\"height\":122,\"caption\":\"Bastards Knives\"},\"image\":{\"@id\":\"https:\/\/bastardsknives.com\/de\/#\/schema\/logo\/image\/\"}}]}<\/script>\n<!-- \/ Yoast SEO plugin. -->","yoast_head_json":{"title":"KARBONFASER \u201eRegentropfen Gold\/Kupfer\u201c - Bastards Knives","description":"Entdecken Sie die luxuri\u00f6se, mit Bronze durchzogene Karbonfaser: makellos gewebte Struktur, perfekt f\u00fcr Schmuck, Autodekor, Messerschalen und vieles mehr.","robots":{"index":"index","follow":"follow","max-snippet":"max-snippet:-1","max-image-preview":"max-image-preview:large","max-video-preview":"max-video-preview:-1"},"canonical":"https:\/\/bastardsknives.com\/de\/producto\/karbonfaser-regentropfen-gold-kupfer\/","og_locale":"de_DE","og_type":"article","og_title":"KARBONFASER \u201eRegentropfen Gold\/Kupfer\u201c - Bastards Knives","og_description":"Entdecken Sie die luxuri\u00f6se, mit Bronze durchzogene Karbonfaser: makellos gewebte Struktur, perfekt f\u00fcr Schmuck, Autodekor, Messerschalen und vieles mehr.","og_url":"https:\/\/bastardsknives.com\/de\/producto\/karbonfaser-regentropfen-gold-kupfer\/","og_site_name":"Bastards Knives","og_image":[{"width":1600,"height":1600,"url":"https:\/\/bastardsknives.com\/wp-content\/uploads\/2024\/09\/raindrop-copper-1.jpg","type":"image\/jpeg"}],"twitter_card":"summary_large_image","schema":{"@context":"https:\/\/schema.org","@graph":[{"@type":"WebPage","@id":"https:\/\/bastardsknives.com\/de\/producto\/karbonfaser-regentropfen-gold-kupfer\/","url":"https:\/\/bastardsknives.com\/de\/producto\/karbonfaser-regentropfen-gold-kupfer\/","name":"KARBONFASER \u201eRegentropfen Gold\/Kupfer\u201c - Bastards Knives","isPartOf":{"@id":"https:\/\/bastardsknives.com\/de\/#website"},"primaryImageOfPage":{"@id":"https:\/\/bastardsknives.com\/de\/producto\/karbonfaser-regentropfen-gold-kupfer\/#primaryimage"},"image":{"@id":"https:\/\/bastardsknives.com\/de\/producto\/karbonfaser-regentropfen-gold-kupfer\/#primaryimage"},"thumbnailUrl":"https:\/\/bastardsknives.com\/wp-content\/uploads\/2024\/09\/raindrop-copper-1.jpg","datePublished":"2024-09-12T14:47:13+00:00","dateModified":"2024-09-12T14:47:13+00:00","description":"Entdecken Sie die luxuri\u00f6se, mit Bronze durchzogene Karbonfaser: makellos gewebte Struktur, perfekt f\u00fcr Schmuck, Autodekor, Messerschalen und vieles mehr.","breadcrumb":{"@id":"https:\/\/bastardsknives.com\/de\/producto\/karbonfaser-regentropfen-gold-kupfer\/#breadcrumb"},"inLanguage":"de","potentialAction":[{"@type":"ReadAction","target":["https:\/\/bastardsknives.com\/de\/producto\/karbonfaser-regentropfen-gold-kupfer\/"]}]},{"@type":"ImageObject","inLanguage":"de","@id":"https:\/\/bastardsknives.com\/de\/producto\/karbonfaser-regentropfen-gold-kupfer\/#primaryimage","url":"https:\/\/bastardsknives.com\/wp-content\/uploads\/2024\/09\/raindrop-copper-1.jpg","contentUrl":"https:\/\/bastardsknives.com\/wp-content\/uploads\/2024\/09\/raindrop-copper-1.jpg","width":1600,"height":1600},{"@type":"BreadcrumbList","@id":"https:\/\/bastardsknives.com\/de\/producto\/karbonfaser-regentropfen-gold-kupfer\/#breadcrumb","itemListElement":[{"@type":"ListItem","position":1,"name":"Home","item":"https:\/\/bastardsknives.com\/de\/"},{"@type":"ListItem","position":2,"name":"Shop","item":"https:\/\/bastardsknives.com\/de\/shop\/"},{"@type":"ListItem","position":3,"name":"KARBONFASER \u201eRegentropfen Gold\/Kupfer\u201c"}]},{"@type":"WebSite","@id":"https:\/\/bastardsknives.com\/de\/#website","url":"https:\/\/bastardsknives.com\/de\/","name":"Bastards Knives","description":"Bastards Knives | Viviendo al filo","publisher":{"@id":"https:\/\/bastardsknives.com\/de\/#organization"},"potentialAction":[{"@type":"SearchAction","target":{"@type":"EntryPoint","urlTemplate":"https:\/\/bastardsknives.com\/de\/?s={search_term_string}"},"query-input":"required name=search_term_string"}],"inLanguage":"de"},{"@type":"Organization","@id":"https:\/\/bastardsknives.com\/de\/#organization","name":"Bastards Knives","url":"https:\/\/bastardsknives.com\/de\/","logo":{"@type":"ImageObject","inLanguage":"de","@id":"https:\/\/bastardsknives.com\/de\/#\/schema\/logo\/image\/","url":"https:\/\/bastardsknives.com\/wp-content\/uploads\/2022\/07\/Logoprod1.png","contentUrl":"https:\/\/bastardsknives.com\/wp-content\/uploads\/2022\/07\/Logoprod1.png","width":284,"height":122,"caption":"Bastards Knives"},"image":{"@id":"https:\/\/bastardsknives.com\/de\/#\/schema\/logo\/image\/"}}]}},"_links":{"self":[{"href":"https:\/\/bastardsknives.com\/de\/wp-json\/wp\/v2\/product\/6499","targetHints":{"allow":["GET"]}}],"collection":[{"href":"https:\/\/bastardsknives.com\/de\/wp-json\/wp\/v2\/product"}],"about":[{"href":"https:\/\/bastardsknives.com\/de\/wp-json\/wp\/v2\/types\/product"}],"wp:featuredmedia":[{"embeddable":true,"href":"https:\/\/bastardsknives.com\/de\/wp-json\/wp\/v2\/media\/6245"}],"wp:attachment":[{"href":"https:\/\/bastardsknives.com\/de\/wp-json\/wp\/v2\/media?parent=6499"}],"wp:term":[{"taxonomy":"product_brand","embeddable":true,"href":"https:\/\/bastardsknives.com\/de\/wp-json\/wp\/v2\/product_brand?post=6499"},{"taxonomy":"product_cat","embeddable":true,"href":"https:\/\/bastardsknives.com\/de\/wp-json\/wp\/v2\/product_cat?post=6499"},{"taxonomy":"product_tag","embeddable":true,"href":"https:\/\/bastardsknives.com\/de\/wp-json\/wp\/v2\/product_tag?post=6499"}],"curies":[{"name":"wp","href":"https:\/\/api.w.org\/{rel}","templated":true}]}}