{"id":6517,"date":"2024-09-12T15:31:51","date_gmt":"2024-09-12T15:31:51","guid":{"rendered":"https:\/\/bastardsknives.com\/?post_type=product&#038;p=6517"},"modified":"2024-09-12T15:31:51","modified_gmt":"2024-09-12T15:31:51","slug":"carbon-fiber-side-cut","status":"publish","type":"product","link":"https:\/\/bastardsknives.com\/de\/producto\/carbon-fiber-side-cut\/","title":{"rendered":"CARBON FIBER \u201eSide Cut\u201c"},"content":{"rendered":"<p>Die glatte und raffinierte Textur der \u201eSide Cut\u201c-Carbonfaser \u00e4hnelt der Maserung von Schwarzholz und bietet sowohl optischen Reiz als auch hohe Leistung. Bei der Herstellung von fatcarbon\u00ae \u201eSide Cut\u201c werden Schichten von Kohlenstofffasern \u00fcbereinandergelegt, mit einem Polymer impr\u00e4gniert und mit gro\u00dfer Kraft zu festen Bl\u00f6cken verfestigt. Diese Bl\u00f6cke werden dann in kleinere St\u00fccke geschnitten und zeigen eine Struktur, die im Sonnenlicht schimmert. \u201eSide Cut&#8220;-Kohlenstofffasern zeichnen sich durch geringes Gewicht, hohe Biegefestigkeit, Schlagz\u00e4higkeit und Formbest\u00e4ndigkeit in verschiedenen Temperaturbereichen aus. Aufgrund ihrer einzigartigen Eigenschaften ist sie ideal f\u00fcr die Herstellung von Messern, Schmuck, Uhren, Robotikkomponenten, Raumfahrtanwendungen und vieles mehr.    <\/p>\n","protected":false},"excerpt":{"rendered":"<p>Die glatte und raffinierte Textur der \u201eSide Cut\u201c-Carbonfaser \u00e4hnelt der Maserung von Schwarzholz und bietet sowohl optischen Reiz als auch hohe Leistung. Bei der Herstellung von fatcarbon\u00ae \u201eSide Cut\u201c werden Schichten von Kohlenstofffasern \u00fcbereinandergelegt, mit einem Polymer impr\u00e4gniert und mit gro\u00dfer Kraft zu festen Bl\u00f6cken verfestigt. Diese Bl\u00f6cke werden dann in kleinere St\u00fccke geschnitten und&#8230;<\/p>\n","protected":false},"featured_media":6251,"template":"","meta":[],"product_brand":[],"product_cat":[906],"product_tag":[],"class_list":{"0":"post-6517","1":"product","2":"type-product","3":"status-publish","4":"has-post-thumbnail","6":"product_cat-fat-carbon-de","8":"first","9":"instock","10":"taxable","11":"shipping-taxable","12":"purchasable","13":"product-type-variable"},"acf":[],"yoast_head":"<!-- This site is optimized with the Yoast SEO plugin v23.1 - https:\/\/yoast.com\/wordpress\/plugins\/seo\/ -->\n<title>CARBON FIBER \u201eSide Cut\u201c - Bastards Knives<\/title>\n<meta name=\"description\" content=\"Entdecken Sie unsere Kohlefaser \u201eSide Cut\u201c: glatte, holz\u00e4hnliche Textur, leicht, stark und perfekt f\u00fcr Messer, Schmuck, Uhren und mehr.\" \/>\n<meta name=\"robots\" content=\"index, follow, max-snippet:-1, max-image-preview:large, max-video-preview:-1\" \/>\n<link rel=\"canonical\" href=\"https:\/\/bastardsknives.com\/de\/producto\/carbon-fiber-side-cut\/\" \/>\n<meta property=\"og:locale\" content=\"de_DE\" \/>\n<meta property=\"og:type\" content=\"article\" \/>\n<meta property=\"og:title\" content=\"CARBON FIBER \u201eSide Cut\u201c - Bastards Knives\" \/>\n<meta property=\"og:description\" content=\"Entdecken Sie unsere Kohlefaser \u201eSide Cut\u201c: glatte, holz\u00e4hnliche Textur, leicht, stark und perfekt f\u00fcr Messer, Schmuck, Uhren und mehr.\" \/>\n<meta property=\"og:url\" content=\"https:\/\/bastardsknives.com\/de\/producto\/carbon-fiber-side-cut\/\" \/>\n<meta property=\"og:site_name\" content=\"Bastards Knives\" \/>\n<meta property=\"og:image\" content=\"https:\/\/bastardsknives.com\/wp-content\/uploads\/2024\/09\/SideCut-1.jpg\" \/>\n\t<meta property=\"og:image:width\" content=\"1600\" \/>\n\t<meta property=\"og:image:height\" content=\"1600\" \/>\n\t<meta property=\"og:image:type\" content=\"image\/jpeg\" \/>\n<meta name=\"twitter:card\" content=\"summary_large_image\" \/>\n<meta name=\"twitter:label1\" content=\"Gesch\u00e4tzte Lesezeit\" \/>\n\t<meta name=\"twitter:data1\" content=\"1\u00a0Minute\" \/>\n<script type=\"application\/ld+json\" class=\"yoast-schema-graph\">{\"@context\":\"https:\/\/schema.org\",\"@graph\":[{\"@type\":\"WebPage\",\"@id\":\"https:\/\/bastardsknives.com\/de\/producto\/carbon-fiber-side-cut\/\",\"url\":\"https:\/\/bastardsknives.com\/de\/producto\/carbon-fiber-side-cut\/\",\"name\":\"CARBON FIBER \u201eSide Cut\u201c - Bastards Knives\",\"isPartOf\":{\"@id\":\"https:\/\/bastardsknives.com\/de\/#website\"},\"primaryImageOfPage\":{\"@id\":\"https:\/\/bastardsknives.com\/de\/producto\/carbon-fiber-side-cut\/#primaryimage\"},\"image\":{\"@id\":\"https:\/\/bastardsknives.com\/de\/producto\/carbon-fiber-side-cut\/#primaryimage\"},\"thumbnailUrl\":\"https:\/\/bastardsknives.com\/wp-content\/uploads\/2024\/09\/SideCut-1.jpg\",\"datePublished\":\"2024-09-12T15:31:51+00:00\",\"dateModified\":\"2024-09-12T15:31:51+00:00\",\"description\":\"Entdecken Sie unsere Kohlefaser \u201eSide Cut\u201c: glatte, holz\u00e4hnliche Textur, leicht, stark und perfekt f\u00fcr Messer, Schmuck, Uhren und mehr.\",\"breadcrumb\":{\"@id\":\"https:\/\/bastardsknives.com\/de\/producto\/carbon-fiber-side-cut\/#breadcrumb\"},\"inLanguage\":\"de\",\"potentialAction\":[{\"@type\":\"ReadAction\",\"target\":[\"https:\/\/bastardsknives.com\/de\/producto\/carbon-fiber-side-cut\/\"]}]},{\"@type\":\"ImageObject\",\"inLanguage\":\"de\",\"@id\":\"https:\/\/bastardsknives.com\/de\/producto\/carbon-fiber-side-cut\/#primaryimage\",\"url\":\"https:\/\/bastardsknives.com\/wp-content\/uploads\/2024\/09\/SideCut-1.jpg\",\"contentUrl\":\"https:\/\/bastardsknives.com\/wp-content\/uploads\/2024\/09\/SideCut-1.jpg\",\"width\":1600,\"height\":1600,\"caption\":\"Side Cut carbon fiber\"},{\"@type\":\"BreadcrumbList\",\"@id\":\"https:\/\/bastardsknives.com\/de\/producto\/carbon-fiber-side-cut\/#breadcrumb\",\"itemListElement\":[{\"@type\":\"ListItem\",\"position\":1,\"name\":\"Home\",\"item\":\"https:\/\/bastardsknives.com\/de\/\"},{\"@type\":\"ListItem\",\"position\":2,\"name\":\"Shop\",\"item\":\"https:\/\/bastardsknives.com\/de\/shop\/\"},{\"@type\":\"ListItem\",\"position\":3,\"name\":\"CARBON FIBER \u201eSide Cut\u201c\"}]},{\"@type\":\"WebSite\",\"@id\":\"https:\/\/bastardsknives.com\/de\/#website\",\"url\":\"https:\/\/bastardsknives.com\/de\/\",\"name\":\"Bastards Knives\",\"description\":\"Bastards Knives | Viviendo al filo\",\"publisher\":{\"@id\":\"https:\/\/bastardsknives.com\/de\/#organization\"},\"potentialAction\":[{\"@type\":\"SearchAction\",\"target\":{\"@type\":\"EntryPoint\",\"urlTemplate\":\"https:\/\/bastardsknives.com\/de\/?s={search_term_string}\"},\"query-input\":\"required name=search_term_string\"}],\"inLanguage\":\"de\"},{\"@type\":\"Organization\",\"@id\":\"https:\/\/bastardsknives.com\/de\/#organization\",\"name\":\"Bastards Knives\",\"url\":\"https:\/\/bastardsknives.com\/de\/\",\"logo\":{\"@type\":\"ImageObject\",\"inLanguage\":\"de\",\"@id\":\"https:\/\/bastardsknives.com\/de\/#\/schema\/logo\/image\/\",\"url\":\"https:\/\/bastardsknives.com\/wp-content\/uploads\/2022\/07\/Logoprod1.png\",\"contentUrl\":\"https:\/\/bastardsknives.com\/wp-content\/uploads\/2022\/07\/Logoprod1.png\",\"width\":284,\"height\":122,\"caption\":\"Bastards Knives\"},\"image\":{\"@id\":\"https:\/\/bastardsknives.com\/de\/#\/schema\/logo\/image\/\"}}]}<\/script>\n<!-- \/ Yoast SEO plugin. -->","yoast_head_json":{"title":"CARBON FIBER \u201eSide Cut\u201c - Bastards Knives","description":"Entdecken Sie unsere Kohlefaser \u201eSide Cut\u201c: glatte, holz\u00e4hnliche Textur, leicht, stark und perfekt f\u00fcr Messer, Schmuck, Uhren und mehr.","robots":{"index":"index","follow":"follow","max-snippet":"max-snippet:-1","max-image-preview":"max-image-preview:large","max-video-preview":"max-video-preview:-1"},"canonical":"https:\/\/bastardsknives.com\/de\/producto\/carbon-fiber-side-cut\/","og_locale":"de_DE","og_type":"article","og_title":"CARBON FIBER \u201eSide Cut\u201c - Bastards Knives","og_description":"Entdecken Sie unsere Kohlefaser \u201eSide Cut\u201c: glatte, holz\u00e4hnliche Textur, leicht, stark und perfekt f\u00fcr Messer, Schmuck, Uhren und mehr.","og_url":"https:\/\/bastardsknives.com\/de\/producto\/carbon-fiber-side-cut\/","og_site_name":"Bastards Knives","og_image":[{"width":1600,"height":1600,"url":"https:\/\/bastardsknives.com\/wp-content\/uploads\/2024\/09\/SideCut-1.jpg","type":"image\/jpeg"}],"twitter_card":"summary_large_image","twitter_misc":{"Gesch\u00e4tzte Lesezeit":"1\u00a0Minute"},"schema":{"@context":"https:\/\/schema.org","@graph":[{"@type":"WebPage","@id":"https:\/\/bastardsknives.com\/de\/producto\/carbon-fiber-side-cut\/","url":"https:\/\/bastardsknives.com\/de\/producto\/carbon-fiber-side-cut\/","name":"CARBON FIBER \u201eSide Cut\u201c - Bastards Knives","isPartOf":{"@id":"https:\/\/bastardsknives.com\/de\/#website"},"primaryImageOfPage":{"@id":"https:\/\/bastardsknives.com\/de\/producto\/carbon-fiber-side-cut\/#primaryimage"},"image":{"@id":"https:\/\/bastardsknives.com\/de\/producto\/carbon-fiber-side-cut\/#primaryimage"},"thumbnailUrl":"https:\/\/bastardsknives.com\/wp-content\/uploads\/2024\/09\/SideCut-1.jpg","datePublished":"2024-09-12T15:31:51+00:00","dateModified":"2024-09-12T15:31:51+00:00","description":"Entdecken Sie unsere Kohlefaser \u201eSide Cut\u201c: glatte, holz\u00e4hnliche Textur, leicht, stark und perfekt f\u00fcr Messer, Schmuck, Uhren und mehr.","breadcrumb":{"@id":"https:\/\/bastardsknives.com\/de\/producto\/carbon-fiber-side-cut\/#breadcrumb"},"inLanguage":"de","potentialAction":[{"@type":"ReadAction","target":["https:\/\/bastardsknives.com\/de\/producto\/carbon-fiber-side-cut\/"]}]},{"@type":"ImageObject","inLanguage":"de","@id":"https:\/\/bastardsknives.com\/de\/producto\/carbon-fiber-side-cut\/#primaryimage","url":"https:\/\/bastardsknives.com\/wp-content\/uploads\/2024\/09\/SideCut-1.jpg","contentUrl":"https:\/\/bastardsknives.com\/wp-content\/uploads\/2024\/09\/SideCut-1.jpg","width":1600,"height":1600,"caption":"Side Cut carbon fiber"},{"@type":"BreadcrumbList","@id":"https:\/\/bastardsknives.com\/de\/producto\/carbon-fiber-side-cut\/#breadcrumb","itemListElement":[{"@type":"ListItem","position":1,"name":"Home","item":"https:\/\/bastardsknives.com\/de\/"},{"@type":"ListItem","position":2,"name":"Shop","item":"https:\/\/bastardsknives.com\/de\/shop\/"},{"@type":"ListItem","position":3,"name":"CARBON FIBER \u201eSide Cut\u201c"}]},{"@type":"WebSite","@id":"https:\/\/bastardsknives.com\/de\/#website","url":"https:\/\/bastardsknives.com\/de\/","name":"Bastards Knives","description":"Bastards Knives | Viviendo al filo","publisher":{"@id":"https:\/\/bastardsknives.com\/de\/#organization"},"potentialAction":[{"@type":"SearchAction","target":{"@type":"EntryPoint","urlTemplate":"https:\/\/bastardsknives.com\/de\/?s={search_term_string}"},"query-input":"required name=search_term_string"}],"inLanguage":"de"},{"@type":"Organization","@id":"https:\/\/bastardsknives.com\/de\/#organization","name":"Bastards Knives","url":"https:\/\/bastardsknives.com\/de\/","logo":{"@type":"ImageObject","inLanguage":"de","@id":"https:\/\/bastardsknives.com\/de\/#\/schema\/logo\/image\/","url":"https:\/\/bastardsknives.com\/wp-content\/uploads\/2022\/07\/Logoprod1.png","contentUrl":"https:\/\/bastardsknives.com\/wp-content\/uploads\/2022\/07\/Logoprod1.png","width":284,"height":122,"caption":"Bastards Knives"},"image":{"@id":"https:\/\/bastardsknives.com\/de\/#\/schema\/logo\/image\/"}}]}},"_links":{"self":[{"href":"https:\/\/bastardsknives.com\/de\/wp-json\/wp\/v2\/product\/6517","targetHints":{"allow":["GET"]}}],"collection":[{"href":"https:\/\/bastardsknives.com\/de\/wp-json\/wp\/v2\/product"}],"about":[{"href":"https:\/\/bastardsknives.com\/de\/wp-json\/wp\/v2\/types\/product"}],"wp:featuredmedia":[{"embeddable":true,"href":"https:\/\/bastardsknives.com\/de\/wp-json\/wp\/v2\/media\/6251"}],"wp:attachment":[{"href":"https:\/\/bastardsknives.com\/de\/wp-json\/wp\/v2\/media?parent=6517"}],"wp:term":[{"taxonomy":"product_brand","embeddable":true,"href":"https:\/\/bastardsknives.com\/de\/wp-json\/wp\/v2\/product_brand?post=6517"},{"taxonomy":"product_cat","embeddable":true,"href":"https:\/\/bastardsknives.com\/de\/wp-json\/wp\/v2\/product_cat?post=6517"},{"taxonomy":"product_tag","embeddable":true,"href":"https:\/\/bastardsknives.com\/de\/wp-json\/wp\/v2\/product_tag?post=6517"}],"curies":[{"name":"wp","href":"https:\/\/api.w.org\/{rel}","templated":true}]}}