{"id":6551,"date":"2024-09-13T08:09:46","date_gmt":"2024-09-13T08:09:46","guid":{"rendered":"https:\/\/bastardsknives.com\/?post_type=product&#038;p=6551"},"modified":"2024-09-13T08:09:47","modified_gmt":"2024-09-13T08:09:47","slug":"carbon-fiber-giftiger-sturm","status":"publish","type":"product","link":"https:\/\/bastardsknives.com\/de\/producto\/carbon-fiber-giftiger-sturm\/","title":{"rendered":"CARBON FIBER \u201eGiftiger Sturm\u201c"},"content":{"rendered":"<p>fatcarbon\u00ae Toxic Storm\u201c ist der einzige Verbundwerkstoff in unserer Kollektion mit drei Farben zwischen den einzelnen Carbonfaserschichten, die in einem 90-Grad-Winkel angeordnet sind und so einen schimmernden Effekt erzeugen. Neben dem dreifarbigen Schema bietet es wie unsere \u201eJungle Wear\u201c-Carbonfaser Vorteile wie geringes Gewicht, hohe Steifigkeit, Festigkeit, Korrosionsbest\u00e4ndigkeit und Formbest\u00e4ndigkeit &#8211; zusammen mit einem unglaublichen \u00e4sthetischen Reiz. <\/p>\n","protected":false},"excerpt":{"rendered":"<p>fatcarbon\u00ae Toxic Storm\u201c ist der einzige Verbundwerkstoff in unserer Kollektion mit drei Farben zwischen den einzelnen Carbonfaserschichten, die in einem 90-Grad-Winkel angeordnet sind und so einen schimmernden Effekt erzeugen. Neben dem dreifarbigen Schema bietet es wie unsere \u201eJungle Wear\u201c-Carbonfaser Vorteile wie geringes Gewicht, hohe Steifigkeit, Festigkeit, Korrosionsbest\u00e4ndigkeit und Formbest\u00e4ndigkeit &#8211; zusammen mit einem unglaublichen \u00e4sthetischen&#8230;<\/p>\n","protected":false},"featured_media":6260,"template":"","meta":[],"product_brand":[],"product_cat":[906],"product_tag":[],"class_list":{"0":"post-6551","1":"product","2":"type-product","3":"status-publish","4":"has-post-thumbnail","6":"product_cat-fat-carbon-de","8":"first","9":"instock","10":"taxable","11":"shipping-taxable","12":"purchasable","13":"product-type-variable"},"acf":[],"yoast_head":"<!-- This site is optimized with the Yoast SEO plugin v23.1 - https:\/\/yoast.com\/wordpress\/plugins\/seo\/ -->\n<title>CARBON FIBER \u201eGiftiger Sturm\u201c - Bastards Knives<\/title>\n<meta name=\"description\" content=\"fatcarbon\u00ae &#039;Toxic Storm&#039; verf\u00fcgt \u00fcber ein einzigartiges dreifarbiges Kohlefaserdesign mit schimmernden Effekten. Leicht, stark und korrosionsbest\u00e4ndig.\" \/>\n<meta name=\"robots\" content=\"index, follow, max-snippet:-1, max-image-preview:large, max-video-preview:-1\" \/>\n<link rel=\"canonical\" href=\"https:\/\/bastardsknives.com\/de\/producto\/carbon-fiber-giftiger-sturm\/\" \/>\n<meta property=\"og:locale\" content=\"de_DE\" \/>\n<meta property=\"og:type\" content=\"article\" \/>\n<meta property=\"og:title\" content=\"CARBON FIBER \u201eGiftiger Sturm\u201c - Bastards Knives\" \/>\n<meta property=\"og:description\" content=\"fatcarbon\u00ae &#039;Toxic Storm&#039; verf\u00fcgt \u00fcber ein einzigartiges dreifarbiges Kohlefaserdesign mit schimmernden Effekten. Leicht, stark und korrosionsbest\u00e4ndig.\" \/>\n<meta property=\"og:url\" content=\"https:\/\/bastardsknives.com\/de\/producto\/carbon-fiber-giftiger-sturm\/\" \/>\n<meta property=\"og:site_name\" content=\"Bastards Knives\" \/>\n<meta property=\"article:modified_time\" content=\"2024-09-13T08:09:47+00:00\" \/>\n<meta property=\"og:image\" content=\"https:\/\/bastardsknives.com\/wp-content\/uploads\/2024\/09\/toxic-storm-1.jpg\" \/>\n\t<meta property=\"og:image:width\" content=\"1600\" \/>\n\t<meta property=\"og:image:height\" content=\"1600\" \/>\n\t<meta property=\"og:image:type\" content=\"image\/jpeg\" \/>\n<meta name=\"twitter:card\" content=\"summary_large_image\" \/>\n<script type=\"application\/ld+json\" class=\"yoast-schema-graph\">{\"@context\":\"https:\/\/schema.org\",\"@graph\":[{\"@type\":\"WebPage\",\"@id\":\"https:\/\/bastardsknives.com\/de\/producto\/carbon-fiber-giftiger-sturm\/\",\"url\":\"https:\/\/bastardsknives.com\/de\/producto\/carbon-fiber-giftiger-sturm\/\",\"name\":\"CARBON FIBER \u201eGiftiger Sturm\u201c - Bastards Knives\",\"isPartOf\":{\"@id\":\"https:\/\/bastardsknives.com\/de\/#website\"},\"primaryImageOfPage\":{\"@id\":\"https:\/\/bastardsknives.com\/de\/producto\/carbon-fiber-giftiger-sturm\/#primaryimage\"},\"image\":{\"@id\":\"https:\/\/bastardsknives.com\/de\/producto\/carbon-fiber-giftiger-sturm\/#primaryimage\"},\"thumbnailUrl\":\"https:\/\/bastardsknives.com\/wp-content\/uploads\/2024\/09\/toxic-storm-1.jpg\",\"datePublished\":\"2024-09-13T08:09:46+00:00\",\"dateModified\":\"2024-09-13T08:09:47+00:00\",\"description\":\"fatcarbon\u00ae 'Toxic Storm' verf\u00fcgt \u00fcber ein einzigartiges dreifarbiges Kohlefaserdesign mit schimmernden Effekten. Leicht, stark und korrosionsbest\u00e4ndig.\",\"breadcrumb\":{\"@id\":\"https:\/\/bastardsknives.com\/de\/producto\/carbon-fiber-giftiger-sturm\/#breadcrumb\"},\"inLanguage\":\"de\",\"potentialAction\":[{\"@type\":\"ReadAction\",\"target\":[\"https:\/\/bastardsknives.com\/de\/producto\/carbon-fiber-giftiger-sturm\/\"]}]},{\"@type\":\"ImageObject\",\"inLanguage\":\"de\",\"@id\":\"https:\/\/bastardsknives.com\/de\/producto\/carbon-fiber-giftiger-sturm\/#primaryimage\",\"url\":\"https:\/\/bastardsknives.com\/wp-content\/uploads\/2024\/09\/toxic-storm-1.jpg\",\"contentUrl\":\"https:\/\/bastardsknives.com\/wp-content\/uploads\/2024\/09\/toxic-storm-1.jpg\",\"width\":1600,\"height\":1600,\"caption\":\"drei Farben Kohlefaser\"},{\"@type\":\"BreadcrumbList\",\"@id\":\"https:\/\/bastardsknives.com\/de\/producto\/carbon-fiber-giftiger-sturm\/#breadcrumb\",\"itemListElement\":[{\"@type\":\"ListItem\",\"position\":1,\"name\":\"Home\",\"item\":\"https:\/\/bastardsknives.com\/de\/\"},{\"@type\":\"ListItem\",\"position\":2,\"name\":\"Shop\",\"item\":\"https:\/\/bastardsknives.com\/de\/shop\/\"},{\"@type\":\"ListItem\",\"position\":3,\"name\":\"CARBON FIBER \u201eGiftiger Sturm\u201c\"}]},{\"@type\":\"WebSite\",\"@id\":\"https:\/\/bastardsknives.com\/de\/#website\",\"url\":\"https:\/\/bastardsknives.com\/de\/\",\"name\":\"Bastards Knives\",\"description\":\"Bastards Knives | Viviendo al filo\",\"publisher\":{\"@id\":\"https:\/\/bastardsknives.com\/de\/#organization\"},\"potentialAction\":[{\"@type\":\"SearchAction\",\"target\":{\"@type\":\"EntryPoint\",\"urlTemplate\":\"https:\/\/bastardsknives.com\/de\/?s={search_term_string}\"},\"query-input\":\"required name=search_term_string\"}],\"inLanguage\":\"de\"},{\"@type\":\"Organization\",\"@id\":\"https:\/\/bastardsknives.com\/de\/#organization\",\"name\":\"Bastards Knives\",\"url\":\"https:\/\/bastardsknives.com\/de\/\",\"logo\":{\"@type\":\"ImageObject\",\"inLanguage\":\"de\",\"@id\":\"https:\/\/bastardsknives.com\/de\/#\/schema\/logo\/image\/\",\"url\":\"https:\/\/bastardsknives.com\/wp-content\/uploads\/2022\/07\/Logoprod1.png\",\"contentUrl\":\"https:\/\/bastardsknives.com\/wp-content\/uploads\/2022\/07\/Logoprod1.png\",\"width\":284,\"height\":122,\"caption\":\"Bastards Knives\"},\"image\":{\"@id\":\"https:\/\/bastardsknives.com\/de\/#\/schema\/logo\/image\/\"}}]}<\/script>\n<!-- \/ Yoast SEO plugin. -->","yoast_head_json":{"title":"CARBON FIBER \u201eGiftiger Sturm\u201c - Bastards Knives","description":"fatcarbon\u00ae 'Toxic Storm' verf\u00fcgt \u00fcber ein einzigartiges dreifarbiges Kohlefaserdesign mit schimmernden Effekten. Leicht, stark und korrosionsbest\u00e4ndig.","robots":{"index":"index","follow":"follow","max-snippet":"max-snippet:-1","max-image-preview":"max-image-preview:large","max-video-preview":"max-video-preview:-1"},"canonical":"https:\/\/bastardsknives.com\/de\/producto\/carbon-fiber-giftiger-sturm\/","og_locale":"de_DE","og_type":"article","og_title":"CARBON FIBER \u201eGiftiger Sturm\u201c - Bastards Knives","og_description":"fatcarbon\u00ae 'Toxic Storm' verf\u00fcgt \u00fcber ein einzigartiges dreifarbiges Kohlefaserdesign mit schimmernden Effekten. Leicht, stark und korrosionsbest\u00e4ndig.","og_url":"https:\/\/bastardsknives.com\/de\/producto\/carbon-fiber-giftiger-sturm\/","og_site_name":"Bastards Knives","article_modified_time":"2024-09-13T08:09:47+00:00","og_image":[{"width":1600,"height":1600,"url":"https:\/\/bastardsknives.com\/wp-content\/uploads\/2024\/09\/toxic-storm-1.jpg","type":"image\/jpeg"}],"twitter_card":"summary_large_image","schema":{"@context":"https:\/\/schema.org","@graph":[{"@type":"WebPage","@id":"https:\/\/bastardsknives.com\/de\/producto\/carbon-fiber-giftiger-sturm\/","url":"https:\/\/bastardsknives.com\/de\/producto\/carbon-fiber-giftiger-sturm\/","name":"CARBON FIBER \u201eGiftiger Sturm\u201c - Bastards Knives","isPartOf":{"@id":"https:\/\/bastardsknives.com\/de\/#website"},"primaryImageOfPage":{"@id":"https:\/\/bastardsknives.com\/de\/producto\/carbon-fiber-giftiger-sturm\/#primaryimage"},"image":{"@id":"https:\/\/bastardsknives.com\/de\/producto\/carbon-fiber-giftiger-sturm\/#primaryimage"},"thumbnailUrl":"https:\/\/bastardsknives.com\/wp-content\/uploads\/2024\/09\/toxic-storm-1.jpg","datePublished":"2024-09-13T08:09:46+00:00","dateModified":"2024-09-13T08:09:47+00:00","description":"fatcarbon\u00ae 'Toxic Storm' verf\u00fcgt \u00fcber ein einzigartiges dreifarbiges Kohlefaserdesign mit schimmernden Effekten. Leicht, stark und korrosionsbest\u00e4ndig.","breadcrumb":{"@id":"https:\/\/bastardsknives.com\/de\/producto\/carbon-fiber-giftiger-sturm\/#breadcrumb"},"inLanguage":"de","potentialAction":[{"@type":"ReadAction","target":["https:\/\/bastardsknives.com\/de\/producto\/carbon-fiber-giftiger-sturm\/"]}]},{"@type":"ImageObject","inLanguage":"de","@id":"https:\/\/bastardsknives.com\/de\/producto\/carbon-fiber-giftiger-sturm\/#primaryimage","url":"https:\/\/bastardsknives.com\/wp-content\/uploads\/2024\/09\/toxic-storm-1.jpg","contentUrl":"https:\/\/bastardsknives.com\/wp-content\/uploads\/2024\/09\/toxic-storm-1.jpg","width":1600,"height":1600,"caption":"drei Farben Kohlefaser"},{"@type":"BreadcrumbList","@id":"https:\/\/bastardsknives.com\/de\/producto\/carbon-fiber-giftiger-sturm\/#breadcrumb","itemListElement":[{"@type":"ListItem","position":1,"name":"Home","item":"https:\/\/bastardsknives.com\/de\/"},{"@type":"ListItem","position":2,"name":"Shop","item":"https:\/\/bastardsknives.com\/de\/shop\/"},{"@type":"ListItem","position":3,"name":"CARBON FIBER \u201eGiftiger Sturm\u201c"}]},{"@type":"WebSite","@id":"https:\/\/bastardsknives.com\/de\/#website","url":"https:\/\/bastardsknives.com\/de\/","name":"Bastards Knives","description":"Bastards Knives | Viviendo al filo","publisher":{"@id":"https:\/\/bastardsknives.com\/de\/#organization"},"potentialAction":[{"@type":"SearchAction","target":{"@type":"EntryPoint","urlTemplate":"https:\/\/bastardsknives.com\/de\/?s={search_term_string}"},"query-input":"required name=search_term_string"}],"inLanguage":"de"},{"@type":"Organization","@id":"https:\/\/bastardsknives.com\/de\/#organization","name":"Bastards Knives","url":"https:\/\/bastardsknives.com\/de\/","logo":{"@type":"ImageObject","inLanguage":"de","@id":"https:\/\/bastardsknives.com\/de\/#\/schema\/logo\/image\/","url":"https:\/\/bastardsknives.com\/wp-content\/uploads\/2022\/07\/Logoprod1.png","contentUrl":"https:\/\/bastardsknives.com\/wp-content\/uploads\/2022\/07\/Logoprod1.png","width":284,"height":122,"caption":"Bastards Knives"},"image":{"@id":"https:\/\/bastardsknives.com\/de\/#\/schema\/logo\/image\/"}}]}},"_links":{"self":[{"href":"https:\/\/bastardsknives.com\/de\/wp-json\/wp\/v2\/product\/6551","targetHints":{"allow":["GET"]}}],"collection":[{"href":"https:\/\/bastardsknives.com\/de\/wp-json\/wp\/v2\/product"}],"about":[{"href":"https:\/\/bastardsknives.com\/de\/wp-json\/wp\/v2\/types\/product"}],"wp:featuredmedia":[{"embeddable":true,"href":"https:\/\/bastardsknives.com\/de\/wp-json\/wp\/v2\/media\/6260"}],"wp:attachment":[{"href":"https:\/\/bastardsknives.com\/de\/wp-json\/wp\/v2\/media?parent=6551"}],"wp:term":[{"taxonomy":"product_brand","embeddable":true,"href":"https:\/\/bastardsknives.com\/de\/wp-json\/wp\/v2\/product_brand?post=6551"},{"taxonomy":"product_cat","embeddable":true,"href":"https:\/\/bastardsknives.com\/de\/wp-json\/wp\/v2\/product_cat?post=6551"},{"taxonomy":"product_tag","embeddable":true,"href":"https:\/\/bastardsknives.com\/de\/wp-json\/wp\/v2\/product_tag?post=6551"}],"curies":[{"name":"wp","href":"https:\/\/api.w.org\/{rel}","templated":true}]}}