{"id":6644,"date":"2024-09-13T10:35:56","date_gmt":"2024-09-13T10:35:56","guid":{"rendered":"https:\/\/bastardsknives.com\/?post_type=product&#038;p=6644"},"modified":"2024-09-13T10:35:56","modified_gmt":"2024-09-13T10:35:56","slug":"carbon-fiber-crosscut-messerskalen","status":"publish","type":"product","link":"https:\/\/bastardsknives.com\/de\/producto\/carbon-fiber-crosscut-messerskalen\/","title":{"rendered":"CARBON FIBER \u201eCrosscut\u201c-Messerskalen"},"content":{"rendered":"<p>Wir haben diese Kohlefaserverbundwerkstoff-Bl\u00f6cke speziell f\u00fcr Messermacher entwickelt. Sie sind in 7 unserer bew\u00e4hrten Designs erh\u00e4ltlich, darunter \u201eArctic Storm\u201c, \u201eJungle Wear\u201c und \u201eMars Valley\u201c. Sie sind leicht, resistent gegen Reinigungsmittel, \u00d6le, Fette und schwache S\u00e4uren und bieten Langlebigkeit, Wasserdichtigkeit, leichte Bearbeitbarkeit und Formstabilit\u00e4t. \u201eCrosscut&#8220;-Schalen gibt es in verschiedenen Gr\u00f6\u00dfen und St\u00e4rken. Veredeln Sie Ihre Messer noch heute mit der Essenz der Naturgewalten. Aus 50 mm (2\u2033) oder 75 mm (3\u2033) dicken Kohlefaserbl\u00f6cken geschnittene \u201eCrosscut\u201c-St\u00fccke bieten noch mehr Farboptionen und Schimmer.    <\/p>\n","protected":false},"excerpt":{"rendered":"<p>Wir haben diese Kohlefaserverbundwerkstoff-Bl\u00f6cke speziell f\u00fcr Messermacher entwickelt. Sie sind in 7 unserer bew\u00e4hrten Designs erh\u00e4ltlich, darunter \u201eArctic Storm\u201c, \u201eJungle Wear\u201c und \u201eMars Valley\u201c. Sie sind leicht, resistent gegen Reinigungsmittel, \u00d6le, Fette und schwache S\u00e4uren und bieten Langlebigkeit, Wasserdichtigkeit, leichte Bearbeitbarkeit und Formstabilit\u00e4t. \u201eCrosscut&#8220;-Schalen gibt es in verschiedenen Gr\u00f6\u00dfen und St\u00e4rken. Veredeln Sie Ihre Messer&#8230;<\/p>\n","protected":false},"featured_media":6626,"template":"","meta":[],"product_brand":[],"product_cat":[906],"product_tag":[],"class_list":{"0":"post-6644","1":"product","2":"type-product","3":"status-publish","4":"has-post-thumbnail","6":"product_cat-fat-carbon-de","8":"first","9":"instock","10":"taxable","11":"shipping-taxable","12":"purchasable","13":"product-type-variable"},"acf":[],"yoast_head":"<!-- This site is optimized with the Yoast SEO plugin v23.1 - https:\/\/yoast.com\/wordpress\/plugins\/seo\/ -->\n<title>CARBON FIBER \u201eCrosscut\u201c-Messerskalen - Bastards Knives<\/title>\n<meta name=\"description\" content=\"Kohlefaserverbundwerkstoff f\u00fcr die Herstellung hochwertiger Messer: langlebig, leicht und maschinell bearbeitbar, in verschiedenen Farben und St\u00e4rken.\" \/>\n<meta name=\"robots\" content=\"index, follow, max-snippet:-1, max-image-preview:large, max-video-preview:-1\" \/>\n<link rel=\"canonical\" href=\"https:\/\/bastardsknives.com\/de\/producto\/carbon-fiber-crosscut-messerskalen\/\" \/>\n<meta property=\"og:locale\" content=\"de_DE\" \/>\n<meta property=\"og:type\" content=\"article\" \/>\n<meta property=\"og:title\" content=\"CARBON FIBER \u201eCrosscut\u201c-Messerskalen - Bastards Knives\" \/>\n<meta property=\"og:description\" content=\"Kohlefaserverbundwerkstoff f\u00fcr die Herstellung hochwertiger Messer: langlebig, leicht und maschinell bearbeitbar, in verschiedenen Farben und St\u00e4rken.\" \/>\n<meta property=\"og:url\" content=\"https:\/\/bastardsknives.com\/de\/producto\/carbon-fiber-crosscut-messerskalen\/\" \/>\n<meta property=\"og:site_name\" content=\"Bastards Knives\" \/>\n<meta property=\"og:image\" content=\"https:\/\/bastardsknives.com\/wp-content\/uploads\/2024\/09\/crosscut.webp\" \/>\n\t<meta property=\"og:image:width\" content=\"600\" \/>\n\t<meta property=\"og:image:height\" content=\"600\" \/>\n\t<meta property=\"og:image:type\" content=\"image\/webp\" \/>\n<meta name=\"twitter:card\" content=\"summary_large_image\" \/>\n<script type=\"application\/ld+json\" class=\"yoast-schema-graph\">{\"@context\":\"https:\/\/schema.org\",\"@graph\":[{\"@type\":\"WebPage\",\"@id\":\"https:\/\/bastardsknives.com\/de\/producto\/carbon-fiber-crosscut-messerskalen\/\",\"url\":\"https:\/\/bastardsknives.com\/de\/producto\/carbon-fiber-crosscut-messerskalen\/\",\"name\":\"CARBON FIBER \u201eCrosscut\u201c-Messerskalen - Bastards Knives\",\"isPartOf\":{\"@id\":\"https:\/\/bastardsknives.com\/de\/#website\"},\"primaryImageOfPage\":{\"@id\":\"https:\/\/bastardsknives.com\/de\/producto\/carbon-fiber-crosscut-messerskalen\/#primaryimage\"},\"image\":{\"@id\":\"https:\/\/bastardsknives.com\/de\/producto\/carbon-fiber-crosscut-messerskalen\/#primaryimage\"},\"thumbnailUrl\":\"https:\/\/bastardsknives.com\/wp-content\/uploads\/2024\/09\/crosscut.webp\",\"datePublished\":\"2024-09-13T10:35:56+00:00\",\"dateModified\":\"2024-09-13T10:35:56+00:00\",\"description\":\"Kohlefaserverbundwerkstoff f\u00fcr die Herstellung hochwertiger Messer: langlebig, leicht und maschinell bearbeitbar, in verschiedenen Farben und St\u00e4rken.\",\"breadcrumb\":{\"@id\":\"https:\/\/bastardsknives.com\/de\/producto\/carbon-fiber-crosscut-messerskalen\/#breadcrumb\"},\"inLanguage\":\"de\",\"potentialAction\":[{\"@type\":\"ReadAction\",\"target\":[\"https:\/\/bastardsknives.com\/de\/producto\/carbon-fiber-crosscut-messerskalen\/\"]}]},{\"@type\":\"ImageObject\",\"inLanguage\":\"de\",\"@id\":\"https:\/\/bastardsknives.com\/de\/producto\/carbon-fiber-crosscut-messerskalen\/#primaryimage\",\"url\":\"https:\/\/bastardsknives.com\/wp-content\/uploads\/2024\/09\/crosscut.webp\",\"contentUrl\":\"https:\/\/bastardsknives.com\/wp-content\/uploads\/2024\/09\/crosscut.webp\",\"width\":600,\"height\":600},{\"@type\":\"BreadcrumbList\",\"@id\":\"https:\/\/bastardsknives.com\/de\/producto\/carbon-fiber-crosscut-messerskalen\/#breadcrumb\",\"itemListElement\":[{\"@type\":\"ListItem\",\"position\":1,\"name\":\"Home\",\"item\":\"https:\/\/bastardsknives.com\/de\/\"},{\"@type\":\"ListItem\",\"position\":2,\"name\":\"Shop\",\"item\":\"https:\/\/bastardsknives.com\/de\/shop\/\"},{\"@type\":\"ListItem\",\"position\":3,\"name\":\"CARBON FIBER \u201eCrosscut\u201c-Messerskalen\"}]},{\"@type\":\"WebSite\",\"@id\":\"https:\/\/bastardsknives.com\/de\/#website\",\"url\":\"https:\/\/bastardsknives.com\/de\/\",\"name\":\"Bastards Knives\",\"description\":\"Bastards Knives | Viviendo al filo\",\"publisher\":{\"@id\":\"https:\/\/bastardsknives.com\/de\/#organization\"},\"potentialAction\":[{\"@type\":\"SearchAction\",\"target\":{\"@type\":\"EntryPoint\",\"urlTemplate\":\"https:\/\/bastardsknives.com\/de\/?s={search_term_string}\"},\"query-input\":\"required name=search_term_string\"}],\"inLanguage\":\"de\"},{\"@type\":\"Organization\",\"@id\":\"https:\/\/bastardsknives.com\/de\/#organization\",\"name\":\"Bastards Knives\",\"url\":\"https:\/\/bastardsknives.com\/de\/\",\"logo\":{\"@type\":\"ImageObject\",\"inLanguage\":\"de\",\"@id\":\"https:\/\/bastardsknives.com\/de\/#\/schema\/logo\/image\/\",\"url\":\"https:\/\/bastardsknives.com\/wp-content\/uploads\/2022\/07\/Logoprod1.png\",\"contentUrl\":\"https:\/\/bastardsknives.com\/wp-content\/uploads\/2022\/07\/Logoprod1.png\",\"width\":284,\"height\":122,\"caption\":\"Bastards Knives\"},\"image\":{\"@id\":\"https:\/\/bastardsknives.com\/de\/#\/schema\/logo\/image\/\"}}]}<\/script>\n<!-- \/ Yoast SEO plugin. -->","yoast_head_json":{"title":"CARBON FIBER \u201eCrosscut\u201c-Messerskalen - Bastards Knives","description":"Kohlefaserverbundwerkstoff f\u00fcr die Herstellung hochwertiger Messer: langlebig, leicht und maschinell bearbeitbar, in verschiedenen Farben und St\u00e4rken.","robots":{"index":"index","follow":"follow","max-snippet":"max-snippet:-1","max-image-preview":"max-image-preview:large","max-video-preview":"max-video-preview:-1"},"canonical":"https:\/\/bastardsknives.com\/de\/producto\/carbon-fiber-crosscut-messerskalen\/","og_locale":"de_DE","og_type":"article","og_title":"CARBON FIBER \u201eCrosscut\u201c-Messerskalen - Bastards Knives","og_description":"Kohlefaserverbundwerkstoff f\u00fcr die Herstellung hochwertiger Messer: langlebig, leicht und maschinell bearbeitbar, in verschiedenen Farben und St\u00e4rken.","og_url":"https:\/\/bastardsknives.com\/de\/producto\/carbon-fiber-crosscut-messerskalen\/","og_site_name":"Bastards Knives","og_image":[{"width":600,"height":600,"url":"https:\/\/bastardsknives.com\/wp-content\/uploads\/2024\/09\/crosscut.webp","type":"image\/webp"}],"twitter_card":"summary_large_image","schema":{"@context":"https:\/\/schema.org","@graph":[{"@type":"WebPage","@id":"https:\/\/bastardsknives.com\/de\/producto\/carbon-fiber-crosscut-messerskalen\/","url":"https:\/\/bastardsknives.com\/de\/producto\/carbon-fiber-crosscut-messerskalen\/","name":"CARBON FIBER \u201eCrosscut\u201c-Messerskalen - Bastards Knives","isPartOf":{"@id":"https:\/\/bastardsknives.com\/de\/#website"},"primaryImageOfPage":{"@id":"https:\/\/bastardsknives.com\/de\/producto\/carbon-fiber-crosscut-messerskalen\/#primaryimage"},"image":{"@id":"https:\/\/bastardsknives.com\/de\/producto\/carbon-fiber-crosscut-messerskalen\/#primaryimage"},"thumbnailUrl":"https:\/\/bastardsknives.com\/wp-content\/uploads\/2024\/09\/crosscut.webp","datePublished":"2024-09-13T10:35:56+00:00","dateModified":"2024-09-13T10:35:56+00:00","description":"Kohlefaserverbundwerkstoff f\u00fcr die Herstellung hochwertiger Messer: langlebig, leicht und maschinell bearbeitbar, in verschiedenen Farben und St\u00e4rken.","breadcrumb":{"@id":"https:\/\/bastardsknives.com\/de\/producto\/carbon-fiber-crosscut-messerskalen\/#breadcrumb"},"inLanguage":"de","potentialAction":[{"@type":"ReadAction","target":["https:\/\/bastardsknives.com\/de\/producto\/carbon-fiber-crosscut-messerskalen\/"]}]},{"@type":"ImageObject","inLanguage":"de","@id":"https:\/\/bastardsknives.com\/de\/producto\/carbon-fiber-crosscut-messerskalen\/#primaryimage","url":"https:\/\/bastardsknives.com\/wp-content\/uploads\/2024\/09\/crosscut.webp","contentUrl":"https:\/\/bastardsknives.com\/wp-content\/uploads\/2024\/09\/crosscut.webp","width":600,"height":600},{"@type":"BreadcrumbList","@id":"https:\/\/bastardsknives.com\/de\/producto\/carbon-fiber-crosscut-messerskalen\/#breadcrumb","itemListElement":[{"@type":"ListItem","position":1,"name":"Home","item":"https:\/\/bastardsknives.com\/de\/"},{"@type":"ListItem","position":2,"name":"Shop","item":"https:\/\/bastardsknives.com\/de\/shop\/"},{"@type":"ListItem","position":3,"name":"CARBON FIBER \u201eCrosscut\u201c-Messerskalen"}]},{"@type":"WebSite","@id":"https:\/\/bastardsknives.com\/de\/#website","url":"https:\/\/bastardsknives.com\/de\/","name":"Bastards Knives","description":"Bastards Knives | Viviendo al filo","publisher":{"@id":"https:\/\/bastardsknives.com\/de\/#organization"},"potentialAction":[{"@type":"SearchAction","target":{"@type":"EntryPoint","urlTemplate":"https:\/\/bastardsknives.com\/de\/?s={search_term_string}"},"query-input":"required name=search_term_string"}],"inLanguage":"de"},{"@type":"Organization","@id":"https:\/\/bastardsknives.com\/de\/#organization","name":"Bastards Knives","url":"https:\/\/bastardsknives.com\/de\/","logo":{"@type":"ImageObject","inLanguage":"de","@id":"https:\/\/bastardsknives.com\/de\/#\/schema\/logo\/image\/","url":"https:\/\/bastardsknives.com\/wp-content\/uploads\/2022\/07\/Logoprod1.png","contentUrl":"https:\/\/bastardsknives.com\/wp-content\/uploads\/2022\/07\/Logoprod1.png","width":284,"height":122,"caption":"Bastards Knives"},"image":{"@id":"https:\/\/bastardsknives.com\/de\/#\/schema\/logo\/image\/"}}]}},"_links":{"self":[{"href":"https:\/\/bastardsknives.com\/de\/wp-json\/wp\/v2\/product\/6644","targetHints":{"allow":["GET"]}}],"collection":[{"href":"https:\/\/bastardsknives.com\/de\/wp-json\/wp\/v2\/product"}],"about":[{"href":"https:\/\/bastardsknives.com\/de\/wp-json\/wp\/v2\/types\/product"}],"wp:featuredmedia":[{"embeddable":true,"href":"https:\/\/bastardsknives.com\/de\/wp-json\/wp\/v2\/media\/6626"}],"wp:attachment":[{"href":"https:\/\/bastardsknives.com\/de\/wp-json\/wp\/v2\/media?parent=6644"}],"wp:term":[{"taxonomy":"product_brand","embeddable":true,"href":"https:\/\/bastardsknives.com\/de\/wp-json\/wp\/v2\/product_brand?post=6644"},{"taxonomy":"product_cat","embeddable":true,"href":"https:\/\/bastardsknives.com\/de\/wp-json\/wp\/v2\/product_cat?post=6644"},{"taxonomy":"product_tag","embeddable":true,"href":"https:\/\/bastardsknives.com\/de\/wp-json\/wp\/v2\/product_tag?post=6644"}],"curies":[{"name":"wp","href":"https:\/\/api.w.org\/{rel}","templated":true}]}}