{"id":6687,"date":"2024-09-13T11:29:40","date_gmt":"2024-09-13T11:29:40","guid":{"rendered":"https:\/\/bastardsknives.com\/?post_type=product&#038;p=6687"},"modified":"2024-09-13T11:29:40","modified_gmt":"2024-09-13T11:29:40","slug":"karbonfaser-frost","status":"publish","type":"product","link":"https:\/\/bastardsknives.com\/de\/producto\/karbonfaser-frost\/","title":{"rendered":"KARBONFASER \u201eFrost\u201c"},"content":{"rendered":"<p>Mit fatcarbon\u00ae \u201eFrost\u201c stellen wir unsere neueste Innovation im Bereich der maschinell bearbeitbaren Verbundwerkstoffe vor. Dieses leichtgewichtige Material zeichnet sich durch ein auff\u00e4lliges zweifarbiges Farbschema in Blau und Wei\u00df zwischen den einzelnen Kohlefaserschichten aus, das von den majest\u00e4tischen Gipfeln der Alpen inspiriert ist. fatcarbon\u00ae \u201eFrost\u201c ist die ideale Wahl f\u00fcr alle, die sowohl eine ansprechende Optik als auch \u00fcberlegene Leistung suchen. Es eignet sich perfekt f\u00fcr die individuelle Bearbeitung von Messergriffen, Uhrengeh\u00e4usen und Schmuck und l\u00e4sst sich leicht mit manuellen oder CNC-Maschinen bohren, fr\u00e4sen und schleifen. Mit seinem au\u00dfergew\u00f6hnlichen Verh\u00e4ltnis von Festigkeit zu Gewicht und seiner atemberaubenden \u00c4sthetik eignet sich fatcarbon\u00ae \u201eFrost\u201c perfekt f\u00fcr die Herstellung leistungsstarker, optisch beeindruckender Produkte. Erleben Sie die Sch\u00f6nheit der Alpen mit fatcarbon\u00ae \u201eFrost\u201c.     <\/p>\n","protected":false},"excerpt":{"rendered":"<p>Mit fatcarbon\u00ae \u201eFrost\u201c stellen wir unsere neueste Innovation im Bereich der maschinell bearbeitbaren Verbundwerkstoffe vor. Dieses leichtgewichtige Material zeichnet sich durch ein auff\u00e4lliges zweifarbiges Farbschema in Blau und Wei\u00df zwischen den einzelnen Kohlefaserschichten aus, das von den majest\u00e4tischen Gipfeln der Alpen inspiriert ist. fatcarbon\u00ae \u201eFrost\u201c ist die ideale Wahl f\u00fcr alle, die sowohl eine ansprechende&#8230;<\/p>\n","protected":false},"featured_media":6317,"template":"","meta":[],"product_brand":[],"product_cat":[906],"product_tag":[],"class_list":{"0":"post-6687","1":"product","2":"type-product","3":"status-publish","4":"has-post-thumbnail","6":"product_cat-fat-carbon-de","8":"first","9":"instock","10":"taxable","11":"shipping-taxable","12":"purchasable","13":"product-type-variable"},"acf":[],"yoast_head":"<!-- This site is optimized with the Yoast SEO plugin v23.1 - https:\/\/yoast.com\/wordpress\/plugins\/seo\/ -->\n<title>KARBONFASER \u201eFrost\u201c - Bastards Knives<\/title>\n<meta name=\"description\" content=\"fatcarbon\u00ae Kohlefaser Frost: leicht, langlebig und optisch beeindruckend mit einem zweifarbigen blauen und wei\u00dfen Design. Perfekt f\u00fcr die individuelle Bearbeitung.\" \/>\n<meta name=\"robots\" content=\"index, follow, max-snippet:-1, max-image-preview:large, max-video-preview:-1\" \/>\n<link rel=\"canonical\" href=\"https:\/\/bastardsknives.com\/de\/producto\/karbonfaser-frost\/\" \/>\n<meta property=\"og:locale\" content=\"de_DE\" \/>\n<meta property=\"og:type\" content=\"article\" \/>\n<meta property=\"og:title\" content=\"KARBONFASER \u201eFrost\u201c - Bastards Knives\" \/>\n<meta property=\"og:description\" content=\"fatcarbon\u00ae Kohlefaser Frost: leicht, langlebig und optisch beeindruckend mit einem zweifarbigen blauen und wei\u00dfen Design. Perfekt f\u00fcr die individuelle Bearbeitung.\" \/>\n<meta property=\"og:url\" content=\"https:\/\/bastardsknives.com\/de\/producto\/karbonfaser-frost\/\" \/>\n<meta property=\"og:site_name\" content=\"Bastards Knives\" \/>\n<meta property=\"og:image\" content=\"https:\/\/bastardsknives.com\/wp-content\/uploads\/2024\/09\/Frost-1.jpg\" \/>\n\t<meta property=\"og:image:width\" content=\"1600\" \/>\n\t<meta property=\"og:image:height\" content=\"1600\" \/>\n\t<meta property=\"og:image:type\" content=\"image\/jpeg\" \/>\n<meta name=\"twitter:card\" content=\"summary_large_image\" \/>\n<meta name=\"twitter:label1\" content=\"Gesch\u00e4tzte Lesezeit\" \/>\n\t<meta name=\"twitter:data1\" content=\"1\u00a0Minute\" \/>\n<script type=\"application\/ld+json\" class=\"yoast-schema-graph\">{\"@context\":\"https:\/\/schema.org\",\"@graph\":[{\"@type\":\"WebPage\",\"@id\":\"https:\/\/bastardsknives.com\/de\/producto\/karbonfaser-frost\/\",\"url\":\"https:\/\/bastardsknives.com\/de\/producto\/karbonfaser-frost\/\",\"name\":\"KARBONFASER \u201eFrost\u201c - Bastards Knives\",\"isPartOf\":{\"@id\":\"https:\/\/bastardsknives.com\/de\/#website\"},\"primaryImageOfPage\":{\"@id\":\"https:\/\/bastardsknives.com\/de\/producto\/karbonfaser-frost\/#primaryimage\"},\"image\":{\"@id\":\"https:\/\/bastardsknives.com\/de\/producto\/karbonfaser-frost\/#primaryimage\"},\"thumbnailUrl\":\"https:\/\/bastardsknives.com\/wp-content\/uploads\/2024\/09\/Frost-1.jpg\",\"datePublished\":\"2024-09-13T11:29:40+00:00\",\"dateModified\":\"2024-09-13T11:29:40+00:00\",\"description\":\"fatcarbon\u00ae Kohlefaser Frost: leicht, langlebig und optisch beeindruckend mit einem zweifarbigen blauen und wei\u00dfen Design. Perfekt f\u00fcr die individuelle Bearbeitung.\",\"breadcrumb\":{\"@id\":\"https:\/\/bastardsknives.com\/de\/producto\/karbonfaser-frost\/#breadcrumb\"},\"inLanguage\":\"de\",\"potentialAction\":[{\"@type\":\"ReadAction\",\"target\":[\"https:\/\/bastardsknives.com\/de\/producto\/karbonfaser-frost\/\"]}]},{\"@type\":\"ImageObject\",\"inLanguage\":\"de\",\"@id\":\"https:\/\/bastardsknives.com\/de\/producto\/karbonfaser-frost\/#primaryimage\",\"url\":\"https:\/\/bastardsknives.com\/wp-content\/uploads\/2024\/09\/Frost-1.jpg\",\"contentUrl\":\"https:\/\/bastardsknives.com\/wp-content\/uploads\/2024\/09\/Frost-1.jpg\",\"width\":1600,\"height\":1600},{\"@type\":\"BreadcrumbList\",\"@id\":\"https:\/\/bastardsknives.com\/de\/producto\/karbonfaser-frost\/#breadcrumb\",\"itemListElement\":[{\"@type\":\"ListItem\",\"position\":1,\"name\":\"Home\",\"item\":\"https:\/\/bastardsknives.com\/de\/\"},{\"@type\":\"ListItem\",\"position\":2,\"name\":\"Shop\",\"item\":\"https:\/\/bastardsknives.com\/de\/shop\/\"},{\"@type\":\"ListItem\",\"position\":3,\"name\":\"KARBONFASER \u201eFrost\u201c\"}]},{\"@type\":\"WebSite\",\"@id\":\"https:\/\/bastardsknives.com\/de\/#website\",\"url\":\"https:\/\/bastardsknives.com\/de\/\",\"name\":\"Bastards Knives\",\"description\":\"Bastards Knives | Viviendo al filo\",\"publisher\":{\"@id\":\"https:\/\/bastardsknives.com\/de\/#organization\"},\"potentialAction\":[{\"@type\":\"SearchAction\",\"target\":{\"@type\":\"EntryPoint\",\"urlTemplate\":\"https:\/\/bastardsknives.com\/de\/?s={search_term_string}\"},\"query-input\":\"required name=search_term_string\"}],\"inLanguage\":\"de\"},{\"@type\":\"Organization\",\"@id\":\"https:\/\/bastardsknives.com\/de\/#organization\",\"name\":\"Bastards Knives\",\"url\":\"https:\/\/bastardsknives.com\/de\/\",\"logo\":{\"@type\":\"ImageObject\",\"inLanguage\":\"de\",\"@id\":\"https:\/\/bastardsknives.com\/de\/#\/schema\/logo\/image\/\",\"url\":\"https:\/\/bastardsknives.com\/wp-content\/uploads\/2022\/07\/Logoprod1.png\",\"contentUrl\":\"https:\/\/bastardsknives.com\/wp-content\/uploads\/2022\/07\/Logoprod1.png\",\"width\":284,\"height\":122,\"caption\":\"Bastards Knives\"},\"image\":{\"@id\":\"https:\/\/bastardsknives.com\/de\/#\/schema\/logo\/image\/\"}}]}<\/script>\n<!-- \/ Yoast SEO plugin. -->","yoast_head_json":{"title":"KARBONFASER \u201eFrost\u201c - Bastards Knives","description":"fatcarbon\u00ae Kohlefaser Frost: leicht, langlebig und optisch beeindruckend mit einem zweifarbigen blauen und wei\u00dfen Design. Perfekt f\u00fcr die individuelle Bearbeitung.","robots":{"index":"index","follow":"follow","max-snippet":"max-snippet:-1","max-image-preview":"max-image-preview:large","max-video-preview":"max-video-preview:-1"},"canonical":"https:\/\/bastardsknives.com\/de\/producto\/karbonfaser-frost\/","og_locale":"de_DE","og_type":"article","og_title":"KARBONFASER \u201eFrost\u201c - Bastards Knives","og_description":"fatcarbon\u00ae Kohlefaser Frost: leicht, langlebig und optisch beeindruckend mit einem zweifarbigen blauen und wei\u00dfen Design. Perfekt f\u00fcr die individuelle Bearbeitung.","og_url":"https:\/\/bastardsknives.com\/de\/producto\/karbonfaser-frost\/","og_site_name":"Bastards Knives","og_image":[{"width":1600,"height":1600,"url":"https:\/\/bastardsknives.com\/wp-content\/uploads\/2024\/09\/Frost-1.jpg","type":"image\/jpeg"}],"twitter_card":"summary_large_image","twitter_misc":{"Gesch\u00e4tzte Lesezeit":"1\u00a0Minute"},"schema":{"@context":"https:\/\/schema.org","@graph":[{"@type":"WebPage","@id":"https:\/\/bastardsknives.com\/de\/producto\/karbonfaser-frost\/","url":"https:\/\/bastardsknives.com\/de\/producto\/karbonfaser-frost\/","name":"KARBONFASER \u201eFrost\u201c - Bastards Knives","isPartOf":{"@id":"https:\/\/bastardsknives.com\/de\/#website"},"primaryImageOfPage":{"@id":"https:\/\/bastardsknives.com\/de\/producto\/karbonfaser-frost\/#primaryimage"},"image":{"@id":"https:\/\/bastardsknives.com\/de\/producto\/karbonfaser-frost\/#primaryimage"},"thumbnailUrl":"https:\/\/bastardsknives.com\/wp-content\/uploads\/2024\/09\/Frost-1.jpg","datePublished":"2024-09-13T11:29:40+00:00","dateModified":"2024-09-13T11:29:40+00:00","description":"fatcarbon\u00ae Kohlefaser Frost: leicht, langlebig und optisch beeindruckend mit einem zweifarbigen blauen und wei\u00dfen Design. Perfekt f\u00fcr die individuelle Bearbeitung.","breadcrumb":{"@id":"https:\/\/bastardsknives.com\/de\/producto\/karbonfaser-frost\/#breadcrumb"},"inLanguage":"de","potentialAction":[{"@type":"ReadAction","target":["https:\/\/bastardsknives.com\/de\/producto\/karbonfaser-frost\/"]}]},{"@type":"ImageObject","inLanguage":"de","@id":"https:\/\/bastardsknives.com\/de\/producto\/karbonfaser-frost\/#primaryimage","url":"https:\/\/bastardsknives.com\/wp-content\/uploads\/2024\/09\/Frost-1.jpg","contentUrl":"https:\/\/bastardsknives.com\/wp-content\/uploads\/2024\/09\/Frost-1.jpg","width":1600,"height":1600},{"@type":"BreadcrumbList","@id":"https:\/\/bastardsknives.com\/de\/producto\/karbonfaser-frost\/#breadcrumb","itemListElement":[{"@type":"ListItem","position":1,"name":"Home","item":"https:\/\/bastardsknives.com\/de\/"},{"@type":"ListItem","position":2,"name":"Shop","item":"https:\/\/bastardsknives.com\/de\/shop\/"},{"@type":"ListItem","position":3,"name":"KARBONFASER \u201eFrost\u201c"}]},{"@type":"WebSite","@id":"https:\/\/bastardsknives.com\/de\/#website","url":"https:\/\/bastardsknives.com\/de\/","name":"Bastards Knives","description":"Bastards Knives | Viviendo al filo","publisher":{"@id":"https:\/\/bastardsknives.com\/de\/#organization"},"potentialAction":[{"@type":"SearchAction","target":{"@type":"EntryPoint","urlTemplate":"https:\/\/bastardsknives.com\/de\/?s={search_term_string}"},"query-input":"required name=search_term_string"}],"inLanguage":"de"},{"@type":"Organization","@id":"https:\/\/bastardsknives.com\/de\/#organization","name":"Bastards Knives","url":"https:\/\/bastardsknives.com\/de\/","logo":{"@type":"ImageObject","inLanguage":"de","@id":"https:\/\/bastardsknives.com\/de\/#\/schema\/logo\/image\/","url":"https:\/\/bastardsknives.com\/wp-content\/uploads\/2022\/07\/Logoprod1.png","contentUrl":"https:\/\/bastardsknives.com\/wp-content\/uploads\/2022\/07\/Logoprod1.png","width":284,"height":122,"caption":"Bastards Knives"},"image":{"@id":"https:\/\/bastardsknives.com\/de\/#\/schema\/logo\/image\/"}}]}},"_links":{"self":[{"href":"https:\/\/bastardsknives.com\/de\/wp-json\/wp\/v2\/product\/6687","targetHints":{"allow":["GET"]}}],"collection":[{"href":"https:\/\/bastardsknives.com\/de\/wp-json\/wp\/v2\/product"}],"about":[{"href":"https:\/\/bastardsknives.com\/de\/wp-json\/wp\/v2\/types\/product"}],"wp:featuredmedia":[{"embeddable":true,"href":"https:\/\/bastardsknives.com\/de\/wp-json\/wp\/v2\/media\/6317"}],"wp:attachment":[{"href":"https:\/\/bastardsknives.com\/de\/wp-json\/wp\/v2\/media?parent=6687"}],"wp:term":[{"taxonomy":"product_brand","embeddable":true,"href":"https:\/\/bastardsknives.com\/de\/wp-json\/wp\/v2\/product_brand?post=6687"},{"taxonomy":"product_cat","embeddable":true,"href":"https:\/\/bastardsknives.com\/de\/wp-json\/wp\/v2\/product_cat?post=6687"},{"taxonomy":"product_tag","embeddable":true,"href":"https:\/\/bastardsknives.com\/de\/wp-json\/wp\/v2\/product_tag?post=6687"}],"curies":[{"name":"wp","href":"https:\/\/api.w.org\/{rel}","templated":true}]}}