{"id":6710,"date":"2024-09-13T12:05:40","date_gmt":"2024-09-13T12:05:40","guid":{"rendered":"https:\/\/bastardsknives.com\/?post_type=product&#038;p=6710"},"modified":"2024-09-13T12:05:40","modified_gmt":"2024-09-13T12:05:40","slug":"karbonfaser-nebula","status":"publish","type":"product","link":"https:\/\/bastardsknives.com\/de\/producto\/karbonfaser-nebula\/","title":{"rendered":"KARBONFASER \u201eNebula\u201c"},"content":{"rendered":"<p>Unser \u201eNebula\u201c-Kohlenstofffaserverbundstoff ist von der Sch\u00f6nheit und den Geheimnissen ferner Galaxien inspiriert, insbesondere vom Schleiernebel. Dieses Produkt zeichnet sich durch eine auff\u00e4llige \u00c4sthetik in seiner gesamten Dicke aus, die die kosmische Pracht widerspiegelt. Abgesehen von seiner visuellen Attraktivit\u00e4t bietet \u201eNebula\u201c eine hervorragende Bearbeitbarkeit beim Bohren, Fr\u00e4sen und Schleifen, so dass es sich sowohl f\u00fcr manuelle als auch f\u00fcr CNC-Maschinen eignet. Es ist best\u00e4ndig gegen eine Vielzahl von Reinigungsmitteln, \u00d6len, Fetten und schwachen S\u00e4uren und kann f\u00fcr verschiedene Anwendungen poliert, gestrichen oder lackiert werden. Der Verbundwerkstoff zeichnet sich durch ein dreifarbiges Schema zwischen den einzelnen Kohlefaserschichten aus und ist in Bl\u00f6cken von bis zu 50 mm Dicke erh\u00e4ltlich. \u201eNebula\u201c kombiniert ein einzigartiges Aussehen mit praktischer Funktionalit\u00e4t und eignet sich daher sowohl f\u00fcr optisch auff\u00e4llige als auch f\u00fcr leistungsstarke Anwendungen.     <\/p>\n","protected":false},"excerpt":{"rendered":"<p>Unser \u201eNebula\u201c-Kohlenstofffaserverbundstoff ist von der Sch\u00f6nheit und den Geheimnissen ferner Galaxien inspiriert, insbesondere vom Schleiernebel. Dieses Produkt zeichnet sich durch eine auff\u00e4llige \u00c4sthetik in seiner gesamten Dicke aus, die die kosmische Pracht widerspiegelt. Abgesehen von seiner visuellen Attraktivit\u00e4t bietet \u201eNebula\u201c eine hervorragende Bearbeitbarkeit beim Bohren, Fr\u00e4sen und Schleifen, so dass es sich sowohl f\u00fcr manuelle&#8230;<\/p>\n","protected":false},"featured_media":6323,"template":"","meta":[],"product_brand":[],"product_cat":[906],"product_tag":[],"class_list":{"0":"post-6710","1":"product","2":"type-product","3":"status-publish","4":"has-post-thumbnail","6":"product_cat-fat-carbon-de","8":"first","9":"outofstock","10":"taxable","11":"shipping-taxable","12":"product-type-variable"},"acf":[],"yoast_head":"<!-- This site is optimized with the Yoast SEO plugin v23.1 - https:\/\/yoast.com\/wordpress\/plugins\/seo\/ -->\n<title>KARBONFASER \u201eNebula\u201c - Bastards Knives<\/title>\n<meta name=\"description\" content=\"Entdecken Sie unseren \u00e4sthetischen Kohlefaserverbundwerkstoff: optisch auffallend und hervorragend bearbeitbar, perfekt f\u00fcr Design- und Leistungsanwendungen.\" \/>\n<meta name=\"robots\" content=\"index, follow, max-snippet:-1, max-image-preview:large, max-video-preview:-1\" \/>\n<link rel=\"canonical\" href=\"https:\/\/bastardsknives.com\/de\/producto\/karbonfaser-nebula\/\" \/>\n<meta property=\"og:locale\" content=\"de_DE\" \/>\n<meta property=\"og:type\" content=\"article\" \/>\n<meta property=\"og:title\" content=\"KARBONFASER \u201eNebula\u201c - Bastards Knives\" \/>\n<meta property=\"og:description\" content=\"Entdecken Sie unseren \u00e4sthetischen Kohlefaserverbundwerkstoff: optisch auffallend und hervorragend bearbeitbar, perfekt f\u00fcr Design- und Leistungsanwendungen.\" \/>\n<meta property=\"og:url\" content=\"https:\/\/bastardsknives.com\/de\/producto\/karbonfaser-nebula\/\" \/>\n<meta property=\"og:site_name\" content=\"Bastards Knives\" \/>\n<meta property=\"og:image\" content=\"https:\/\/bastardsknives.com\/wp-content\/uploads\/2024\/09\/Nebula-1.png\" \/>\n\t<meta property=\"og:image:width\" content=\"767\" \/>\n\t<meta property=\"og:image:height\" content=\"764\" \/>\n\t<meta property=\"og:image:type\" content=\"image\/png\" \/>\n<meta name=\"twitter:card\" content=\"summary_large_image\" \/>\n<meta name=\"twitter:label1\" content=\"Gesch\u00e4tzte Lesezeit\" \/>\n\t<meta name=\"twitter:data1\" content=\"1\u00a0Minute\" \/>\n<script type=\"application\/ld+json\" class=\"yoast-schema-graph\">{\"@context\":\"https:\/\/schema.org\",\"@graph\":[{\"@type\":\"WebPage\",\"@id\":\"https:\/\/bastardsknives.com\/de\/producto\/karbonfaser-nebula\/\",\"url\":\"https:\/\/bastardsknives.com\/de\/producto\/karbonfaser-nebula\/\",\"name\":\"KARBONFASER \u201eNebula\u201c - Bastards Knives\",\"isPartOf\":{\"@id\":\"https:\/\/bastardsknives.com\/de\/#website\"},\"primaryImageOfPage\":{\"@id\":\"https:\/\/bastardsknives.com\/de\/producto\/karbonfaser-nebula\/#primaryimage\"},\"image\":{\"@id\":\"https:\/\/bastardsknives.com\/de\/producto\/karbonfaser-nebula\/#primaryimage\"},\"thumbnailUrl\":\"https:\/\/bastardsknives.com\/wp-content\/uploads\/2024\/09\/Nebula-1.png\",\"datePublished\":\"2024-09-13T12:05:40+00:00\",\"dateModified\":\"2024-09-13T12:05:40+00:00\",\"description\":\"Entdecken Sie unseren \u00e4sthetischen Kohlefaserverbundwerkstoff: optisch auffallend und hervorragend bearbeitbar, perfekt f\u00fcr Design- und Leistungsanwendungen.\",\"breadcrumb\":{\"@id\":\"https:\/\/bastardsknives.com\/de\/producto\/karbonfaser-nebula\/#breadcrumb\"},\"inLanguage\":\"de\",\"potentialAction\":[{\"@type\":\"ReadAction\",\"target\":[\"https:\/\/bastardsknives.com\/de\/producto\/karbonfaser-nebula\/\"]}]},{\"@type\":\"ImageObject\",\"inLanguage\":\"de\",\"@id\":\"https:\/\/bastardsknives.com\/de\/producto\/karbonfaser-nebula\/#primaryimage\",\"url\":\"https:\/\/bastardsknives.com\/wp-content\/uploads\/2024\/09\/Nebula-1.png\",\"contentUrl\":\"https:\/\/bastardsknives.com\/wp-content\/uploads\/2024\/09\/Nebula-1.png\",\"width\":767,\"height\":764,\"caption\":\"\u00e4sthetischer Kohlefaserverbundstoff\"},{\"@type\":\"BreadcrumbList\",\"@id\":\"https:\/\/bastardsknives.com\/de\/producto\/karbonfaser-nebula\/#breadcrumb\",\"itemListElement\":[{\"@type\":\"ListItem\",\"position\":1,\"name\":\"Home\",\"item\":\"https:\/\/bastardsknives.com\/de\/\"},{\"@type\":\"ListItem\",\"position\":2,\"name\":\"Shop\",\"item\":\"https:\/\/bastardsknives.com\/de\/shop\/\"},{\"@type\":\"ListItem\",\"position\":3,\"name\":\"KARBONFASER \u201eNebula\u201c\"}]},{\"@type\":\"WebSite\",\"@id\":\"https:\/\/bastardsknives.com\/de\/#website\",\"url\":\"https:\/\/bastardsknives.com\/de\/\",\"name\":\"Bastards Knives\",\"description\":\"Bastards Knives | Viviendo al filo\",\"publisher\":{\"@id\":\"https:\/\/bastardsknives.com\/de\/#organization\"},\"potentialAction\":[{\"@type\":\"SearchAction\",\"target\":{\"@type\":\"EntryPoint\",\"urlTemplate\":\"https:\/\/bastardsknives.com\/de\/?s={search_term_string}\"},\"query-input\":\"required name=search_term_string\"}],\"inLanguage\":\"de\"},{\"@type\":\"Organization\",\"@id\":\"https:\/\/bastardsknives.com\/de\/#organization\",\"name\":\"Bastards Knives\",\"url\":\"https:\/\/bastardsknives.com\/de\/\",\"logo\":{\"@type\":\"ImageObject\",\"inLanguage\":\"de\",\"@id\":\"https:\/\/bastardsknives.com\/de\/#\/schema\/logo\/image\/\",\"url\":\"https:\/\/bastardsknives.com\/wp-content\/uploads\/2022\/07\/Logoprod1.png\",\"contentUrl\":\"https:\/\/bastardsknives.com\/wp-content\/uploads\/2022\/07\/Logoprod1.png\",\"width\":284,\"height\":122,\"caption\":\"Bastards Knives\"},\"image\":{\"@id\":\"https:\/\/bastardsknives.com\/de\/#\/schema\/logo\/image\/\"}}]}<\/script>\n<!-- \/ Yoast SEO plugin. -->","yoast_head_json":{"title":"KARBONFASER \u201eNebula\u201c - Bastards Knives","description":"Entdecken Sie unseren \u00e4sthetischen Kohlefaserverbundwerkstoff: optisch auffallend und hervorragend bearbeitbar, perfekt f\u00fcr Design- und Leistungsanwendungen.","robots":{"index":"index","follow":"follow","max-snippet":"max-snippet:-1","max-image-preview":"max-image-preview:large","max-video-preview":"max-video-preview:-1"},"canonical":"https:\/\/bastardsknives.com\/de\/producto\/karbonfaser-nebula\/","og_locale":"de_DE","og_type":"article","og_title":"KARBONFASER \u201eNebula\u201c - Bastards Knives","og_description":"Entdecken Sie unseren \u00e4sthetischen Kohlefaserverbundwerkstoff: optisch auffallend und hervorragend bearbeitbar, perfekt f\u00fcr Design- und Leistungsanwendungen.","og_url":"https:\/\/bastardsknives.com\/de\/producto\/karbonfaser-nebula\/","og_site_name":"Bastards Knives","og_image":[{"width":767,"height":764,"url":"https:\/\/bastardsknives.com\/wp-content\/uploads\/2024\/09\/Nebula-1.png","type":"image\/png"}],"twitter_card":"summary_large_image","twitter_misc":{"Gesch\u00e4tzte Lesezeit":"1\u00a0Minute"},"schema":{"@context":"https:\/\/schema.org","@graph":[{"@type":"WebPage","@id":"https:\/\/bastardsknives.com\/de\/producto\/karbonfaser-nebula\/","url":"https:\/\/bastardsknives.com\/de\/producto\/karbonfaser-nebula\/","name":"KARBONFASER \u201eNebula\u201c - Bastards Knives","isPartOf":{"@id":"https:\/\/bastardsknives.com\/de\/#website"},"primaryImageOfPage":{"@id":"https:\/\/bastardsknives.com\/de\/producto\/karbonfaser-nebula\/#primaryimage"},"image":{"@id":"https:\/\/bastardsknives.com\/de\/producto\/karbonfaser-nebula\/#primaryimage"},"thumbnailUrl":"https:\/\/bastardsknives.com\/wp-content\/uploads\/2024\/09\/Nebula-1.png","datePublished":"2024-09-13T12:05:40+00:00","dateModified":"2024-09-13T12:05:40+00:00","description":"Entdecken Sie unseren \u00e4sthetischen Kohlefaserverbundwerkstoff: optisch auffallend und hervorragend bearbeitbar, perfekt f\u00fcr Design- und Leistungsanwendungen.","breadcrumb":{"@id":"https:\/\/bastardsknives.com\/de\/producto\/karbonfaser-nebula\/#breadcrumb"},"inLanguage":"de","potentialAction":[{"@type":"ReadAction","target":["https:\/\/bastardsknives.com\/de\/producto\/karbonfaser-nebula\/"]}]},{"@type":"ImageObject","inLanguage":"de","@id":"https:\/\/bastardsknives.com\/de\/producto\/karbonfaser-nebula\/#primaryimage","url":"https:\/\/bastardsknives.com\/wp-content\/uploads\/2024\/09\/Nebula-1.png","contentUrl":"https:\/\/bastardsknives.com\/wp-content\/uploads\/2024\/09\/Nebula-1.png","width":767,"height":764,"caption":"\u00e4sthetischer Kohlefaserverbundstoff"},{"@type":"BreadcrumbList","@id":"https:\/\/bastardsknives.com\/de\/producto\/karbonfaser-nebula\/#breadcrumb","itemListElement":[{"@type":"ListItem","position":1,"name":"Home","item":"https:\/\/bastardsknives.com\/de\/"},{"@type":"ListItem","position":2,"name":"Shop","item":"https:\/\/bastardsknives.com\/de\/shop\/"},{"@type":"ListItem","position":3,"name":"KARBONFASER \u201eNebula\u201c"}]},{"@type":"WebSite","@id":"https:\/\/bastardsknives.com\/de\/#website","url":"https:\/\/bastardsknives.com\/de\/","name":"Bastards Knives","description":"Bastards Knives | Viviendo al filo","publisher":{"@id":"https:\/\/bastardsknives.com\/de\/#organization"},"potentialAction":[{"@type":"SearchAction","target":{"@type":"EntryPoint","urlTemplate":"https:\/\/bastardsknives.com\/de\/?s={search_term_string}"},"query-input":"required name=search_term_string"}],"inLanguage":"de"},{"@type":"Organization","@id":"https:\/\/bastardsknives.com\/de\/#organization","name":"Bastards Knives","url":"https:\/\/bastardsknives.com\/de\/","logo":{"@type":"ImageObject","inLanguage":"de","@id":"https:\/\/bastardsknives.com\/de\/#\/schema\/logo\/image\/","url":"https:\/\/bastardsknives.com\/wp-content\/uploads\/2022\/07\/Logoprod1.png","contentUrl":"https:\/\/bastardsknives.com\/wp-content\/uploads\/2022\/07\/Logoprod1.png","width":284,"height":122,"caption":"Bastards Knives"},"image":{"@id":"https:\/\/bastardsknives.com\/de\/#\/schema\/logo\/image\/"}}]}},"_links":{"self":[{"href":"https:\/\/bastardsknives.com\/de\/wp-json\/wp\/v2\/product\/6710","targetHints":{"allow":["GET"]}}],"collection":[{"href":"https:\/\/bastardsknives.com\/de\/wp-json\/wp\/v2\/product"}],"about":[{"href":"https:\/\/bastardsknives.com\/de\/wp-json\/wp\/v2\/types\/product"}],"wp:featuredmedia":[{"embeddable":true,"href":"https:\/\/bastardsknives.com\/de\/wp-json\/wp\/v2\/media\/6323"}],"wp:attachment":[{"href":"https:\/\/bastardsknives.com\/de\/wp-json\/wp\/v2\/media?parent=6710"}],"wp:term":[{"taxonomy":"product_brand","embeddable":true,"href":"https:\/\/bastardsknives.com\/de\/wp-json\/wp\/v2\/product_brand?post=6710"},{"taxonomy":"product_cat","embeddable":true,"href":"https:\/\/bastardsknives.com\/de\/wp-json\/wp\/v2\/product_cat?post=6710"},{"taxonomy":"product_tag","embeddable":true,"href":"https:\/\/bastardsknives.com\/de\/wp-json\/wp\/v2\/product_tag?post=6710"}],"curies":[{"name":"wp","href":"https:\/\/api.w.org\/{rel}","templated":true}]}}