{"id":6731,"date":"2024-09-13T12:25:58","date_gmt":"2024-09-13T12:25:58","guid":{"rendered":"https:\/\/bastardsknives.com\/?post_type=product&#038;p=6731"},"modified":"2024-09-13T12:25:58","modified_gmt":"2024-09-13T12:25:58","slug":"carbon-fiber-pines-peak","status":"publish","type":"product","link":"https:\/\/bastardsknives.com\/de\/producto\/carbon-fiber-pines-peak\/","title":{"rendered":"CARBON FIBER \u201ePines Peak\u201c"},"content":{"rendered":"<p>Wir stellen vor: FATCARBON\u00ae Colored Carbon Fiber \u201ePines Peak\u201c, unser neuestes maschinell bearbeitbares Verbundmaterial. Dieses leichtgewichtige Kohlefaserwunder hat ein einzigartiges zweifarbiges Design in leuchtendem Gr\u00fcn und makellosem Wei\u00df, inspiriert von der Sch\u00f6nheit von Waldgipfeln und T\u00e4lern. \u201ePines Peak\u201c kombiniert atemberaubende \u00c4sthetik mit hoher Leistung. Es ist ideal f\u00fcr die individuelle Bearbeitung von Messergriffen, Uhrengeh\u00e4usen und Schmuck. Der Verbundwerkstoff l\u00e4sst sich sowohl mit manuellen als auch mit CNC-Maschinen leicht bohren, fr\u00e4sen und schleifen. Mit seinem au\u00dfergew\u00f6hnlichen Verh\u00e4ltnis von Festigkeit zu Gewicht bietet Pines Peak\u201c Langlebigkeit und optische Attraktivit\u00e4t und ist damit die perfekte Wahl f\u00fcr die Herstellung leistungsstarker und auff\u00e4lliger Produkte.     <\/p>\n","protected":false},"excerpt":{"rendered":"<p>Wir stellen vor: FATCARBON\u00ae Colored Carbon Fiber \u201ePines Peak\u201c, unser neuestes maschinell bearbeitbares Verbundmaterial. Dieses leichtgewichtige Kohlefaserwunder hat ein einzigartiges zweifarbiges Design in leuchtendem Gr\u00fcn und makellosem Wei\u00df, inspiriert von der Sch\u00f6nheit von Waldgipfeln und T\u00e4lern. \u201ePines Peak\u201c kombiniert atemberaubende \u00c4sthetik mit hoher Leistung. Es ist ideal f\u00fcr die individuelle Bearbeitung von Messergriffen, Uhrengeh\u00e4usen und&#8230;<\/p>\n","protected":false},"featured_media":6326,"template":"","meta":[],"product_brand":[],"product_cat":[906],"product_tag":[],"class_list":{"0":"post-6731","1":"product","2":"type-product","3":"status-publish","4":"has-post-thumbnail","6":"product_cat-fat-carbon-de","8":"first","9":"instock","10":"taxable","11":"shipping-taxable","12":"purchasable","13":"product-type-variable"},"acf":[],"yoast_head":"<!-- This site is optimized with the Yoast SEO plugin v23.1 - https:\/\/yoast.com\/wordpress\/plugins\/seo\/ -->\n<title>CARBON FIBER \u201ePines Peak\u201c - Bastards Knives<\/title>\n<meta name=\"description\" content=\"Farbige Kohlefaser: leicht, haltbar und optisch auff\u00e4llig. Ideal f\u00fcr die Hochleistungsbearbeitung mit au\u00dfergew\u00f6hnlichem Verh\u00e4ltnis von Festigkeit und Gewicht.\" \/>\n<meta name=\"robots\" content=\"index, follow, max-snippet:-1, max-image-preview:large, max-video-preview:-1\" \/>\n<link rel=\"canonical\" href=\"https:\/\/bastardsknives.com\/de\/producto\/carbon-fiber-pines-peak\/\" \/>\n<meta property=\"og:locale\" content=\"de_DE\" \/>\n<meta property=\"og:type\" content=\"article\" \/>\n<meta property=\"og:title\" content=\"CARBON FIBER \u201ePines Peak\u201c - Bastards Knives\" \/>\n<meta property=\"og:description\" content=\"Farbige Kohlefaser: leicht, haltbar und optisch auff\u00e4llig. Ideal f\u00fcr die Hochleistungsbearbeitung mit au\u00dfergew\u00f6hnlichem Verh\u00e4ltnis von Festigkeit und Gewicht.\" \/>\n<meta property=\"og:url\" content=\"https:\/\/bastardsknives.com\/de\/producto\/carbon-fiber-pines-peak\/\" \/>\n<meta property=\"og:site_name\" content=\"Bastards Knives\" \/>\n<meta property=\"og:image\" content=\"https:\/\/bastardsknives.com\/wp-content\/uploads\/2024\/09\/Pines-peak-1.jpg\" \/>\n\t<meta property=\"og:image:width\" content=\"1600\" \/>\n\t<meta property=\"og:image:height\" content=\"1600\" \/>\n\t<meta property=\"og:image:type\" content=\"image\/jpeg\" \/>\n<meta name=\"twitter:card\" content=\"summary_large_image\" \/>\n<meta name=\"twitter:label1\" content=\"Gesch\u00e4tzte Lesezeit\" \/>\n\t<meta name=\"twitter:data1\" content=\"1\u00a0Minute\" \/>\n<script type=\"application\/ld+json\" class=\"yoast-schema-graph\">{\"@context\":\"https:\/\/schema.org\",\"@graph\":[{\"@type\":\"WebPage\",\"@id\":\"https:\/\/bastardsknives.com\/de\/producto\/carbon-fiber-pines-peak\/\",\"url\":\"https:\/\/bastardsknives.com\/de\/producto\/carbon-fiber-pines-peak\/\",\"name\":\"CARBON FIBER \u201ePines Peak\u201c - Bastards Knives\",\"isPartOf\":{\"@id\":\"https:\/\/bastardsknives.com\/de\/#website\"},\"primaryImageOfPage\":{\"@id\":\"https:\/\/bastardsknives.com\/de\/producto\/carbon-fiber-pines-peak\/#primaryimage\"},\"image\":{\"@id\":\"https:\/\/bastardsknives.com\/de\/producto\/carbon-fiber-pines-peak\/#primaryimage\"},\"thumbnailUrl\":\"https:\/\/bastardsknives.com\/wp-content\/uploads\/2024\/09\/Pines-peak-1.jpg\",\"datePublished\":\"2024-09-13T12:25:58+00:00\",\"dateModified\":\"2024-09-13T12:25:58+00:00\",\"description\":\"Farbige Kohlefaser: leicht, haltbar und optisch auff\u00e4llig. Ideal f\u00fcr die Hochleistungsbearbeitung mit au\u00dfergew\u00f6hnlichem Verh\u00e4ltnis von Festigkeit und Gewicht.\",\"breadcrumb\":{\"@id\":\"https:\/\/bastardsknives.com\/de\/producto\/carbon-fiber-pines-peak\/#breadcrumb\"},\"inLanguage\":\"de\",\"potentialAction\":[{\"@type\":\"ReadAction\",\"target\":[\"https:\/\/bastardsknives.com\/de\/producto\/carbon-fiber-pines-peak\/\"]}]},{\"@type\":\"ImageObject\",\"inLanguage\":\"de\",\"@id\":\"https:\/\/bastardsknives.com\/de\/producto\/carbon-fiber-pines-peak\/#primaryimage\",\"url\":\"https:\/\/bastardsknives.com\/wp-content\/uploads\/2024\/09\/Pines-peak-1.jpg\",\"contentUrl\":\"https:\/\/bastardsknives.com\/wp-content\/uploads\/2024\/09\/Pines-peak-1.jpg\",\"width\":1600,\"height\":1600,\"caption\":\"Farbige Kohlefaser\"},{\"@type\":\"BreadcrumbList\",\"@id\":\"https:\/\/bastardsknives.com\/de\/producto\/carbon-fiber-pines-peak\/#breadcrumb\",\"itemListElement\":[{\"@type\":\"ListItem\",\"position\":1,\"name\":\"Home\",\"item\":\"https:\/\/bastardsknives.com\/de\/\"},{\"@type\":\"ListItem\",\"position\":2,\"name\":\"Shop\",\"item\":\"https:\/\/bastardsknives.com\/de\/shop\/\"},{\"@type\":\"ListItem\",\"position\":3,\"name\":\"CARBON FIBER \u201ePines Peak\u201c\"}]},{\"@type\":\"WebSite\",\"@id\":\"https:\/\/bastardsknives.com\/de\/#website\",\"url\":\"https:\/\/bastardsknives.com\/de\/\",\"name\":\"Bastards Knives\",\"description\":\"Bastards Knives | Viviendo al filo\",\"publisher\":{\"@id\":\"https:\/\/bastardsknives.com\/de\/#organization\"},\"potentialAction\":[{\"@type\":\"SearchAction\",\"target\":{\"@type\":\"EntryPoint\",\"urlTemplate\":\"https:\/\/bastardsknives.com\/de\/?s={search_term_string}\"},\"query-input\":\"required name=search_term_string\"}],\"inLanguage\":\"de\"},{\"@type\":\"Organization\",\"@id\":\"https:\/\/bastardsknives.com\/de\/#organization\",\"name\":\"Bastards Knives\",\"url\":\"https:\/\/bastardsknives.com\/de\/\",\"logo\":{\"@type\":\"ImageObject\",\"inLanguage\":\"de\",\"@id\":\"https:\/\/bastardsknives.com\/de\/#\/schema\/logo\/image\/\",\"url\":\"https:\/\/bastardsknives.com\/wp-content\/uploads\/2022\/07\/Logoprod1.png\",\"contentUrl\":\"https:\/\/bastardsknives.com\/wp-content\/uploads\/2022\/07\/Logoprod1.png\",\"width\":284,\"height\":122,\"caption\":\"Bastards Knives\"},\"image\":{\"@id\":\"https:\/\/bastardsknives.com\/de\/#\/schema\/logo\/image\/\"}}]}<\/script>\n<!-- \/ Yoast SEO plugin. -->","yoast_head_json":{"title":"CARBON FIBER \u201ePines Peak\u201c - Bastards Knives","description":"Farbige Kohlefaser: leicht, haltbar und optisch auff\u00e4llig. Ideal f\u00fcr die Hochleistungsbearbeitung mit au\u00dfergew\u00f6hnlichem Verh\u00e4ltnis von Festigkeit und Gewicht.","robots":{"index":"index","follow":"follow","max-snippet":"max-snippet:-1","max-image-preview":"max-image-preview:large","max-video-preview":"max-video-preview:-1"},"canonical":"https:\/\/bastardsknives.com\/de\/producto\/carbon-fiber-pines-peak\/","og_locale":"de_DE","og_type":"article","og_title":"CARBON FIBER \u201ePines Peak\u201c - Bastards Knives","og_description":"Farbige Kohlefaser: leicht, haltbar und optisch auff\u00e4llig. Ideal f\u00fcr die Hochleistungsbearbeitung mit au\u00dfergew\u00f6hnlichem Verh\u00e4ltnis von Festigkeit und Gewicht.","og_url":"https:\/\/bastardsknives.com\/de\/producto\/carbon-fiber-pines-peak\/","og_site_name":"Bastards Knives","og_image":[{"width":1600,"height":1600,"url":"https:\/\/bastardsknives.com\/wp-content\/uploads\/2024\/09\/Pines-peak-1.jpg","type":"image\/jpeg"}],"twitter_card":"summary_large_image","twitter_misc":{"Gesch\u00e4tzte Lesezeit":"1\u00a0Minute"},"schema":{"@context":"https:\/\/schema.org","@graph":[{"@type":"WebPage","@id":"https:\/\/bastardsknives.com\/de\/producto\/carbon-fiber-pines-peak\/","url":"https:\/\/bastardsknives.com\/de\/producto\/carbon-fiber-pines-peak\/","name":"CARBON FIBER \u201ePines Peak\u201c - Bastards Knives","isPartOf":{"@id":"https:\/\/bastardsknives.com\/de\/#website"},"primaryImageOfPage":{"@id":"https:\/\/bastardsknives.com\/de\/producto\/carbon-fiber-pines-peak\/#primaryimage"},"image":{"@id":"https:\/\/bastardsknives.com\/de\/producto\/carbon-fiber-pines-peak\/#primaryimage"},"thumbnailUrl":"https:\/\/bastardsknives.com\/wp-content\/uploads\/2024\/09\/Pines-peak-1.jpg","datePublished":"2024-09-13T12:25:58+00:00","dateModified":"2024-09-13T12:25:58+00:00","description":"Farbige Kohlefaser: leicht, haltbar und optisch auff\u00e4llig. Ideal f\u00fcr die Hochleistungsbearbeitung mit au\u00dfergew\u00f6hnlichem Verh\u00e4ltnis von Festigkeit und Gewicht.","breadcrumb":{"@id":"https:\/\/bastardsknives.com\/de\/producto\/carbon-fiber-pines-peak\/#breadcrumb"},"inLanguage":"de","potentialAction":[{"@type":"ReadAction","target":["https:\/\/bastardsknives.com\/de\/producto\/carbon-fiber-pines-peak\/"]}]},{"@type":"ImageObject","inLanguage":"de","@id":"https:\/\/bastardsknives.com\/de\/producto\/carbon-fiber-pines-peak\/#primaryimage","url":"https:\/\/bastardsknives.com\/wp-content\/uploads\/2024\/09\/Pines-peak-1.jpg","contentUrl":"https:\/\/bastardsknives.com\/wp-content\/uploads\/2024\/09\/Pines-peak-1.jpg","width":1600,"height":1600,"caption":"Farbige Kohlefaser"},{"@type":"BreadcrumbList","@id":"https:\/\/bastardsknives.com\/de\/producto\/carbon-fiber-pines-peak\/#breadcrumb","itemListElement":[{"@type":"ListItem","position":1,"name":"Home","item":"https:\/\/bastardsknives.com\/de\/"},{"@type":"ListItem","position":2,"name":"Shop","item":"https:\/\/bastardsknives.com\/de\/shop\/"},{"@type":"ListItem","position":3,"name":"CARBON FIBER \u201ePines Peak\u201c"}]},{"@type":"WebSite","@id":"https:\/\/bastardsknives.com\/de\/#website","url":"https:\/\/bastardsknives.com\/de\/","name":"Bastards Knives","description":"Bastards Knives | Viviendo al filo","publisher":{"@id":"https:\/\/bastardsknives.com\/de\/#organization"},"potentialAction":[{"@type":"SearchAction","target":{"@type":"EntryPoint","urlTemplate":"https:\/\/bastardsknives.com\/de\/?s={search_term_string}"},"query-input":"required name=search_term_string"}],"inLanguage":"de"},{"@type":"Organization","@id":"https:\/\/bastardsknives.com\/de\/#organization","name":"Bastards Knives","url":"https:\/\/bastardsknives.com\/de\/","logo":{"@type":"ImageObject","inLanguage":"de","@id":"https:\/\/bastardsknives.com\/de\/#\/schema\/logo\/image\/","url":"https:\/\/bastardsknives.com\/wp-content\/uploads\/2022\/07\/Logoprod1.png","contentUrl":"https:\/\/bastardsknives.com\/wp-content\/uploads\/2022\/07\/Logoprod1.png","width":284,"height":122,"caption":"Bastards Knives"},"image":{"@id":"https:\/\/bastardsknives.com\/de\/#\/schema\/logo\/image\/"}}]}},"_links":{"self":[{"href":"https:\/\/bastardsknives.com\/de\/wp-json\/wp\/v2\/product\/6731","targetHints":{"allow":["GET"]}}],"collection":[{"href":"https:\/\/bastardsknives.com\/de\/wp-json\/wp\/v2\/product"}],"about":[{"href":"https:\/\/bastardsknives.com\/de\/wp-json\/wp\/v2\/types\/product"}],"wp:featuredmedia":[{"embeddable":true,"href":"https:\/\/bastardsknives.com\/de\/wp-json\/wp\/v2\/media\/6326"}],"wp:attachment":[{"href":"https:\/\/bastardsknives.com\/de\/wp-json\/wp\/v2\/media?parent=6731"}],"wp:term":[{"taxonomy":"product_brand","embeddable":true,"href":"https:\/\/bastardsknives.com\/de\/wp-json\/wp\/v2\/product_brand?post=6731"},{"taxonomy":"product_cat","embeddable":true,"href":"https:\/\/bastardsknives.com\/de\/wp-json\/wp\/v2\/product_cat?post=6731"},{"taxonomy":"product_tag","embeddable":true,"href":"https:\/\/bastardsknives.com\/de\/wp-json\/wp\/v2\/product_tag?post=6731"}],"curies":[{"name":"wp","href":"https:\/\/api.w.org\/{rel}","templated":true}]}}