{"id":6755,"date":"2024-09-13T13:49:15","date_gmt":"2024-09-13T13:49:15","guid":{"rendered":"https:\/\/bastardsknives.com\/?post_type=product&#038;p=6755"},"modified":"2024-09-13T13:49:15","modified_gmt":"2024-09-13T13:49:15","slug":"carbon-fiber-schneefeuer","status":"publish","type":"product","link":"https:\/\/bastardsknives.com\/de\/producto\/carbon-fiber-schneefeuer\/","title":{"rendered":"CARBON FIBER \u201eSchneefeuer\u201c"},"content":{"rendered":"<p>\u201eSnow Fire\u201c ist ein auff\u00e4lliger Kohlefaser-Verbundstoff, der ruhige schneewei\u00dfe Farbt\u00f6ne nahtlos mit leuchtenden Rott\u00f6nen verbindet. Inspiriert von der Ruhe der Winterlandschaft und der wilden Energie des Feuers, hebt sich \u201eSnow Fire\u201c nicht nur optisch ab, sondern symbolisiert auch St\u00e4rke, Tapferkeit und das dauerhafte Gleichgewicht der Kontraste der Natur. Snow Fire\u201c wurde mit h\u00f6chster Pr\u00e4zision gefertigt und bietet eine leichte Struktur und hervorragende Bearbeitungsm\u00f6glichkeiten, wodurch es sich ideal f\u00fcr die Herstellung verschiedener Produkte eignet, von Messergriffen bis hin zu Schmuck, bei denen sowohl Sch\u00f6nheit als auch Leistung im Vordergrund stehen.  <\/p>\n","protected":false},"excerpt":{"rendered":"<p>\u201eSnow Fire\u201c ist ein auff\u00e4lliger Kohlefaser-Verbundstoff, der ruhige schneewei\u00dfe Farbt\u00f6ne nahtlos mit leuchtenden Rott\u00f6nen verbindet. Inspiriert von der Ruhe der Winterlandschaft und der wilden Energie des Feuers, hebt sich \u201eSnow Fire\u201c nicht nur optisch ab, sondern symbolisiert auch St\u00e4rke, Tapferkeit und das dauerhafte Gleichgewicht der Kontraste der Natur. Snow Fire\u201c wurde mit h\u00f6chster Pr\u00e4zision gefertigt&#8230;<\/p>\n","protected":false},"featured_media":6338,"template":"","meta":[],"product_brand":[],"product_cat":[906],"product_tag":[],"class_list":{"0":"post-6755","1":"product","2":"type-product","3":"status-publish","4":"has-post-thumbnail","6":"product_cat-fat-carbon-de","8":"first","9":"instock","10":"taxable","11":"shipping-taxable","12":"purchasable","13":"product-type-variable"},"acf":[],"yoast_head":"<!-- This site is optimized with the Yoast SEO plugin v23.1 - https:\/\/yoast.com\/wordpress\/plugins\/seo\/ -->\n<title>CARBON FIBER \u201eSchneefeuer\u201c - Bastards Knives<\/title>\n<meta name=\"description\" content=\"Rote Kohlefaser: leicht, langlebig und optisch auff\u00e4llig mit einer einzigartigen Mischung aus Rott\u00f6nen. Ideal f\u00fcr leistungsstarke, individuell gefertigte Produkte.\" \/>\n<meta name=\"robots\" content=\"index, follow, max-snippet:-1, max-image-preview:large, max-video-preview:-1\" \/>\n<link rel=\"canonical\" href=\"https:\/\/bastardsknives.com\/de\/producto\/carbon-fiber-schneefeuer\/\" \/>\n<meta property=\"og:locale\" content=\"de_DE\" \/>\n<meta property=\"og:type\" content=\"article\" \/>\n<meta property=\"og:title\" content=\"CARBON FIBER \u201eSchneefeuer\u201c - Bastards Knives\" \/>\n<meta property=\"og:description\" content=\"Rote Kohlefaser: leicht, langlebig und optisch auff\u00e4llig mit einer einzigartigen Mischung aus Rott\u00f6nen. Ideal f\u00fcr leistungsstarke, individuell gefertigte Produkte.\" \/>\n<meta property=\"og:url\" content=\"https:\/\/bastardsknives.com\/de\/producto\/carbon-fiber-schneefeuer\/\" \/>\n<meta property=\"og:site_name\" content=\"Bastards Knives\" \/>\n<meta property=\"og:image\" content=\"https:\/\/bastardsknives.com\/wp-content\/uploads\/2024\/09\/Snow-Fire-1.jpg\" \/>\n\t<meta property=\"og:image:width\" content=\"1600\" \/>\n\t<meta property=\"og:image:height\" content=\"1600\" \/>\n\t<meta property=\"og:image:type\" content=\"image\/jpeg\" \/>\n<meta name=\"twitter:card\" content=\"summary_large_image\" \/>\n<script type=\"application\/ld+json\" class=\"yoast-schema-graph\">{\"@context\":\"https:\/\/schema.org\",\"@graph\":[{\"@type\":\"WebPage\",\"@id\":\"https:\/\/bastardsknives.com\/de\/producto\/carbon-fiber-schneefeuer\/\",\"url\":\"https:\/\/bastardsknives.com\/de\/producto\/carbon-fiber-schneefeuer\/\",\"name\":\"CARBON FIBER \u201eSchneefeuer\u201c - Bastards Knives\",\"isPartOf\":{\"@id\":\"https:\/\/bastardsknives.com\/de\/#website\"},\"primaryImageOfPage\":{\"@id\":\"https:\/\/bastardsknives.com\/de\/producto\/carbon-fiber-schneefeuer\/#primaryimage\"},\"image\":{\"@id\":\"https:\/\/bastardsknives.com\/de\/producto\/carbon-fiber-schneefeuer\/#primaryimage\"},\"thumbnailUrl\":\"https:\/\/bastardsknives.com\/wp-content\/uploads\/2024\/09\/Snow-Fire-1.jpg\",\"datePublished\":\"2024-09-13T13:49:15+00:00\",\"dateModified\":\"2024-09-13T13:49:15+00:00\",\"description\":\"Rote Kohlefaser: leicht, langlebig und optisch auff\u00e4llig mit einer einzigartigen Mischung aus Rott\u00f6nen. Ideal f\u00fcr leistungsstarke, individuell gefertigte Produkte.\",\"breadcrumb\":{\"@id\":\"https:\/\/bastardsknives.com\/de\/producto\/carbon-fiber-schneefeuer\/#breadcrumb\"},\"inLanguage\":\"de\",\"potentialAction\":[{\"@type\":\"ReadAction\",\"target\":[\"https:\/\/bastardsknives.com\/de\/producto\/carbon-fiber-schneefeuer\/\"]}]},{\"@type\":\"ImageObject\",\"inLanguage\":\"de\",\"@id\":\"https:\/\/bastardsknives.com\/de\/producto\/carbon-fiber-schneefeuer\/#primaryimage\",\"url\":\"https:\/\/bastardsknives.com\/wp-content\/uploads\/2024\/09\/Snow-Fire-1.jpg\",\"contentUrl\":\"https:\/\/bastardsknives.com\/wp-content\/uploads\/2024\/09\/Snow-Fire-1.jpg\",\"width\":1600,\"height\":1600,\"caption\":\"rote Kohlefaser\"},{\"@type\":\"BreadcrumbList\",\"@id\":\"https:\/\/bastardsknives.com\/de\/producto\/carbon-fiber-schneefeuer\/#breadcrumb\",\"itemListElement\":[{\"@type\":\"ListItem\",\"position\":1,\"name\":\"Home\",\"item\":\"https:\/\/bastardsknives.com\/de\/\"},{\"@type\":\"ListItem\",\"position\":2,\"name\":\"Shop\",\"item\":\"https:\/\/bastardsknives.com\/de\/shop\/\"},{\"@type\":\"ListItem\",\"position\":3,\"name\":\"CARBON FIBER \u201eSchneefeuer\u201c\"}]},{\"@type\":\"WebSite\",\"@id\":\"https:\/\/bastardsknives.com\/de\/#website\",\"url\":\"https:\/\/bastardsknives.com\/de\/\",\"name\":\"Bastards Knives\",\"description\":\"Bastards Knives | Viviendo al filo\",\"publisher\":{\"@id\":\"https:\/\/bastardsknives.com\/de\/#organization\"},\"potentialAction\":[{\"@type\":\"SearchAction\",\"target\":{\"@type\":\"EntryPoint\",\"urlTemplate\":\"https:\/\/bastardsknives.com\/de\/?s={search_term_string}\"},\"query-input\":\"required name=search_term_string\"}],\"inLanguage\":\"de\"},{\"@type\":\"Organization\",\"@id\":\"https:\/\/bastardsknives.com\/de\/#organization\",\"name\":\"Bastards Knives\",\"url\":\"https:\/\/bastardsknives.com\/de\/\",\"logo\":{\"@type\":\"ImageObject\",\"inLanguage\":\"de\",\"@id\":\"https:\/\/bastardsknives.com\/de\/#\/schema\/logo\/image\/\",\"url\":\"https:\/\/bastardsknives.com\/wp-content\/uploads\/2022\/07\/Logoprod1.png\",\"contentUrl\":\"https:\/\/bastardsknives.com\/wp-content\/uploads\/2022\/07\/Logoprod1.png\",\"width\":284,\"height\":122,\"caption\":\"Bastards Knives\"},\"image\":{\"@id\":\"https:\/\/bastardsknives.com\/de\/#\/schema\/logo\/image\/\"}}]}<\/script>\n<!-- \/ Yoast SEO plugin. -->","yoast_head_json":{"title":"CARBON FIBER \u201eSchneefeuer\u201c - Bastards Knives","description":"Rote Kohlefaser: leicht, langlebig und optisch auff\u00e4llig mit einer einzigartigen Mischung aus Rott\u00f6nen. Ideal f\u00fcr leistungsstarke, individuell gefertigte Produkte.","robots":{"index":"index","follow":"follow","max-snippet":"max-snippet:-1","max-image-preview":"max-image-preview:large","max-video-preview":"max-video-preview:-1"},"canonical":"https:\/\/bastardsknives.com\/de\/producto\/carbon-fiber-schneefeuer\/","og_locale":"de_DE","og_type":"article","og_title":"CARBON FIBER \u201eSchneefeuer\u201c - Bastards Knives","og_description":"Rote Kohlefaser: leicht, langlebig und optisch auff\u00e4llig mit einer einzigartigen Mischung aus Rott\u00f6nen. Ideal f\u00fcr leistungsstarke, individuell gefertigte Produkte.","og_url":"https:\/\/bastardsknives.com\/de\/producto\/carbon-fiber-schneefeuer\/","og_site_name":"Bastards Knives","og_image":[{"width":1600,"height":1600,"url":"https:\/\/bastardsknives.com\/wp-content\/uploads\/2024\/09\/Snow-Fire-1.jpg","type":"image\/jpeg"}],"twitter_card":"summary_large_image","schema":{"@context":"https:\/\/schema.org","@graph":[{"@type":"WebPage","@id":"https:\/\/bastardsknives.com\/de\/producto\/carbon-fiber-schneefeuer\/","url":"https:\/\/bastardsknives.com\/de\/producto\/carbon-fiber-schneefeuer\/","name":"CARBON FIBER \u201eSchneefeuer\u201c - Bastards Knives","isPartOf":{"@id":"https:\/\/bastardsknives.com\/de\/#website"},"primaryImageOfPage":{"@id":"https:\/\/bastardsknives.com\/de\/producto\/carbon-fiber-schneefeuer\/#primaryimage"},"image":{"@id":"https:\/\/bastardsknives.com\/de\/producto\/carbon-fiber-schneefeuer\/#primaryimage"},"thumbnailUrl":"https:\/\/bastardsknives.com\/wp-content\/uploads\/2024\/09\/Snow-Fire-1.jpg","datePublished":"2024-09-13T13:49:15+00:00","dateModified":"2024-09-13T13:49:15+00:00","description":"Rote Kohlefaser: leicht, langlebig und optisch auff\u00e4llig mit einer einzigartigen Mischung aus Rott\u00f6nen. Ideal f\u00fcr leistungsstarke, individuell gefertigte Produkte.","breadcrumb":{"@id":"https:\/\/bastardsknives.com\/de\/producto\/carbon-fiber-schneefeuer\/#breadcrumb"},"inLanguage":"de","potentialAction":[{"@type":"ReadAction","target":["https:\/\/bastardsknives.com\/de\/producto\/carbon-fiber-schneefeuer\/"]}]},{"@type":"ImageObject","inLanguage":"de","@id":"https:\/\/bastardsknives.com\/de\/producto\/carbon-fiber-schneefeuer\/#primaryimage","url":"https:\/\/bastardsknives.com\/wp-content\/uploads\/2024\/09\/Snow-Fire-1.jpg","contentUrl":"https:\/\/bastardsknives.com\/wp-content\/uploads\/2024\/09\/Snow-Fire-1.jpg","width":1600,"height":1600,"caption":"rote Kohlefaser"},{"@type":"BreadcrumbList","@id":"https:\/\/bastardsknives.com\/de\/producto\/carbon-fiber-schneefeuer\/#breadcrumb","itemListElement":[{"@type":"ListItem","position":1,"name":"Home","item":"https:\/\/bastardsknives.com\/de\/"},{"@type":"ListItem","position":2,"name":"Shop","item":"https:\/\/bastardsknives.com\/de\/shop\/"},{"@type":"ListItem","position":3,"name":"CARBON FIBER \u201eSchneefeuer\u201c"}]},{"@type":"WebSite","@id":"https:\/\/bastardsknives.com\/de\/#website","url":"https:\/\/bastardsknives.com\/de\/","name":"Bastards Knives","description":"Bastards Knives | Viviendo al filo","publisher":{"@id":"https:\/\/bastardsknives.com\/de\/#organization"},"potentialAction":[{"@type":"SearchAction","target":{"@type":"EntryPoint","urlTemplate":"https:\/\/bastardsknives.com\/de\/?s={search_term_string}"},"query-input":"required name=search_term_string"}],"inLanguage":"de"},{"@type":"Organization","@id":"https:\/\/bastardsknives.com\/de\/#organization","name":"Bastards Knives","url":"https:\/\/bastardsknives.com\/de\/","logo":{"@type":"ImageObject","inLanguage":"de","@id":"https:\/\/bastardsknives.com\/de\/#\/schema\/logo\/image\/","url":"https:\/\/bastardsknives.com\/wp-content\/uploads\/2022\/07\/Logoprod1.png","contentUrl":"https:\/\/bastardsknives.com\/wp-content\/uploads\/2022\/07\/Logoprod1.png","width":284,"height":122,"caption":"Bastards Knives"},"image":{"@id":"https:\/\/bastardsknives.com\/de\/#\/schema\/logo\/image\/"}}]}},"_links":{"self":[{"href":"https:\/\/bastardsknives.com\/de\/wp-json\/wp\/v2\/product\/6755","targetHints":{"allow":["GET"]}}],"collection":[{"href":"https:\/\/bastardsknives.com\/de\/wp-json\/wp\/v2\/product"}],"about":[{"href":"https:\/\/bastardsknives.com\/de\/wp-json\/wp\/v2\/types\/product"}],"wp:featuredmedia":[{"embeddable":true,"href":"https:\/\/bastardsknives.com\/de\/wp-json\/wp\/v2\/media\/6338"}],"wp:attachment":[{"href":"https:\/\/bastardsknives.com\/de\/wp-json\/wp\/v2\/media?parent=6755"}],"wp:term":[{"taxonomy":"product_brand","embeddable":true,"href":"https:\/\/bastardsknives.com\/de\/wp-json\/wp\/v2\/product_brand?post=6755"},{"taxonomy":"product_cat","embeddable":true,"href":"https:\/\/bastardsknives.com\/de\/wp-json\/wp\/v2\/product_cat?post=6755"},{"taxonomy":"product_tag","embeddable":true,"href":"https:\/\/bastardsknives.com\/de\/wp-json\/wp\/v2\/product_tag?post=6755"}],"curies":[{"name":"wp","href":"https:\/\/api.w.org\/{rel}","templated":true}]}}