{"id":7103,"date":"2024-11-04T19:52:11","date_gmt":"2024-11-04T19:52:11","guid":{"rendered":"https:\/\/bastardsknives.com\/?post_type=product&#038;p=7103"},"modified":"2024-11-08T11:28:50","modified_gmt":"2024-11-08T11:28:50","slug":"alcyon-marbled-black-by-tim-bernard-kopie","status":"publish","type":"product","link":"https:\/\/bastardsknives.com\/de\/producto\/alcyon-marbled-black-by-tim-bernard-kopie\/","title":{"rendered":"Alcyon Full Titanium by Tim Bernard"},"content":{"rendered":"<p><strong>Alcyon Full Titanium \u2013 Ein Meisterst\u00fcck moderner Handwerkskunst<\/strong><\/p>\n<p>Das Alcyon Full Titanium ist mehr als nur ein Messer. Es vereint Kunstfertigkeit und Funktionalit\u00e4t auf h\u00f6chstem Niveau. Made by Bastards Knives und entworfen von dem jungen talentierten Franzosen Tim Bernard von Atelier Neve, steht dieses Messer f\u00fcr eine perfekte Mischung aus \u00c4sthetik und modernem Design. Mit seinen hochwertigen Materialien und seiner formvollendeten Linienf\u00fchrung spricht der Alcyon Folder nicht nur Sammler und Liebhaber an, sondern auch Anwender, die h\u00f6chste Anspr\u00fcche an ihre Werkzeuge haben.<\/p>\n<p><strong>Drei exklusive Varianten f\u00fcr individuelle Anspr\u00fcche<\/strong><\/p>\n<p>Das Alcyon ist in drei edlen Varianten erh\u00e4ltlich: Full Titanium, Fatcarbon Marbled Gold und Marbled Black. Jede Ausf\u00fchrung hat ihren ganz eigenen, exklusiven Charakter und besticht durch besondere Eleganz und herausragende Qualit\u00e4t. Das Herzst\u00fcck des Messers bildet die Klinge aus M390-Stahl, die f\u00fcr ihre au\u00dfergew\u00f6hnliche Sch\u00e4rfe und H\u00e4rte bekannt ist. Mit einer L\u00e4nge von 9 cm und einer kurvenreichen modifizierten Spear Point Form bietet die Klinge exzellente Schneideigenschaften und erm\u00f6glicht pr\u00e4zises Arbeiten.<\/p>\n<p><strong>Perfekte Technik mit Flipper und Keramikkugellager<\/strong><\/p>\n<p>Die Klinge l\u00e4sst sich dank eines Flippers geschmeidig und einfach \u00f6ffnen. Dieser Mechanismus ruht auf hochwertigen Keramikkugellagern, die f\u00fcr eine fl\u00fcssige und besonders sanfte Bewegung sorgen. Kenner und Liebhaber sch\u00e4tzen diese Technik, die Funktionalit\u00e4t und \u00c4sthetik auf h\u00f6chstem Niveau vereint.<\/p>\n<p><strong>Button-Lock f\u00fcr maximale Sicherheit<\/strong><\/p>\n<p>Der Button-Lock-Mechanismus des Alcyon sorgt nicht nur f\u00fcr h\u00f6chste Sicherheit, sondern verleiht dem Messer auch einen einzigartigen Spielfaktor. \u00d6ffnen \u00fcber den Flipper und l\u00e4ssig schlie\u00dfen mit einem Knopfdruck. Cool und souver\u00e4ne Bedienung \u2013 ein taktiles Vergn\u00fcgen f\u00fcr alle, die Wert auf Technik und Raffinesse legen.<\/p>\n<p><strong>Eleganz und Robustheit \u2013 Der geschwungene Clip<\/strong><\/p>\n<p>Der geschwungene Clip ist nicht nur funktional, sondern f\u00fcgt sich harmonisch in das Gesamtdesign ein. Er unterstreicht die Kombination aus Robustheit und Eleganz und macht das Alcyon Full Titanium zu einem stilvollen Begleiter. Mit einer Gesamtl\u00e4nge von 21 cm liegt das Messer hervorragend in der Hand und entfaltet seine ganze Pracht \u2013 perfekt f\u00fcr den anspruchsvollen Alltag oder als Herzst\u00fcck einer exklusiven Sammlung.<\/p>\n","protected":false},"excerpt":{"rendered":"<p>Alcyon Full Titanium \u2013 Ein Meisterst\u00fcck moderner Handwerkskunst Das Alcyon Full Titanium ist mehr als nur ein Messer. Es vereint Kunstfertigkeit und Funktionalit\u00e4t auf h\u00f6chstem Niveau. Made by Bastards Knives und entworfen von dem jungen talentierten Franzosen Tim Bernard von Atelier Neve, steht dieses Messer f\u00fcr eine perfekte Mischung aus \u00c4sthetik und modernem Design. Mit&#8230;<\/p>\n","protected":false},"featured_media":7094,"template":"","meta":[],"product_brand":[],"product_cat":[946,768],"product_tag":[942,800,941,940,945],"class_list":{"0":"post-7103","1":"product","2":"type-product","3":"status-publish","4":"has-post-thumbnail","6":"product_cat-atelier-neve-de","7":"product_cat-messer-und-rasiermesser","8":"product_tag-button-lock-de","9":"product_tag-edc-de","10":"product_tag-flipper-de","11":"product_tag-neve-de","12":"product_tag-tim-bernard-de","14":"first","15":"instock","16":"taxable","17":"shipping-taxable","18":"purchasable","19":"product-type-simple"},"acf":[],"yoast_head":"<!-- This site is optimized with the Yoast SEO plugin v23.1 - https:\/\/yoast.com\/wordpress\/plugins\/seo\/ -->\n<title>Alcyon Full Titanium by Tim Bernard - Bastards Knives<\/title>\n<meta name=\"robots\" content=\"index, follow, max-snippet:-1, max-image-preview:large, max-video-preview:-1\" \/>\n<link rel=\"canonical\" href=\"https:\/\/bastardsknives.com\/de\/producto\/alcyon-marbled-black-by-tim-bernard-kopie\/\" \/>\n<meta property=\"og:locale\" content=\"de_DE\" \/>\n<meta property=\"og:type\" content=\"article\" \/>\n<meta property=\"og:title\" content=\"Alcyon Full Titanium by Tim Bernard - Bastards Knives\" \/>\n<meta property=\"og:description\" content=\"Alcyon Full Titanium \u2013 Ein Meisterst\u00fcck moderner Handwerkskunst Das Alcyon Full Titanium ist mehr als nur ein Messer. Es vereint Kunstfertigkeit und Funktionalit\u00e4t auf h\u00f6chstem Niveau. Made by Bastards Knives und entworfen von dem jungen talentierten Franzosen Tim Bernard von Atelier Neve, steht dieses Messer f\u00fcr eine perfekte Mischung aus \u00c4sthetik und modernem Design. Mit...\" \/>\n<meta property=\"og:url\" content=\"https:\/\/bastardsknives.com\/de\/producto\/alcyon-marbled-black-by-tim-bernard-kopie\/\" \/>\n<meta property=\"og:site_name\" content=\"Bastards Knives\" \/>\n<meta property=\"article:modified_time\" content=\"2024-11-08T11:28:50+00:00\" \/>\n<meta property=\"og:image\" content=\"https:\/\/bastardsknives.com\/wp-content\/uploads\/2024\/11\/Alcyon-Titan.webp\" \/>\n\t<meta property=\"og:image:width\" content=\"1600\" \/>\n\t<meta property=\"og:image:height\" content=\"1600\" \/>\n\t<meta property=\"og:image:type\" content=\"image\/webp\" \/>\n<meta name=\"twitter:card\" content=\"summary_large_image\" \/>\n<meta name=\"twitter:label1\" content=\"Gesch\u00e4tzte Lesezeit\" \/>\n\t<meta name=\"twitter:data1\" content=\"2\u00a0Minuten\" \/>\n<script type=\"application\/ld+json\" class=\"yoast-schema-graph\">{\"@context\":\"https:\/\/schema.org\",\"@graph\":[{\"@type\":\"WebPage\",\"@id\":\"https:\/\/bastardsknives.com\/de\/producto\/alcyon-marbled-black-by-tim-bernard-kopie\/\",\"url\":\"https:\/\/bastardsknives.com\/de\/producto\/alcyon-marbled-black-by-tim-bernard-kopie\/\",\"name\":\"Alcyon Full Titanium by Tim Bernard - Bastards Knives\",\"isPartOf\":{\"@id\":\"https:\/\/bastardsknives.com\/de\/#website\"},\"primaryImageOfPage\":{\"@id\":\"https:\/\/bastardsknives.com\/de\/producto\/alcyon-marbled-black-by-tim-bernard-kopie\/#primaryimage\"},\"image\":{\"@id\":\"https:\/\/bastardsknives.com\/de\/producto\/alcyon-marbled-black-by-tim-bernard-kopie\/#primaryimage\"},\"thumbnailUrl\":\"https:\/\/bastardsknives.com\/wp-content\/uploads\/2024\/11\/Alcyon-Titan.webp\",\"datePublished\":\"2024-11-04T19:52:11+00:00\",\"dateModified\":\"2024-11-08T11:28:50+00:00\",\"breadcrumb\":{\"@id\":\"https:\/\/bastardsknives.com\/de\/producto\/alcyon-marbled-black-by-tim-bernard-kopie\/#breadcrumb\"},\"inLanguage\":\"de\",\"potentialAction\":[{\"@type\":\"ReadAction\",\"target\":[\"https:\/\/bastardsknives.com\/de\/producto\/alcyon-marbled-black-by-tim-bernard-kopie\/\"]}]},{\"@type\":\"ImageObject\",\"inLanguage\":\"de\",\"@id\":\"https:\/\/bastardsknives.com\/de\/producto\/alcyon-marbled-black-by-tim-bernard-kopie\/#primaryimage\",\"url\":\"https:\/\/bastardsknives.com\/wp-content\/uploads\/2024\/11\/Alcyon-Titan.webp\",\"contentUrl\":\"https:\/\/bastardsknives.com\/wp-content\/uploads\/2024\/11\/Alcyon-Titan.webp\",\"width\":1600,\"height\":1600},{\"@type\":\"BreadcrumbList\",\"@id\":\"https:\/\/bastardsknives.com\/de\/producto\/alcyon-marbled-black-by-tim-bernard-kopie\/#breadcrumb\",\"itemListElement\":[{\"@type\":\"ListItem\",\"position\":1,\"name\":\"Home\",\"item\":\"https:\/\/bastardsknives.com\/de\/\"},{\"@type\":\"ListItem\",\"position\":2,\"name\":\"Shop\",\"item\":\"https:\/\/bastardsknives.com\/de\/shop\/\"},{\"@type\":\"ListItem\",\"position\":3,\"name\":\"Alcyon Full Titanium by Tim Bernard\"}]},{\"@type\":\"WebSite\",\"@id\":\"https:\/\/bastardsknives.com\/de\/#website\",\"url\":\"https:\/\/bastardsknives.com\/de\/\",\"name\":\"Bastards Knives\",\"description\":\"Bastards Knives | Viviendo al filo\",\"publisher\":{\"@id\":\"https:\/\/bastardsknives.com\/de\/#organization\"},\"potentialAction\":[{\"@type\":\"SearchAction\",\"target\":{\"@type\":\"EntryPoint\",\"urlTemplate\":\"https:\/\/bastardsknives.com\/de\/?s={search_term_string}\"},\"query-input\":\"required name=search_term_string\"}],\"inLanguage\":\"de\"},{\"@type\":\"Organization\",\"@id\":\"https:\/\/bastardsknives.com\/de\/#organization\",\"name\":\"Bastards Knives\",\"url\":\"https:\/\/bastardsknives.com\/de\/\",\"logo\":{\"@type\":\"ImageObject\",\"inLanguage\":\"de\",\"@id\":\"https:\/\/bastardsknives.com\/de\/#\/schema\/logo\/image\/\",\"url\":\"https:\/\/bastardsknives.com\/wp-content\/uploads\/2022\/07\/Logoprod1.png\",\"contentUrl\":\"https:\/\/bastardsknives.com\/wp-content\/uploads\/2022\/07\/Logoprod1.png\",\"width\":284,\"height\":122,\"caption\":\"Bastards Knives\"},\"image\":{\"@id\":\"https:\/\/bastardsknives.com\/de\/#\/schema\/logo\/image\/\"}}]}<\/script>\n<!-- \/ Yoast SEO plugin. -->","yoast_head_json":{"title":"Alcyon Full Titanium by Tim Bernard - Bastards Knives","robots":{"index":"index","follow":"follow","max-snippet":"max-snippet:-1","max-image-preview":"max-image-preview:large","max-video-preview":"max-video-preview:-1"},"canonical":"https:\/\/bastardsknives.com\/de\/producto\/alcyon-marbled-black-by-tim-bernard-kopie\/","og_locale":"de_DE","og_type":"article","og_title":"Alcyon Full Titanium by Tim Bernard - Bastards Knives","og_description":"Alcyon Full Titanium \u2013 Ein Meisterst\u00fcck moderner Handwerkskunst Das Alcyon Full Titanium ist mehr als nur ein Messer. Es vereint Kunstfertigkeit und Funktionalit\u00e4t auf h\u00f6chstem Niveau. Made by Bastards Knives und entworfen von dem jungen talentierten Franzosen Tim Bernard von Atelier Neve, steht dieses Messer f\u00fcr eine perfekte Mischung aus \u00c4sthetik und modernem Design. Mit...","og_url":"https:\/\/bastardsknives.com\/de\/producto\/alcyon-marbled-black-by-tim-bernard-kopie\/","og_site_name":"Bastards Knives","article_modified_time":"2024-11-08T11:28:50+00:00","og_image":[{"width":1600,"height":1600,"url":"https:\/\/bastardsknives.com\/wp-content\/uploads\/2024\/11\/Alcyon-Titan.webp","type":"image\/webp"}],"twitter_card":"summary_large_image","twitter_misc":{"Gesch\u00e4tzte Lesezeit":"2\u00a0Minuten"},"schema":{"@context":"https:\/\/schema.org","@graph":[{"@type":"WebPage","@id":"https:\/\/bastardsknives.com\/de\/producto\/alcyon-marbled-black-by-tim-bernard-kopie\/","url":"https:\/\/bastardsknives.com\/de\/producto\/alcyon-marbled-black-by-tim-bernard-kopie\/","name":"Alcyon Full Titanium by Tim Bernard - Bastards Knives","isPartOf":{"@id":"https:\/\/bastardsknives.com\/de\/#website"},"primaryImageOfPage":{"@id":"https:\/\/bastardsknives.com\/de\/producto\/alcyon-marbled-black-by-tim-bernard-kopie\/#primaryimage"},"image":{"@id":"https:\/\/bastardsknives.com\/de\/producto\/alcyon-marbled-black-by-tim-bernard-kopie\/#primaryimage"},"thumbnailUrl":"https:\/\/bastardsknives.com\/wp-content\/uploads\/2024\/11\/Alcyon-Titan.webp","datePublished":"2024-11-04T19:52:11+00:00","dateModified":"2024-11-08T11:28:50+00:00","breadcrumb":{"@id":"https:\/\/bastardsknives.com\/de\/producto\/alcyon-marbled-black-by-tim-bernard-kopie\/#breadcrumb"},"inLanguage":"de","potentialAction":[{"@type":"ReadAction","target":["https:\/\/bastardsknives.com\/de\/producto\/alcyon-marbled-black-by-tim-bernard-kopie\/"]}]},{"@type":"ImageObject","inLanguage":"de","@id":"https:\/\/bastardsknives.com\/de\/producto\/alcyon-marbled-black-by-tim-bernard-kopie\/#primaryimage","url":"https:\/\/bastardsknives.com\/wp-content\/uploads\/2024\/11\/Alcyon-Titan.webp","contentUrl":"https:\/\/bastardsknives.com\/wp-content\/uploads\/2024\/11\/Alcyon-Titan.webp","width":1600,"height":1600},{"@type":"BreadcrumbList","@id":"https:\/\/bastardsknives.com\/de\/producto\/alcyon-marbled-black-by-tim-bernard-kopie\/#breadcrumb","itemListElement":[{"@type":"ListItem","position":1,"name":"Home","item":"https:\/\/bastardsknives.com\/de\/"},{"@type":"ListItem","position":2,"name":"Shop","item":"https:\/\/bastardsknives.com\/de\/shop\/"},{"@type":"ListItem","position":3,"name":"Alcyon Full Titanium by Tim Bernard"}]},{"@type":"WebSite","@id":"https:\/\/bastardsknives.com\/de\/#website","url":"https:\/\/bastardsknives.com\/de\/","name":"Bastards Knives","description":"Bastards Knives | Viviendo al filo","publisher":{"@id":"https:\/\/bastardsknives.com\/de\/#organization"},"potentialAction":[{"@type":"SearchAction","target":{"@type":"EntryPoint","urlTemplate":"https:\/\/bastardsknives.com\/de\/?s={search_term_string}"},"query-input":"required name=search_term_string"}],"inLanguage":"de"},{"@type":"Organization","@id":"https:\/\/bastardsknives.com\/de\/#organization","name":"Bastards Knives","url":"https:\/\/bastardsknives.com\/de\/","logo":{"@type":"ImageObject","inLanguage":"de","@id":"https:\/\/bastardsknives.com\/de\/#\/schema\/logo\/image\/","url":"https:\/\/bastardsknives.com\/wp-content\/uploads\/2022\/07\/Logoprod1.png","contentUrl":"https:\/\/bastardsknives.com\/wp-content\/uploads\/2022\/07\/Logoprod1.png","width":284,"height":122,"caption":"Bastards Knives"},"image":{"@id":"https:\/\/bastardsknives.com\/de\/#\/schema\/logo\/image\/"}}]}},"_links":{"self":[{"href":"https:\/\/bastardsknives.com\/de\/wp-json\/wp\/v2\/product\/7103","targetHints":{"allow":["GET"]}}],"collection":[{"href":"https:\/\/bastardsknives.com\/de\/wp-json\/wp\/v2\/product"}],"about":[{"href":"https:\/\/bastardsknives.com\/de\/wp-json\/wp\/v2\/types\/product"}],"wp:featuredmedia":[{"embeddable":true,"href":"https:\/\/bastardsknives.com\/de\/wp-json\/wp\/v2\/media\/7094"}],"wp:attachment":[{"href":"https:\/\/bastardsknives.com\/de\/wp-json\/wp\/v2\/media?parent=7103"}],"wp:term":[{"taxonomy":"product_brand","embeddable":true,"href":"https:\/\/bastardsknives.com\/de\/wp-json\/wp\/v2\/product_brand?post=7103"},{"taxonomy":"product_cat","embeddable":true,"href":"https:\/\/bastardsknives.com\/de\/wp-json\/wp\/v2\/product_cat?post=7103"},{"taxonomy":"product_tag","embeddable":true,"href":"https:\/\/bastardsknives.com\/de\/wp-json\/wp\/v2\/product_tag?post=7103"}],"curies":[{"name":"wp","href":"https:\/\/api.w.org\/{rel}","templated":true}]}}