{"id":7295,"date":"2024-12-23T06:00:21","date_gmt":"2024-12-23T06:00:21","guid":{"rendered":"https:\/\/bastardsknives.com\/?post_type=product&#038;p=7295"},"modified":"2024-12-23T06:32:54","modified_gmt":"2024-12-23T06:32:54","slug":"mercurio-g10-magnacut-kopie","status":"publish","type":"product","link":"https:\/\/bastardsknives.com\/de\/producto\/mercurio-g10-magnacut-kopie\/","title":{"rendered":"Mercurio Carbon\/154CM"},"content":{"rendered":"<p><strong>Mercurio \u2013 Klein, scharf, unverzichtbar<\/strong><\/p>\n<p>Kompakt und leistungsstark<br \/>\nDas Mercurio ist ein kompaktes, feststehendes Messer f\u00fcr die Hosentasche. Die 6 cm lange Klinge aus 154CM bietet beeindruckende Sch\u00e4rfe und exzellente Schnitthaltigkeit. Mit einer Gesamtl\u00e4nge von 13,5 cm ist es klein genug f\u00fcr unterwegs, aber gro\u00df genug f\u00fcr pr\u00e4zise Schneidaufgaben.<\/p>\n<p><strong>Robuster Griff f\u00fcr sicheres Handling<\/strong><br \/>\nDie Carbon-Griffschalen sorgen f\u00fcr ein angenehmes und sicheres Handling. Leicht, robust und wetterfest \u2013 das perfekte Material f\u00fcr den t\u00e4glichen Einsatz.<\/p>\n<p><strong>Praktische Kydexscheide mit Clip<\/strong><br \/>\nZum Lieferumfang geh\u00f6rt eine Kydexscheide mit praktischem Clip. Damit l\u00e4sst sich das Messer sicher und bequem an G\u00fcrtel oder Hosentasche befestigen. Immer griffbereit, genau dann, wenn es gebraucht wird.<\/p>\n<p><strong>Design aus Valencia<\/strong><br \/>\nWayward Cutlery aus Valencia hat schon das erfolgreiche Utopia und den gro\u00dfen Bruder des Mercurio, das Orion, gemeinsam mit uns entworfen, und was bei den Jungs auf Papier kommt, sorgt f\u00fcr Begeisterung.<\/p>\n<p><strong>Ein kleiner Planet im Messeruniversum mit gro\u00dfer Bedeutung<\/strong><br \/>\nDas Mercurio ist vielleicht ein kleiner Planet im gro\u00dfen Messeruniversum, aber ein unverzichtbarer Begleiter f\u00fcr jeden Tag. Ein kleines Messer, das durch Leistung und Stil \u00fcberzeugt.<\/p>\n","protected":false},"excerpt":{"rendered":"<p>Mercurio \u2013 Klein, scharf, unverzichtbar Kompakt und leistungsstark Das Mercurio ist ein kompaktes, feststehendes Messer f\u00fcr die Hosentasche. Die 6 cm lange Klinge aus 154CM bietet beeindruckende Sch\u00e4rfe und exzellente Schnitthaltigkeit. Mit einer Gesamtl\u00e4nge von 13,5 cm ist es klein genug f\u00fcr unterwegs, aber gro\u00df genug f\u00fcr pr\u00e4zise Schneidaufgaben. Robuster Griff f\u00fcr sicheres Handling Die&#8230;<\/p>\n","protected":false},"featured_media":7312,"template":"","meta":[],"product_brand":[],"product_cat":[768],"product_tag":[800,799,804],"class_list":{"0":"post-7295","1":"product","2":"type-product","3":"status-publish","4":"has-post-thumbnail","6":"product_cat-messer-und-rasiermesser","7":"product_tag-edc-de","8":"product_tag-fixed-de","9":"product_tag-kydex-de","11":"first","12":"instock","13":"taxable","14":"shipping-taxable","15":"purchasable","16":"product-type-simple"},"acf":[],"yoast_head":"<!-- This site is optimized with the Yoast SEO plugin v23.1 - https:\/\/yoast.com\/wordpress\/plugins\/seo\/ -->\n<title>Mercurio Carbon\/154CM - Bastards Knives<\/title>\n<meta name=\"robots\" content=\"index, follow, max-snippet:-1, max-image-preview:large, max-video-preview:-1\" \/>\n<link rel=\"canonical\" href=\"https:\/\/bastardsknives.com\/de\/producto\/mercurio-g10-magnacut-kopie\/\" \/>\n<meta property=\"og:locale\" content=\"de_DE\" \/>\n<meta property=\"og:type\" content=\"article\" \/>\n<meta property=\"og:title\" content=\"Mercurio Carbon\/154CM - Bastards Knives\" \/>\n<meta property=\"og:description\" content=\"Mercurio \u2013 Klein, scharf, unverzichtbar Kompakt und leistungsstark Das Mercurio ist ein kompaktes, feststehendes Messer f\u00fcr die Hosentasche. Die 6 cm lange Klinge aus 154CM bietet beeindruckende Sch\u00e4rfe und exzellente Schnitthaltigkeit. Mit einer Gesamtl\u00e4nge von 13,5 cm ist es klein genug f\u00fcr unterwegs, aber gro\u00df genug f\u00fcr pr\u00e4zise Schneidaufgaben. Robuster Griff f\u00fcr sicheres Handling Die...\" \/>\n<meta property=\"og:url\" content=\"https:\/\/bastardsknives.com\/de\/producto\/mercurio-g10-magnacut-kopie\/\" \/>\n<meta property=\"og:site_name\" content=\"Bastards Knives\" \/>\n<meta property=\"article:modified_time\" content=\"2024-12-23T06:32:54+00:00\" \/>\n<meta property=\"og:image\" content=\"https:\/\/bastardsknives.com\/wp-content\/uploads\/2024\/12\/Mercurio-Carbon-154CM.jpg\" \/>\n\t<meta property=\"og:image:width\" content=\"1890\" \/>\n\t<meta property=\"og:image:height\" content=\"1890\" \/>\n\t<meta property=\"og:image:type\" content=\"image\/jpeg\" \/>\n<meta name=\"twitter:card\" content=\"summary_large_image\" \/>\n<meta name=\"twitter:label1\" content=\"Gesch\u00e4tzte Lesezeit\" \/>\n\t<meta name=\"twitter:data1\" content=\"2\u00a0Minuten\" \/>\n<script type=\"application\/ld+json\" class=\"yoast-schema-graph\">{\"@context\":\"https:\/\/schema.org\",\"@graph\":[{\"@type\":\"WebPage\",\"@id\":\"https:\/\/bastardsknives.com\/de\/producto\/mercurio-g10-magnacut-kopie\/\",\"url\":\"https:\/\/bastardsknives.com\/de\/producto\/mercurio-g10-magnacut-kopie\/\",\"name\":\"Mercurio Carbon\/154CM - Bastards Knives\",\"isPartOf\":{\"@id\":\"https:\/\/bastardsknives.com\/de\/#website\"},\"primaryImageOfPage\":{\"@id\":\"https:\/\/bastardsknives.com\/de\/producto\/mercurio-g10-magnacut-kopie\/#primaryimage\"},\"image\":{\"@id\":\"https:\/\/bastardsknives.com\/de\/producto\/mercurio-g10-magnacut-kopie\/#primaryimage\"},\"thumbnailUrl\":\"https:\/\/bastardsknives.com\/wp-content\/uploads\/2024\/12\/Mercurio-Carbon-154CM.jpg\",\"datePublished\":\"2024-12-23T06:00:21+00:00\",\"dateModified\":\"2024-12-23T06:32:54+00:00\",\"breadcrumb\":{\"@id\":\"https:\/\/bastardsknives.com\/de\/producto\/mercurio-g10-magnacut-kopie\/#breadcrumb\"},\"inLanguage\":\"de\",\"potentialAction\":[{\"@type\":\"ReadAction\",\"target\":[\"https:\/\/bastardsknives.com\/de\/producto\/mercurio-g10-magnacut-kopie\/\"]}]},{\"@type\":\"ImageObject\",\"inLanguage\":\"de\",\"@id\":\"https:\/\/bastardsknives.com\/de\/producto\/mercurio-g10-magnacut-kopie\/#primaryimage\",\"url\":\"https:\/\/bastardsknives.com\/wp-content\/uploads\/2024\/12\/Mercurio-Carbon-154CM.jpg\",\"contentUrl\":\"https:\/\/bastardsknives.com\/wp-content\/uploads\/2024\/12\/Mercurio-Carbon-154CM.jpg\",\"width\":1890,\"height\":1890},{\"@type\":\"BreadcrumbList\",\"@id\":\"https:\/\/bastardsknives.com\/de\/producto\/mercurio-g10-magnacut-kopie\/#breadcrumb\",\"itemListElement\":[{\"@type\":\"ListItem\",\"position\":1,\"name\":\"Home\",\"item\":\"https:\/\/bastardsknives.com\/de\/\"},{\"@type\":\"ListItem\",\"position\":2,\"name\":\"Shop\",\"item\":\"https:\/\/bastardsknives.com\/de\/shop\/\"},{\"@type\":\"ListItem\",\"position\":3,\"name\":\"Mercurio Carbon\/154CM\"}]},{\"@type\":\"WebSite\",\"@id\":\"https:\/\/bastardsknives.com\/de\/#website\",\"url\":\"https:\/\/bastardsknives.com\/de\/\",\"name\":\"Bastards Knives\",\"description\":\"Bastards Knives | Viviendo al filo\",\"publisher\":{\"@id\":\"https:\/\/bastardsknives.com\/de\/#organization\"},\"potentialAction\":[{\"@type\":\"SearchAction\",\"target\":{\"@type\":\"EntryPoint\",\"urlTemplate\":\"https:\/\/bastardsknives.com\/de\/?s={search_term_string}\"},\"query-input\":\"required name=search_term_string\"}],\"inLanguage\":\"de\"},{\"@type\":\"Organization\",\"@id\":\"https:\/\/bastardsknives.com\/de\/#organization\",\"name\":\"Bastards Knives\",\"url\":\"https:\/\/bastardsknives.com\/de\/\",\"logo\":{\"@type\":\"ImageObject\",\"inLanguage\":\"de\",\"@id\":\"https:\/\/bastardsknives.com\/de\/#\/schema\/logo\/image\/\",\"url\":\"https:\/\/bastardsknives.com\/wp-content\/uploads\/2022\/07\/Logoprod1.png\",\"contentUrl\":\"https:\/\/bastardsknives.com\/wp-content\/uploads\/2022\/07\/Logoprod1.png\",\"width\":284,\"height\":122,\"caption\":\"Bastards Knives\"},\"image\":{\"@id\":\"https:\/\/bastardsknives.com\/de\/#\/schema\/logo\/image\/\"}}]}<\/script>\n<!-- \/ Yoast SEO plugin. -->","yoast_head_json":{"title":"Mercurio Carbon\/154CM - Bastards Knives","robots":{"index":"index","follow":"follow","max-snippet":"max-snippet:-1","max-image-preview":"max-image-preview:large","max-video-preview":"max-video-preview:-1"},"canonical":"https:\/\/bastardsknives.com\/de\/producto\/mercurio-g10-magnacut-kopie\/","og_locale":"de_DE","og_type":"article","og_title":"Mercurio Carbon\/154CM - Bastards Knives","og_description":"Mercurio \u2013 Klein, scharf, unverzichtbar Kompakt und leistungsstark Das Mercurio ist ein kompaktes, feststehendes Messer f\u00fcr die Hosentasche. Die 6 cm lange Klinge aus 154CM bietet beeindruckende Sch\u00e4rfe und exzellente Schnitthaltigkeit. Mit einer Gesamtl\u00e4nge von 13,5 cm ist es klein genug f\u00fcr unterwegs, aber gro\u00df genug f\u00fcr pr\u00e4zise Schneidaufgaben. Robuster Griff f\u00fcr sicheres Handling Die...","og_url":"https:\/\/bastardsknives.com\/de\/producto\/mercurio-g10-magnacut-kopie\/","og_site_name":"Bastards Knives","article_modified_time":"2024-12-23T06:32:54+00:00","og_image":[{"width":1890,"height":1890,"url":"https:\/\/bastardsknives.com\/wp-content\/uploads\/2024\/12\/Mercurio-Carbon-154CM.jpg","type":"image\/jpeg"}],"twitter_card":"summary_large_image","twitter_misc":{"Gesch\u00e4tzte Lesezeit":"2\u00a0Minuten"},"schema":{"@context":"https:\/\/schema.org","@graph":[{"@type":"WebPage","@id":"https:\/\/bastardsknives.com\/de\/producto\/mercurio-g10-magnacut-kopie\/","url":"https:\/\/bastardsknives.com\/de\/producto\/mercurio-g10-magnacut-kopie\/","name":"Mercurio Carbon\/154CM - Bastards Knives","isPartOf":{"@id":"https:\/\/bastardsknives.com\/de\/#website"},"primaryImageOfPage":{"@id":"https:\/\/bastardsknives.com\/de\/producto\/mercurio-g10-magnacut-kopie\/#primaryimage"},"image":{"@id":"https:\/\/bastardsknives.com\/de\/producto\/mercurio-g10-magnacut-kopie\/#primaryimage"},"thumbnailUrl":"https:\/\/bastardsknives.com\/wp-content\/uploads\/2024\/12\/Mercurio-Carbon-154CM.jpg","datePublished":"2024-12-23T06:00:21+00:00","dateModified":"2024-12-23T06:32:54+00:00","breadcrumb":{"@id":"https:\/\/bastardsknives.com\/de\/producto\/mercurio-g10-magnacut-kopie\/#breadcrumb"},"inLanguage":"de","potentialAction":[{"@type":"ReadAction","target":["https:\/\/bastardsknives.com\/de\/producto\/mercurio-g10-magnacut-kopie\/"]}]},{"@type":"ImageObject","inLanguage":"de","@id":"https:\/\/bastardsknives.com\/de\/producto\/mercurio-g10-magnacut-kopie\/#primaryimage","url":"https:\/\/bastardsknives.com\/wp-content\/uploads\/2024\/12\/Mercurio-Carbon-154CM.jpg","contentUrl":"https:\/\/bastardsknives.com\/wp-content\/uploads\/2024\/12\/Mercurio-Carbon-154CM.jpg","width":1890,"height":1890},{"@type":"BreadcrumbList","@id":"https:\/\/bastardsknives.com\/de\/producto\/mercurio-g10-magnacut-kopie\/#breadcrumb","itemListElement":[{"@type":"ListItem","position":1,"name":"Home","item":"https:\/\/bastardsknives.com\/de\/"},{"@type":"ListItem","position":2,"name":"Shop","item":"https:\/\/bastardsknives.com\/de\/shop\/"},{"@type":"ListItem","position":3,"name":"Mercurio Carbon\/154CM"}]},{"@type":"WebSite","@id":"https:\/\/bastardsknives.com\/de\/#website","url":"https:\/\/bastardsknives.com\/de\/","name":"Bastards Knives","description":"Bastards Knives | Viviendo al filo","publisher":{"@id":"https:\/\/bastardsknives.com\/de\/#organization"},"potentialAction":[{"@type":"SearchAction","target":{"@type":"EntryPoint","urlTemplate":"https:\/\/bastardsknives.com\/de\/?s={search_term_string}"},"query-input":"required name=search_term_string"}],"inLanguage":"de"},{"@type":"Organization","@id":"https:\/\/bastardsknives.com\/de\/#organization","name":"Bastards Knives","url":"https:\/\/bastardsknives.com\/de\/","logo":{"@type":"ImageObject","inLanguage":"de","@id":"https:\/\/bastardsknives.com\/de\/#\/schema\/logo\/image\/","url":"https:\/\/bastardsknives.com\/wp-content\/uploads\/2022\/07\/Logoprod1.png","contentUrl":"https:\/\/bastardsknives.com\/wp-content\/uploads\/2022\/07\/Logoprod1.png","width":284,"height":122,"caption":"Bastards Knives"},"image":{"@id":"https:\/\/bastardsknives.com\/de\/#\/schema\/logo\/image\/"}}]}},"_links":{"self":[{"href":"https:\/\/bastardsknives.com\/de\/wp-json\/wp\/v2\/product\/7295","targetHints":{"allow":["GET"]}}],"collection":[{"href":"https:\/\/bastardsknives.com\/de\/wp-json\/wp\/v2\/product"}],"about":[{"href":"https:\/\/bastardsknives.com\/de\/wp-json\/wp\/v2\/types\/product"}],"wp:featuredmedia":[{"embeddable":true,"href":"https:\/\/bastardsknives.com\/de\/wp-json\/wp\/v2\/media\/7312"}],"wp:attachment":[{"href":"https:\/\/bastardsknives.com\/de\/wp-json\/wp\/v2\/media?parent=7295"}],"wp:term":[{"taxonomy":"product_brand","embeddable":true,"href":"https:\/\/bastardsknives.com\/de\/wp-json\/wp\/v2\/product_brand?post=7295"},{"taxonomy":"product_cat","embeddable":true,"href":"https:\/\/bastardsknives.com\/de\/wp-json\/wp\/v2\/product_cat?post=7295"},{"taxonomy":"product_tag","embeddable":true,"href":"https:\/\/bastardsknives.com\/de\/wp-json\/wp\/v2\/product_tag?post=7295"}],"curies":[{"name":"wp","href":"https:\/\/api.w.org\/{rel}","templated":true}]}}