{"id":8595,"date":"2025-09-26T19:00:29","date_gmt":"2025-09-26T17:00:29","guid":{"rendered":"https:\/\/bastardsknives.com\/?post_type=product&#038;p=8595"},"modified":"2025-10-05T14:51:46","modified_gmt":"2025-10-05T12:51:46","slug":"iberian-canvas-micarta-vorbestellung","status":"publish","type":"product","link":"https:\/\/bastardsknives.com\/de\/producto\/iberian-canvas-micarta-vorbestellung\/","title":{"rendered":"Iberian Canvas Micarta"},"content":{"rendered":"<h3>Iberian \u2013 Limitierte Meisterklasse von Bastards Knives<\/h3>\n<p>Das Iberian Taschenmesser vom portugiesischen Designer Carlos Queiros ist ein echtes Sammlerst\u00fcck und ein Highlight moderner Messerbaukunst. Als Gewinner des Blade Show Awards 2024 f\u00fcr innovatives Design hat er mit diesem Folder ein Messer geschaffen, das Eleganz, Funktionalit\u00e4t und Pr\u00e4zision perfekt verbindet.<\/p>\n<h4>Einzigartiges Integralmesser mit High-End Materialien<\/h4>\n<p>Das Iberian ist das erste Integralmesser auf dem spanischen Markt und beeindruckt durch seine durchdachte Bauweise. Gefertigt aus Grade 5 Titan und erh\u00e4ltlich in gr\u00fcnem Canvas Micarta oder FatCarbon in Cross Cut Copper, vereint es Robustheit mit edler Optik. Die Framelock-Sicherung mit integriertem Inlay sorgt nicht nur f\u00fcr maximale Stabilit\u00e4t, sondern rundet auch das elegante Design harmonisch ab.<\/p>\n<h4>MagnaCut Stahl \u2013 Leistung ohne Kompromisse<\/h4>\n<p>Die 9 cm lange, modifizierte Tanto-Klinge besteht aus CPM MagnaCut Stahl, der weltweit f\u00fcr seine extreme H\u00e4rte, hohe Korrosionsbest\u00e4ndigkeit und au\u00dfergew\u00f6hnliche Schnitthaltigkeit gesch\u00e4tzt wird. Egal ob im Alltag oder als Sammlerst\u00fcck \u2013 das Iberian liefert kompromisslose Performance.<\/p>\n<h4>Limitierte Exklusivit\u00e4t f\u00fcr Sammler und Messerfans<\/h4>\n<p>Das Iberian ist weltweit auf 200 St\u00fcck limitiert (je 100 Micarta und 100 FatCarbon) \u2013 jedes Exemplar ein St\u00fcck Messergeschichte. Mit seinem pr\u00e4zisen Frontflipper und Daumenpin l\u00e4sst es sich schnell \u00f6ffnen, w\u00e4hrend der Frame Lock f\u00fcr absolute Sicherheit sorgt. Dieses Messer ist nicht nur Werkzeug, sondern ein echtes Statement.<\/p>\n<h4>Pr\u00e4zision trifft auf Designkunst<\/h4>\n<p>Das Iberian von Bastards Knives zeigt, wie feinste Handwerkskunst und technisches Know-how zu einem Meisterwerk verschmelzen. Designer Carlos Queiros bringt seine Erfahrung als Juwelier ein und sorgt f\u00fcr Details, die dieses Messer unverwechselbar machen. Jedes Exemplar vereint Funktionalit\u00e4t, Luxus und Sammlerwert auf h\u00f6chstem Niveau. Bei Carlos ist Pr\u00e4zision nicht nur ein Wort, das sieht man an seinen Custom Foldern.<\/p>\n","protected":false},"excerpt":{"rendered":"<p>Iberian \u2013 Limitierte Meisterklasse von Bastards Knives Das Iberian Taschenmesser vom portugiesischen Designer Carlos Queiros ist ein echtes Sammlerst\u00fcck und ein Highlight moderner Messerbaukunst. Als Gewinner des Blade Show Awards 2024 f\u00fcr innovatives Design hat er mit diesem Folder ein Messer geschaffen, das Eleganz, Funktionalit\u00e4t und Pr\u00e4zision perfekt verbindet. Einzigartiges Integralmesser mit High-End Materialien Das&#8230;<\/p>\n","protected":false},"featured_media":8604,"template":"","meta":[],"product_brand":[],"product_cat":[1103,768],"product_tag":[],"class_list":{"0":"post-8595","1":"product","2":"type-product","3":"status-publish","4":"has-post-thumbnail","6":"product_cat-carlos-queiros-de","7":"product_cat-messer-und-rasiermesser","9":"first","10":"instock","11":"taxable","12":"shipping-taxable","13":"purchasable","14":"product-type-simple"},"acf":[],"yoast_head":"<!-- This site is optimized with the Yoast SEO plugin v23.1 - https:\/\/yoast.com\/wordpress\/plugins\/seo\/ -->\n<title>Iberian Canvas Micarta - Bastards Knives<\/title>\n<meta name=\"robots\" content=\"index, follow, max-snippet:-1, max-image-preview:large, max-video-preview:-1\" \/>\n<link rel=\"canonical\" href=\"https:\/\/bastardsknives.com\/de\/producto\/iberian-canvas-micarta-vorbestellung\/\" \/>\n<meta property=\"og:locale\" content=\"de_DE\" \/>\n<meta property=\"og:type\" content=\"article\" \/>\n<meta property=\"og:title\" content=\"Iberian Canvas Micarta - Bastards Knives\" \/>\n<meta property=\"og:description\" content=\"Iberian \u2013 Limitierte Meisterklasse von Bastards Knives Das Iberian Taschenmesser vom portugiesischen Designer Carlos Queiros ist ein echtes Sammlerst\u00fcck und ein Highlight moderner Messerbaukunst. Als Gewinner des Blade Show Awards 2024 f\u00fcr innovatives Design hat er mit diesem Folder ein Messer geschaffen, das Eleganz, Funktionalit\u00e4t und Pr\u00e4zision perfekt verbindet. Einzigartiges Integralmesser mit High-End Materialien Das...\" \/>\n<meta property=\"og:url\" content=\"https:\/\/bastardsknives.com\/de\/producto\/iberian-canvas-micarta-vorbestellung\/\" \/>\n<meta property=\"og:site_name\" content=\"Bastards Knives\" \/>\n<meta property=\"article:modified_time\" content=\"2025-10-05T12:51:46+00:00\" \/>\n<meta property=\"og:image\" content=\"https:\/\/bastardsknives.com\/wp-content\/uploads\/2025\/09\/Iberian-Micarta.jpg\" \/>\n\t<meta property=\"og:image:width\" content=\"1600\" \/>\n\t<meta property=\"og:image:height\" content=\"1600\" \/>\n\t<meta property=\"og:image:type\" content=\"image\/jpeg\" \/>\n<meta name=\"twitter:card\" content=\"summary_large_image\" \/>\n<meta name=\"twitter:label1\" content=\"Gesch\u00e4tzte Lesezeit\" \/>\n\t<meta name=\"twitter:data1\" content=\"2\u00a0Minuten\" \/>\n<script type=\"application\/ld+json\" class=\"yoast-schema-graph\">{\"@context\":\"https:\/\/schema.org\",\"@graph\":[{\"@type\":\"WebPage\",\"@id\":\"https:\/\/bastardsknives.com\/de\/producto\/iberian-canvas-micarta-vorbestellung\/\",\"url\":\"https:\/\/bastardsknives.com\/de\/producto\/iberian-canvas-micarta-vorbestellung\/\",\"name\":\"Iberian Canvas Micarta - Bastards Knives\",\"isPartOf\":{\"@id\":\"https:\/\/bastardsknives.com\/de\/#website\"},\"primaryImageOfPage\":{\"@id\":\"https:\/\/bastardsknives.com\/de\/producto\/iberian-canvas-micarta-vorbestellung\/#primaryimage\"},\"image\":{\"@id\":\"https:\/\/bastardsknives.com\/de\/producto\/iberian-canvas-micarta-vorbestellung\/#primaryimage\"},\"thumbnailUrl\":\"https:\/\/bastardsknives.com\/wp-content\/uploads\/2025\/09\/Iberian-Micarta.jpg\",\"datePublished\":\"2025-09-26T17:00:29+00:00\",\"dateModified\":\"2025-10-05T12:51:46+00:00\",\"breadcrumb\":{\"@id\":\"https:\/\/bastardsknives.com\/de\/producto\/iberian-canvas-micarta-vorbestellung\/#breadcrumb\"},\"inLanguage\":\"de\",\"potentialAction\":[{\"@type\":\"ReadAction\",\"target\":[\"https:\/\/bastardsknives.com\/de\/producto\/iberian-canvas-micarta-vorbestellung\/\"]}]},{\"@type\":\"ImageObject\",\"inLanguage\":\"de\",\"@id\":\"https:\/\/bastardsknives.com\/de\/producto\/iberian-canvas-micarta-vorbestellung\/#primaryimage\",\"url\":\"https:\/\/bastardsknives.com\/wp-content\/uploads\/2025\/09\/Iberian-Micarta.jpg\",\"contentUrl\":\"https:\/\/bastardsknives.com\/wp-content\/uploads\/2025\/09\/Iberian-Micarta.jpg\",\"width\":1600,\"height\":1600},{\"@type\":\"BreadcrumbList\",\"@id\":\"https:\/\/bastardsknives.com\/de\/producto\/iberian-canvas-micarta-vorbestellung\/#breadcrumb\",\"itemListElement\":[{\"@type\":\"ListItem\",\"position\":1,\"name\":\"Home\",\"item\":\"https:\/\/bastardsknives.com\/de\/\"},{\"@type\":\"ListItem\",\"position\":2,\"name\":\"Shop\",\"item\":\"https:\/\/bastardsknives.com\/de\/shop\/\"},{\"@type\":\"ListItem\",\"position\":3,\"name\":\"Iberian Canvas Micarta\"}]},{\"@type\":\"WebSite\",\"@id\":\"https:\/\/bastardsknives.com\/de\/#website\",\"url\":\"https:\/\/bastardsknives.com\/de\/\",\"name\":\"Bastards Knives\",\"description\":\"Bastards Knives | Viviendo al filo\",\"publisher\":{\"@id\":\"https:\/\/bastardsknives.com\/de\/#organization\"},\"potentialAction\":[{\"@type\":\"SearchAction\",\"target\":{\"@type\":\"EntryPoint\",\"urlTemplate\":\"https:\/\/bastardsknives.com\/de\/?s={search_term_string}\"},\"query-input\":\"required name=search_term_string\"}],\"inLanguage\":\"de\"},{\"@type\":\"Organization\",\"@id\":\"https:\/\/bastardsknives.com\/de\/#organization\",\"name\":\"Bastards Knives\",\"url\":\"https:\/\/bastardsknives.com\/de\/\",\"logo\":{\"@type\":\"ImageObject\",\"inLanguage\":\"de\",\"@id\":\"https:\/\/bastardsknives.com\/de\/#\/schema\/logo\/image\/\",\"url\":\"https:\/\/bastardsknives.com\/wp-content\/uploads\/2022\/07\/Logoprod1.png\",\"contentUrl\":\"https:\/\/bastardsknives.com\/wp-content\/uploads\/2022\/07\/Logoprod1.png\",\"width\":284,\"height\":122,\"caption\":\"Bastards Knives\"},\"image\":{\"@id\":\"https:\/\/bastardsknives.com\/de\/#\/schema\/logo\/image\/\"}}]}<\/script>\n<!-- \/ Yoast SEO plugin. -->","yoast_head_json":{"title":"Iberian Canvas Micarta - Bastards Knives","robots":{"index":"index","follow":"follow","max-snippet":"max-snippet:-1","max-image-preview":"max-image-preview:large","max-video-preview":"max-video-preview:-1"},"canonical":"https:\/\/bastardsknives.com\/de\/producto\/iberian-canvas-micarta-vorbestellung\/","og_locale":"de_DE","og_type":"article","og_title":"Iberian Canvas Micarta - Bastards Knives","og_description":"Iberian \u2013 Limitierte Meisterklasse von Bastards Knives Das Iberian Taschenmesser vom portugiesischen Designer Carlos Queiros ist ein echtes Sammlerst\u00fcck und ein Highlight moderner Messerbaukunst. Als Gewinner des Blade Show Awards 2024 f\u00fcr innovatives Design hat er mit diesem Folder ein Messer geschaffen, das Eleganz, Funktionalit\u00e4t und Pr\u00e4zision perfekt verbindet. Einzigartiges Integralmesser mit High-End Materialien Das...","og_url":"https:\/\/bastardsknives.com\/de\/producto\/iberian-canvas-micarta-vorbestellung\/","og_site_name":"Bastards Knives","article_modified_time":"2025-10-05T12:51:46+00:00","og_image":[{"width":1600,"height":1600,"url":"https:\/\/bastardsknives.com\/wp-content\/uploads\/2025\/09\/Iberian-Micarta.jpg","type":"image\/jpeg"}],"twitter_card":"summary_large_image","twitter_misc":{"Gesch\u00e4tzte Lesezeit":"2\u00a0Minuten"},"schema":{"@context":"https:\/\/schema.org","@graph":[{"@type":"WebPage","@id":"https:\/\/bastardsknives.com\/de\/producto\/iberian-canvas-micarta-vorbestellung\/","url":"https:\/\/bastardsknives.com\/de\/producto\/iberian-canvas-micarta-vorbestellung\/","name":"Iberian Canvas Micarta - Bastards Knives","isPartOf":{"@id":"https:\/\/bastardsknives.com\/de\/#website"},"primaryImageOfPage":{"@id":"https:\/\/bastardsknives.com\/de\/producto\/iberian-canvas-micarta-vorbestellung\/#primaryimage"},"image":{"@id":"https:\/\/bastardsknives.com\/de\/producto\/iberian-canvas-micarta-vorbestellung\/#primaryimage"},"thumbnailUrl":"https:\/\/bastardsknives.com\/wp-content\/uploads\/2025\/09\/Iberian-Micarta.jpg","datePublished":"2025-09-26T17:00:29+00:00","dateModified":"2025-10-05T12:51:46+00:00","breadcrumb":{"@id":"https:\/\/bastardsknives.com\/de\/producto\/iberian-canvas-micarta-vorbestellung\/#breadcrumb"},"inLanguage":"de","potentialAction":[{"@type":"ReadAction","target":["https:\/\/bastardsknives.com\/de\/producto\/iberian-canvas-micarta-vorbestellung\/"]}]},{"@type":"ImageObject","inLanguage":"de","@id":"https:\/\/bastardsknives.com\/de\/producto\/iberian-canvas-micarta-vorbestellung\/#primaryimage","url":"https:\/\/bastardsknives.com\/wp-content\/uploads\/2025\/09\/Iberian-Micarta.jpg","contentUrl":"https:\/\/bastardsknives.com\/wp-content\/uploads\/2025\/09\/Iberian-Micarta.jpg","width":1600,"height":1600},{"@type":"BreadcrumbList","@id":"https:\/\/bastardsknives.com\/de\/producto\/iberian-canvas-micarta-vorbestellung\/#breadcrumb","itemListElement":[{"@type":"ListItem","position":1,"name":"Home","item":"https:\/\/bastardsknives.com\/de\/"},{"@type":"ListItem","position":2,"name":"Shop","item":"https:\/\/bastardsknives.com\/de\/shop\/"},{"@type":"ListItem","position":3,"name":"Iberian Canvas Micarta"}]},{"@type":"WebSite","@id":"https:\/\/bastardsknives.com\/de\/#website","url":"https:\/\/bastardsknives.com\/de\/","name":"Bastards Knives","description":"Bastards Knives | Viviendo al filo","publisher":{"@id":"https:\/\/bastardsknives.com\/de\/#organization"},"potentialAction":[{"@type":"SearchAction","target":{"@type":"EntryPoint","urlTemplate":"https:\/\/bastardsknives.com\/de\/?s={search_term_string}"},"query-input":"required name=search_term_string"}],"inLanguage":"de"},{"@type":"Organization","@id":"https:\/\/bastardsknives.com\/de\/#organization","name":"Bastards Knives","url":"https:\/\/bastardsknives.com\/de\/","logo":{"@type":"ImageObject","inLanguage":"de","@id":"https:\/\/bastardsknives.com\/de\/#\/schema\/logo\/image\/","url":"https:\/\/bastardsknives.com\/wp-content\/uploads\/2022\/07\/Logoprod1.png","contentUrl":"https:\/\/bastardsknives.com\/wp-content\/uploads\/2022\/07\/Logoprod1.png","width":284,"height":122,"caption":"Bastards Knives"},"image":{"@id":"https:\/\/bastardsknives.com\/de\/#\/schema\/logo\/image\/"}}]}},"_links":{"self":[{"href":"https:\/\/bastardsknives.com\/de\/wp-json\/wp\/v2\/product\/8595","targetHints":{"allow":["GET"]}}],"collection":[{"href":"https:\/\/bastardsknives.com\/de\/wp-json\/wp\/v2\/product"}],"about":[{"href":"https:\/\/bastardsknives.com\/de\/wp-json\/wp\/v2\/types\/product"}],"wp:featuredmedia":[{"embeddable":true,"href":"https:\/\/bastardsknives.com\/de\/wp-json\/wp\/v2\/media\/8604"}],"wp:attachment":[{"href":"https:\/\/bastardsknives.com\/de\/wp-json\/wp\/v2\/media?parent=8595"}],"wp:term":[{"taxonomy":"product_brand","embeddable":true,"href":"https:\/\/bastardsknives.com\/de\/wp-json\/wp\/v2\/product_brand?post=8595"},{"taxonomy":"product_cat","embeddable":true,"href":"https:\/\/bastardsknives.com\/de\/wp-json\/wp\/v2\/product_cat?post=8595"},{"taxonomy":"product_tag","embeddable":true,"href":"https:\/\/bastardsknives.com\/de\/wp-json\/wp\/v2\/product_tag?post=8595"}],"curies":[{"name":"wp","href":"https:\/\/api.w.org\/{rel}","templated":true}]}}