{"id":8664,"date":"2025-11-09T18:30:29","date_gmt":"2025-11-09T16:30:29","guid":{"rendered":"https:\/\/bastardsknives.com\/?post_type=product&#038;p=8664"},"modified":"2026-02-18T17:23:49","modified_gmt":"2026-02-18T15:23:49","slug":"iberian-fat-carbon-kopie","status":"publish","type":"product","link":"https:\/\/bastardsknives.com\/de\/producto\/iberian-fat-carbon-kopie\/","title":{"rendered":"Salamandra Kristallisiertes Titan"},"content":{"rendered":"<h3>Salamandra \u2013 Die Flamme Andalusiens<\/h3>\n<p>Bei Bastards Knives steht jedes Messer f\u00fcr Charakter, Herzblut und Handwerk. Doch mit dem Salamandra ist uns etwas Besonderes gelungen \u2013 ein Messer, das nicht einfach nur gefertigt wurde, sondern geboren aus Feuer, Klang und Seele.<\/p>\n<p>Schon beim \u00d6ffnen sp\u00fcrst du, dass dieses Messer lebt: sieben klare Klicks, die legend\u00e4re Carraca, hallen wie ein Echo aus den Gassen Andalusiens. Jeder Ton tr\u00e4gt Geschichte in sich \u2013 die Leidenschaft eines Schmieds, die Kraft eines Stahls, die Eleganz einer Tradition.<\/p>\n<h4>Ein Messer mit Temperament<\/h4>\n<p>Die Klinge aus CPM 3V Stahl bringt pure St\u00e4rke und Schneidfreude. Mit 10,5 cm L\u00e4nge und Satin-Finish verk\u00f6rpert sie die Balance zwischen Kraft und Raffinesse. Die modifizierte Spear-Point-Form ist nicht nur funktional, sondern auch ein \u00e4sthetisches Statement \u2013 kompromisslos und stolz, wie die spanische Seele selbst.<\/p>\n<h4>Tradition trifft Moderne<\/h4>\n<p>Entworfen von Antonio Garc\u00eda, bekannt als Forjaman, einem wahren K\u00fcnstler des Schmiedefeuers. Seine Vision: spanische Handwerkskunst in die Gegenwart holen. Das Ergebnis ist eine Kombination aus klassischem Hebelverschluss, Titan Griffen (Grad 5) und modernen Carbon-Inlays so wie Kristallisiertes Titan, die dem Salamandra seine unverwechselbare Aura verleihen.<\/p>\n<h4>Andalusischer Stolz in jeder Linie<\/h4>\n<p>Das Salamandra tr\u00e4gt die DNA Spaniens in sich \u2013 Leidenschaft, Pr\u00e4zision und Stolz.<br \/>\nWenn die Sonne auf das Titan trifft und die Carraca erklingt, wei\u00dft du, dass du kein Messer in der Hand h\u00e4ltst \u2013 sondern ein St\u00fcck Andalusien.<\/p>\n<h4>Titan Grad 5 und 4 verschiedenen Griffvarianten:<\/h4>\n<ol>\n<li>Kristallisiertes Titan<\/li>\n<li>Gulf Carmo Carbon<\/li>\n<li>Black Pearl Camo Carbon<\/li>\n<li>FatCarbon Dark Matter Black<\/li>\n<\/ol>\n<p>Ja die Wahl f\u00e4llt schwer, aber ist dennoch immer die Richtige.<\/p>\n<h4>Produkt Highlights<\/h4>\n<ul>\n<li>Siebenfacher Carraca-Klick \u2013 echter G\u00e4nsehautmoment<\/li>\n<li>Designed von Forjaman, Antonio Garc\u00eda<\/li>\n<li>Hochwertiger CPM 3V Stahl mit edlem Satin-Finish<\/li>\n<li>Titan-Geh\u00e4use (Grad 5) mit w\u00e4hlbaren Griff-Varianten<\/li>\n<li>Klassischer spanischer Hebelverschluss<\/li>\n<li>Inklusive Nylon-Pouch<\/li>\n<li>Verk\u00f6rpert spanische Leidenschaft, Stolz und Pr\u00e4zision<\/li>\n<\/ul>\n<h4>Salamandra \u2013 wenn Stahl zu Emotion wird.<\/h4>\n<p>Ein Messer, das nicht nur geschnitten, sondern gef\u00fchlt werden will \u2013 aus der Seele Spaniens, f\u00fcr jene, die das Feuer in sich tragen.<\/p>\n","protected":false},"excerpt":{"rendered":"<p>Salamandra \u2013 Die Flamme Andalusiens Bei Bastards Knives steht jedes Messer f\u00fcr Charakter, Herzblut und Handwerk. Doch mit dem Salamandra ist uns etwas Besonderes gelungen \u2013 ein Messer, das nicht einfach nur gefertigt wurde, sondern geboren aus Feuer, Klang und Seele. Schon beim \u00d6ffnen sp\u00fcrst du, dass dieses Messer lebt: sieben klare Klicks, die legend\u00e4re&#8230;<\/p>\n","protected":false},"featured_media":8688,"template":"","meta":[],"product_brand":[],"product_cat":[768,1123],"product_tag":[],"class_list":{"0":"post-8664","1":"product","2":"type-product","3":"status-publish","4":"has-post-thumbnail","6":"product_cat-messer-und-rasiermesser","7":"product_cat-forjaman","9":"first","10":"instock","11":"taxable","12":"shipping-taxable","13":"purchasable","14":"product-type-simple"},"acf":[],"yoast_head":"<!-- This site is optimized with the Yoast SEO plugin v23.1 - https:\/\/yoast.com\/wordpress\/plugins\/seo\/ -->\n<title>Salamandra Kristallisiertes Titan - Bastards Knives<\/title>\n<meta name=\"robots\" content=\"index, follow, max-snippet:-1, max-image-preview:large, max-video-preview:-1\" \/>\n<link rel=\"canonical\" href=\"https:\/\/bastardsknives.com\/de\/producto\/iberian-fat-carbon-kopie\/\" \/>\n<meta property=\"og:locale\" content=\"de_DE\" \/>\n<meta property=\"og:type\" content=\"article\" \/>\n<meta property=\"og:title\" content=\"Salamandra Kristallisiertes Titan - Bastards Knives\" \/>\n<meta property=\"og:description\" content=\"Salamandra \u2013 Die Flamme Andalusiens Bei Bastards Knives steht jedes Messer f\u00fcr Charakter, Herzblut und Handwerk. Doch mit dem Salamandra ist uns etwas Besonderes gelungen \u2013 ein Messer, das nicht einfach nur gefertigt wurde, sondern geboren aus Feuer, Klang und Seele. Schon beim \u00d6ffnen sp\u00fcrst du, dass dieses Messer lebt: sieben klare Klicks, die legend\u00e4re...\" \/>\n<meta property=\"og:url\" content=\"https:\/\/bastardsknives.com\/de\/producto\/iberian-fat-carbon-kopie\/\" \/>\n<meta property=\"og:site_name\" content=\"Bastards Knives\" \/>\n<meta property=\"article:modified_time\" content=\"2026-02-18T15:23:49+00:00\" \/>\n<meta property=\"og:image\" content=\"https:\/\/bastardsknives.com\/wp-content\/uploads\/2025\/11\/Salamandra-crystallized.jpeg\" \/>\n\t<meta property=\"og:image:width\" content=\"1600\" \/>\n\t<meta property=\"og:image:height\" content=\"1600\" \/>\n\t<meta property=\"og:image:type\" content=\"image\/jpeg\" \/>\n<meta name=\"twitter:card\" content=\"summary_large_image\" \/>\n<meta name=\"twitter:label1\" content=\"Gesch\u00e4tzte Lesezeit\" \/>\n\t<meta name=\"twitter:data1\" content=\"2\u00a0Minuten\" \/>\n<script type=\"application\/ld+json\" class=\"yoast-schema-graph\">{\"@context\":\"https:\/\/schema.org\",\"@graph\":[{\"@type\":\"WebPage\",\"@id\":\"https:\/\/bastardsknives.com\/de\/producto\/iberian-fat-carbon-kopie\/\",\"url\":\"https:\/\/bastardsknives.com\/de\/producto\/iberian-fat-carbon-kopie\/\",\"name\":\"Salamandra Kristallisiertes Titan - Bastards Knives\",\"isPartOf\":{\"@id\":\"https:\/\/bastardsknives.com\/de\/#website\"},\"primaryImageOfPage\":{\"@id\":\"https:\/\/bastardsknives.com\/de\/producto\/iberian-fat-carbon-kopie\/#primaryimage\"},\"image\":{\"@id\":\"https:\/\/bastardsknives.com\/de\/producto\/iberian-fat-carbon-kopie\/#primaryimage\"},\"thumbnailUrl\":\"https:\/\/bastardsknives.com\/wp-content\/uploads\/2025\/11\/Salamandra-crystallized.jpeg\",\"datePublished\":\"2025-11-09T16:30:29+00:00\",\"dateModified\":\"2026-02-18T15:23:49+00:00\",\"breadcrumb\":{\"@id\":\"https:\/\/bastardsknives.com\/de\/producto\/iberian-fat-carbon-kopie\/#breadcrumb\"},\"inLanguage\":\"de\",\"potentialAction\":[{\"@type\":\"ReadAction\",\"target\":[\"https:\/\/bastardsknives.com\/de\/producto\/iberian-fat-carbon-kopie\/\"]}]},{\"@type\":\"ImageObject\",\"inLanguage\":\"de\",\"@id\":\"https:\/\/bastardsknives.com\/de\/producto\/iberian-fat-carbon-kopie\/#primaryimage\",\"url\":\"https:\/\/bastardsknives.com\/wp-content\/uploads\/2025\/11\/Salamandra-crystallized.jpeg\",\"contentUrl\":\"https:\/\/bastardsknives.com\/wp-content\/uploads\/2025\/11\/Salamandra-crystallized.jpeg\",\"width\":1600,\"height\":1600},{\"@type\":\"BreadcrumbList\",\"@id\":\"https:\/\/bastardsknives.com\/de\/producto\/iberian-fat-carbon-kopie\/#breadcrumb\",\"itemListElement\":[{\"@type\":\"ListItem\",\"position\":1,\"name\":\"Home\",\"item\":\"https:\/\/bastardsknives.com\/de\/\"},{\"@type\":\"ListItem\",\"position\":2,\"name\":\"Shop\",\"item\":\"https:\/\/bastardsknives.com\/de\/shop\/\"},{\"@type\":\"ListItem\",\"position\":3,\"name\":\"Salamandra Kristallisiertes Titan\"}]},{\"@type\":\"WebSite\",\"@id\":\"https:\/\/bastardsknives.com\/de\/#website\",\"url\":\"https:\/\/bastardsknives.com\/de\/\",\"name\":\"Bastards Knives\",\"description\":\"Bastards Knives | Viviendo al filo\",\"publisher\":{\"@id\":\"https:\/\/bastardsknives.com\/de\/#organization\"},\"potentialAction\":[{\"@type\":\"SearchAction\",\"target\":{\"@type\":\"EntryPoint\",\"urlTemplate\":\"https:\/\/bastardsknives.com\/de\/?s={search_term_string}\"},\"query-input\":\"required name=search_term_string\"}],\"inLanguage\":\"de\"},{\"@type\":\"Organization\",\"@id\":\"https:\/\/bastardsknives.com\/de\/#organization\",\"name\":\"Bastards Knives\",\"url\":\"https:\/\/bastardsknives.com\/de\/\",\"logo\":{\"@type\":\"ImageObject\",\"inLanguage\":\"de\",\"@id\":\"https:\/\/bastardsknives.com\/de\/#\/schema\/logo\/image\/\",\"url\":\"https:\/\/bastardsknives.com\/wp-content\/uploads\/2022\/07\/Logoprod1.png\",\"contentUrl\":\"https:\/\/bastardsknives.com\/wp-content\/uploads\/2022\/07\/Logoprod1.png\",\"width\":284,\"height\":122,\"caption\":\"Bastards Knives\"},\"image\":{\"@id\":\"https:\/\/bastardsknives.com\/de\/#\/schema\/logo\/image\/\"}}]}<\/script>\n<!-- \/ Yoast SEO plugin. -->","yoast_head_json":{"title":"Salamandra Kristallisiertes Titan - Bastards Knives","robots":{"index":"index","follow":"follow","max-snippet":"max-snippet:-1","max-image-preview":"max-image-preview:large","max-video-preview":"max-video-preview:-1"},"canonical":"https:\/\/bastardsknives.com\/de\/producto\/iberian-fat-carbon-kopie\/","og_locale":"de_DE","og_type":"article","og_title":"Salamandra Kristallisiertes Titan - Bastards Knives","og_description":"Salamandra \u2013 Die Flamme Andalusiens Bei Bastards Knives steht jedes Messer f\u00fcr Charakter, Herzblut und Handwerk. Doch mit dem Salamandra ist uns etwas Besonderes gelungen \u2013 ein Messer, das nicht einfach nur gefertigt wurde, sondern geboren aus Feuer, Klang und Seele. Schon beim \u00d6ffnen sp\u00fcrst du, dass dieses Messer lebt: sieben klare Klicks, die legend\u00e4re...","og_url":"https:\/\/bastardsknives.com\/de\/producto\/iberian-fat-carbon-kopie\/","og_site_name":"Bastards Knives","article_modified_time":"2026-02-18T15:23:49+00:00","og_image":[{"width":1600,"height":1600,"url":"https:\/\/bastardsknives.com\/wp-content\/uploads\/2025\/11\/Salamandra-crystallized.jpeg","type":"image\/jpeg"}],"twitter_card":"summary_large_image","twitter_misc":{"Gesch\u00e4tzte Lesezeit":"2\u00a0Minuten"},"schema":{"@context":"https:\/\/schema.org","@graph":[{"@type":"WebPage","@id":"https:\/\/bastardsknives.com\/de\/producto\/iberian-fat-carbon-kopie\/","url":"https:\/\/bastardsknives.com\/de\/producto\/iberian-fat-carbon-kopie\/","name":"Salamandra Kristallisiertes Titan - Bastards Knives","isPartOf":{"@id":"https:\/\/bastardsknives.com\/de\/#website"},"primaryImageOfPage":{"@id":"https:\/\/bastardsknives.com\/de\/producto\/iberian-fat-carbon-kopie\/#primaryimage"},"image":{"@id":"https:\/\/bastardsknives.com\/de\/producto\/iberian-fat-carbon-kopie\/#primaryimage"},"thumbnailUrl":"https:\/\/bastardsknives.com\/wp-content\/uploads\/2025\/11\/Salamandra-crystallized.jpeg","datePublished":"2025-11-09T16:30:29+00:00","dateModified":"2026-02-18T15:23:49+00:00","breadcrumb":{"@id":"https:\/\/bastardsknives.com\/de\/producto\/iberian-fat-carbon-kopie\/#breadcrumb"},"inLanguage":"de","potentialAction":[{"@type":"ReadAction","target":["https:\/\/bastardsknives.com\/de\/producto\/iberian-fat-carbon-kopie\/"]}]},{"@type":"ImageObject","inLanguage":"de","@id":"https:\/\/bastardsknives.com\/de\/producto\/iberian-fat-carbon-kopie\/#primaryimage","url":"https:\/\/bastardsknives.com\/wp-content\/uploads\/2025\/11\/Salamandra-crystallized.jpeg","contentUrl":"https:\/\/bastardsknives.com\/wp-content\/uploads\/2025\/11\/Salamandra-crystallized.jpeg","width":1600,"height":1600},{"@type":"BreadcrumbList","@id":"https:\/\/bastardsknives.com\/de\/producto\/iberian-fat-carbon-kopie\/#breadcrumb","itemListElement":[{"@type":"ListItem","position":1,"name":"Home","item":"https:\/\/bastardsknives.com\/de\/"},{"@type":"ListItem","position":2,"name":"Shop","item":"https:\/\/bastardsknives.com\/de\/shop\/"},{"@type":"ListItem","position":3,"name":"Salamandra Kristallisiertes Titan"}]},{"@type":"WebSite","@id":"https:\/\/bastardsknives.com\/de\/#website","url":"https:\/\/bastardsknives.com\/de\/","name":"Bastards Knives","description":"Bastards Knives | Viviendo al filo","publisher":{"@id":"https:\/\/bastardsknives.com\/de\/#organization"},"potentialAction":[{"@type":"SearchAction","target":{"@type":"EntryPoint","urlTemplate":"https:\/\/bastardsknives.com\/de\/?s={search_term_string}"},"query-input":"required name=search_term_string"}],"inLanguage":"de"},{"@type":"Organization","@id":"https:\/\/bastardsknives.com\/de\/#organization","name":"Bastards Knives","url":"https:\/\/bastardsknives.com\/de\/","logo":{"@type":"ImageObject","inLanguage":"de","@id":"https:\/\/bastardsknives.com\/de\/#\/schema\/logo\/image\/","url":"https:\/\/bastardsknives.com\/wp-content\/uploads\/2022\/07\/Logoprod1.png","contentUrl":"https:\/\/bastardsknives.com\/wp-content\/uploads\/2022\/07\/Logoprod1.png","width":284,"height":122,"caption":"Bastards Knives"},"image":{"@id":"https:\/\/bastardsknives.com\/de\/#\/schema\/logo\/image\/"}}]}},"_links":{"self":[{"href":"https:\/\/bastardsknives.com\/de\/wp-json\/wp\/v2\/product\/8664","targetHints":{"allow":["GET"]}}],"collection":[{"href":"https:\/\/bastardsknives.com\/de\/wp-json\/wp\/v2\/product"}],"about":[{"href":"https:\/\/bastardsknives.com\/de\/wp-json\/wp\/v2\/types\/product"}],"wp:featuredmedia":[{"embeddable":true,"href":"https:\/\/bastardsknives.com\/de\/wp-json\/wp\/v2\/media\/8688"}],"wp:attachment":[{"href":"https:\/\/bastardsknives.com\/de\/wp-json\/wp\/v2\/media?parent=8664"}],"wp:term":[{"taxonomy":"product_brand","embeddable":true,"href":"https:\/\/bastardsknives.com\/de\/wp-json\/wp\/v2\/product_brand?post=8664"},{"taxonomy":"product_cat","embeddable":true,"href":"https:\/\/bastardsknives.com\/de\/wp-json\/wp\/v2\/product_cat?post=8664"},{"taxonomy":"product_tag","embeddable":true,"href":"https:\/\/bastardsknives.com\/de\/wp-json\/wp\/v2\/product_tag?post=8664"}],"curies":[{"name":"wp","href":"https:\/\/api.w.org\/{rel}","templated":true}]}}