{"id":1519,"date":"2025-06-15T10:00:30","date_gmt":"2025-06-15T10:00:30","guid":{"rendered":"https:\/\/bastardsknives.com\/?post_type=product&#038;p=1519"},"modified":"2025-06-30T10:47:11","modified_gmt":"2025-06-30T10:47:11","slug":"reaper","status":"publish","type":"product","link":"https:\/\/bastardsknives.com\/es\/producto\/reaper\/","title":{"rendered":"REAPER"},"content":{"rendered":"<p><strong>REAPER &#8211; Desarrollado para lo real<\/strong><br \/>\nCuando el equipo no perdona los errores, entra en juego el REAPER. Desarrollado por Fernando Varela, m\u00e1s conocido como FVCK, este cuchillo combina funcionalidad t\u00e1ctica con una eficiencia brutal. Sin compromisos, sin adornos innecesarios &#8211; s\u00f3lo puro valor operativo.<\/p>\n<p><strong>Hoja para tirar con fuerza<\/strong><br \/>\nLa hoja tanto de 11,5 cm de longitud fabricada en acero Sleipner no se queda a medias. Sus 6 mm de grosor de hoja proporcionan la m\u00e1xima estabilidad, incluso en las condiciones m\u00e1s duras. Ya sea partiendo madera, haciendo palanca o cortando &#8211; el Reaper sigue siendo preciso y fiable. La forma de tanto asegura una fuerte penetraci\u00f3n de la punta y un corte controlado en cualquier \u00e1ngulo.<\/p>\n<p><strong>Empu\u00f1adura con agarre<\/strong><br \/>\nMicarta negra envuelve la espiga completa con robusta elegancia. La superficie ofrece un agarre seguro, incluso cuando est\u00e1 mojada, embarrada o con guantes. Los separadored en color naranja no s\u00f3lo ponen acentos visuales, sino que tambi\u00e9n aumentan la visibilidad durante el acceso r\u00e1pido o en condiciones de iluminaci\u00f3n dif\u00edciles. La empu\u00f1adura se adapta c\u00f3modamente a la mano: equilibrada, fuerte y f\u00e1cil de manejar.<\/p>\n<p><strong>Listo para usar. En cualquier momento. En cualquier lugar.<\/strong><br \/>\nCon una longitud total de 24 cm, la REAPER sigue siendo lo suficientemente compacta para el cintur\u00f3n, pero lo suficientemente fuerte para tareas exigentes. Desde le\u00f1a hasta uso de emergencia &#8211; este cuchillo cumple. Y punto.<\/p>\n<p><strong>Conclusi\u00f3n:<\/strong><br \/>\nEl REAPER no es un juguete. Es una herramienta para emergencias &#8211; construida para profesionales, preparada para cualquier cosa. Quien lo lleva est\u00e1 preparado. Siempre.<\/p>\n","protected":false},"excerpt":{"rendered":"<p>En la l\u00ednea t\u00e1ctica de Bastards Knives encontramos el modelo &#8211; dise\u00f1ado por FVCK. Un dise\u00f1o t\u00e1ctico adecuado tanto para uso diario en tareas cotidianas y trabajo duro como para personal de cuerpos de seguridad o profesionales de artes marciales. Fabricado en acero Sleipner con tratamiento t\u00e9rmico diferencial y criog\u00e9nico junto a una micarta negra con separador naranja, sujeta con torniller\u00eda Torx de seguridad y vestido en una funda de Kydex de alta calidad, compatible con sistemas de porte Teclock, Molle y clip.<\/p>\n","protected":false},"featured_media":1528,"template":"","meta":[],"product_brand":[],"product_cat":[18,760,19],"product_tag":[823,1072,1070,813,1069,1071,1073],"class_list":{"0":"post-1519","1":"product","2":"type-product","3":"status-publish","4":"has-post-thumbnail","6":"product_cat-bastards-knives","7":"product_cat-cuchillos-y-navajas","8":"product_cat-fvck","9":"product_tag-bastards-knives","10":"product_tag-fixed-blade-es","11":"product_tag-fvck","12":"product_tag-kydex-es","13":"product_tag-made-in-spain","14":"product_tag-micarta-es","15":"product_tag-sleipner-es","17":"first","18":"instock","19":"taxable","20":"shipping-taxable","21":"purchasable","22":"product-type-simple"},"acf":[],"yoast_head":"<!-- This site is optimized with the Yoast SEO plugin v23.1 - https:\/\/yoast.com\/wordpress\/plugins\/seo\/ -->\n<title>REAPER - Bastards Knives<\/title>\n<meta name=\"robots\" content=\"index, follow, max-snippet:-1, max-image-preview:large, max-video-preview:-1\" \/>\n<link rel=\"canonical\" href=\"https:\/\/bastardsknives.com\/es\/producto\/reaper\/\" \/>\n<meta property=\"og:locale\" content=\"es_ES\" \/>\n<meta property=\"og:type\" content=\"article\" \/>\n<meta property=\"og:title\" content=\"REAPER - Bastards Knives\" \/>\n<meta property=\"og:description\" content=\"En la l\u00ednea t\u00e1ctica de Bastards Knives encontramos el modelo - dise\u00f1ado por FVCK. Un dise\u00f1o t\u00e1ctico adecuado tanto para uso diario en tareas cotidianas y trabajo duro como para personal de cuerpos de seguridad o profesionales de artes marciales. Fabricado en acero Sleipner con tratamiento t\u00e9rmico diferencial y criog\u00e9nico junto a una micarta negra con separador naranja, sujeta con torniller\u00eda Torx de seguridad y vestido en una funda de Kydex de alta calidad, compatible con sistemas de porte Teclock, Molle y clip.\" \/>\n<meta property=\"og:url\" content=\"https:\/\/bastardsknives.com\/es\/producto\/reaper\/\" \/>\n<meta property=\"og:site_name\" content=\"Bastards Knives\" \/>\n<meta property=\"article:modified_time\" content=\"2025-06-30T10:47:11+00:00\" \/>\n<meta property=\"og:image\" content=\"https:\/\/bastardsknives.com\/wp-content\/uploads\/2023\/01\/REAPER-1.jpg\" \/>\n\t<meta property=\"og:image:width\" content=\"659\" \/>\n\t<meta property=\"og:image:height\" content=\"526\" \/>\n\t<meta property=\"og:image:type\" content=\"image\/jpeg\" \/>\n<meta name=\"twitter:card\" content=\"summary_large_image\" \/>\n<meta name=\"twitter:label1\" content=\"Tiempo de lectura\" \/>\n\t<meta name=\"twitter:data1\" content=\"2 minutos\" \/>\n<script type=\"application\/ld+json\" class=\"yoast-schema-graph\">{\"@context\":\"https:\/\/schema.org\",\"@graph\":[{\"@type\":\"WebPage\",\"@id\":\"https:\/\/bastardsknives.com\/es\/producto\/reaper\/\",\"url\":\"https:\/\/bastardsknives.com\/es\/producto\/reaper\/\",\"name\":\"REAPER - Bastards Knives\",\"isPartOf\":{\"@id\":\"https:\/\/bastardsknives.com\/es\/#website\"},\"primaryImageOfPage\":{\"@id\":\"https:\/\/bastardsknives.com\/es\/producto\/reaper\/#primaryimage\"},\"image\":{\"@id\":\"https:\/\/bastardsknives.com\/es\/producto\/reaper\/#primaryimage\"},\"thumbnailUrl\":\"https:\/\/bastardsknives.com\/wp-content\/uploads\/2023\/01\/REAPER-1.jpg\",\"datePublished\":\"2025-06-15T10:00:30+00:00\",\"dateModified\":\"2025-06-30T10:47:11+00:00\",\"breadcrumb\":{\"@id\":\"https:\/\/bastardsknives.com\/es\/producto\/reaper\/#breadcrumb\"},\"inLanguage\":\"es\",\"potentialAction\":[{\"@type\":\"ReadAction\",\"target\":[\"https:\/\/bastardsknives.com\/es\/producto\/reaper\/\"]}]},{\"@type\":\"ImageObject\",\"inLanguage\":\"es\",\"@id\":\"https:\/\/bastardsknives.com\/es\/producto\/reaper\/#primaryimage\",\"url\":\"https:\/\/bastardsknives.com\/wp-content\/uploads\/2023\/01\/REAPER-1.jpg\",\"contentUrl\":\"https:\/\/bastardsknives.com\/wp-content\/uploads\/2023\/01\/REAPER-1.jpg\",\"width\":659,\"height\":526},{\"@type\":\"BreadcrumbList\",\"@id\":\"https:\/\/bastardsknives.com\/es\/producto\/reaper\/#breadcrumb\",\"itemListElement\":[{\"@type\":\"ListItem\",\"position\":1,\"name\":\"Home\",\"item\":\"https:\/\/bastardsknives.com\/es\/\"},{\"@type\":\"ListItem\",\"position\":2,\"name\":\"Tienda\",\"item\":\"https:\/\/bastardsknives.com\/es\/tienda\/\"},{\"@type\":\"ListItem\",\"position\":3,\"name\":\"REAPER\"}]},{\"@type\":\"WebSite\",\"@id\":\"https:\/\/bastardsknives.com\/es\/#website\",\"url\":\"https:\/\/bastardsknives.com\/es\/\",\"name\":\"Bastards Knives\",\"description\":\"Bastards Knives | Viviendo al filo\",\"publisher\":{\"@id\":\"https:\/\/bastardsknives.com\/es\/#organization\"},\"potentialAction\":[{\"@type\":\"SearchAction\",\"target\":{\"@type\":\"EntryPoint\",\"urlTemplate\":\"https:\/\/bastardsknives.com\/es\/?s={search_term_string}\"},\"query-input\":\"required name=search_term_string\"}],\"inLanguage\":\"es\"},{\"@type\":\"Organization\",\"@id\":\"https:\/\/bastardsknives.com\/es\/#organization\",\"name\":\"Bastards Knives\",\"url\":\"https:\/\/bastardsknives.com\/es\/\",\"logo\":{\"@type\":\"ImageObject\",\"inLanguage\":\"es\",\"@id\":\"https:\/\/bastardsknives.com\/es\/#\/schema\/logo\/image\/\",\"url\":\"https:\/\/bastardsknives.com\/wp-content\/uploads\/2022\/07\/Logoprod1.png\",\"contentUrl\":\"https:\/\/bastardsknives.com\/wp-content\/uploads\/2022\/07\/Logoprod1.png\",\"width\":284,\"height\":122,\"caption\":\"Bastards Knives\"},\"image\":{\"@id\":\"https:\/\/bastardsknives.com\/es\/#\/schema\/logo\/image\/\"}}]}<\/script>\n<!-- \/ Yoast SEO plugin. -->","yoast_head_json":{"title":"REAPER - Bastards Knives","robots":{"index":"index","follow":"follow","max-snippet":"max-snippet:-1","max-image-preview":"max-image-preview:large","max-video-preview":"max-video-preview:-1"},"canonical":"https:\/\/bastardsknives.com\/es\/producto\/reaper\/","og_locale":"es_ES","og_type":"article","og_title":"REAPER - Bastards Knives","og_description":"En la l\u00ednea t\u00e1ctica de Bastards Knives encontramos el modelo - dise\u00f1ado por FVCK. Un dise\u00f1o t\u00e1ctico adecuado tanto para uso diario en tareas cotidianas y trabajo duro como para personal de cuerpos de seguridad o profesionales de artes marciales. Fabricado en acero Sleipner con tratamiento t\u00e9rmico diferencial y criog\u00e9nico junto a una micarta negra con separador naranja, sujeta con torniller\u00eda Torx de seguridad y vestido en una funda de Kydex de alta calidad, compatible con sistemas de porte Teclock, Molle y clip.","og_url":"https:\/\/bastardsknives.com\/es\/producto\/reaper\/","og_site_name":"Bastards Knives","article_modified_time":"2025-06-30T10:47:11+00:00","og_image":[{"width":659,"height":526,"url":"https:\/\/bastardsknives.com\/wp-content\/uploads\/2023\/01\/REAPER-1.jpg","type":"image\/jpeg"}],"twitter_card":"summary_large_image","twitter_misc":{"Tiempo de lectura":"2 minutos"},"schema":{"@context":"https:\/\/schema.org","@graph":[{"@type":"WebPage","@id":"https:\/\/bastardsknives.com\/es\/producto\/reaper\/","url":"https:\/\/bastardsknives.com\/es\/producto\/reaper\/","name":"REAPER - Bastards Knives","isPartOf":{"@id":"https:\/\/bastardsknives.com\/es\/#website"},"primaryImageOfPage":{"@id":"https:\/\/bastardsknives.com\/es\/producto\/reaper\/#primaryimage"},"image":{"@id":"https:\/\/bastardsknives.com\/es\/producto\/reaper\/#primaryimage"},"thumbnailUrl":"https:\/\/bastardsknives.com\/wp-content\/uploads\/2023\/01\/REAPER-1.jpg","datePublished":"2025-06-15T10:00:30+00:00","dateModified":"2025-06-30T10:47:11+00:00","breadcrumb":{"@id":"https:\/\/bastardsknives.com\/es\/producto\/reaper\/#breadcrumb"},"inLanguage":"es","potentialAction":[{"@type":"ReadAction","target":["https:\/\/bastardsknives.com\/es\/producto\/reaper\/"]}]},{"@type":"ImageObject","inLanguage":"es","@id":"https:\/\/bastardsknives.com\/es\/producto\/reaper\/#primaryimage","url":"https:\/\/bastardsknives.com\/wp-content\/uploads\/2023\/01\/REAPER-1.jpg","contentUrl":"https:\/\/bastardsknives.com\/wp-content\/uploads\/2023\/01\/REAPER-1.jpg","width":659,"height":526},{"@type":"BreadcrumbList","@id":"https:\/\/bastardsknives.com\/es\/producto\/reaper\/#breadcrumb","itemListElement":[{"@type":"ListItem","position":1,"name":"Home","item":"https:\/\/bastardsknives.com\/es\/"},{"@type":"ListItem","position":2,"name":"Tienda","item":"https:\/\/bastardsknives.com\/es\/tienda\/"},{"@type":"ListItem","position":3,"name":"REAPER"}]},{"@type":"WebSite","@id":"https:\/\/bastardsknives.com\/es\/#website","url":"https:\/\/bastardsknives.com\/es\/","name":"Bastards Knives","description":"Bastards Knives | Viviendo al filo","publisher":{"@id":"https:\/\/bastardsknives.com\/es\/#organization"},"potentialAction":[{"@type":"SearchAction","target":{"@type":"EntryPoint","urlTemplate":"https:\/\/bastardsknives.com\/es\/?s={search_term_string}"},"query-input":"required name=search_term_string"}],"inLanguage":"es"},{"@type":"Organization","@id":"https:\/\/bastardsknives.com\/es\/#organization","name":"Bastards Knives","url":"https:\/\/bastardsknives.com\/es\/","logo":{"@type":"ImageObject","inLanguage":"es","@id":"https:\/\/bastardsknives.com\/es\/#\/schema\/logo\/image\/","url":"https:\/\/bastardsknives.com\/wp-content\/uploads\/2022\/07\/Logoprod1.png","contentUrl":"https:\/\/bastardsknives.com\/wp-content\/uploads\/2022\/07\/Logoprod1.png","width":284,"height":122,"caption":"Bastards Knives"},"image":{"@id":"https:\/\/bastardsknives.com\/es\/#\/schema\/logo\/image\/"}}]}},"_links":{"self":[{"href":"https:\/\/bastardsknives.com\/es\/wp-json\/wp\/v2\/product\/1519","targetHints":{"allow":["GET"]}}],"collection":[{"href":"https:\/\/bastardsknives.com\/es\/wp-json\/wp\/v2\/product"}],"about":[{"href":"https:\/\/bastardsknives.com\/es\/wp-json\/wp\/v2\/types\/product"}],"wp:featuredmedia":[{"embeddable":true,"href":"https:\/\/bastardsknives.com\/es\/wp-json\/wp\/v2\/media\/1528"}],"wp:attachment":[{"href":"https:\/\/bastardsknives.com\/es\/wp-json\/wp\/v2\/media?parent=1519"}],"wp:term":[{"taxonomy":"product_brand","embeddable":true,"href":"https:\/\/bastardsknives.com\/es\/wp-json\/wp\/v2\/product_brand?post=1519"},{"taxonomy":"product_cat","embeddable":true,"href":"https:\/\/bastardsknives.com\/es\/wp-json\/wp\/v2\/product_cat?post=1519"},{"taxonomy":"product_tag","embeddable":true,"href":"https:\/\/bastardsknives.com\/es\/wp-json\/wp\/v2\/product_tag?post=1519"}],"curies":[{"name":"wp","href":"https:\/\/api.w.org\/{rel}","templated":true}]}}