{"id":1529,"date":"2025-05-11T12:00:19","date_gmt":"2025-05-11T12:00:19","guid":{"rendered":"https:\/\/bastardsknives.com\/?post_type=product&#038;p=1529"},"modified":"2026-01-15T11:37:57","modified_gmt":"2026-01-15T09:37:57","slug":"sirius","status":"publish","type":"product","link":"https:\/\/bastardsknives.com\/es\/producto\/sirius\/","title":{"rendered":"SIRIUS"},"content":{"rendered":"<p><strong>Estilo. Exigencia. Control. &#8211; El JosKnives Signature Tool<br \/>\n<\/strong>Cuando el dise\u00f1o se une a la personalidad, el resultado es algo m\u00e1s que un cuchillo: es una declaraci\u00f3n. Este modelo viene de la mano de JosKnives y fue dise\u00f1ado con un objetivo claro: No s\u00f3lo cumplir las expectativas, sino superarlas.<br \/>\nLa robustez comienza en el acero<br \/>\nEl coraz\u00f3n de este cuchillo es su hoja drop point de 9 cm de longitud fabricada en acero Sleipner. Un tratamiento t\u00e9rmico criog\u00e9nico confiere a la hoja una dureza y una retenci\u00f3n del filo impresionantes. El acabado satinado acent\u00faa las l\u00edneas precisas: funcional, elegante, sin concesiones.<\/p>\n<p><strong>Comodidad y car\u00e1cter<br \/>\n<\/strong>La empu\u00f1adura ergon\u00f3mica de micarta marr\u00f3n ofrece un tacto natural: agarre en cualquier condici\u00f3n clim\u00e1tica, seguridad en la mano. Los sparadores negros proporcionan un contraste sutil pero llamativo. Cada agarre es perfecto, cada movimiento se siente controlado.<\/p>\n<p><strong>Los detalles con tornillos Torx de sustancia<\/strong><br \/>\ngarantizan un aspecto general estable y pueden ajustarse f\u00e1cilmente en caso necesario. La funda Kydex de alta calidad proporciona una flexibilidad total para el uso diario, el despliegue o los viajes al aire libre. Gracias al sistema Teclock, el cuchillo se sujeta con seguridad &#8211; la compatibilidad Molle le permite una amplia gama de opciones de transporte.<\/p>\n<p><strong>Compacto, fuerte, bien pensado<\/strong><br \/>\nCon una longitud total de 20,5 cm y un grosor de hoja de 4,2 mm, este cuchillo consigue el equilibrio perfecto entre maniobrabilidad y poder de penetraci\u00f3n.<br \/>\nUn cuchillo que muestra actitud. Desarrollado para personas que no coleccionan herramientas, sino que las utilizan. Con este modelo, JosKnives demuestra que se puede forjar el car\u00e1cter.<\/p>\n","protected":false},"excerpt":{"rendered":"<p>&nbsp;<\/p>\n<p>&nbsp;<\/p>\n","protected":false},"featured_media":1536,"template":"","meta":[],"product_brand":[],"product_cat":[760,762,20],"product_tag":[],"class_list":{"0":"post-1529","1":"product","2":"type-product","3":"status-publish","4":"has-post-thumbnail","6":"product_cat-cuchillos-y-navajas","7":"product_cat-inoxidable","8":"product_cat-josknives","10":"first","11":"instock","12":"taxable","13":"shipping-taxable","14":"purchasable","15":"product-type-simple"},"acf":[],"yoast_head":"<!-- This site is optimized with the Yoast SEO plugin v23.1 - https:\/\/yoast.com\/wordpress\/plugins\/seo\/ -->\n<title>SIRIUS - Bastards Knives<\/title>\n<meta name=\"robots\" content=\"index, follow, max-snippet:-1, max-image-preview:large, max-video-preview:-1\" \/>\n<link rel=\"canonical\" href=\"https:\/\/bastardsknives.com\/es\/producto\/sirius\/\" \/>\n<meta property=\"og:locale\" content=\"es_ES\" \/>\n<meta property=\"og:type\" content=\"article\" \/>\n<meta property=\"og:title\" content=\"SIRIUS - Bastards Knives\" \/>\n<meta property=\"og:description\" content=\"&nbsp;  &nbsp;\" \/>\n<meta property=\"og:url\" content=\"https:\/\/bastardsknives.com\/es\/producto\/sirius\/\" \/>\n<meta property=\"og:site_name\" content=\"Bastards Knives\" \/>\n<meta property=\"article:modified_time\" content=\"2026-01-15T09:37:57+00:00\" \/>\n<meta property=\"og:image\" content=\"https:\/\/bastardsknives.com\/wp-content\/uploads\/2023\/01\/SIRUIS-1.jpg\" \/>\n\t<meta property=\"og:image:width\" content=\"659\" \/>\n\t<meta property=\"og:image:height\" content=\"526\" \/>\n\t<meta property=\"og:image:type\" content=\"image\/jpeg\" \/>\n<meta name=\"twitter:card\" content=\"summary_large_image\" \/>\n<meta name=\"twitter:label1\" content=\"Tiempo de lectura\" \/>\n\t<meta name=\"twitter:data1\" content=\"2 minutos\" \/>\n<script type=\"application\/ld+json\" class=\"yoast-schema-graph\">{\"@context\":\"https:\/\/schema.org\",\"@graph\":[{\"@type\":\"WebPage\",\"@id\":\"https:\/\/bastardsknives.com\/es\/producto\/sirius\/\",\"url\":\"https:\/\/bastardsknives.com\/es\/producto\/sirius\/\",\"name\":\"SIRIUS - Bastards Knives\",\"isPartOf\":{\"@id\":\"https:\/\/bastardsknives.com\/es\/#website\"},\"primaryImageOfPage\":{\"@id\":\"https:\/\/bastardsknives.com\/es\/producto\/sirius\/#primaryimage\"},\"image\":{\"@id\":\"https:\/\/bastardsknives.com\/es\/producto\/sirius\/#primaryimage\"},\"thumbnailUrl\":\"https:\/\/bastardsknives.com\/wp-content\/uploads\/2023\/01\/SIRUIS-1.jpg\",\"datePublished\":\"2025-05-11T12:00:19+00:00\",\"dateModified\":\"2026-01-15T09:37:57+00:00\",\"breadcrumb\":{\"@id\":\"https:\/\/bastardsknives.com\/es\/producto\/sirius\/#breadcrumb\"},\"inLanguage\":\"es\",\"potentialAction\":[{\"@type\":\"ReadAction\",\"target\":[\"https:\/\/bastardsknives.com\/es\/producto\/sirius\/\"]}]},{\"@type\":\"ImageObject\",\"inLanguage\":\"es\",\"@id\":\"https:\/\/bastardsknives.com\/es\/producto\/sirius\/#primaryimage\",\"url\":\"https:\/\/bastardsknives.com\/wp-content\/uploads\/2023\/01\/SIRUIS-1.jpg\",\"contentUrl\":\"https:\/\/bastardsknives.com\/wp-content\/uploads\/2023\/01\/SIRUIS-1.jpg\",\"width\":659,\"height\":526},{\"@type\":\"BreadcrumbList\",\"@id\":\"https:\/\/bastardsknives.com\/es\/producto\/sirius\/#breadcrumb\",\"itemListElement\":[{\"@type\":\"ListItem\",\"position\":1,\"name\":\"Home\",\"item\":\"https:\/\/bastardsknives.com\/es\/\"},{\"@type\":\"ListItem\",\"position\":2,\"name\":\"Tienda\",\"item\":\"https:\/\/bastardsknives.com\/es\/tienda\/\"},{\"@type\":\"ListItem\",\"position\":3,\"name\":\"SIRIUS\"}]},{\"@type\":\"WebSite\",\"@id\":\"https:\/\/bastardsknives.com\/es\/#website\",\"url\":\"https:\/\/bastardsknives.com\/es\/\",\"name\":\"Bastards Knives\",\"description\":\"Bastards Knives | Viviendo al filo\",\"publisher\":{\"@id\":\"https:\/\/bastardsknives.com\/es\/#organization\"},\"potentialAction\":[{\"@type\":\"SearchAction\",\"target\":{\"@type\":\"EntryPoint\",\"urlTemplate\":\"https:\/\/bastardsknives.com\/es\/?s={search_term_string}\"},\"query-input\":\"required name=search_term_string\"}],\"inLanguage\":\"es\"},{\"@type\":\"Organization\",\"@id\":\"https:\/\/bastardsknives.com\/es\/#organization\",\"name\":\"Bastards Knives\",\"url\":\"https:\/\/bastardsknives.com\/es\/\",\"logo\":{\"@type\":\"ImageObject\",\"inLanguage\":\"es\",\"@id\":\"https:\/\/bastardsknives.com\/es\/#\/schema\/logo\/image\/\",\"url\":\"https:\/\/bastardsknives.com\/wp-content\/uploads\/2022\/07\/Logoprod1.png\",\"contentUrl\":\"https:\/\/bastardsknives.com\/wp-content\/uploads\/2022\/07\/Logoprod1.png\",\"width\":284,\"height\":122,\"caption\":\"Bastards Knives\"},\"image\":{\"@id\":\"https:\/\/bastardsknives.com\/es\/#\/schema\/logo\/image\/\"}}]}<\/script>\n<!-- \/ Yoast SEO plugin. -->","yoast_head_json":{"title":"SIRIUS - Bastards Knives","robots":{"index":"index","follow":"follow","max-snippet":"max-snippet:-1","max-image-preview":"max-image-preview:large","max-video-preview":"max-video-preview:-1"},"canonical":"https:\/\/bastardsknives.com\/es\/producto\/sirius\/","og_locale":"es_ES","og_type":"article","og_title":"SIRIUS - Bastards Knives","og_description":"&nbsp;  &nbsp;","og_url":"https:\/\/bastardsknives.com\/es\/producto\/sirius\/","og_site_name":"Bastards Knives","article_modified_time":"2026-01-15T09:37:57+00:00","og_image":[{"width":659,"height":526,"url":"https:\/\/bastardsknives.com\/wp-content\/uploads\/2023\/01\/SIRUIS-1.jpg","type":"image\/jpeg"}],"twitter_card":"summary_large_image","twitter_misc":{"Tiempo de lectura":"2 minutos"},"schema":{"@context":"https:\/\/schema.org","@graph":[{"@type":"WebPage","@id":"https:\/\/bastardsknives.com\/es\/producto\/sirius\/","url":"https:\/\/bastardsknives.com\/es\/producto\/sirius\/","name":"SIRIUS - Bastards Knives","isPartOf":{"@id":"https:\/\/bastardsknives.com\/es\/#website"},"primaryImageOfPage":{"@id":"https:\/\/bastardsknives.com\/es\/producto\/sirius\/#primaryimage"},"image":{"@id":"https:\/\/bastardsknives.com\/es\/producto\/sirius\/#primaryimage"},"thumbnailUrl":"https:\/\/bastardsknives.com\/wp-content\/uploads\/2023\/01\/SIRUIS-1.jpg","datePublished":"2025-05-11T12:00:19+00:00","dateModified":"2026-01-15T09:37:57+00:00","breadcrumb":{"@id":"https:\/\/bastardsknives.com\/es\/producto\/sirius\/#breadcrumb"},"inLanguage":"es","potentialAction":[{"@type":"ReadAction","target":["https:\/\/bastardsknives.com\/es\/producto\/sirius\/"]}]},{"@type":"ImageObject","inLanguage":"es","@id":"https:\/\/bastardsknives.com\/es\/producto\/sirius\/#primaryimage","url":"https:\/\/bastardsknives.com\/wp-content\/uploads\/2023\/01\/SIRUIS-1.jpg","contentUrl":"https:\/\/bastardsknives.com\/wp-content\/uploads\/2023\/01\/SIRUIS-1.jpg","width":659,"height":526},{"@type":"BreadcrumbList","@id":"https:\/\/bastardsknives.com\/es\/producto\/sirius\/#breadcrumb","itemListElement":[{"@type":"ListItem","position":1,"name":"Home","item":"https:\/\/bastardsknives.com\/es\/"},{"@type":"ListItem","position":2,"name":"Tienda","item":"https:\/\/bastardsknives.com\/es\/tienda\/"},{"@type":"ListItem","position":3,"name":"SIRIUS"}]},{"@type":"WebSite","@id":"https:\/\/bastardsknives.com\/es\/#website","url":"https:\/\/bastardsknives.com\/es\/","name":"Bastards Knives","description":"Bastards Knives | Viviendo al filo","publisher":{"@id":"https:\/\/bastardsknives.com\/es\/#organization"},"potentialAction":[{"@type":"SearchAction","target":{"@type":"EntryPoint","urlTemplate":"https:\/\/bastardsknives.com\/es\/?s={search_term_string}"},"query-input":"required name=search_term_string"}],"inLanguage":"es"},{"@type":"Organization","@id":"https:\/\/bastardsknives.com\/es\/#organization","name":"Bastards Knives","url":"https:\/\/bastardsknives.com\/es\/","logo":{"@type":"ImageObject","inLanguage":"es","@id":"https:\/\/bastardsknives.com\/es\/#\/schema\/logo\/image\/","url":"https:\/\/bastardsknives.com\/wp-content\/uploads\/2022\/07\/Logoprod1.png","contentUrl":"https:\/\/bastardsknives.com\/wp-content\/uploads\/2022\/07\/Logoprod1.png","width":284,"height":122,"caption":"Bastards Knives"},"image":{"@id":"https:\/\/bastardsknives.com\/es\/#\/schema\/logo\/image\/"}}]}},"_links":{"self":[{"href":"https:\/\/bastardsknives.com\/es\/wp-json\/wp\/v2\/product\/1529","targetHints":{"allow":["GET"]}}],"collection":[{"href":"https:\/\/bastardsknives.com\/es\/wp-json\/wp\/v2\/product"}],"about":[{"href":"https:\/\/bastardsknives.com\/es\/wp-json\/wp\/v2\/types\/product"}],"wp:featuredmedia":[{"embeddable":true,"href":"https:\/\/bastardsknives.com\/es\/wp-json\/wp\/v2\/media\/1536"}],"wp:attachment":[{"href":"https:\/\/bastardsknives.com\/es\/wp-json\/wp\/v2\/media?parent=1529"}],"wp:term":[{"taxonomy":"product_brand","embeddable":true,"href":"https:\/\/bastardsknives.com\/es\/wp-json\/wp\/v2\/product_brand?post=1529"},{"taxonomy":"product_cat","embeddable":true,"href":"https:\/\/bastardsknives.com\/es\/wp-json\/wp\/v2\/product_cat?post=1529"},{"taxonomy":"product_tag","embeddable":true,"href":"https:\/\/bastardsknives.com\/es\/wp-json\/wp\/v2\/product_tag?post=1529"}],"curies":[{"name":"wp","href":"https:\/\/api.w.org\/{rel}","templated":true}]}}