{"id":1741,"date":"2025-05-01T14:00:56","date_gmt":"2025-05-01T14:00:56","guid":{"rendered":"https:\/\/bastardsknives.com\/?post_type=product&#038;p=1741"},"modified":"2025-05-11T20:12:09","modified_gmt":"2025-05-11T20:12:09","slug":"baal","status":"publish","type":"product","link":"https:\/\/bastardsknives.com\/es\/producto\/baal\/","title":{"rendered":"BAAL"},"content":{"rendered":"<p><strong>BAAL &#8211; La bestia con estilo<\/strong><\/p>\n<p>\u00bfQuiere una navaja que no s\u00f3lo funcione, sino que adem\u00e1s destaque? Entonces saluda a BAAL, el monstruo del dise\u00f1o sin concesiones de Andy Goltz (Apeiron Bladeworks). Esta pieza va en serio, desde la punta hasta el clip.<\/p>\n<p><strong>Hoja con car\u00e1cter<\/strong><br \/>\nLa hoja de estilo persa de 9,5 cm de longitud pide literalmente acci\u00f3n a gritos. Fabricada en acero N690, corta todo a su paso tan suave como la mantequilla. \u00bfLa curva agresiva? No es s\u00f3lo una declaraci\u00f3n visual, sino tambi\u00e9n un acierto funcional. Gracias a los rodamientos cer\u00e1micos, la hoja sale volando de la empu\u00f1adura &#8211; un peque\u00f1o movimiento al Flipper es todo lo que se necesita.<\/p>\n<p><strong>Lista para agarrar con estilo<\/strong><br \/>\nParte delantera: Noble FatCarbon &#8211; ligero, resistente, con ese t\u00edpico grano salvaje. Por detr\u00e1s: Titanio puro. Una mezcla de materiales que destaca, tanto visual como t\u00e9cnicamente. \u00bfY como extra? El clip curvado en posici\u00f3n de punta. No s\u00f3lo es un extra de estilo, sino que tambi\u00e9n es seguro y est\u00e1 siempre listo.<\/p>\n<p><strong>\u00bfSeguridad? Comprobada.<\/strong><br \/>\nUn Frame Lock mantiene la hoja en su posici\u00f3n, sin holguras ni dudas. Cuando est\u00e1 desplegada, la BAAL mide 21,5 cm y no hace las cosas a medias.<\/p>\n<p><strong>Conclusi\u00f3n:<\/strong><br \/>\nLa BAAL no es una navaja para todo el mundo. Es una declaraci\u00f3n. Una herramienta para todos aquellos que quieren m\u00e1s: m\u00e1s dise\u00f1o, m\u00e1s precisi\u00f3n, m\u00e1s presencia. \u00bfListo para el siguiente nivel?<\/p>\n<p>&nbsp;<\/p>\n<p>&nbsp;<\/p>\n","protected":false},"excerpt":{"rendered":"<p>BAAL &#8211; La bestia con estilo \u00bfQuiere una navaja que no s\u00f3lo funcione, sino que adem\u00e1s destaque? Entonces saluda a BAAL, el monstruo del dise\u00f1o sin concesiones de Andy Goltz (Apeiron Bladeworks). Esta pieza va en serio, desde la punta hasta el clip. Hoja con car\u00e1cter La hoja de estilo persa de 9,5 cm de&#8230;<\/p>\n","protected":false},"featured_media":2143,"template":"","meta":[],"product_brand":[],"product_cat":[34,18,760,762],"product_tag":[],"class_list":{"0":"post-1741","1":"product","2":"type-product","3":"status-publish","4":"has-post-thumbnail","6":"product_cat-apeiron-bladeworks","7":"product_cat-bastards-knives","8":"product_cat-cuchillos-y-navajas","9":"product_cat-inoxidable","11":"first","12":"instock","13":"taxable","14":"shipping-taxable","15":"purchasable","16":"product-type-simple"},"acf":[],"yoast_head":"<!-- This site is optimized with the Yoast SEO plugin v23.1 - https:\/\/yoast.com\/wordpress\/plugins\/seo\/ -->\n<title>BAAL - Bastards Knives<\/title>\n<meta name=\"robots\" content=\"index, follow, max-snippet:-1, max-image-preview:large, max-video-preview:-1\" \/>\n<link rel=\"canonical\" href=\"https:\/\/bastardsknives.com\/es\/producto\/baal\/\" \/>\n<meta property=\"og:locale\" content=\"es_ES\" \/>\n<meta property=\"og:type\" content=\"article\" \/>\n<meta property=\"og:title\" content=\"BAAL - Bastards Knives\" \/>\n<meta property=\"og:description\" content=\"BAAL &#8211; La bestia con estilo \u00bfQuiere una navaja que no s\u00f3lo funcione, sino que adem\u00e1s destaque? Entonces saluda a BAAL, el monstruo del dise\u00f1o sin concesiones de Andy Goltz (Apeiron Bladeworks). Esta pieza va en serio, desde la punta hasta el clip. Hoja con car\u00e1cter La hoja de estilo persa de 9,5 cm de...\" \/>\n<meta property=\"og:url\" content=\"https:\/\/bastardsknives.com\/es\/producto\/baal\/\" \/>\n<meta property=\"og:site_name\" content=\"Bastards Knives\" \/>\n<meta property=\"article:modified_time\" content=\"2025-05-11T20:12:09+00:00\" \/>\n<meta property=\"og:image\" content=\"https:\/\/bastardsknives.com\/wp-content\/uploads\/2023\/10\/bastards-knives-baal-9.jpeg\" \/>\n\t<meta property=\"og:image:width\" content=\"2000\" \/>\n\t<meta property=\"og:image:height\" content=\"1500\" \/>\n\t<meta property=\"og:image:type\" content=\"image\/jpeg\" \/>\n<meta name=\"twitter:card\" content=\"summary_large_image\" \/>\n<meta name=\"twitter:label1\" content=\"Tiempo de lectura\" \/>\n\t<meta name=\"twitter:data1\" content=\"2 minutos\" \/>\n<script type=\"application\/ld+json\" class=\"yoast-schema-graph\">{\"@context\":\"https:\/\/schema.org\",\"@graph\":[{\"@type\":\"WebPage\",\"@id\":\"https:\/\/bastardsknives.com\/es\/producto\/baal\/\",\"url\":\"https:\/\/bastardsknives.com\/es\/producto\/baal\/\",\"name\":\"BAAL - Bastards Knives\",\"isPartOf\":{\"@id\":\"https:\/\/bastardsknives.com\/es\/#website\"},\"primaryImageOfPage\":{\"@id\":\"https:\/\/bastardsknives.com\/es\/producto\/baal\/#primaryimage\"},\"image\":{\"@id\":\"https:\/\/bastardsknives.com\/es\/producto\/baal\/#primaryimage\"},\"thumbnailUrl\":\"https:\/\/bastardsknives.com\/wp-content\/uploads\/2023\/10\/bastards-knives-baal-9.jpeg\",\"datePublished\":\"2025-05-01T14:00:56+00:00\",\"dateModified\":\"2025-05-11T20:12:09+00:00\",\"breadcrumb\":{\"@id\":\"https:\/\/bastardsknives.com\/es\/producto\/baal\/#breadcrumb\"},\"inLanguage\":\"es\",\"potentialAction\":[{\"@type\":\"ReadAction\",\"target\":[\"https:\/\/bastardsknives.com\/es\/producto\/baal\/\"]}]},{\"@type\":\"ImageObject\",\"inLanguage\":\"es\",\"@id\":\"https:\/\/bastardsknives.com\/es\/producto\/baal\/#primaryimage\",\"url\":\"https:\/\/bastardsknives.com\/wp-content\/uploads\/2023\/10\/bastards-knives-baal-9.jpeg\",\"contentUrl\":\"https:\/\/bastardsknives.com\/wp-content\/uploads\/2023\/10\/bastards-knives-baal-9.jpeg\",\"width\":2000,\"height\":1500},{\"@type\":\"BreadcrumbList\",\"@id\":\"https:\/\/bastardsknives.com\/es\/producto\/baal\/#breadcrumb\",\"itemListElement\":[{\"@type\":\"ListItem\",\"position\":1,\"name\":\"Home\",\"item\":\"https:\/\/bastardsknives.com\/es\/\"},{\"@type\":\"ListItem\",\"position\":2,\"name\":\"Tienda\",\"item\":\"https:\/\/bastardsknives.com\/es\/tienda\/\"},{\"@type\":\"ListItem\",\"position\":3,\"name\":\"BAAL\"}]},{\"@type\":\"WebSite\",\"@id\":\"https:\/\/bastardsknives.com\/es\/#website\",\"url\":\"https:\/\/bastardsknives.com\/es\/\",\"name\":\"Bastards Knives\",\"description\":\"Bastards Knives | Viviendo al filo\",\"publisher\":{\"@id\":\"https:\/\/bastardsknives.com\/es\/#organization\"},\"potentialAction\":[{\"@type\":\"SearchAction\",\"target\":{\"@type\":\"EntryPoint\",\"urlTemplate\":\"https:\/\/bastardsknives.com\/es\/?s={search_term_string}\"},\"query-input\":\"required name=search_term_string\"}],\"inLanguage\":\"es\"},{\"@type\":\"Organization\",\"@id\":\"https:\/\/bastardsknives.com\/es\/#organization\",\"name\":\"Bastards Knives\",\"url\":\"https:\/\/bastardsknives.com\/es\/\",\"logo\":{\"@type\":\"ImageObject\",\"inLanguage\":\"es\",\"@id\":\"https:\/\/bastardsknives.com\/es\/#\/schema\/logo\/image\/\",\"url\":\"https:\/\/bastardsknives.com\/wp-content\/uploads\/2022\/07\/Logoprod1.png\",\"contentUrl\":\"https:\/\/bastardsknives.com\/wp-content\/uploads\/2022\/07\/Logoprod1.png\",\"width\":284,\"height\":122,\"caption\":\"Bastards Knives\"},\"image\":{\"@id\":\"https:\/\/bastardsknives.com\/es\/#\/schema\/logo\/image\/\"}}]}<\/script>\n<!-- \/ Yoast SEO plugin. -->","yoast_head_json":{"title":"BAAL - Bastards Knives","robots":{"index":"index","follow":"follow","max-snippet":"max-snippet:-1","max-image-preview":"max-image-preview:large","max-video-preview":"max-video-preview:-1"},"canonical":"https:\/\/bastardsknives.com\/es\/producto\/baal\/","og_locale":"es_ES","og_type":"article","og_title":"BAAL - Bastards Knives","og_description":"BAAL &#8211; La bestia con estilo \u00bfQuiere una navaja que no s\u00f3lo funcione, sino que adem\u00e1s destaque? Entonces saluda a BAAL, el monstruo del dise\u00f1o sin concesiones de Andy Goltz (Apeiron Bladeworks). Esta pieza va en serio, desde la punta hasta el clip. Hoja con car\u00e1cter La hoja de estilo persa de 9,5 cm de...","og_url":"https:\/\/bastardsknives.com\/es\/producto\/baal\/","og_site_name":"Bastards Knives","article_modified_time":"2025-05-11T20:12:09+00:00","og_image":[{"width":2000,"height":1500,"url":"https:\/\/bastardsknives.com\/wp-content\/uploads\/2023\/10\/bastards-knives-baal-9.jpeg","type":"image\/jpeg"}],"twitter_card":"summary_large_image","twitter_misc":{"Tiempo de lectura":"2 minutos"},"schema":{"@context":"https:\/\/schema.org","@graph":[{"@type":"WebPage","@id":"https:\/\/bastardsknives.com\/es\/producto\/baal\/","url":"https:\/\/bastardsknives.com\/es\/producto\/baal\/","name":"BAAL - Bastards Knives","isPartOf":{"@id":"https:\/\/bastardsknives.com\/es\/#website"},"primaryImageOfPage":{"@id":"https:\/\/bastardsknives.com\/es\/producto\/baal\/#primaryimage"},"image":{"@id":"https:\/\/bastardsknives.com\/es\/producto\/baal\/#primaryimage"},"thumbnailUrl":"https:\/\/bastardsknives.com\/wp-content\/uploads\/2023\/10\/bastards-knives-baal-9.jpeg","datePublished":"2025-05-01T14:00:56+00:00","dateModified":"2025-05-11T20:12:09+00:00","breadcrumb":{"@id":"https:\/\/bastardsknives.com\/es\/producto\/baal\/#breadcrumb"},"inLanguage":"es","potentialAction":[{"@type":"ReadAction","target":["https:\/\/bastardsknives.com\/es\/producto\/baal\/"]}]},{"@type":"ImageObject","inLanguage":"es","@id":"https:\/\/bastardsknives.com\/es\/producto\/baal\/#primaryimage","url":"https:\/\/bastardsknives.com\/wp-content\/uploads\/2023\/10\/bastards-knives-baal-9.jpeg","contentUrl":"https:\/\/bastardsknives.com\/wp-content\/uploads\/2023\/10\/bastards-knives-baal-9.jpeg","width":2000,"height":1500},{"@type":"BreadcrumbList","@id":"https:\/\/bastardsknives.com\/es\/producto\/baal\/#breadcrumb","itemListElement":[{"@type":"ListItem","position":1,"name":"Home","item":"https:\/\/bastardsknives.com\/es\/"},{"@type":"ListItem","position":2,"name":"Tienda","item":"https:\/\/bastardsknives.com\/es\/tienda\/"},{"@type":"ListItem","position":3,"name":"BAAL"}]},{"@type":"WebSite","@id":"https:\/\/bastardsknives.com\/es\/#website","url":"https:\/\/bastardsknives.com\/es\/","name":"Bastards Knives","description":"Bastards Knives | Viviendo al filo","publisher":{"@id":"https:\/\/bastardsknives.com\/es\/#organization"},"potentialAction":[{"@type":"SearchAction","target":{"@type":"EntryPoint","urlTemplate":"https:\/\/bastardsknives.com\/es\/?s={search_term_string}"},"query-input":"required name=search_term_string"}],"inLanguage":"es"},{"@type":"Organization","@id":"https:\/\/bastardsknives.com\/es\/#organization","name":"Bastards Knives","url":"https:\/\/bastardsknives.com\/es\/","logo":{"@type":"ImageObject","inLanguage":"es","@id":"https:\/\/bastardsknives.com\/es\/#\/schema\/logo\/image\/","url":"https:\/\/bastardsknives.com\/wp-content\/uploads\/2022\/07\/Logoprod1.png","contentUrl":"https:\/\/bastardsknives.com\/wp-content\/uploads\/2022\/07\/Logoprod1.png","width":284,"height":122,"caption":"Bastards Knives"},"image":{"@id":"https:\/\/bastardsknives.com\/es\/#\/schema\/logo\/image\/"}}]}},"_links":{"self":[{"href":"https:\/\/bastardsknives.com\/es\/wp-json\/wp\/v2\/product\/1741","targetHints":{"allow":["GET"]}}],"collection":[{"href":"https:\/\/bastardsknives.com\/es\/wp-json\/wp\/v2\/product"}],"about":[{"href":"https:\/\/bastardsknives.com\/es\/wp-json\/wp\/v2\/types\/product"}],"wp:featuredmedia":[{"embeddable":true,"href":"https:\/\/bastardsknives.com\/es\/wp-json\/wp\/v2\/media\/2143"}],"wp:attachment":[{"href":"https:\/\/bastardsknives.com\/es\/wp-json\/wp\/v2\/media?parent=1741"}],"wp:term":[{"taxonomy":"product_brand","embeddable":true,"href":"https:\/\/bastardsknives.com\/es\/wp-json\/wp\/v2\/product_brand?post=1741"},{"taxonomy":"product_cat","embeddable":true,"href":"https:\/\/bastardsknives.com\/es\/wp-json\/wp\/v2\/product_cat?post=1741"},{"taxonomy":"product_tag","embeddable":true,"href":"https:\/\/bastardsknives.com\/es\/wp-json\/wp\/v2\/product_tag?post=1741"}],"curies":[{"name":"wp","href":"https:\/\/api.w.org\/{rel}","templated":true}]}}