{"id":3578,"date":"2024-05-14T11:34:15","date_gmt":"2024-05-14T11:34:15","guid":{"rendered":"https:\/\/bastardsknives.com\/?post_type=product&#038;p=3578"},"modified":"2024-08-20T12:28:48","modified_gmt":"2024-08-20T12:28:48","slug":"damasco-salvaje-austenit-barras-de-damasco","status":"publish","type":"product","link":"https:\/\/bastardsknives.com\/es\/producto\/damasco-salvaje-austenit-barras-de-damasco\/","title":{"rendered":"Damasco salvaje (austenita)"},"content":{"rendered":"<p>El Damasco salvaje (austenit) son unas barras de damasco inoxidables DSC\u00ae con un distintivo dise\u00f1o de Damasco salvaje. Las soldaduras de capa SuperClean garantizan una uni\u00f3n impecable entre las capas. La calidad inoxidable proporciona resistencia a la corrosi\u00f3n y durabilidad, mientras que el grano muy fino agrega una elegancia visual y una textura suave al toque. Gracias a un proceso de producci\u00f3n fiable, cada barra es consistente en calidad y rendimiento. Su versatilidad lo hace ideal para una amplia gama de aplicaciones, desde cuchiller\u00eda hasta decoraci\u00f3n. El precio se calcula por cent\u00edmetro, ofreciendo flexibilidad para proyectos de cualquier tama\u00f1o.<\/p>\n","protected":false},"excerpt":{"rendered":"<p>Barras de Damasco: calidad inoxidable con dise\u00f1o distintivo y soldaduras SuperClean. Ideal para diversas aplicaciones. Precio por cm.<\/p>\n","protected":false},"featured_media":3579,"template":"","meta":[],"product_brand":[],"product_cat":[234],"product_tag":[],"class_list":{"0":"post-3578","1":"product","2":"type-product","3":"status-publish","4":"has-post-thumbnail","6":"product_cat-balbachdamast","8":"first","9":"instock","10":"taxable","11":"shipping-taxable","12":"purchasable","13":"product-type-variable"},"acf":[],"yoast_head":"<!-- This site is optimized with the Yoast SEO plugin v23.1 - https:\/\/yoast.com\/wordpress\/plugins\/seo\/ -->\n<title>Damasco salvaje (austenita) - Bastards Knives<\/title>\n<meta name=\"robots\" content=\"index, follow, max-snippet:-1, max-image-preview:large, max-video-preview:-1\" \/>\n<link rel=\"canonical\" href=\"https:\/\/bastardsknives.com\/es\/producto\/damasco-salvaje-austenit-barras-de-damasco\/\" \/>\n<meta property=\"og:locale\" content=\"es_ES\" \/>\n<meta property=\"og:type\" content=\"article\" \/>\n<meta property=\"og:title\" content=\"Damasco salvaje (austenita) - Bastards Knives\" \/>\n<meta property=\"og:description\" content=\"Barras de Damasco: calidad inoxidable con dise\u00f1o distintivo y soldaduras SuperClean. Ideal para diversas aplicaciones. Precio por cm.\" \/>\n<meta property=\"og:url\" content=\"https:\/\/bastardsknives.com\/es\/producto\/damasco-salvaje-austenit-barras-de-damasco\/\" \/>\n<meta property=\"og:site_name\" content=\"Bastards Knives\" \/>\n<meta property=\"article:modified_time\" content=\"2024-08-20T12:28:48+00:00\" \/>\n<meta property=\"og:image\" content=\"https:\/\/bastardsknives.com\/wp-content\/uploads\/2024\/04\/wild-damascus-austenit-1.jpg\" \/>\n\t<meta property=\"og:image:width\" content=\"800\" \/>\n\t<meta property=\"og:image:height\" content=\"800\" \/>\n\t<meta property=\"og:image:type\" content=\"image\/jpeg\" \/>\n<meta name=\"twitter:card\" content=\"summary_large_image\" \/>\n<meta name=\"twitter:label1\" content=\"Tiempo de lectura\" \/>\n\t<meta name=\"twitter:data1\" content=\"1 minuto\" \/>\n<script type=\"application\/ld+json\" class=\"yoast-schema-graph\">{\"@context\":\"https:\/\/schema.org\",\"@graph\":[{\"@type\":\"WebPage\",\"@id\":\"https:\/\/bastardsknives.com\/es\/producto\/damasco-salvaje-austenit-barras-de-damasco\/\",\"url\":\"https:\/\/bastardsknives.com\/es\/producto\/damasco-salvaje-austenit-barras-de-damasco\/\",\"name\":\"Damasco salvaje (austenita) - Bastards Knives\",\"isPartOf\":{\"@id\":\"https:\/\/bastardsknives.com\/es\/#website\"},\"primaryImageOfPage\":{\"@id\":\"https:\/\/bastardsknives.com\/es\/producto\/damasco-salvaje-austenit-barras-de-damasco\/#primaryimage\"},\"image\":{\"@id\":\"https:\/\/bastardsknives.com\/es\/producto\/damasco-salvaje-austenit-barras-de-damasco\/#primaryimage\"},\"thumbnailUrl\":\"https:\/\/bastardsknives.com\/wp-content\/uploads\/2024\/04\/wild-damascus-austenit-1.jpg\",\"datePublished\":\"2024-05-14T11:34:15+00:00\",\"dateModified\":\"2024-08-20T12:28:48+00:00\",\"breadcrumb\":{\"@id\":\"https:\/\/bastardsknives.com\/es\/producto\/damasco-salvaje-austenit-barras-de-damasco\/#breadcrumb\"},\"inLanguage\":\"es\",\"potentialAction\":[{\"@type\":\"ReadAction\",\"target\":[\"https:\/\/bastardsknives.com\/es\/producto\/damasco-salvaje-austenit-barras-de-damasco\/\"]}]},{\"@type\":\"ImageObject\",\"inLanguage\":\"es\",\"@id\":\"https:\/\/bastardsknives.com\/es\/producto\/damasco-salvaje-austenit-barras-de-damasco\/#primaryimage\",\"url\":\"https:\/\/bastardsknives.com\/wp-content\/uploads\/2024\/04\/wild-damascus-austenit-1.jpg\",\"contentUrl\":\"https:\/\/bastardsknives.com\/wp-content\/uploads\/2024\/04\/wild-damascus-austenit-1.jpg\",\"width\":800,\"height\":800},{\"@type\":\"BreadcrumbList\",\"@id\":\"https:\/\/bastardsknives.com\/es\/producto\/damasco-salvaje-austenit-barras-de-damasco\/#breadcrumb\",\"itemListElement\":[{\"@type\":\"ListItem\",\"position\":1,\"name\":\"Home\",\"item\":\"https:\/\/bastardsknives.com\/es\/\"},{\"@type\":\"ListItem\",\"position\":2,\"name\":\"Tienda\",\"item\":\"https:\/\/bastardsknives.com\/es\/tienda\/\"},{\"@type\":\"ListItem\",\"position\":3,\"name\":\"Damasco salvaje (austenita)\"}]},{\"@type\":\"WebSite\",\"@id\":\"https:\/\/bastardsknives.com\/es\/#website\",\"url\":\"https:\/\/bastardsknives.com\/es\/\",\"name\":\"Bastards Knives\",\"description\":\"Bastards Knives | Viviendo al filo\",\"publisher\":{\"@id\":\"https:\/\/bastardsknives.com\/es\/#organization\"},\"potentialAction\":[{\"@type\":\"SearchAction\",\"target\":{\"@type\":\"EntryPoint\",\"urlTemplate\":\"https:\/\/bastardsknives.com\/es\/?s={search_term_string}\"},\"query-input\":\"required name=search_term_string\"}],\"inLanguage\":\"es\"},{\"@type\":\"Organization\",\"@id\":\"https:\/\/bastardsknives.com\/es\/#organization\",\"name\":\"Bastards Knives\",\"url\":\"https:\/\/bastardsknives.com\/es\/\",\"logo\":{\"@type\":\"ImageObject\",\"inLanguage\":\"es\",\"@id\":\"https:\/\/bastardsknives.com\/es\/#\/schema\/logo\/image\/\",\"url\":\"https:\/\/bastardsknives.com\/wp-content\/uploads\/2022\/07\/Logoprod1.png\",\"contentUrl\":\"https:\/\/bastardsknives.com\/wp-content\/uploads\/2022\/07\/Logoprod1.png\",\"width\":284,\"height\":122,\"caption\":\"Bastards Knives\"},\"image\":{\"@id\":\"https:\/\/bastardsknives.com\/es\/#\/schema\/logo\/image\/\"}}]}<\/script>\n<!-- \/ Yoast SEO plugin. -->","yoast_head_json":{"title":"Damasco salvaje (austenita) - Bastards Knives","robots":{"index":"index","follow":"follow","max-snippet":"max-snippet:-1","max-image-preview":"max-image-preview:large","max-video-preview":"max-video-preview:-1"},"canonical":"https:\/\/bastardsknives.com\/es\/producto\/damasco-salvaje-austenit-barras-de-damasco\/","og_locale":"es_ES","og_type":"article","og_title":"Damasco salvaje (austenita) - Bastards Knives","og_description":"Barras de Damasco: calidad inoxidable con dise\u00f1o distintivo y soldaduras SuperClean. Ideal para diversas aplicaciones. Precio por cm.","og_url":"https:\/\/bastardsknives.com\/es\/producto\/damasco-salvaje-austenit-barras-de-damasco\/","og_site_name":"Bastards Knives","article_modified_time":"2024-08-20T12:28:48+00:00","og_image":[{"width":800,"height":800,"url":"https:\/\/bastardsknives.com\/wp-content\/uploads\/2024\/04\/wild-damascus-austenit-1.jpg","type":"image\/jpeg"}],"twitter_card":"summary_large_image","twitter_misc":{"Tiempo de lectura":"1 minuto"},"schema":{"@context":"https:\/\/schema.org","@graph":[{"@type":"WebPage","@id":"https:\/\/bastardsknives.com\/es\/producto\/damasco-salvaje-austenit-barras-de-damasco\/","url":"https:\/\/bastardsknives.com\/es\/producto\/damasco-salvaje-austenit-barras-de-damasco\/","name":"Damasco salvaje (austenita) - Bastards Knives","isPartOf":{"@id":"https:\/\/bastardsknives.com\/es\/#website"},"primaryImageOfPage":{"@id":"https:\/\/bastardsknives.com\/es\/producto\/damasco-salvaje-austenit-barras-de-damasco\/#primaryimage"},"image":{"@id":"https:\/\/bastardsknives.com\/es\/producto\/damasco-salvaje-austenit-barras-de-damasco\/#primaryimage"},"thumbnailUrl":"https:\/\/bastardsknives.com\/wp-content\/uploads\/2024\/04\/wild-damascus-austenit-1.jpg","datePublished":"2024-05-14T11:34:15+00:00","dateModified":"2024-08-20T12:28:48+00:00","breadcrumb":{"@id":"https:\/\/bastardsknives.com\/es\/producto\/damasco-salvaje-austenit-barras-de-damasco\/#breadcrumb"},"inLanguage":"es","potentialAction":[{"@type":"ReadAction","target":["https:\/\/bastardsknives.com\/es\/producto\/damasco-salvaje-austenit-barras-de-damasco\/"]}]},{"@type":"ImageObject","inLanguage":"es","@id":"https:\/\/bastardsknives.com\/es\/producto\/damasco-salvaje-austenit-barras-de-damasco\/#primaryimage","url":"https:\/\/bastardsknives.com\/wp-content\/uploads\/2024\/04\/wild-damascus-austenit-1.jpg","contentUrl":"https:\/\/bastardsknives.com\/wp-content\/uploads\/2024\/04\/wild-damascus-austenit-1.jpg","width":800,"height":800},{"@type":"BreadcrumbList","@id":"https:\/\/bastardsknives.com\/es\/producto\/damasco-salvaje-austenit-barras-de-damasco\/#breadcrumb","itemListElement":[{"@type":"ListItem","position":1,"name":"Home","item":"https:\/\/bastardsknives.com\/es\/"},{"@type":"ListItem","position":2,"name":"Tienda","item":"https:\/\/bastardsknives.com\/es\/tienda\/"},{"@type":"ListItem","position":3,"name":"Damasco salvaje (austenita)"}]},{"@type":"WebSite","@id":"https:\/\/bastardsknives.com\/es\/#website","url":"https:\/\/bastardsknives.com\/es\/","name":"Bastards Knives","description":"Bastards Knives | Viviendo al filo","publisher":{"@id":"https:\/\/bastardsknives.com\/es\/#organization"},"potentialAction":[{"@type":"SearchAction","target":{"@type":"EntryPoint","urlTemplate":"https:\/\/bastardsknives.com\/es\/?s={search_term_string}"},"query-input":"required name=search_term_string"}],"inLanguage":"es"},{"@type":"Organization","@id":"https:\/\/bastardsknives.com\/es\/#organization","name":"Bastards Knives","url":"https:\/\/bastardsknives.com\/es\/","logo":{"@type":"ImageObject","inLanguage":"es","@id":"https:\/\/bastardsknives.com\/es\/#\/schema\/logo\/image\/","url":"https:\/\/bastardsknives.com\/wp-content\/uploads\/2022\/07\/Logoprod1.png","contentUrl":"https:\/\/bastardsknives.com\/wp-content\/uploads\/2022\/07\/Logoprod1.png","width":284,"height":122,"caption":"Bastards Knives"},"image":{"@id":"https:\/\/bastardsknives.com\/es\/#\/schema\/logo\/image\/"}}]}},"_links":{"self":[{"href":"https:\/\/bastardsknives.com\/es\/wp-json\/wp\/v2\/product\/3578","targetHints":{"allow":["GET"]}}],"collection":[{"href":"https:\/\/bastardsknives.com\/es\/wp-json\/wp\/v2\/product"}],"about":[{"href":"https:\/\/bastardsknives.com\/es\/wp-json\/wp\/v2\/types\/product"}],"wp:featuredmedia":[{"embeddable":true,"href":"https:\/\/bastardsknives.com\/es\/wp-json\/wp\/v2\/media\/3579"}],"wp:attachment":[{"href":"https:\/\/bastardsknives.com\/es\/wp-json\/wp\/v2\/media?parent=3578"}],"wp:term":[{"taxonomy":"product_brand","embeddable":true,"href":"https:\/\/bastardsknives.com\/es\/wp-json\/wp\/v2\/product_brand?post=3578"},{"taxonomy":"product_cat","embeddable":true,"href":"https:\/\/bastardsknives.com\/es\/wp-json\/wp\/v2\/product_cat?post=3578"},{"taxonomy":"product_tag","embeddable":true,"href":"https:\/\/bastardsknives.com\/es\/wp-json\/wp\/v2\/product_tag?post=3578"}],"curies":[{"name":"wp","href":"https:\/\/api.w.org\/{rel}","templated":true}]}}