{"id":3602,"date":"2024-05-14T11:09:41","date_gmt":"2024-05-14T11:09:41","guid":{"rendered":"https:\/\/bastardsknives.com\/?post_type=product&#038;p=3602"},"modified":"2024-08-20T12:32:12","modified_gmt":"2024-08-20T12:32:12","slug":"damasco-salvaje-en-blanco-g3-cuchillas-en-bruto","status":"publish","type":"product","link":"https:\/\/bastardsknives.com\/es\/producto\/damasco-salvaje-en-blanco-g3-cuchillas-en-bruto\/","title":{"rendered":"Damasco salvaje en bruto (G3)"},"content":{"rendered":"<p>Las Cuchillas en Bruto de Damasco Salvaje (G3) son piezas de acero damasco no inoxidable con dimensiones de 24&#215;3,6&#215;95 mm, m\u00e1s mango. Compuestas por G3-Damascus con 320 capas, estas cuchillas se fabrican tradicionalmente a mano mediante un proceso de soldadura compuesta. Forjadas a partir de acero del ca\u00f1\u00f3n G3 y acero para rodamientos o herramientas, ofrecen una calidad excepcional y una est\u00e9tica \u00fanica. Su precio se determina por pieza.<\/p>\n","protected":false},"excerpt":{"rendered":"<p>Cuchillas en bruto de Damasco salvaje (G3): Acero damasco no inoxidable con 320 capas, forjado a mano. Ideal para diversos proyectos. Precio por pieza.<\/p>\n","protected":false},"featured_media":3603,"template":"","meta":[],"product_brand":[],"product_cat":[234],"product_tag":[],"class_list":{"0":"post-3602","1":"product","2":"type-product","3":"status-publish","4":"has-post-thumbnail","6":"product_cat-balbachdamast","8":"first","9":"instock","10":"taxable","11":"shipping-taxable","12":"purchasable","13":"product-type-simple"},"acf":[],"yoast_head":"<!-- This site is optimized with the Yoast SEO plugin v23.1 - https:\/\/yoast.com\/wordpress\/plugins\/seo\/ -->\n<title>Damasco salvaje en bruto (G3) - Bastards Knives<\/title>\n<meta name=\"robots\" content=\"index, follow, max-snippet:-1, max-image-preview:large, max-video-preview:-1\" \/>\n<link rel=\"canonical\" href=\"https:\/\/bastardsknives.com\/es\/producto\/damasco-salvaje-en-blanco-g3-cuchillas-en-bruto\/\" \/>\n<meta property=\"og:locale\" content=\"es_ES\" \/>\n<meta property=\"og:type\" content=\"article\" \/>\n<meta property=\"og:title\" content=\"Damasco salvaje en bruto (G3) - Bastards Knives\" \/>\n<meta property=\"og:description\" content=\"Cuchillas en bruto de Damasco salvaje (G3): Acero damasco no inoxidable con 320 capas, forjado a mano. Ideal para diversos proyectos. Precio por pieza.\" \/>\n<meta property=\"og:url\" content=\"https:\/\/bastardsknives.com\/es\/producto\/damasco-salvaje-en-blanco-g3-cuchillas-en-bruto\/\" \/>\n<meta property=\"og:site_name\" content=\"Bastards Knives\" \/>\n<meta property=\"article:modified_time\" content=\"2024-08-20T12:32:12+00:00\" \/>\n<meta property=\"og:image\" content=\"https:\/\/bastardsknives.com\/wp-content\/uploads\/2024\/04\/blank-wild-damascus-g3.jpg\" \/>\n\t<meta property=\"og:image:width\" content=\"800\" \/>\n\t<meta property=\"og:image:height\" content=\"800\" \/>\n\t<meta property=\"og:image:type\" content=\"image\/jpeg\" \/>\n<meta name=\"twitter:card\" content=\"summary_large_image\" \/>\n<script type=\"application\/ld+json\" class=\"yoast-schema-graph\">{\"@context\":\"https:\/\/schema.org\",\"@graph\":[{\"@type\":\"WebPage\",\"@id\":\"https:\/\/bastardsknives.com\/es\/producto\/damasco-salvaje-en-blanco-g3-cuchillas-en-bruto\/\",\"url\":\"https:\/\/bastardsknives.com\/es\/producto\/damasco-salvaje-en-blanco-g3-cuchillas-en-bruto\/\",\"name\":\"Damasco salvaje en bruto (G3) - Bastards Knives\",\"isPartOf\":{\"@id\":\"https:\/\/bastardsknives.com\/es\/#website\"},\"primaryImageOfPage\":{\"@id\":\"https:\/\/bastardsknives.com\/es\/producto\/damasco-salvaje-en-blanco-g3-cuchillas-en-bruto\/#primaryimage\"},\"image\":{\"@id\":\"https:\/\/bastardsknives.com\/es\/producto\/damasco-salvaje-en-blanco-g3-cuchillas-en-bruto\/#primaryimage\"},\"thumbnailUrl\":\"https:\/\/bastardsknives.com\/wp-content\/uploads\/2024\/04\/blank-wild-damascus-g3.jpg\",\"datePublished\":\"2024-05-14T11:09:41+00:00\",\"dateModified\":\"2024-08-20T12:32:12+00:00\",\"breadcrumb\":{\"@id\":\"https:\/\/bastardsknives.com\/es\/producto\/damasco-salvaje-en-blanco-g3-cuchillas-en-bruto\/#breadcrumb\"},\"inLanguage\":\"es\",\"potentialAction\":[{\"@type\":\"ReadAction\",\"target\":[\"https:\/\/bastardsknives.com\/es\/producto\/damasco-salvaje-en-blanco-g3-cuchillas-en-bruto\/\"]}]},{\"@type\":\"ImageObject\",\"inLanguage\":\"es\",\"@id\":\"https:\/\/bastardsknives.com\/es\/producto\/damasco-salvaje-en-blanco-g3-cuchillas-en-bruto\/#primaryimage\",\"url\":\"https:\/\/bastardsknives.com\/wp-content\/uploads\/2024\/04\/blank-wild-damascus-g3.jpg\",\"contentUrl\":\"https:\/\/bastardsknives.com\/wp-content\/uploads\/2024\/04\/blank-wild-damascus-g3.jpg\",\"width\":800,\"height\":800},{\"@type\":\"BreadcrumbList\",\"@id\":\"https:\/\/bastardsknives.com\/es\/producto\/damasco-salvaje-en-blanco-g3-cuchillas-en-bruto\/#breadcrumb\",\"itemListElement\":[{\"@type\":\"ListItem\",\"position\":1,\"name\":\"Home\",\"item\":\"https:\/\/bastardsknives.com\/es\/\"},{\"@type\":\"ListItem\",\"position\":2,\"name\":\"Tienda\",\"item\":\"https:\/\/bastardsknives.com\/es\/tienda\/\"},{\"@type\":\"ListItem\",\"position\":3,\"name\":\"Damasco salvaje en bruto (G3)\"}]},{\"@type\":\"WebSite\",\"@id\":\"https:\/\/bastardsknives.com\/es\/#website\",\"url\":\"https:\/\/bastardsknives.com\/es\/\",\"name\":\"Bastards Knives\",\"description\":\"Bastards Knives | Viviendo al filo\",\"publisher\":{\"@id\":\"https:\/\/bastardsknives.com\/es\/#organization\"},\"potentialAction\":[{\"@type\":\"SearchAction\",\"target\":{\"@type\":\"EntryPoint\",\"urlTemplate\":\"https:\/\/bastardsknives.com\/es\/?s={search_term_string}\"},\"query-input\":\"required name=search_term_string\"}],\"inLanguage\":\"es\"},{\"@type\":\"Organization\",\"@id\":\"https:\/\/bastardsknives.com\/es\/#organization\",\"name\":\"Bastards Knives\",\"url\":\"https:\/\/bastardsknives.com\/es\/\",\"logo\":{\"@type\":\"ImageObject\",\"inLanguage\":\"es\",\"@id\":\"https:\/\/bastardsknives.com\/es\/#\/schema\/logo\/image\/\",\"url\":\"https:\/\/bastardsknives.com\/wp-content\/uploads\/2022\/07\/Logoprod1.png\",\"contentUrl\":\"https:\/\/bastardsknives.com\/wp-content\/uploads\/2022\/07\/Logoprod1.png\",\"width\":284,\"height\":122,\"caption\":\"Bastards Knives\"},\"image\":{\"@id\":\"https:\/\/bastardsknives.com\/es\/#\/schema\/logo\/image\/\"}}]}<\/script>\n<!-- \/ Yoast SEO plugin. -->","yoast_head_json":{"title":"Damasco salvaje en bruto (G3) - Bastards Knives","robots":{"index":"index","follow":"follow","max-snippet":"max-snippet:-1","max-image-preview":"max-image-preview:large","max-video-preview":"max-video-preview:-1"},"canonical":"https:\/\/bastardsknives.com\/es\/producto\/damasco-salvaje-en-blanco-g3-cuchillas-en-bruto\/","og_locale":"es_ES","og_type":"article","og_title":"Damasco salvaje en bruto (G3) - Bastards Knives","og_description":"Cuchillas en bruto de Damasco salvaje (G3): Acero damasco no inoxidable con 320 capas, forjado a mano. Ideal para diversos proyectos. Precio por pieza.","og_url":"https:\/\/bastardsknives.com\/es\/producto\/damasco-salvaje-en-blanco-g3-cuchillas-en-bruto\/","og_site_name":"Bastards Knives","article_modified_time":"2024-08-20T12:32:12+00:00","og_image":[{"width":800,"height":800,"url":"https:\/\/bastardsknives.com\/wp-content\/uploads\/2024\/04\/blank-wild-damascus-g3.jpg","type":"image\/jpeg"}],"twitter_card":"summary_large_image","schema":{"@context":"https:\/\/schema.org","@graph":[{"@type":"WebPage","@id":"https:\/\/bastardsknives.com\/es\/producto\/damasco-salvaje-en-blanco-g3-cuchillas-en-bruto\/","url":"https:\/\/bastardsknives.com\/es\/producto\/damasco-salvaje-en-blanco-g3-cuchillas-en-bruto\/","name":"Damasco salvaje en bruto (G3) - Bastards Knives","isPartOf":{"@id":"https:\/\/bastardsknives.com\/es\/#website"},"primaryImageOfPage":{"@id":"https:\/\/bastardsknives.com\/es\/producto\/damasco-salvaje-en-blanco-g3-cuchillas-en-bruto\/#primaryimage"},"image":{"@id":"https:\/\/bastardsknives.com\/es\/producto\/damasco-salvaje-en-blanco-g3-cuchillas-en-bruto\/#primaryimage"},"thumbnailUrl":"https:\/\/bastardsknives.com\/wp-content\/uploads\/2024\/04\/blank-wild-damascus-g3.jpg","datePublished":"2024-05-14T11:09:41+00:00","dateModified":"2024-08-20T12:32:12+00:00","breadcrumb":{"@id":"https:\/\/bastardsknives.com\/es\/producto\/damasco-salvaje-en-blanco-g3-cuchillas-en-bruto\/#breadcrumb"},"inLanguage":"es","potentialAction":[{"@type":"ReadAction","target":["https:\/\/bastardsknives.com\/es\/producto\/damasco-salvaje-en-blanco-g3-cuchillas-en-bruto\/"]}]},{"@type":"ImageObject","inLanguage":"es","@id":"https:\/\/bastardsknives.com\/es\/producto\/damasco-salvaje-en-blanco-g3-cuchillas-en-bruto\/#primaryimage","url":"https:\/\/bastardsknives.com\/wp-content\/uploads\/2024\/04\/blank-wild-damascus-g3.jpg","contentUrl":"https:\/\/bastardsknives.com\/wp-content\/uploads\/2024\/04\/blank-wild-damascus-g3.jpg","width":800,"height":800},{"@type":"BreadcrumbList","@id":"https:\/\/bastardsknives.com\/es\/producto\/damasco-salvaje-en-blanco-g3-cuchillas-en-bruto\/#breadcrumb","itemListElement":[{"@type":"ListItem","position":1,"name":"Home","item":"https:\/\/bastardsknives.com\/es\/"},{"@type":"ListItem","position":2,"name":"Tienda","item":"https:\/\/bastardsknives.com\/es\/tienda\/"},{"@type":"ListItem","position":3,"name":"Damasco salvaje en bruto (G3)"}]},{"@type":"WebSite","@id":"https:\/\/bastardsknives.com\/es\/#website","url":"https:\/\/bastardsknives.com\/es\/","name":"Bastards Knives","description":"Bastards Knives | Viviendo al filo","publisher":{"@id":"https:\/\/bastardsknives.com\/es\/#organization"},"potentialAction":[{"@type":"SearchAction","target":{"@type":"EntryPoint","urlTemplate":"https:\/\/bastardsknives.com\/es\/?s={search_term_string}"},"query-input":"required name=search_term_string"}],"inLanguage":"es"},{"@type":"Organization","@id":"https:\/\/bastardsknives.com\/es\/#organization","name":"Bastards Knives","url":"https:\/\/bastardsknives.com\/es\/","logo":{"@type":"ImageObject","inLanguage":"es","@id":"https:\/\/bastardsknives.com\/es\/#\/schema\/logo\/image\/","url":"https:\/\/bastardsknives.com\/wp-content\/uploads\/2022\/07\/Logoprod1.png","contentUrl":"https:\/\/bastardsknives.com\/wp-content\/uploads\/2022\/07\/Logoprod1.png","width":284,"height":122,"caption":"Bastards Knives"},"image":{"@id":"https:\/\/bastardsknives.com\/es\/#\/schema\/logo\/image\/"}}]}},"_links":{"self":[{"href":"https:\/\/bastardsknives.com\/es\/wp-json\/wp\/v2\/product\/3602","targetHints":{"allow":["GET"]}}],"collection":[{"href":"https:\/\/bastardsknives.com\/es\/wp-json\/wp\/v2\/product"}],"about":[{"href":"https:\/\/bastardsknives.com\/es\/wp-json\/wp\/v2\/types\/product"}],"wp:featuredmedia":[{"embeddable":true,"href":"https:\/\/bastardsknives.com\/es\/wp-json\/wp\/v2\/media\/3603"}],"wp:attachment":[{"href":"https:\/\/bastardsknives.com\/es\/wp-json\/wp\/v2\/media?parent=3602"}],"wp:term":[{"taxonomy":"product_brand","embeddable":true,"href":"https:\/\/bastardsknives.com\/es\/wp-json\/wp\/v2\/product_brand?post=3602"},{"taxonomy":"product_cat","embeddable":true,"href":"https:\/\/bastardsknives.com\/es\/wp-json\/wp\/v2\/product_cat?post=3602"},{"taxonomy":"product_tag","embeddable":true,"href":"https:\/\/bastardsknives.com\/es\/wp-json\/wp\/v2\/product_tag?post=3602"}],"curies":[{"name":"wp","href":"https:\/\/api.w.org\/{rel}","templated":true}]}}