{"id":3720,"date":"2024-05-14T09:34:56","date_gmt":"2024-05-14T09:34:56","guid":{"rendered":"https:\/\/bastardsknives.com\/?post_type=product&#038;p=3720"},"modified":"2024-08-20T12:38:07","modified_gmt":"2024-08-20T12:38:07","slug":"sanmai-nitro-b-rosas-pequenas-damasco-sanmai","status":"publish","type":"product","link":"https:\/\/bastardsknives.com\/es\/producto\/sanmai-nitro-b-rosas-pequenas-damasco-sanmai\/","title":{"rendered":"Sanmai (Nitro-B \/ Rosas peque\u00f1as)"},"content":{"rendered":"<p>El Damasco SanMai (Nitro-B \/ Rosas peque\u00f1as) es un ejemplo notable de artesan\u00eda, destacando por su compuesto SanMai que integra un n\u00facleo de Nitro-B y caras de DSC\u00ae inoxidable, con 80 capas por cara. Su meticuloso motivo de peque\u00f1as rosas se une a caracter\u00edsticas sobresalientes: soldaduras de capas SuperClean, resistencia a la corrosi\u00f3n, grano muy fino y una alta sujeci\u00f3n de bordes. Adem\u00e1s, su proceso de producci\u00f3n fiable y su idoneidad para contacto con alimentos garantizan un est\u00e1ndar de calidad impecable. Con la capacidad de conformado no cr\u00edtico tras el tratamiento t\u00e9rmico y la posibilidad de alcanzar un alto endurecimiento hasta 62 HRC, este producto personifica la elegancia y la funcionalidad en cada cent\u00edmetro.<\/p>\n","protected":false},"excerpt":{"rendered":"<p>Damasco Sanmai: Compuesto SanMai de calidad. Soldaduras SuperClean, inoxidable, grano fino. Conformado fiable, hasta 62 HRC. Precio por cm.<\/p>\n","protected":false},"featured_media":3721,"template":"","meta":[],"product_brand":[],"product_cat":[234],"product_tag":[],"class_list":{"0":"post-3720","1":"product","2":"type-product","3":"status-publish","4":"has-post-thumbnail","6":"product_cat-balbachdamast","8":"first","9":"instock","10":"taxable","11":"shipping-taxable","12":"purchasable","13":"product-type-simple"},"acf":[],"yoast_head":"<!-- This site is optimized with the Yoast SEO plugin v23.1 - https:\/\/yoast.com\/wordpress\/plugins\/seo\/ -->\n<title>Sanmai (Nitro-B \/ Rosas peque\u00f1as) - Bastards Knives<\/title>\n<meta name=\"robots\" content=\"index, follow, max-snippet:-1, max-image-preview:large, max-video-preview:-1\" \/>\n<link rel=\"canonical\" href=\"https:\/\/bastardsknives.com\/es\/producto\/sanmai-nitro-b-rosas-pequenas-damasco-sanmai\/\" \/>\n<meta property=\"og:locale\" content=\"es_ES\" \/>\n<meta property=\"og:type\" content=\"article\" \/>\n<meta property=\"og:title\" content=\"Sanmai (Nitro-B \/ Rosas peque\u00f1as) - Bastards Knives\" \/>\n<meta property=\"og:description\" content=\"Damasco Sanmai: Compuesto SanMai de calidad. Soldaduras SuperClean, inoxidable, grano fino. Conformado fiable, hasta 62 HRC. Precio por cm.\" \/>\n<meta property=\"og:url\" content=\"https:\/\/bastardsknives.com\/es\/producto\/sanmai-nitro-b-rosas-pequenas-damasco-sanmai\/\" \/>\n<meta property=\"og:site_name\" content=\"Bastards Knives\" \/>\n<meta property=\"article:modified_time\" content=\"2024-08-20T12:38:07+00:00\" \/>\n<meta property=\"og:image\" content=\"https:\/\/bastardsknives.com\/wp-content\/uploads\/2024\/04\/sanmai-nitro-b-small-roses.jpg\" \/>\n\t<meta property=\"og:image:width\" content=\"800\" \/>\n\t<meta property=\"og:image:height\" content=\"800\" \/>\n\t<meta property=\"og:image:type\" content=\"image\/jpeg\" \/>\n<meta name=\"twitter:card\" content=\"summary_large_image\" \/>\n<meta name=\"twitter:label1\" content=\"Tiempo de lectura\" \/>\n\t<meta name=\"twitter:data1\" content=\"1 minuto\" \/>\n<script type=\"application\/ld+json\" class=\"yoast-schema-graph\">{\"@context\":\"https:\/\/schema.org\",\"@graph\":[{\"@type\":\"WebPage\",\"@id\":\"https:\/\/bastardsknives.com\/es\/producto\/sanmai-nitro-b-rosas-pequenas-damasco-sanmai\/\",\"url\":\"https:\/\/bastardsknives.com\/es\/producto\/sanmai-nitro-b-rosas-pequenas-damasco-sanmai\/\",\"name\":\"Sanmai (Nitro-B \/ Rosas peque\u00f1as) - Bastards Knives\",\"isPartOf\":{\"@id\":\"https:\/\/bastardsknives.com\/es\/#website\"},\"primaryImageOfPage\":{\"@id\":\"https:\/\/bastardsknives.com\/es\/producto\/sanmai-nitro-b-rosas-pequenas-damasco-sanmai\/#primaryimage\"},\"image\":{\"@id\":\"https:\/\/bastardsknives.com\/es\/producto\/sanmai-nitro-b-rosas-pequenas-damasco-sanmai\/#primaryimage\"},\"thumbnailUrl\":\"https:\/\/bastardsknives.com\/wp-content\/uploads\/2024\/04\/sanmai-nitro-b-small-roses.jpg\",\"datePublished\":\"2024-05-14T09:34:56+00:00\",\"dateModified\":\"2024-08-20T12:38:07+00:00\",\"breadcrumb\":{\"@id\":\"https:\/\/bastardsknives.com\/es\/producto\/sanmai-nitro-b-rosas-pequenas-damasco-sanmai\/#breadcrumb\"},\"inLanguage\":\"es\",\"potentialAction\":[{\"@type\":\"ReadAction\",\"target\":[\"https:\/\/bastardsknives.com\/es\/producto\/sanmai-nitro-b-rosas-pequenas-damasco-sanmai\/\"]}]},{\"@type\":\"ImageObject\",\"inLanguage\":\"es\",\"@id\":\"https:\/\/bastardsknives.com\/es\/producto\/sanmai-nitro-b-rosas-pequenas-damasco-sanmai\/#primaryimage\",\"url\":\"https:\/\/bastardsknives.com\/wp-content\/uploads\/2024\/04\/sanmai-nitro-b-small-roses.jpg\",\"contentUrl\":\"https:\/\/bastardsknives.com\/wp-content\/uploads\/2024\/04\/sanmai-nitro-b-small-roses.jpg\",\"width\":800,\"height\":800},{\"@type\":\"BreadcrumbList\",\"@id\":\"https:\/\/bastardsknives.com\/es\/producto\/sanmai-nitro-b-rosas-pequenas-damasco-sanmai\/#breadcrumb\",\"itemListElement\":[{\"@type\":\"ListItem\",\"position\":1,\"name\":\"Home\",\"item\":\"https:\/\/bastardsknives.com\/es\/\"},{\"@type\":\"ListItem\",\"position\":2,\"name\":\"Tienda\",\"item\":\"https:\/\/bastardsknives.com\/es\/tienda\/\"},{\"@type\":\"ListItem\",\"position\":3,\"name\":\"Sanmai (Nitro-B \/ Rosas peque\u00f1as)\"}]},{\"@type\":\"WebSite\",\"@id\":\"https:\/\/bastardsknives.com\/es\/#website\",\"url\":\"https:\/\/bastardsknives.com\/es\/\",\"name\":\"Bastards Knives\",\"description\":\"Bastards Knives | Viviendo al filo\",\"publisher\":{\"@id\":\"https:\/\/bastardsknives.com\/es\/#organization\"},\"potentialAction\":[{\"@type\":\"SearchAction\",\"target\":{\"@type\":\"EntryPoint\",\"urlTemplate\":\"https:\/\/bastardsknives.com\/es\/?s={search_term_string}\"},\"query-input\":\"required name=search_term_string\"}],\"inLanguage\":\"es\"},{\"@type\":\"Organization\",\"@id\":\"https:\/\/bastardsknives.com\/es\/#organization\",\"name\":\"Bastards Knives\",\"url\":\"https:\/\/bastardsknives.com\/es\/\",\"logo\":{\"@type\":\"ImageObject\",\"inLanguage\":\"es\",\"@id\":\"https:\/\/bastardsknives.com\/es\/#\/schema\/logo\/image\/\",\"url\":\"https:\/\/bastardsknives.com\/wp-content\/uploads\/2022\/07\/Logoprod1.png\",\"contentUrl\":\"https:\/\/bastardsknives.com\/wp-content\/uploads\/2022\/07\/Logoprod1.png\",\"width\":284,\"height\":122,\"caption\":\"Bastards Knives\"},\"image\":{\"@id\":\"https:\/\/bastardsknives.com\/es\/#\/schema\/logo\/image\/\"}}]}<\/script>\n<!-- \/ Yoast SEO plugin. -->","yoast_head_json":{"title":"Sanmai (Nitro-B \/ Rosas peque\u00f1as) - Bastards Knives","robots":{"index":"index","follow":"follow","max-snippet":"max-snippet:-1","max-image-preview":"max-image-preview:large","max-video-preview":"max-video-preview:-1"},"canonical":"https:\/\/bastardsknives.com\/es\/producto\/sanmai-nitro-b-rosas-pequenas-damasco-sanmai\/","og_locale":"es_ES","og_type":"article","og_title":"Sanmai (Nitro-B \/ Rosas peque\u00f1as) - Bastards Knives","og_description":"Damasco Sanmai: Compuesto SanMai de calidad. Soldaduras SuperClean, inoxidable, grano fino. Conformado fiable, hasta 62 HRC. Precio por cm.","og_url":"https:\/\/bastardsknives.com\/es\/producto\/sanmai-nitro-b-rosas-pequenas-damasco-sanmai\/","og_site_name":"Bastards Knives","article_modified_time":"2024-08-20T12:38:07+00:00","og_image":[{"width":800,"height":800,"url":"https:\/\/bastardsknives.com\/wp-content\/uploads\/2024\/04\/sanmai-nitro-b-small-roses.jpg","type":"image\/jpeg"}],"twitter_card":"summary_large_image","twitter_misc":{"Tiempo de lectura":"1 minuto"},"schema":{"@context":"https:\/\/schema.org","@graph":[{"@type":"WebPage","@id":"https:\/\/bastardsknives.com\/es\/producto\/sanmai-nitro-b-rosas-pequenas-damasco-sanmai\/","url":"https:\/\/bastardsknives.com\/es\/producto\/sanmai-nitro-b-rosas-pequenas-damasco-sanmai\/","name":"Sanmai (Nitro-B \/ Rosas peque\u00f1as) - Bastards Knives","isPartOf":{"@id":"https:\/\/bastardsknives.com\/es\/#website"},"primaryImageOfPage":{"@id":"https:\/\/bastardsknives.com\/es\/producto\/sanmai-nitro-b-rosas-pequenas-damasco-sanmai\/#primaryimage"},"image":{"@id":"https:\/\/bastardsknives.com\/es\/producto\/sanmai-nitro-b-rosas-pequenas-damasco-sanmai\/#primaryimage"},"thumbnailUrl":"https:\/\/bastardsknives.com\/wp-content\/uploads\/2024\/04\/sanmai-nitro-b-small-roses.jpg","datePublished":"2024-05-14T09:34:56+00:00","dateModified":"2024-08-20T12:38:07+00:00","breadcrumb":{"@id":"https:\/\/bastardsknives.com\/es\/producto\/sanmai-nitro-b-rosas-pequenas-damasco-sanmai\/#breadcrumb"},"inLanguage":"es","potentialAction":[{"@type":"ReadAction","target":["https:\/\/bastardsknives.com\/es\/producto\/sanmai-nitro-b-rosas-pequenas-damasco-sanmai\/"]}]},{"@type":"ImageObject","inLanguage":"es","@id":"https:\/\/bastardsknives.com\/es\/producto\/sanmai-nitro-b-rosas-pequenas-damasco-sanmai\/#primaryimage","url":"https:\/\/bastardsknives.com\/wp-content\/uploads\/2024\/04\/sanmai-nitro-b-small-roses.jpg","contentUrl":"https:\/\/bastardsknives.com\/wp-content\/uploads\/2024\/04\/sanmai-nitro-b-small-roses.jpg","width":800,"height":800},{"@type":"BreadcrumbList","@id":"https:\/\/bastardsknives.com\/es\/producto\/sanmai-nitro-b-rosas-pequenas-damasco-sanmai\/#breadcrumb","itemListElement":[{"@type":"ListItem","position":1,"name":"Home","item":"https:\/\/bastardsknives.com\/es\/"},{"@type":"ListItem","position":2,"name":"Tienda","item":"https:\/\/bastardsknives.com\/es\/tienda\/"},{"@type":"ListItem","position":3,"name":"Sanmai (Nitro-B \/ Rosas peque\u00f1as)"}]},{"@type":"WebSite","@id":"https:\/\/bastardsknives.com\/es\/#website","url":"https:\/\/bastardsknives.com\/es\/","name":"Bastards Knives","description":"Bastards Knives | Viviendo al filo","publisher":{"@id":"https:\/\/bastardsknives.com\/es\/#organization"},"potentialAction":[{"@type":"SearchAction","target":{"@type":"EntryPoint","urlTemplate":"https:\/\/bastardsknives.com\/es\/?s={search_term_string}"},"query-input":"required name=search_term_string"}],"inLanguage":"es"},{"@type":"Organization","@id":"https:\/\/bastardsknives.com\/es\/#organization","name":"Bastards Knives","url":"https:\/\/bastardsknives.com\/es\/","logo":{"@type":"ImageObject","inLanguage":"es","@id":"https:\/\/bastardsknives.com\/es\/#\/schema\/logo\/image\/","url":"https:\/\/bastardsknives.com\/wp-content\/uploads\/2022\/07\/Logoprod1.png","contentUrl":"https:\/\/bastardsknives.com\/wp-content\/uploads\/2022\/07\/Logoprod1.png","width":284,"height":122,"caption":"Bastards Knives"},"image":{"@id":"https:\/\/bastardsknives.com\/es\/#\/schema\/logo\/image\/"}}]}},"_links":{"self":[{"href":"https:\/\/bastardsknives.com\/es\/wp-json\/wp\/v2\/product\/3720","targetHints":{"allow":["GET"]}}],"collection":[{"href":"https:\/\/bastardsknives.com\/es\/wp-json\/wp\/v2\/product"}],"about":[{"href":"https:\/\/bastardsknives.com\/es\/wp-json\/wp\/v2\/types\/product"}],"wp:featuredmedia":[{"embeddable":true,"href":"https:\/\/bastardsknives.com\/es\/wp-json\/wp\/v2\/media\/3721"}],"wp:attachment":[{"href":"https:\/\/bastardsknives.com\/es\/wp-json\/wp\/v2\/media?parent=3720"}],"wp:term":[{"taxonomy":"product_brand","embeddable":true,"href":"https:\/\/bastardsknives.com\/es\/wp-json\/wp\/v2\/product_brand?post=3720"},{"taxonomy":"product_cat","embeddable":true,"href":"https:\/\/bastardsknives.com\/es\/wp-json\/wp\/v2\/product_cat?post=3720"},{"taxonomy":"product_tag","embeddable":true,"href":"https:\/\/bastardsknives.com\/es\/wp-json\/wp\/v2\/product_tag?post=3720"}],"curies":[{"name":"wp","href":"https:\/\/api.w.org\/{rel}","templated":true}]}}