{"id":3936,"date":"2024-05-14T09:26:10","date_gmt":"2024-05-14T09:26:10","guid":{"rendered":"https:\/\/bastardsknives.com\/?post_type=product&#038;p=3936"},"modified":"2024-08-20T12:43:41","modified_gmt":"2024-08-20T12:43:41","slug":"piramides-grandes","status":"publish","type":"product","link":"https:\/\/bastardsknives.com\/es\/producto\/piramides-grandes\/","title":{"rendered":"Pir\u00e1mides grandes"},"content":{"rendered":"<p>Estas piezas presentan un refinado patr\u00f3n de damasco, con 160 capas de carbono DSC\u00ae (no inoxidable) y un dise\u00f1o de pir\u00e1mides grandes. Cada una exhibe soldaduras SuperClean para garantizar una integridad estructural impecable, junto con un grano muy fino que asegura una superficie de alta calidad. Respaldadas por un proceso de producci\u00f3n meticuloso, ofrecen consistencia y calidad en cada unidad. Con alta sujeci\u00f3n de bordes y la opci\u00f3n de un alto endurecimiento de hasta 63 HRC, son ideales para aplicaciones que demandan resistencia y durabilidad.<\/p>\n","protected":false},"excerpt":{"rendered":"<p>Damasco de carbono: 160 capas, patr\u00f3n pir\u00e1mides grandes. Soldaduras SuperClean, alta resistencia. Ideal para aplicaciones exigentes.<\/p>\n","protected":false},"featured_media":3937,"template":"","meta":[],"product_brand":[],"product_cat":[234,761],"product_tag":[],"class_list":{"0":"post-3936","1":"product","2":"type-product","3":"status-publish","4":"has-post-thumbnail","6":"product_cat-balbachdamast","7":"product_cat-carbono","9":"first","10":"instock","11":"taxable","12":"shipping-taxable","13":"purchasable","14":"product-type-variable"},"acf":[],"yoast_head":"<!-- This site is optimized with the Yoast SEO plugin v23.1 - https:\/\/yoast.com\/wordpress\/plugins\/seo\/ -->\n<title>Pir\u00e1mides grandes - Bastards Knives<\/title>\n<meta name=\"robots\" content=\"index, follow, max-snippet:-1, max-image-preview:large, max-video-preview:-1\" \/>\n<link rel=\"canonical\" href=\"https:\/\/bastardsknives.com\/es\/producto\/piramides-grandes\/\" \/>\n<meta property=\"og:locale\" content=\"es_ES\" \/>\n<meta property=\"og:type\" content=\"article\" \/>\n<meta property=\"og:title\" content=\"Pir\u00e1mides grandes - Bastards Knives\" \/>\n<meta property=\"og:description\" content=\"Damasco de carbono: 160 capas, patr\u00f3n pir\u00e1mides grandes. Soldaduras SuperClean, alta resistencia. Ideal para aplicaciones exigentes.\" \/>\n<meta property=\"og:url\" content=\"https:\/\/bastardsknives.com\/es\/producto\/piramides-grandes\/\" \/>\n<meta property=\"og:site_name\" content=\"Bastards Knives\" \/>\n<meta property=\"article:modified_time\" content=\"2024-08-20T12:43:41+00:00\" \/>\n<meta property=\"og:image\" content=\"https:\/\/bastardsknives.com\/wp-content\/uploads\/2024\/05\/piramidesgrandes.jpg\" \/>\n\t<meta property=\"og:image:width\" content=\"800\" \/>\n\t<meta property=\"og:image:height\" content=\"800\" \/>\n\t<meta property=\"og:image:type\" content=\"image\/jpeg\" \/>\n<meta name=\"twitter:card\" content=\"summary_large_image\" \/>\n<script type=\"application\/ld+json\" class=\"yoast-schema-graph\">{\"@context\":\"https:\/\/schema.org\",\"@graph\":[{\"@type\":\"WebPage\",\"@id\":\"https:\/\/bastardsknives.com\/es\/producto\/piramides-grandes\/\",\"url\":\"https:\/\/bastardsknives.com\/es\/producto\/piramides-grandes\/\",\"name\":\"Pir\u00e1mides grandes - Bastards Knives\",\"isPartOf\":{\"@id\":\"https:\/\/bastardsknives.com\/es\/#website\"},\"primaryImageOfPage\":{\"@id\":\"https:\/\/bastardsknives.com\/es\/producto\/piramides-grandes\/#primaryimage\"},\"image\":{\"@id\":\"https:\/\/bastardsknives.com\/es\/producto\/piramides-grandes\/#primaryimage\"},\"thumbnailUrl\":\"https:\/\/bastardsknives.com\/wp-content\/uploads\/2024\/05\/piramidesgrandes.jpg\",\"datePublished\":\"2024-05-14T09:26:10+00:00\",\"dateModified\":\"2024-08-20T12:43:41+00:00\",\"breadcrumb\":{\"@id\":\"https:\/\/bastardsknives.com\/es\/producto\/piramides-grandes\/#breadcrumb\"},\"inLanguage\":\"es\",\"potentialAction\":[{\"@type\":\"ReadAction\",\"target\":[\"https:\/\/bastardsknives.com\/es\/producto\/piramides-grandes\/\"]}]},{\"@type\":\"ImageObject\",\"inLanguage\":\"es\",\"@id\":\"https:\/\/bastardsknives.com\/es\/producto\/piramides-grandes\/#primaryimage\",\"url\":\"https:\/\/bastardsknives.com\/wp-content\/uploads\/2024\/05\/piramidesgrandes.jpg\",\"contentUrl\":\"https:\/\/bastardsknives.com\/wp-content\/uploads\/2024\/05\/piramidesgrandes.jpg\",\"width\":800,\"height\":800},{\"@type\":\"BreadcrumbList\",\"@id\":\"https:\/\/bastardsknives.com\/es\/producto\/piramides-grandes\/#breadcrumb\",\"itemListElement\":[{\"@type\":\"ListItem\",\"position\":1,\"name\":\"Home\",\"item\":\"https:\/\/bastardsknives.com\/es\/\"},{\"@type\":\"ListItem\",\"position\":2,\"name\":\"Tienda\",\"item\":\"https:\/\/bastardsknives.com\/es\/tienda\/\"},{\"@type\":\"ListItem\",\"position\":3,\"name\":\"Pir\u00e1mides grandes\"}]},{\"@type\":\"WebSite\",\"@id\":\"https:\/\/bastardsknives.com\/es\/#website\",\"url\":\"https:\/\/bastardsknives.com\/es\/\",\"name\":\"Bastards Knives\",\"description\":\"Bastards Knives | Viviendo al filo\",\"publisher\":{\"@id\":\"https:\/\/bastardsknives.com\/es\/#organization\"},\"potentialAction\":[{\"@type\":\"SearchAction\",\"target\":{\"@type\":\"EntryPoint\",\"urlTemplate\":\"https:\/\/bastardsknives.com\/es\/?s={search_term_string}\"},\"query-input\":\"required name=search_term_string\"}],\"inLanguage\":\"es\"},{\"@type\":\"Organization\",\"@id\":\"https:\/\/bastardsknives.com\/es\/#organization\",\"name\":\"Bastards Knives\",\"url\":\"https:\/\/bastardsknives.com\/es\/\",\"logo\":{\"@type\":\"ImageObject\",\"inLanguage\":\"es\",\"@id\":\"https:\/\/bastardsknives.com\/es\/#\/schema\/logo\/image\/\",\"url\":\"https:\/\/bastardsknives.com\/wp-content\/uploads\/2022\/07\/Logoprod1.png\",\"contentUrl\":\"https:\/\/bastardsknives.com\/wp-content\/uploads\/2022\/07\/Logoprod1.png\",\"width\":284,\"height\":122,\"caption\":\"Bastards Knives\"},\"image\":{\"@id\":\"https:\/\/bastardsknives.com\/es\/#\/schema\/logo\/image\/\"}}]}<\/script>\n<!-- \/ Yoast SEO plugin. -->","yoast_head_json":{"title":"Pir\u00e1mides grandes - Bastards Knives","robots":{"index":"index","follow":"follow","max-snippet":"max-snippet:-1","max-image-preview":"max-image-preview:large","max-video-preview":"max-video-preview:-1"},"canonical":"https:\/\/bastardsknives.com\/es\/producto\/piramides-grandes\/","og_locale":"es_ES","og_type":"article","og_title":"Pir\u00e1mides grandes - Bastards Knives","og_description":"Damasco de carbono: 160 capas, patr\u00f3n pir\u00e1mides grandes. Soldaduras SuperClean, alta resistencia. Ideal para aplicaciones exigentes.","og_url":"https:\/\/bastardsknives.com\/es\/producto\/piramides-grandes\/","og_site_name":"Bastards Knives","article_modified_time":"2024-08-20T12:43:41+00:00","og_image":[{"width":800,"height":800,"url":"https:\/\/bastardsknives.com\/wp-content\/uploads\/2024\/05\/piramidesgrandes.jpg","type":"image\/jpeg"}],"twitter_card":"summary_large_image","schema":{"@context":"https:\/\/schema.org","@graph":[{"@type":"WebPage","@id":"https:\/\/bastardsknives.com\/es\/producto\/piramides-grandes\/","url":"https:\/\/bastardsknives.com\/es\/producto\/piramides-grandes\/","name":"Pir\u00e1mides grandes - Bastards Knives","isPartOf":{"@id":"https:\/\/bastardsknives.com\/es\/#website"},"primaryImageOfPage":{"@id":"https:\/\/bastardsknives.com\/es\/producto\/piramides-grandes\/#primaryimage"},"image":{"@id":"https:\/\/bastardsknives.com\/es\/producto\/piramides-grandes\/#primaryimage"},"thumbnailUrl":"https:\/\/bastardsknives.com\/wp-content\/uploads\/2024\/05\/piramidesgrandes.jpg","datePublished":"2024-05-14T09:26:10+00:00","dateModified":"2024-08-20T12:43:41+00:00","breadcrumb":{"@id":"https:\/\/bastardsknives.com\/es\/producto\/piramides-grandes\/#breadcrumb"},"inLanguage":"es","potentialAction":[{"@type":"ReadAction","target":["https:\/\/bastardsknives.com\/es\/producto\/piramides-grandes\/"]}]},{"@type":"ImageObject","inLanguage":"es","@id":"https:\/\/bastardsknives.com\/es\/producto\/piramides-grandes\/#primaryimage","url":"https:\/\/bastardsknives.com\/wp-content\/uploads\/2024\/05\/piramidesgrandes.jpg","contentUrl":"https:\/\/bastardsknives.com\/wp-content\/uploads\/2024\/05\/piramidesgrandes.jpg","width":800,"height":800},{"@type":"BreadcrumbList","@id":"https:\/\/bastardsknives.com\/es\/producto\/piramides-grandes\/#breadcrumb","itemListElement":[{"@type":"ListItem","position":1,"name":"Home","item":"https:\/\/bastardsknives.com\/es\/"},{"@type":"ListItem","position":2,"name":"Tienda","item":"https:\/\/bastardsknives.com\/es\/tienda\/"},{"@type":"ListItem","position":3,"name":"Pir\u00e1mides grandes"}]},{"@type":"WebSite","@id":"https:\/\/bastardsknives.com\/es\/#website","url":"https:\/\/bastardsknives.com\/es\/","name":"Bastards Knives","description":"Bastards Knives | Viviendo al filo","publisher":{"@id":"https:\/\/bastardsknives.com\/es\/#organization"},"potentialAction":[{"@type":"SearchAction","target":{"@type":"EntryPoint","urlTemplate":"https:\/\/bastardsknives.com\/es\/?s={search_term_string}"},"query-input":"required name=search_term_string"}],"inLanguage":"es"},{"@type":"Organization","@id":"https:\/\/bastardsknives.com\/es\/#organization","name":"Bastards Knives","url":"https:\/\/bastardsknives.com\/es\/","logo":{"@type":"ImageObject","inLanguage":"es","@id":"https:\/\/bastardsknives.com\/es\/#\/schema\/logo\/image\/","url":"https:\/\/bastardsknives.com\/wp-content\/uploads\/2022\/07\/Logoprod1.png","contentUrl":"https:\/\/bastardsknives.com\/wp-content\/uploads\/2022\/07\/Logoprod1.png","width":284,"height":122,"caption":"Bastards Knives"},"image":{"@id":"https:\/\/bastardsknives.com\/es\/#\/schema\/logo\/image\/"}}]}},"_links":{"self":[{"href":"https:\/\/bastardsknives.com\/es\/wp-json\/wp\/v2\/product\/3936","targetHints":{"allow":["GET"]}}],"collection":[{"href":"https:\/\/bastardsknives.com\/es\/wp-json\/wp\/v2\/product"}],"about":[{"href":"https:\/\/bastardsknives.com\/es\/wp-json\/wp\/v2\/types\/product"}],"wp:featuredmedia":[{"embeddable":true,"href":"https:\/\/bastardsknives.com\/es\/wp-json\/wp\/v2\/media\/3937"}],"wp:attachment":[{"href":"https:\/\/bastardsknives.com\/es\/wp-json\/wp\/v2\/media?parent=3936"}],"wp:term":[{"taxonomy":"product_brand","embeddable":true,"href":"https:\/\/bastardsknives.com\/es\/wp-json\/wp\/v2\/product_brand?post=3936"},{"taxonomy":"product_cat","embeddable":true,"href":"https:\/\/bastardsknives.com\/es\/wp-json\/wp\/v2\/product_cat?post=3936"},{"taxonomy":"product_tag","embeddable":true,"href":"https:\/\/bastardsknives.com\/es\/wp-json\/wp\/v2\/product_tag?post=3936"}],"curies":[{"name":"wp","href":"https:\/\/api.w.org\/{rel}","templated":true}]}}