{"id":4265,"date":"2024-05-14T09:20:08","date_gmt":"2024-05-14T09:20:08","guid":{"rendered":"https:\/\/bastardsknives.com\/?post_type=product&#038;p=4265"},"modified":"2024-08-20T12:53:51","modified_gmt":"2024-08-20T12:53:51","slug":"sanmai-nitro-b-roll-damasco","status":"publish","type":"product","link":"https:\/\/bastardsknives.com\/es\/producto\/sanmai-nitro-b-roll-damasco\/","title":{"rendered":"Sanmai (Nitro-B \/ Roll Damasco)"},"content":{"rendered":"<p>Experimente la excelencia de nuestro damasco SanMai (Nitro-B \/ Roll Damasco), con n\u00facleo de Nitro-B y lados de DSC inox, formando 45 capas por cara en un dise\u00f1o de Damasco enrollado. Ofrecemos soldaduras de capas SuperClean, inoxidable y grano muy fino para resultados impecables. Con un proceso de producci\u00f3n fiable, alta sujeci\u00f3n de bordes y aptitud para el contacto con alimentos, este material es ideal para diversas aplicaciones. Adem\u00e1s, con conformado no cr\u00edtico tras el tratamiento t\u00e9rmico y la posibilidad de alto endurecimiento hasta 62 HRC, garantizamos calidad y versatilidad.<\/p>\n","protected":false},"excerpt":{"rendered":"<p>Damasco SanMai (Nitro-B \/ Roll Damasco): N\u00facleo Nitro-B, lados DSC inox. 45 capas por cara. Dise\u00f1o Damasco enrollado. Ideal para diversas aplicaciones.<\/p>\n","protected":false},"featured_media":4268,"template":"","meta":[],"product_brand":[],"product_cat":[234,762],"product_tag":[],"class_list":{"0":"post-4265","1":"product","2":"type-product","3":"status-publish","4":"has-post-thumbnail","6":"product_cat-balbachdamast","7":"product_cat-inoxidable","9":"first","10":"instock","11":"taxable","12":"shipping-taxable","13":"purchasable","14":"product-type-variable"},"acf":[],"yoast_head":"<!-- This site is optimized with the Yoast SEO plugin v23.1 - https:\/\/yoast.com\/wordpress\/plugins\/seo\/ -->\n<title>Sanmai (Nitro-B \/ Roll Damasco) - Bastards Knives<\/title>\n<meta name=\"robots\" content=\"index, follow, max-snippet:-1, max-image-preview:large, max-video-preview:-1\" \/>\n<link rel=\"canonical\" href=\"https:\/\/bastardsknives.com\/es\/producto\/sanmai-nitro-b-roll-damasco\/\" \/>\n<meta property=\"og:locale\" content=\"es_ES\" \/>\n<meta property=\"og:type\" content=\"article\" \/>\n<meta property=\"og:title\" content=\"Sanmai (Nitro-B \/ Roll Damasco) - Bastards Knives\" \/>\n<meta property=\"og:description\" content=\"Damasco SanMai (Nitro-B \/ Roll Damasco): N\u00facleo Nitro-B, lados DSC inox. 45 capas por cara. Dise\u00f1o Damasco enrollado. Ideal para diversas aplicaciones.\" \/>\n<meta property=\"og:url\" content=\"https:\/\/bastardsknives.com\/es\/producto\/sanmai-nitro-b-roll-damasco\/\" \/>\n<meta property=\"og:site_name\" content=\"Bastards Knives\" \/>\n<meta property=\"article:modified_time\" content=\"2024-08-20T12:53:51+00:00\" \/>\n<meta property=\"og:image\" content=\"https:\/\/bastardsknives.com\/wp-content\/uploads\/2024\/05\/sanmai-nitro-b-roll-damascus.jpg\" \/>\n\t<meta property=\"og:image:width\" content=\"800\" \/>\n\t<meta property=\"og:image:height\" content=\"800\" \/>\n\t<meta property=\"og:image:type\" content=\"image\/jpeg\" \/>\n<meta name=\"twitter:card\" content=\"summary_large_image\" \/>\n<script type=\"application\/ld+json\" class=\"yoast-schema-graph\">{\"@context\":\"https:\/\/schema.org\",\"@graph\":[{\"@type\":\"WebPage\",\"@id\":\"https:\/\/bastardsknives.com\/es\/producto\/sanmai-nitro-b-roll-damasco\/\",\"url\":\"https:\/\/bastardsknives.com\/es\/producto\/sanmai-nitro-b-roll-damasco\/\",\"name\":\"Sanmai (Nitro-B \/ Roll Damasco) - Bastards Knives\",\"isPartOf\":{\"@id\":\"https:\/\/bastardsknives.com\/es\/#website\"},\"primaryImageOfPage\":{\"@id\":\"https:\/\/bastardsknives.com\/es\/producto\/sanmai-nitro-b-roll-damasco\/#primaryimage\"},\"image\":{\"@id\":\"https:\/\/bastardsknives.com\/es\/producto\/sanmai-nitro-b-roll-damasco\/#primaryimage\"},\"thumbnailUrl\":\"https:\/\/bastardsknives.com\/wp-content\/uploads\/2024\/05\/sanmai-nitro-b-roll-damascus.jpg\",\"datePublished\":\"2024-05-14T09:20:08+00:00\",\"dateModified\":\"2024-08-20T12:53:51+00:00\",\"breadcrumb\":{\"@id\":\"https:\/\/bastardsknives.com\/es\/producto\/sanmai-nitro-b-roll-damasco\/#breadcrumb\"},\"inLanguage\":\"es\",\"potentialAction\":[{\"@type\":\"ReadAction\",\"target\":[\"https:\/\/bastardsknives.com\/es\/producto\/sanmai-nitro-b-roll-damasco\/\"]}]},{\"@type\":\"ImageObject\",\"inLanguage\":\"es\",\"@id\":\"https:\/\/bastardsknives.com\/es\/producto\/sanmai-nitro-b-roll-damasco\/#primaryimage\",\"url\":\"https:\/\/bastardsknives.com\/wp-content\/uploads\/2024\/05\/sanmai-nitro-b-roll-damascus.jpg\",\"contentUrl\":\"https:\/\/bastardsknives.com\/wp-content\/uploads\/2024\/05\/sanmai-nitro-b-roll-damascus.jpg\",\"width\":800,\"height\":800},{\"@type\":\"BreadcrumbList\",\"@id\":\"https:\/\/bastardsknives.com\/es\/producto\/sanmai-nitro-b-roll-damasco\/#breadcrumb\",\"itemListElement\":[{\"@type\":\"ListItem\",\"position\":1,\"name\":\"Home\",\"item\":\"https:\/\/bastardsknives.com\/es\/\"},{\"@type\":\"ListItem\",\"position\":2,\"name\":\"Tienda\",\"item\":\"https:\/\/bastardsknives.com\/es\/tienda\/\"},{\"@type\":\"ListItem\",\"position\":3,\"name\":\"Sanmai (Nitro-B \/ Roll Damasco)\"}]},{\"@type\":\"WebSite\",\"@id\":\"https:\/\/bastardsknives.com\/es\/#website\",\"url\":\"https:\/\/bastardsknives.com\/es\/\",\"name\":\"Bastards Knives\",\"description\":\"Bastards Knives | Viviendo al filo\",\"publisher\":{\"@id\":\"https:\/\/bastardsknives.com\/es\/#organization\"},\"potentialAction\":[{\"@type\":\"SearchAction\",\"target\":{\"@type\":\"EntryPoint\",\"urlTemplate\":\"https:\/\/bastardsknives.com\/es\/?s={search_term_string}\"},\"query-input\":\"required name=search_term_string\"}],\"inLanguage\":\"es\"},{\"@type\":\"Organization\",\"@id\":\"https:\/\/bastardsknives.com\/es\/#organization\",\"name\":\"Bastards Knives\",\"url\":\"https:\/\/bastardsknives.com\/es\/\",\"logo\":{\"@type\":\"ImageObject\",\"inLanguage\":\"es\",\"@id\":\"https:\/\/bastardsknives.com\/es\/#\/schema\/logo\/image\/\",\"url\":\"https:\/\/bastardsknives.com\/wp-content\/uploads\/2022\/07\/Logoprod1.png\",\"contentUrl\":\"https:\/\/bastardsknives.com\/wp-content\/uploads\/2022\/07\/Logoprod1.png\",\"width\":284,\"height\":122,\"caption\":\"Bastards Knives\"},\"image\":{\"@id\":\"https:\/\/bastardsknives.com\/es\/#\/schema\/logo\/image\/\"}}]}<\/script>\n<!-- \/ Yoast SEO plugin. -->","yoast_head_json":{"title":"Sanmai (Nitro-B \/ Roll Damasco) - Bastards Knives","robots":{"index":"index","follow":"follow","max-snippet":"max-snippet:-1","max-image-preview":"max-image-preview:large","max-video-preview":"max-video-preview:-1"},"canonical":"https:\/\/bastardsknives.com\/es\/producto\/sanmai-nitro-b-roll-damasco\/","og_locale":"es_ES","og_type":"article","og_title":"Sanmai (Nitro-B \/ Roll Damasco) - Bastards Knives","og_description":"Damasco SanMai (Nitro-B \/ Roll Damasco): N\u00facleo Nitro-B, lados DSC inox. 45 capas por cara. Dise\u00f1o Damasco enrollado. Ideal para diversas aplicaciones.","og_url":"https:\/\/bastardsknives.com\/es\/producto\/sanmai-nitro-b-roll-damasco\/","og_site_name":"Bastards Knives","article_modified_time":"2024-08-20T12:53:51+00:00","og_image":[{"width":800,"height":800,"url":"https:\/\/bastardsknives.com\/wp-content\/uploads\/2024\/05\/sanmai-nitro-b-roll-damascus.jpg","type":"image\/jpeg"}],"twitter_card":"summary_large_image","schema":{"@context":"https:\/\/schema.org","@graph":[{"@type":"WebPage","@id":"https:\/\/bastardsknives.com\/es\/producto\/sanmai-nitro-b-roll-damasco\/","url":"https:\/\/bastardsknives.com\/es\/producto\/sanmai-nitro-b-roll-damasco\/","name":"Sanmai (Nitro-B \/ Roll Damasco) - Bastards Knives","isPartOf":{"@id":"https:\/\/bastardsknives.com\/es\/#website"},"primaryImageOfPage":{"@id":"https:\/\/bastardsknives.com\/es\/producto\/sanmai-nitro-b-roll-damasco\/#primaryimage"},"image":{"@id":"https:\/\/bastardsknives.com\/es\/producto\/sanmai-nitro-b-roll-damasco\/#primaryimage"},"thumbnailUrl":"https:\/\/bastardsknives.com\/wp-content\/uploads\/2024\/05\/sanmai-nitro-b-roll-damascus.jpg","datePublished":"2024-05-14T09:20:08+00:00","dateModified":"2024-08-20T12:53:51+00:00","breadcrumb":{"@id":"https:\/\/bastardsknives.com\/es\/producto\/sanmai-nitro-b-roll-damasco\/#breadcrumb"},"inLanguage":"es","potentialAction":[{"@type":"ReadAction","target":["https:\/\/bastardsknives.com\/es\/producto\/sanmai-nitro-b-roll-damasco\/"]}]},{"@type":"ImageObject","inLanguage":"es","@id":"https:\/\/bastardsknives.com\/es\/producto\/sanmai-nitro-b-roll-damasco\/#primaryimage","url":"https:\/\/bastardsknives.com\/wp-content\/uploads\/2024\/05\/sanmai-nitro-b-roll-damascus.jpg","contentUrl":"https:\/\/bastardsknives.com\/wp-content\/uploads\/2024\/05\/sanmai-nitro-b-roll-damascus.jpg","width":800,"height":800},{"@type":"BreadcrumbList","@id":"https:\/\/bastardsknives.com\/es\/producto\/sanmai-nitro-b-roll-damasco\/#breadcrumb","itemListElement":[{"@type":"ListItem","position":1,"name":"Home","item":"https:\/\/bastardsknives.com\/es\/"},{"@type":"ListItem","position":2,"name":"Tienda","item":"https:\/\/bastardsknives.com\/es\/tienda\/"},{"@type":"ListItem","position":3,"name":"Sanmai (Nitro-B \/ Roll Damasco)"}]},{"@type":"WebSite","@id":"https:\/\/bastardsknives.com\/es\/#website","url":"https:\/\/bastardsknives.com\/es\/","name":"Bastards Knives","description":"Bastards Knives | Viviendo al filo","publisher":{"@id":"https:\/\/bastardsknives.com\/es\/#organization"},"potentialAction":[{"@type":"SearchAction","target":{"@type":"EntryPoint","urlTemplate":"https:\/\/bastardsknives.com\/es\/?s={search_term_string}"},"query-input":"required name=search_term_string"}],"inLanguage":"es"},{"@type":"Organization","@id":"https:\/\/bastardsknives.com\/es\/#organization","name":"Bastards Knives","url":"https:\/\/bastardsknives.com\/es\/","logo":{"@type":"ImageObject","inLanguage":"es","@id":"https:\/\/bastardsknives.com\/es\/#\/schema\/logo\/image\/","url":"https:\/\/bastardsknives.com\/wp-content\/uploads\/2022\/07\/Logoprod1.png","contentUrl":"https:\/\/bastardsknives.com\/wp-content\/uploads\/2022\/07\/Logoprod1.png","width":284,"height":122,"caption":"Bastards Knives"},"image":{"@id":"https:\/\/bastardsknives.com\/es\/#\/schema\/logo\/image\/"}}]}},"_links":{"self":[{"href":"https:\/\/bastardsknives.com\/es\/wp-json\/wp\/v2\/product\/4265","targetHints":{"allow":["GET"]}}],"collection":[{"href":"https:\/\/bastardsknives.com\/es\/wp-json\/wp\/v2\/product"}],"about":[{"href":"https:\/\/bastardsknives.com\/es\/wp-json\/wp\/v2\/types\/product"}],"wp:featuredmedia":[{"embeddable":true,"href":"https:\/\/bastardsknives.com\/es\/wp-json\/wp\/v2\/media\/4268"}],"wp:attachment":[{"href":"https:\/\/bastardsknives.com\/es\/wp-json\/wp\/v2\/media?parent=4265"}],"wp:term":[{"taxonomy":"product_brand","embeddable":true,"href":"https:\/\/bastardsknives.com\/es\/wp-json\/wp\/v2\/product_brand?post=4265"},{"taxonomy":"product_cat","embeddable":true,"href":"https:\/\/bastardsknives.com\/es\/wp-json\/wp\/v2\/product_cat?post=4265"},{"taxonomy":"product_tag","embeddable":true,"href":"https:\/\/bastardsknives.com\/es\/wp-json\/wp\/v2\/product_tag?post=4265"}],"curies":[{"name":"wp","href":"https:\/\/api.w.org\/{rel}","templated":true}]}}