{"id":4531,"date":"2024-05-14T09:02:22","date_gmt":"2024-05-14T09:02:22","guid":{"rendered":"https:\/\/bastardsknives.com\/?post_type=product&#038;p=4531"},"modified":"2024-08-20T12:57:10","modified_gmt":"2024-08-20T12:57:10","slug":"damasco-salvaje-inox-s-damasco-salvaje-de-dsc","status":"publish","type":"product","link":"https:\/\/bastardsknives.com\/es\/producto\/damasco-salvaje-inox-s-damasco-salvaje-de-dsc\/","title":{"rendered":"Damasco salvaje (inox-s)"},"content":{"rendered":"<p>Las barras planas de Damasco Salvaje de DSC\u00ae inox-s son una elecci\u00f3n excepcional para una variedad de aplicaciones, compuestas por 135 capas de DSC\u00ae inoxidable. Cada detalle del patr\u00f3n Salvaje est\u00e1 meticulosamente elaborado con soldaduras de capa SuperClean, asegurando una integridad estructural impecable. Estas barras planas son inoxidables y aptas para el contacto con alimentos, con un grano muy fino que las hace ideales para proyectos exigentes. Adem\u00e1s, su proceso de producci\u00f3n fiable y su alta sujeci\u00f3n de bordes las hacen vers\u00e1tiles y confiables. Con la posibilidad de un alto endurecimiento de hasta 61 HRC, estas barras planas son una opci\u00f3n ideal para aquellos que buscan calidad y rendimiento superiores. Disponibles por cm.<\/p>\n","protected":false},"excerpt":{"rendered":"<p>Barras planas de Damasco Salvaje de DSC\u00ae inox-s: 135 capas, soldaduras SuperClean. Inoxidables y aptas para alimentos, con posibilidad de endurecimiento.<\/p>\n","protected":false},"featured_media":4535,"template":"","meta":[],"product_brand":[],"product_cat":[234,762],"product_tag":[],"class_list":{"0":"post-4531","1":"product","2":"type-product","3":"status-publish","4":"has-post-thumbnail","6":"product_cat-balbachdamast","7":"product_cat-inoxidable","9":"first","10":"instock","11":"taxable","12":"shipping-taxable","13":"purchasable","14":"product-type-variable"},"acf":[],"yoast_head":"<!-- This site is optimized with the Yoast SEO plugin v23.1 - https:\/\/yoast.com\/wordpress\/plugins\/seo\/ -->\n<title>Damasco salvaje (inox-s) - Bastards Knives<\/title>\n<meta name=\"robots\" content=\"index, follow, max-snippet:-1, max-image-preview:large, max-video-preview:-1\" \/>\n<link rel=\"canonical\" href=\"https:\/\/bastardsknives.com\/es\/producto\/damasco-salvaje-inox-s-damasco-salvaje-de-dsc\/\" \/>\n<meta property=\"og:locale\" content=\"es_ES\" \/>\n<meta property=\"og:type\" content=\"article\" \/>\n<meta property=\"og:title\" content=\"Damasco salvaje (inox-s) - Bastards Knives\" \/>\n<meta property=\"og:description\" content=\"Barras planas de Damasco Salvaje de DSC\u00ae inox-s: 135 capas, soldaduras SuperClean. Inoxidables y aptas para alimentos, con posibilidad de endurecimiento.\" \/>\n<meta property=\"og:url\" content=\"https:\/\/bastardsknives.com\/es\/producto\/damasco-salvaje-inox-s-damasco-salvaje-de-dsc\/\" \/>\n<meta property=\"og:site_name\" content=\"Bastards Knives\" \/>\n<meta property=\"article:modified_time\" content=\"2024-08-20T12:57:10+00:00\" \/>\n<meta property=\"og:image\" content=\"https:\/\/bastardsknives.com\/wp-content\/uploads\/2024\/05\/wild-damascus-inox-s.jpg\" \/>\n\t<meta property=\"og:image:width\" content=\"800\" \/>\n\t<meta property=\"og:image:height\" content=\"800\" \/>\n\t<meta property=\"og:image:type\" content=\"image\/jpeg\" \/>\n<meta name=\"twitter:card\" content=\"summary_large_image\" \/>\n<meta name=\"twitter:label1\" content=\"Tiempo de lectura\" \/>\n\t<meta name=\"twitter:data1\" content=\"1 minuto\" \/>\n<script type=\"application\/ld+json\" class=\"yoast-schema-graph\">{\"@context\":\"https:\/\/schema.org\",\"@graph\":[{\"@type\":\"WebPage\",\"@id\":\"https:\/\/bastardsknives.com\/es\/producto\/damasco-salvaje-inox-s-damasco-salvaje-de-dsc\/\",\"url\":\"https:\/\/bastardsknives.com\/es\/producto\/damasco-salvaje-inox-s-damasco-salvaje-de-dsc\/\",\"name\":\"Damasco salvaje (inox-s) - Bastards Knives\",\"isPartOf\":{\"@id\":\"https:\/\/bastardsknives.com\/es\/#website\"},\"primaryImageOfPage\":{\"@id\":\"https:\/\/bastardsknives.com\/es\/producto\/damasco-salvaje-inox-s-damasco-salvaje-de-dsc\/#primaryimage\"},\"image\":{\"@id\":\"https:\/\/bastardsknives.com\/es\/producto\/damasco-salvaje-inox-s-damasco-salvaje-de-dsc\/#primaryimage\"},\"thumbnailUrl\":\"https:\/\/bastardsknives.com\/wp-content\/uploads\/2024\/05\/wild-damascus-inox-s.jpg\",\"datePublished\":\"2024-05-14T09:02:22+00:00\",\"dateModified\":\"2024-08-20T12:57:10+00:00\",\"breadcrumb\":{\"@id\":\"https:\/\/bastardsknives.com\/es\/producto\/damasco-salvaje-inox-s-damasco-salvaje-de-dsc\/#breadcrumb\"},\"inLanguage\":\"es\",\"potentialAction\":[{\"@type\":\"ReadAction\",\"target\":[\"https:\/\/bastardsknives.com\/es\/producto\/damasco-salvaje-inox-s-damasco-salvaje-de-dsc\/\"]}]},{\"@type\":\"ImageObject\",\"inLanguage\":\"es\",\"@id\":\"https:\/\/bastardsknives.com\/es\/producto\/damasco-salvaje-inox-s-damasco-salvaje-de-dsc\/#primaryimage\",\"url\":\"https:\/\/bastardsknives.com\/wp-content\/uploads\/2024\/05\/wild-damascus-inox-s.jpg\",\"contentUrl\":\"https:\/\/bastardsknives.com\/wp-content\/uploads\/2024\/05\/wild-damascus-inox-s.jpg\",\"width\":800,\"height\":800},{\"@type\":\"BreadcrumbList\",\"@id\":\"https:\/\/bastardsknives.com\/es\/producto\/damasco-salvaje-inox-s-damasco-salvaje-de-dsc\/#breadcrumb\",\"itemListElement\":[{\"@type\":\"ListItem\",\"position\":1,\"name\":\"Home\",\"item\":\"https:\/\/bastardsknives.com\/es\/\"},{\"@type\":\"ListItem\",\"position\":2,\"name\":\"Tienda\",\"item\":\"https:\/\/bastardsknives.com\/es\/tienda\/\"},{\"@type\":\"ListItem\",\"position\":3,\"name\":\"Damasco salvaje (inox-s)\"}]},{\"@type\":\"WebSite\",\"@id\":\"https:\/\/bastardsknives.com\/es\/#website\",\"url\":\"https:\/\/bastardsknives.com\/es\/\",\"name\":\"Bastards Knives\",\"description\":\"Bastards Knives | Viviendo al filo\",\"publisher\":{\"@id\":\"https:\/\/bastardsknives.com\/es\/#organization\"},\"potentialAction\":[{\"@type\":\"SearchAction\",\"target\":{\"@type\":\"EntryPoint\",\"urlTemplate\":\"https:\/\/bastardsknives.com\/es\/?s={search_term_string}\"},\"query-input\":\"required name=search_term_string\"}],\"inLanguage\":\"es\"},{\"@type\":\"Organization\",\"@id\":\"https:\/\/bastardsknives.com\/es\/#organization\",\"name\":\"Bastards Knives\",\"url\":\"https:\/\/bastardsknives.com\/es\/\",\"logo\":{\"@type\":\"ImageObject\",\"inLanguage\":\"es\",\"@id\":\"https:\/\/bastardsknives.com\/es\/#\/schema\/logo\/image\/\",\"url\":\"https:\/\/bastardsknives.com\/wp-content\/uploads\/2022\/07\/Logoprod1.png\",\"contentUrl\":\"https:\/\/bastardsknives.com\/wp-content\/uploads\/2022\/07\/Logoprod1.png\",\"width\":284,\"height\":122,\"caption\":\"Bastards Knives\"},\"image\":{\"@id\":\"https:\/\/bastardsknives.com\/es\/#\/schema\/logo\/image\/\"}}]}<\/script>\n<!-- \/ Yoast SEO plugin. -->","yoast_head_json":{"title":"Damasco salvaje (inox-s) - Bastards Knives","robots":{"index":"index","follow":"follow","max-snippet":"max-snippet:-1","max-image-preview":"max-image-preview:large","max-video-preview":"max-video-preview:-1"},"canonical":"https:\/\/bastardsknives.com\/es\/producto\/damasco-salvaje-inox-s-damasco-salvaje-de-dsc\/","og_locale":"es_ES","og_type":"article","og_title":"Damasco salvaje (inox-s) - Bastards Knives","og_description":"Barras planas de Damasco Salvaje de DSC\u00ae inox-s: 135 capas, soldaduras SuperClean. Inoxidables y aptas para alimentos, con posibilidad de endurecimiento.","og_url":"https:\/\/bastardsknives.com\/es\/producto\/damasco-salvaje-inox-s-damasco-salvaje-de-dsc\/","og_site_name":"Bastards Knives","article_modified_time":"2024-08-20T12:57:10+00:00","og_image":[{"width":800,"height":800,"url":"https:\/\/bastardsknives.com\/wp-content\/uploads\/2024\/05\/wild-damascus-inox-s.jpg","type":"image\/jpeg"}],"twitter_card":"summary_large_image","twitter_misc":{"Tiempo de lectura":"1 minuto"},"schema":{"@context":"https:\/\/schema.org","@graph":[{"@type":"WebPage","@id":"https:\/\/bastardsknives.com\/es\/producto\/damasco-salvaje-inox-s-damasco-salvaje-de-dsc\/","url":"https:\/\/bastardsknives.com\/es\/producto\/damasco-salvaje-inox-s-damasco-salvaje-de-dsc\/","name":"Damasco salvaje (inox-s) - Bastards Knives","isPartOf":{"@id":"https:\/\/bastardsknives.com\/es\/#website"},"primaryImageOfPage":{"@id":"https:\/\/bastardsknives.com\/es\/producto\/damasco-salvaje-inox-s-damasco-salvaje-de-dsc\/#primaryimage"},"image":{"@id":"https:\/\/bastardsknives.com\/es\/producto\/damasco-salvaje-inox-s-damasco-salvaje-de-dsc\/#primaryimage"},"thumbnailUrl":"https:\/\/bastardsknives.com\/wp-content\/uploads\/2024\/05\/wild-damascus-inox-s.jpg","datePublished":"2024-05-14T09:02:22+00:00","dateModified":"2024-08-20T12:57:10+00:00","breadcrumb":{"@id":"https:\/\/bastardsknives.com\/es\/producto\/damasco-salvaje-inox-s-damasco-salvaje-de-dsc\/#breadcrumb"},"inLanguage":"es","potentialAction":[{"@type":"ReadAction","target":["https:\/\/bastardsknives.com\/es\/producto\/damasco-salvaje-inox-s-damasco-salvaje-de-dsc\/"]}]},{"@type":"ImageObject","inLanguage":"es","@id":"https:\/\/bastardsknives.com\/es\/producto\/damasco-salvaje-inox-s-damasco-salvaje-de-dsc\/#primaryimage","url":"https:\/\/bastardsknives.com\/wp-content\/uploads\/2024\/05\/wild-damascus-inox-s.jpg","contentUrl":"https:\/\/bastardsknives.com\/wp-content\/uploads\/2024\/05\/wild-damascus-inox-s.jpg","width":800,"height":800},{"@type":"BreadcrumbList","@id":"https:\/\/bastardsknives.com\/es\/producto\/damasco-salvaje-inox-s-damasco-salvaje-de-dsc\/#breadcrumb","itemListElement":[{"@type":"ListItem","position":1,"name":"Home","item":"https:\/\/bastardsknives.com\/es\/"},{"@type":"ListItem","position":2,"name":"Tienda","item":"https:\/\/bastardsknives.com\/es\/tienda\/"},{"@type":"ListItem","position":3,"name":"Damasco salvaje (inox-s)"}]},{"@type":"WebSite","@id":"https:\/\/bastardsknives.com\/es\/#website","url":"https:\/\/bastardsknives.com\/es\/","name":"Bastards Knives","description":"Bastards Knives | Viviendo al filo","publisher":{"@id":"https:\/\/bastardsknives.com\/es\/#organization"},"potentialAction":[{"@type":"SearchAction","target":{"@type":"EntryPoint","urlTemplate":"https:\/\/bastardsknives.com\/es\/?s={search_term_string}"},"query-input":"required name=search_term_string"}],"inLanguage":"es"},{"@type":"Organization","@id":"https:\/\/bastardsknives.com\/es\/#organization","name":"Bastards Knives","url":"https:\/\/bastardsknives.com\/es\/","logo":{"@type":"ImageObject","inLanguage":"es","@id":"https:\/\/bastardsknives.com\/es\/#\/schema\/logo\/image\/","url":"https:\/\/bastardsknives.com\/wp-content\/uploads\/2022\/07\/Logoprod1.png","contentUrl":"https:\/\/bastardsknives.com\/wp-content\/uploads\/2022\/07\/Logoprod1.png","width":284,"height":122,"caption":"Bastards Knives"},"image":{"@id":"https:\/\/bastardsknives.com\/es\/#\/schema\/logo\/image\/"}}]}},"_links":{"self":[{"href":"https:\/\/bastardsknives.com\/es\/wp-json\/wp\/v2\/product\/4531","targetHints":{"allow":["GET"]}}],"collection":[{"href":"https:\/\/bastardsknives.com\/es\/wp-json\/wp\/v2\/product"}],"about":[{"href":"https:\/\/bastardsknives.com\/es\/wp-json\/wp\/v2\/types\/product"}],"wp:featuredmedia":[{"embeddable":true,"href":"https:\/\/bastardsknives.com\/es\/wp-json\/wp\/v2\/media\/4535"}],"wp:attachment":[{"href":"https:\/\/bastardsknives.com\/es\/wp-json\/wp\/v2\/media?parent=4531"}],"wp:term":[{"taxonomy":"product_brand","embeddable":true,"href":"https:\/\/bastardsknives.com\/es\/wp-json\/wp\/v2\/product_brand?post=4531"},{"taxonomy":"product_cat","embeddable":true,"href":"https:\/\/bastardsknives.com\/es\/wp-json\/wp\/v2\/product_cat?post=4531"},{"taxonomy":"product_tag","embeddable":true,"href":"https:\/\/bastardsknives.com\/es\/wp-json\/wp\/v2\/product_tag?post=4531"}],"curies":[{"name":"wp","href":"https:\/\/api.w.org\/{rel}","templated":true}]}}