{"id":4908,"date":"2024-05-14T12:26:36","date_gmt":"2024-05-14T12:26:36","guid":{"rendered":"https:\/\/bastardsknives.com\/?post_type=product&#038;p=4908"},"modified":"2024-08-20T12:28:08","modified_gmt":"2024-08-20T12:28:08","slug":"hoja-en-bruto-damasco-enrollado-leo-ii-hoja-en-bruto-de-damasco","status":"publish","type":"product","link":"https:\/\/bastardsknives.com\/es\/producto\/hoja-en-bruto-damasco-enrollado-leo-ii-hoja-en-bruto-de-damasco\/","title":{"rendered":"Hoja en bruto damasco enrollado (Leo II)"},"content":{"rendered":"<p>La Hoja en Bruto de Damasco Enrollado (Leo II) es una pieza excepcional, compuesta por Leo-Damast\u00ae II (no inoxidable) con un dise\u00f1o caracter\u00edstico de damasco enrollado. Con dimensiones de 26x4x115 mm m\u00e1s mango, esta hoja ofrece una est\u00e9tica \u00fanica y una calidad sobresaliente. Fabricada tradicionalmente a mano mediante un proceso de soldadura compuesta, Leo-Damast\u00ae II consta de 320 capas y se forja a partir de acero para ca\u00f1ones del tanque Leopard I y acero para cojinetes de rodillos. Su precio se establece por pieza.<\/p>\n","protected":false},"excerpt":{"rendered":"<p>Hoja en Bruto de Damasco (Leo II): Leo-Damast\u00ae II, no inoxidable. Dise\u00f1o de damasco enrollado, 320 capas. Forjada a mano. Acero para ca\u00f1ones de tanques.<\/p>\n","protected":false},"featured_media":4912,"template":"","meta":[],"product_brand":[],"product_cat":[234],"product_tag":[],"class_list":{"0":"post-4908","1":"product","2":"type-product","3":"status-publish","4":"has-post-thumbnail","6":"product_cat-balbachdamast","8":"first","9":"instock","10":"taxable","11":"shipping-taxable","12":"purchasable","13":"product-type-simple"},"acf":[],"yoast_head":"<!-- This site is optimized with the Yoast SEO plugin v23.1 - https:\/\/yoast.com\/wordpress\/plugins\/seo\/ -->\n<title>Hoja en bruto damasco enrollado (Leo II) - Bastards Knives<\/title>\n<meta name=\"robots\" content=\"index, follow, max-snippet:-1, max-image-preview:large, max-video-preview:-1\" \/>\n<link rel=\"canonical\" href=\"https:\/\/bastardsknives.com\/es\/producto\/hoja-en-bruto-damasco-enrollado-leo-ii-hoja-en-bruto-de-damasco\/\" \/>\n<meta property=\"og:locale\" content=\"es_ES\" \/>\n<meta property=\"og:type\" content=\"article\" \/>\n<meta property=\"og:title\" content=\"Hoja en bruto damasco enrollado (Leo II) - Bastards Knives\" \/>\n<meta property=\"og:description\" content=\"Hoja en Bruto de Damasco (Leo II): Leo-Damast\u00ae II, no inoxidable. Dise\u00f1o de damasco enrollado, 320 capas. Forjada a mano. Acero para ca\u00f1ones de tanques.\" \/>\n<meta property=\"og:url\" content=\"https:\/\/bastardsknives.com\/es\/producto\/hoja-en-bruto-damasco-enrollado-leo-ii-hoja-en-bruto-de-damasco\/\" \/>\n<meta property=\"og:site_name\" content=\"Bastards Knives\" \/>\n<meta property=\"article:modified_time\" content=\"2024-08-20T12:28:08+00:00\" \/>\n<meta property=\"og:image\" content=\"https:\/\/bastardsknives.com\/wp-content\/uploads\/2024\/05\/blank-roll-damascus-leo-ii.jpg\" \/>\n\t<meta property=\"og:image:width\" content=\"800\" \/>\n\t<meta property=\"og:image:height\" content=\"800\" \/>\n\t<meta property=\"og:image:type\" content=\"image\/jpeg\" \/>\n<meta name=\"twitter:card\" content=\"summary_large_image\" \/>\n<script type=\"application\/ld+json\" class=\"yoast-schema-graph\">{\"@context\":\"https:\/\/schema.org\",\"@graph\":[{\"@type\":\"WebPage\",\"@id\":\"https:\/\/bastardsknives.com\/es\/producto\/hoja-en-bruto-damasco-enrollado-leo-ii-hoja-en-bruto-de-damasco\/\",\"url\":\"https:\/\/bastardsknives.com\/es\/producto\/hoja-en-bruto-damasco-enrollado-leo-ii-hoja-en-bruto-de-damasco\/\",\"name\":\"Hoja en bruto damasco enrollado (Leo II) - Bastards Knives\",\"isPartOf\":{\"@id\":\"https:\/\/bastardsknives.com\/es\/#website\"},\"primaryImageOfPage\":{\"@id\":\"https:\/\/bastardsknives.com\/es\/producto\/hoja-en-bruto-damasco-enrollado-leo-ii-hoja-en-bruto-de-damasco\/#primaryimage\"},\"image\":{\"@id\":\"https:\/\/bastardsknives.com\/es\/producto\/hoja-en-bruto-damasco-enrollado-leo-ii-hoja-en-bruto-de-damasco\/#primaryimage\"},\"thumbnailUrl\":\"https:\/\/bastardsknives.com\/wp-content\/uploads\/2024\/05\/blank-roll-damascus-leo-ii.jpg\",\"datePublished\":\"2024-05-14T12:26:36+00:00\",\"dateModified\":\"2024-08-20T12:28:08+00:00\",\"breadcrumb\":{\"@id\":\"https:\/\/bastardsknives.com\/es\/producto\/hoja-en-bruto-damasco-enrollado-leo-ii-hoja-en-bruto-de-damasco\/#breadcrumb\"},\"inLanguage\":\"es\",\"potentialAction\":[{\"@type\":\"ReadAction\",\"target\":[\"https:\/\/bastardsknives.com\/es\/producto\/hoja-en-bruto-damasco-enrollado-leo-ii-hoja-en-bruto-de-damasco\/\"]}]},{\"@type\":\"ImageObject\",\"inLanguage\":\"es\",\"@id\":\"https:\/\/bastardsknives.com\/es\/producto\/hoja-en-bruto-damasco-enrollado-leo-ii-hoja-en-bruto-de-damasco\/#primaryimage\",\"url\":\"https:\/\/bastardsknives.com\/wp-content\/uploads\/2024\/05\/blank-roll-damascus-leo-ii.jpg\",\"contentUrl\":\"https:\/\/bastardsknives.com\/wp-content\/uploads\/2024\/05\/blank-roll-damascus-leo-ii.jpg\",\"width\":800,\"height\":800},{\"@type\":\"BreadcrumbList\",\"@id\":\"https:\/\/bastardsknives.com\/es\/producto\/hoja-en-bruto-damasco-enrollado-leo-ii-hoja-en-bruto-de-damasco\/#breadcrumb\",\"itemListElement\":[{\"@type\":\"ListItem\",\"position\":1,\"name\":\"Home\",\"item\":\"https:\/\/bastardsknives.com\/es\/\"},{\"@type\":\"ListItem\",\"position\":2,\"name\":\"Tienda\",\"item\":\"https:\/\/bastardsknives.com\/es\/tienda\/\"},{\"@type\":\"ListItem\",\"position\":3,\"name\":\"Hoja en bruto damasco enrollado (Leo II)\"}]},{\"@type\":\"WebSite\",\"@id\":\"https:\/\/bastardsknives.com\/es\/#website\",\"url\":\"https:\/\/bastardsknives.com\/es\/\",\"name\":\"Bastards Knives\",\"description\":\"Bastards Knives | Viviendo al filo\",\"publisher\":{\"@id\":\"https:\/\/bastardsknives.com\/es\/#organization\"},\"potentialAction\":[{\"@type\":\"SearchAction\",\"target\":{\"@type\":\"EntryPoint\",\"urlTemplate\":\"https:\/\/bastardsknives.com\/es\/?s={search_term_string}\"},\"query-input\":\"required name=search_term_string\"}],\"inLanguage\":\"es\"},{\"@type\":\"Organization\",\"@id\":\"https:\/\/bastardsknives.com\/es\/#organization\",\"name\":\"Bastards Knives\",\"url\":\"https:\/\/bastardsknives.com\/es\/\",\"logo\":{\"@type\":\"ImageObject\",\"inLanguage\":\"es\",\"@id\":\"https:\/\/bastardsknives.com\/es\/#\/schema\/logo\/image\/\",\"url\":\"https:\/\/bastardsknives.com\/wp-content\/uploads\/2022\/07\/Logoprod1.png\",\"contentUrl\":\"https:\/\/bastardsknives.com\/wp-content\/uploads\/2022\/07\/Logoprod1.png\",\"width\":284,\"height\":122,\"caption\":\"Bastards Knives\"},\"image\":{\"@id\":\"https:\/\/bastardsknives.com\/es\/#\/schema\/logo\/image\/\"}}]}<\/script>\n<!-- \/ Yoast SEO plugin. -->","yoast_head_json":{"title":"Hoja en bruto damasco enrollado (Leo II) - Bastards Knives","robots":{"index":"index","follow":"follow","max-snippet":"max-snippet:-1","max-image-preview":"max-image-preview:large","max-video-preview":"max-video-preview:-1"},"canonical":"https:\/\/bastardsknives.com\/es\/producto\/hoja-en-bruto-damasco-enrollado-leo-ii-hoja-en-bruto-de-damasco\/","og_locale":"es_ES","og_type":"article","og_title":"Hoja en bruto damasco enrollado (Leo II) - Bastards Knives","og_description":"Hoja en Bruto de Damasco (Leo II): Leo-Damast\u00ae II, no inoxidable. Dise\u00f1o de damasco enrollado, 320 capas. Forjada a mano. Acero para ca\u00f1ones de tanques.","og_url":"https:\/\/bastardsknives.com\/es\/producto\/hoja-en-bruto-damasco-enrollado-leo-ii-hoja-en-bruto-de-damasco\/","og_site_name":"Bastards Knives","article_modified_time":"2024-08-20T12:28:08+00:00","og_image":[{"width":800,"height":800,"url":"https:\/\/bastardsknives.com\/wp-content\/uploads\/2024\/05\/blank-roll-damascus-leo-ii.jpg","type":"image\/jpeg"}],"twitter_card":"summary_large_image","schema":{"@context":"https:\/\/schema.org","@graph":[{"@type":"WebPage","@id":"https:\/\/bastardsknives.com\/es\/producto\/hoja-en-bruto-damasco-enrollado-leo-ii-hoja-en-bruto-de-damasco\/","url":"https:\/\/bastardsknives.com\/es\/producto\/hoja-en-bruto-damasco-enrollado-leo-ii-hoja-en-bruto-de-damasco\/","name":"Hoja en bruto damasco enrollado (Leo II) - Bastards Knives","isPartOf":{"@id":"https:\/\/bastardsknives.com\/es\/#website"},"primaryImageOfPage":{"@id":"https:\/\/bastardsknives.com\/es\/producto\/hoja-en-bruto-damasco-enrollado-leo-ii-hoja-en-bruto-de-damasco\/#primaryimage"},"image":{"@id":"https:\/\/bastardsknives.com\/es\/producto\/hoja-en-bruto-damasco-enrollado-leo-ii-hoja-en-bruto-de-damasco\/#primaryimage"},"thumbnailUrl":"https:\/\/bastardsknives.com\/wp-content\/uploads\/2024\/05\/blank-roll-damascus-leo-ii.jpg","datePublished":"2024-05-14T12:26:36+00:00","dateModified":"2024-08-20T12:28:08+00:00","breadcrumb":{"@id":"https:\/\/bastardsknives.com\/es\/producto\/hoja-en-bruto-damasco-enrollado-leo-ii-hoja-en-bruto-de-damasco\/#breadcrumb"},"inLanguage":"es","potentialAction":[{"@type":"ReadAction","target":["https:\/\/bastardsknives.com\/es\/producto\/hoja-en-bruto-damasco-enrollado-leo-ii-hoja-en-bruto-de-damasco\/"]}]},{"@type":"ImageObject","inLanguage":"es","@id":"https:\/\/bastardsknives.com\/es\/producto\/hoja-en-bruto-damasco-enrollado-leo-ii-hoja-en-bruto-de-damasco\/#primaryimage","url":"https:\/\/bastardsknives.com\/wp-content\/uploads\/2024\/05\/blank-roll-damascus-leo-ii.jpg","contentUrl":"https:\/\/bastardsknives.com\/wp-content\/uploads\/2024\/05\/blank-roll-damascus-leo-ii.jpg","width":800,"height":800},{"@type":"BreadcrumbList","@id":"https:\/\/bastardsknives.com\/es\/producto\/hoja-en-bruto-damasco-enrollado-leo-ii-hoja-en-bruto-de-damasco\/#breadcrumb","itemListElement":[{"@type":"ListItem","position":1,"name":"Home","item":"https:\/\/bastardsknives.com\/es\/"},{"@type":"ListItem","position":2,"name":"Tienda","item":"https:\/\/bastardsknives.com\/es\/tienda\/"},{"@type":"ListItem","position":3,"name":"Hoja en bruto damasco enrollado (Leo II)"}]},{"@type":"WebSite","@id":"https:\/\/bastardsknives.com\/es\/#website","url":"https:\/\/bastardsknives.com\/es\/","name":"Bastards Knives","description":"Bastards Knives | Viviendo al filo","publisher":{"@id":"https:\/\/bastardsknives.com\/es\/#organization"},"potentialAction":[{"@type":"SearchAction","target":{"@type":"EntryPoint","urlTemplate":"https:\/\/bastardsknives.com\/es\/?s={search_term_string}"},"query-input":"required name=search_term_string"}],"inLanguage":"es"},{"@type":"Organization","@id":"https:\/\/bastardsknives.com\/es\/#organization","name":"Bastards Knives","url":"https:\/\/bastardsknives.com\/es\/","logo":{"@type":"ImageObject","inLanguage":"es","@id":"https:\/\/bastardsknives.com\/es\/#\/schema\/logo\/image\/","url":"https:\/\/bastardsknives.com\/wp-content\/uploads\/2022\/07\/Logoprod1.png","contentUrl":"https:\/\/bastardsknives.com\/wp-content\/uploads\/2022\/07\/Logoprod1.png","width":284,"height":122,"caption":"Bastards Knives"},"image":{"@id":"https:\/\/bastardsknives.com\/es\/#\/schema\/logo\/image\/"}}]}},"_links":{"self":[{"href":"https:\/\/bastardsknives.com\/es\/wp-json\/wp\/v2\/product\/4908","targetHints":{"allow":["GET"]}}],"collection":[{"href":"https:\/\/bastardsknives.com\/es\/wp-json\/wp\/v2\/product"}],"about":[{"href":"https:\/\/bastardsknives.com\/es\/wp-json\/wp\/v2\/types\/product"}],"wp:featuredmedia":[{"embeddable":true,"href":"https:\/\/bastardsknives.com\/es\/wp-json\/wp\/v2\/media\/4912"}],"wp:attachment":[{"href":"https:\/\/bastardsknives.com\/es\/wp-json\/wp\/v2\/media?parent=4908"}],"wp:term":[{"taxonomy":"product_brand","embeddable":true,"href":"https:\/\/bastardsknives.com\/es\/wp-json\/wp\/v2\/product_brand?post=4908"},{"taxonomy":"product_cat","embeddable":true,"href":"https:\/\/bastardsknives.com\/es\/wp-json\/wp\/v2\/product_cat?post=4908"},{"taxonomy":"product_tag","embeddable":true,"href":"https:\/\/bastardsknives.com\/es\/wp-json\/wp\/v2\/product_tag?post=4908"}],"curies":[{"name":"wp","href":"https:\/\/api.w.org\/{rel}","templated":true}]}}