{"id":5116,"date":"2024-05-17T10:08:56","date_gmt":"2024-05-17T10:08:56","guid":{"rendered":"https:\/\/bastardsknives.com\/?post_type=product&#038;p=5116"},"modified":"2024-08-20T12:19:09","modified_gmt":"2024-08-20T12:19:09","slug":"piel-de-leopardo-leo-iv","status":"publish","type":"product","link":"https:\/\/bastardsknives.com\/es\/producto\/piel-de-leopardo-leo-iv\/","title":{"rendered":"Piel de leopardo (Leo IV)"},"content":{"rendered":"<p>Las Barras Planas Piel de Leopardo (Leo IV) est\u00e1n fabricadas con Leo-Damast\u00ae IV, un acero damasco no inoxidable que cuenta con 640 capas. Este compuesto se produce artesanalmente mediante un proceso de soldadura compuesta, utilizando acero de ca\u00f1ones del tanque Leopard I, as\u00ed como acero para herramientas, acero para trabajo en fr\u00edo y acero para rodamientos. El patr\u00f3n de piel de leopardo, junto con las soldaduras de capas SuperClean y un grano muy fino, garantiza un producto de alta fiabilidad y durabilidad. Estas barras planas permiten un alto endurecimiento hasta 62 HRC y son aptas para el contacto con alimentos. La conformaci\u00f3n incorrecta tras el tratamiento t\u00e9rmico no es cr\u00edtica, asegurando as\u00ed su versatilidad para diversas aplicaciones de alta precisi\u00f3n.<\/p>\n","protected":false},"excerpt":{"rendered":"<p>Barras planas Leo-Damast\u00ae IV con patr\u00f3n piel de leopardo, damasco no inoxidable de 640 capas, soldaduras SuperClean, endurecimiento hasta 62 HRC<\/p>\n","protected":false},"featured_media":5120,"template":"","meta":[],"product_brand":[],"product_cat":[234],"product_tag":[],"class_list":{"0":"post-5116","1":"product","2":"type-product","3":"status-publish","4":"has-post-thumbnail","6":"product_cat-balbachdamast","8":"first","9":"instock","10":"taxable","11":"shipping-taxable","12":"purchasable","13":"product-type-variable"},"acf":[],"yoast_head":"<!-- This site is optimized with the Yoast SEO plugin v23.1 - https:\/\/yoast.com\/wordpress\/plugins\/seo\/ -->\n<title>Piel de leopardo (Leo IV) - Bastards Knives<\/title>\n<meta name=\"robots\" content=\"index, follow, max-snippet:-1, max-image-preview:large, max-video-preview:-1\" \/>\n<link rel=\"canonical\" href=\"https:\/\/bastardsknives.com\/es\/producto\/piel-de-leopardo-leo-iv\/\" \/>\n<meta property=\"og:locale\" content=\"es_ES\" \/>\n<meta property=\"og:type\" content=\"article\" \/>\n<meta property=\"og:title\" content=\"Piel de leopardo (Leo IV) - Bastards Knives\" \/>\n<meta property=\"og:description\" content=\"Barras planas Leo-Damast\u00ae IV con patr\u00f3n piel de leopardo, damasco no inoxidable de 640 capas, soldaduras SuperClean, endurecimiento hasta 62 HRC\" \/>\n<meta property=\"og:url\" content=\"https:\/\/bastardsknives.com\/es\/producto\/piel-de-leopardo-leo-iv\/\" \/>\n<meta property=\"og:site_name\" content=\"Bastards Knives\" \/>\n<meta property=\"article:modified_time\" content=\"2024-08-20T12:19:09+00:00\" \/>\n<meta property=\"og:image\" content=\"https:\/\/bastardsknives.com\/wp-content\/uploads\/2024\/05\/leopardskin-leo-iv.jpg\" \/>\n\t<meta property=\"og:image:width\" content=\"800\" \/>\n\t<meta property=\"og:image:height\" content=\"800\" \/>\n\t<meta property=\"og:image:type\" content=\"image\/jpeg\" \/>\n<meta name=\"twitter:card\" content=\"summary_large_image\" \/>\n<meta name=\"twitter:label1\" content=\"Tiempo de lectura\" \/>\n\t<meta name=\"twitter:data1\" content=\"1 minuto\" \/>\n<script type=\"application\/ld+json\" class=\"yoast-schema-graph\">{\"@context\":\"https:\/\/schema.org\",\"@graph\":[{\"@type\":\"WebPage\",\"@id\":\"https:\/\/bastardsknives.com\/es\/producto\/piel-de-leopardo-leo-iv\/\",\"url\":\"https:\/\/bastardsknives.com\/es\/producto\/piel-de-leopardo-leo-iv\/\",\"name\":\"Piel de leopardo (Leo IV) - Bastards Knives\",\"isPartOf\":{\"@id\":\"https:\/\/bastardsknives.com\/es\/#website\"},\"primaryImageOfPage\":{\"@id\":\"https:\/\/bastardsknives.com\/es\/producto\/piel-de-leopardo-leo-iv\/#primaryimage\"},\"image\":{\"@id\":\"https:\/\/bastardsknives.com\/es\/producto\/piel-de-leopardo-leo-iv\/#primaryimage\"},\"thumbnailUrl\":\"https:\/\/bastardsknives.com\/wp-content\/uploads\/2024\/05\/leopardskin-leo-iv.jpg\",\"datePublished\":\"2024-05-17T10:08:56+00:00\",\"dateModified\":\"2024-08-20T12:19:09+00:00\",\"breadcrumb\":{\"@id\":\"https:\/\/bastardsknives.com\/es\/producto\/piel-de-leopardo-leo-iv\/#breadcrumb\"},\"inLanguage\":\"es\",\"potentialAction\":[{\"@type\":\"ReadAction\",\"target\":[\"https:\/\/bastardsknives.com\/es\/producto\/piel-de-leopardo-leo-iv\/\"]}]},{\"@type\":\"ImageObject\",\"inLanguage\":\"es\",\"@id\":\"https:\/\/bastardsknives.com\/es\/producto\/piel-de-leopardo-leo-iv\/#primaryimage\",\"url\":\"https:\/\/bastardsknives.com\/wp-content\/uploads\/2024\/05\/leopardskin-leo-iv.jpg\",\"contentUrl\":\"https:\/\/bastardsknives.com\/wp-content\/uploads\/2024\/05\/leopardskin-leo-iv.jpg\",\"width\":800,\"height\":800,\"caption\":\"Damasco no inoxidable\"},{\"@type\":\"BreadcrumbList\",\"@id\":\"https:\/\/bastardsknives.com\/es\/producto\/piel-de-leopardo-leo-iv\/#breadcrumb\",\"itemListElement\":[{\"@type\":\"ListItem\",\"position\":1,\"name\":\"Home\",\"item\":\"https:\/\/bastardsknives.com\/es\/\"},{\"@type\":\"ListItem\",\"position\":2,\"name\":\"Tienda\",\"item\":\"https:\/\/bastardsknives.com\/es\/tienda\/\"},{\"@type\":\"ListItem\",\"position\":3,\"name\":\"Piel de leopardo (Leo IV)\"}]},{\"@type\":\"WebSite\",\"@id\":\"https:\/\/bastardsknives.com\/es\/#website\",\"url\":\"https:\/\/bastardsknives.com\/es\/\",\"name\":\"Bastards Knives\",\"description\":\"Bastards Knives | Viviendo al filo\",\"publisher\":{\"@id\":\"https:\/\/bastardsknives.com\/es\/#organization\"},\"potentialAction\":[{\"@type\":\"SearchAction\",\"target\":{\"@type\":\"EntryPoint\",\"urlTemplate\":\"https:\/\/bastardsknives.com\/es\/?s={search_term_string}\"},\"query-input\":\"required name=search_term_string\"}],\"inLanguage\":\"es\"},{\"@type\":\"Organization\",\"@id\":\"https:\/\/bastardsknives.com\/es\/#organization\",\"name\":\"Bastards Knives\",\"url\":\"https:\/\/bastardsknives.com\/es\/\",\"logo\":{\"@type\":\"ImageObject\",\"inLanguage\":\"es\",\"@id\":\"https:\/\/bastardsknives.com\/es\/#\/schema\/logo\/image\/\",\"url\":\"https:\/\/bastardsknives.com\/wp-content\/uploads\/2022\/07\/Logoprod1.png\",\"contentUrl\":\"https:\/\/bastardsknives.com\/wp-content\/uploads\/2022\/07\/Logoprod1.png\",\"width\":284,\"height\":122,\"caption\":\"Bastards Knives\"},\"image\":{\"@id\":\"https:\/\/bastardsknives.com\/es\/#\/schema\/logo\/image\/\"}}]}<\/script>\n<!-- \/ Yoast SEO plugin. -->","yoast_head_json":{"title":"Piel de leopardo (Leo IV) - Bastards Knives","robots":{"index":"index","follow":"follow","max-snippet":"max-snippet:-1","max-image-preview":"max-image-preview:large","max-video-preview":"max-video-preview:-1"},"canonical":"https:\/\/bastardsknives.com\/es\/producto\/piel-de-leopardo-leo-iv\/","og_locale":"es_ES","og_type":"article","og_title":"Piel de leopardo (Leo IV) - Bastards Knives","og_description":"Barras planas Leo-Damast\u00ae IV con patr\u00f3n piel de leopardo, damasco no inoxidable de 640 capas, soldaduras SuperClean, endurecimiento hasta 62 HRC","og_url":"https:\/\/bastardsknives.com\/es\/producto\/piel-de-leopardo-leo-iv\/","og_site_name":"Bastards Knives","article_modified_time":"2024-08-20T12:19:09+00:00","og_image":[{"width":800,"height":800,"url":"https:\/\/bastardsknives.com\/wp-content\/uploads\/2024\/05\/leopardskin-leo-iv.jpg","type":"image\/jpeg"}],"twitter_card":"summary_large_image","twitter_misc":{"Tiempo de lectura":"1 minuto"},"schema":{"@context":"https:\/\/schema.org","@graph":[{"@type":"WebPage","@id":"https:\/\/bastardsknives.com\/es\/producto\/piel-de-leopardo-leo-iv\/","url":"https:\/\/bastardsknives.com\/es\/producto\/piel-de-leopardo-leo-iv\/","name":"Piel de leopardo (Leo IV) - Bastards Knives","isPartOf":{"@id":"https:\/\/bastardsknives.com\/es\/#website"},"primaryImageOfPage":{"@id":"https:\/\/bastardsknives.com\/es\/producto\/piel-de-leopardo-leo-iv\/#primaryimage"},"image":{"@id":"https:\/\/bastardsknives.com\/es\/producto\/piel-de-leopardo-leo-iv\/#primaryimage"},"thumbnailUrl":"https:\/\/bastardsknives.com\/wp-content\/uploads\/2024\/05\/leopardskin-leo-iv.jpg","datePublished":"2024-05-17T10:08:56+00:00","dateModified":"2024-08-20T12:19:09+00:00","breadcrumb":{"@id":"https:\/\/bastardsknives.com\/es\/producto\/piel-de-leopardo-leo-iv\/#breadcrumb"},"inLanguage":"es","potentialAction":[{"@type":"ReadAction","target":["https:\/\/bastardsknives.com\/es\/producto\/piel-de-leopardo-leo-iv\/"]}]},{"@type":"ImageObject","inLanguage":"es","@id":"https:\/\/bastardsknives.com\/es\/producto\/piel-de-leopardo-leo-iv\/#primaryimage","url":"https:\/\/bastardsknives.com\/wp-content\/uploads\/2024\/05\/leopardskin-leo-iv.jpg","contentUrl":"https:\/\/bastardsknives.com\/wp-content\/uploads\/2024\/05\/leopardskin-leo-iv.jpg","width":800,"height":800,"caption":"Damasco no inoxidable"},{"@type":"BreadcrumbList","@id":"https:\/\/bastardsknives.com\/es\/producto\/piel-de-leopardo-leo-iv\/#breadcrumb","itemListElement":[{"@type":"ListItem","position":1,"name":"Home","item":"https:\/\/bastardsknives.com\/es\/"},{"@type":"ListItem","position":2,"name":"Tienda","item":"https:\/\/bastardsknives.com\/es\/tienda\/"},{"@type":"ListItem","position":3,"name":"Piel de leopardo (Leo IV)"}]},{"@type":"WebSite","@id":"https:\/\/bastardsknives.com\/es\/#website","url":"https:\/\/bastardsknives.com\/es\/","name":"Bastards Knives","description":"Bastards Knives | Viviendo al filo","publisher":{"@id":"https:\/\/bastardsknives.com\/es\/#organization"},"potentialAction":[{"@type":"SearchAction","target":{"@type":"EntryPoint","urlTemplate":"https:\/\/bastardsknives.com\/es\/?s={search_term_string}"},"query-input":"required name=search_term_string"}],"inLanguage":"es"},{"@type":"Organization","@id":"https:\/\/bastardsknives.com\/es\/#organization","name":"Bastards Knives","url":"https:\/\/bastardsknives.com\/es\/","logo":{"@type":"ImageObject","inLanguage":"es","@id":"https:\/\/bastardsknives.com\/es\/#\/schema\/logo\/image\/","url":"https:\/\/bastardsknives.com\/wp-content\/uploads\/2022\/07\/Logoprod1.png","contentUrl":"https:\/\/bastardsknives.com\/wp-content\/uploads\/2022\/07\/Logoprod1.png","width":284,"height":122,"caption":"Bastards Knives"},"image":{"@id":"https:\/\/bastardsknives.com\/es\/#\/schema\/logo\/image\/"}}]}},"_links":{"self":[{"href":"https:\/\/bastardsknives.com\/es\/wp-json\/wp\/v2\/product\/5116","targetHints":{"allow":["GET"]}}],"collection":[{"href":"https:\/\/bastardsknives.com\/es\/wp-json\/wp\/v2\/product"}],"about":[{"href":"https:\/\/bastardsknives.com\/es\/wp-json\/wp\/v2\/types\/product"}],"wp:featuredmedia":[{"embeddable":true,"href":"https:\/\/bastardsknives.com\/es\/wp-json\/wp\/v2\/media\/5120"}],"wp:attachment":[{"href":"https:\/\/bastardsknives.com\/es\/wp-json\/wp\/v2\/media?parent=5116"}],"wp:term":[{"taxonomy":"product_brand","embeddable":true,"href":"https:\/\/bastardsknives.com\/es\/wp-json\/wp\/v2\/product_brand?post=5116"},{"taxonomy":"product_cat","embeddable":true,"href":"https:\/\/bastardsknives.com\/es\/wp-json\/wp\/v2\/product_cat?post=5116"},{"taxonomy":"product_tag","embeddable":true,"href":"https:\/\/bastardsknives.com\/es\/wp-json\/wp\/v2\/product_tag?post=5116"}],"curies":[{"name":"wp","href":"https:\/\/api.w.org\/{rel}","templated":true}]}}