{"id":5607,"date":"2024-07-17T11:12:25","date_gmt":"2024-07-17T11:12:25","guid":{"rendered":"https:\/\/bastardsknives.com\/producto\/legion\/"},"modified":"2024-07-17T11:12:25","modified_gmt":"2024-07-17T11:12:25","slug":"legion","status":"publish","type":"product","link":"https:\/\/bastardsknives.com\/es\/producto\/legion\/","title":{"rendered":"Legi\u00f3n"},"content":{"rendered":"<p>Dise\u00f1ado en colaboraci\u00f3n con el maestro de Krav Maga Mart\u00edn Luna para el grupo Neton de la legi\u00f3n espa\u00f1ola. Su hoja es de tipo fulltang construida en acero Nitro-v con tratamiento t\u00e9rmico criog\u00e9nico. En cuanto al mango, est\u00e1 personalizado con cachas fresadas en g10 negro, lo que aporta un tacto suave y firme. La funda ha sido realizada en kydex y dise\u00f1ada por fundas RK. Acompa\u00f1a al cuchillo una peque\u00f1a herramienta con destornillador y palanca, alojada en la misma funda.<\/p>\n","protected":false},"excerpt":{"rendered":"<p>Dise\u00f1ado en colaboraci\u00f3n con el maestro de Krav Maga Mart\u00edn Luna para el grupo Neton de la legi\u00f3n espa\u00f1ola. Su hoja es de tipo fulltang construida en acero Nitro-v con tratamiento t\u00e9rmico criog\u00e9nico. En cuanto al mango, est\u00e1 personalizado con cachas fresadas en g10 negro, lo que aporta un tacto suave y firme. La funda&#8230;<\/p>\n","protected":false},"featured_media":5555,"template":"","meta":[],"product_brand":[],"product_cat":[18,760],"product_tag":[],"class_list":{"0":"post-5607","1":"product","2":"type-product","3":"status-publish","4":"has-post-thumbnail","6":"product_cat-bastards-knives","7":"product_cat-cuchillos-y-navajas","9":"first","10":"instock","11":"taxable","12":"shipping-taxable","13":"purchasable","14":"product-type-simple"},"acf":[],"yoast_head":"<!-- This site is optimized with the Yoast SEO plugin v23.1 - https:\/\/yoast.com\/wordpress\/plugins\/seo\/ -->\n<title>Legi\u00f3n - Bastards Knives<\/title>\n<meta name=\"robots\" content=\"index, follow, max-snippet:-1, max-image-preview:large, max-video-preview:-1\" \/>\n<link rel=\"canonical\" href=\"https:\/\/bastardsknives.com\/es\/producto\/legion\/\" \/>\n<meta property=\"og:locale\" content=\"es_ES\" \/>\n<meta property=\"og:type\" content=\"article\" \/>\n<meta property=\"og:title\" content=\"Legi\u00f3n - Bastards Knives\" \/>\n<meta property=\"og:description\" content=\"Dise\u00f1ado en colaboraci\u00f3n con el maestro de Krav Maga Mart\u00edn Luna para el grupo Neton de la legi\u00f3n espa\u00f1ola. Su hoja es de tipo fulltang construida en acero Nitro-v con tratamiento t\u00e9rmico criog\u00e9nico. En cuanto al mango, est\u00e1 personalizado con cachas fresadas en g10 negro, lo que aporta un tacto suave y firme. La funda...\" \/>\n<meta property=\"og:url\" content=\"https:\/\/bastardsknives.com\/es\/producto\/legion\/\" \/>\n<meta property=\"og:site_name\" content=\"Bastards Knives\" \/>\n<meta property=\"og:image\" content=\"https:\/\/bastardsknives.com\/wp-content\/uploads\/2024\/07\/legion-6.jpg\" \/>\n\t<meta property=\"og:image:width\" content=\"1080\" \/>\n\t<meta property=\"og:image:height\" content=\"1080\" \/>\n\t<meta property=\"og:image:type\" content=\"image\/jpeg\" \/>\n<meta name=\"twitter:card\" content=\"summary_large_image\" \/>\n<script type=\"application\/ld+json\" class=\"yoast-schema-graph\">{\"@context\":\"https:\/\/schema.org\",\"@graph\":[{\"@type\":\"WebPage\",\"@id\":\"https:\/\/bastardsknives.com\/es\/producto\/legion\/\",\"url\":\"https:\/\/bastardsknives.com\/es\/producto\/legion\/\",\"name\":\"Legi\u00f3n - Bastards Knives\",\"isPartOf\":{\"@id\":\"https:\/\/bastardsknives.com\/es\/#website\"},\"primaryImageOfPage\":{\"@id\":\"https:\/\/bastardsknives.com\/es\/producto\/legion\/#primaryimage\"},\"image\":{\"@id\":\"https:\/\/bastardsknives.com\/es\/producto\/legion\/#primaryimage\"},\"thumbnailUrl\":\"https:\/\/bastardsknives.com\/wp-content\/uploads\/2024\/07\/legion-6.jpg\",\"datePublished\":\"2024-07-17T11:12:25+00:00\",\"dateModified\":\"2024-07-17T11:12:25+00:00\",\"breadcrumb\":{\"@id\":\"https:\/\/bastardsknives.com\/es\/producto\/legion\/#breadcrumb\"},\"inLanguage\":\"es\",\"potentialAction\":[{\"@type\":\"ReadAction\",\"target\":[\"https:\/\/bastardsknives.com\/es\/producto\/legion\/\"]}]},{\"@type\":\"ImageObject\",\"inLanguage\":\"es\",\"@id\":\"https:\/\/bastardsknives.com\/es\/producto\/legion\/#primaryimage\",\"url\":\"https:\/\/bastardsknives.com\/wp-content\/uploads\/2024\/07\/legion-6.jpg\",\"contentUrl\":\"https:\/\/bastardsknives.com\/wp-content\/uploads\/2024\/07\/legion-6.jpg\",\"width\":1080,\"height\":1080},{\"@type\":\"BreadcrumbList\",\"@id\":\"https:\/\/bastardsknives.com\/es\/producto\/legion\/#breadcrumb\",\"itemListElement\":[{\"@type\":\"ListItem\",\"position\":1,\"name\":\"Home\",\"item\":\"https:\/\/bastardsknives.com\/es\/\"},{\"@type\":\"ListItem\",\"position\":2,\"name\":\"Tienda\",\"item\":\"https:\/\/bastardsknives.com\/es\/tienda\/\"},{\"@type\":\"ListItem\",\"position\":3,\"name\":\"Legi\u00f3n\"}]},{\"@type\":\"WebSite\",\"@id\":\"https:\/\/bastardsknives.com\/es\/#website\",\"url\":\"https:\/\/bastardsknives.com\/es\/\",\"name\":\"Bastards Knives\",\"description\":\"Bastards Knives | Viviendo al filo\",\"publisher\":{\"@id\":\"https:\/\/bastardsknives.com\/es\/#organization\"},\"potentialAction\":[{\"@type\":\"SearchAction\",\"target\":{\"@type\":\"EntryPoint\",\"urlTemplate\":\"https:\/\/bastardsknives.com\/es\/?s={search_term_string}\"},\"query-input\":\"required name=search_term_string\"}],\"inLanguage\":\"es\"},{\"@type\":\"Organization\",\"@id\":\"https:\/\/bastardsknives.com\/es\/#organization\",\"name\":\"Bastards Knives\",\"url\":\"https:\/\/bastardsknives.com\/es\/\",\"logo\":{\"@type\":\"ImageObject\",\"inLanguage\":\"es\",\"@id\":\"https:\/\/bastardsknives.com\/es\/#\/schema\/logo\/image\/\",\"url\":\"https:\/\/bastardsknives.com\/wp-content\/uploads\/2022\/07\/Logoprod1.png\",\"contentUrl\":\"https:\/\/bastardsknives.com\/wp-content\/uploads\/2022\/07\/Logoprod1.png\",\"width\":284,\"height\":122,\"caption\":\"Bastards Knives\"},\"image\":{\"@id\":\"https:\/\/bastardsknives.com\/es\/#\/schema\/logo\/image\/\"}}]}<\/script>\n<!-- \/ Yoast SEO plugin. -->","yoast_head_json":{"title":"Legi\u00f3n - Bastards Knives","robots":{"index":"index","follow":"follow","max-snippet":"max-snippet:-1","max-image-preview":"max-image-preview:large","max-video-preview":"max-video-preview:-1"},"canonical":"https:\/\/bastardsknives.com\/es\/producto\/legion\/","og_locale":"es_ES","og_type":"article","og_title":"Legi\u00f3n - Bastards Knives","og_description":"Dise\u00f1ado en colaboraci\u00f3n con el maestro de Krav Maga Mart\u00edn Luna para el grupo Neton de la legi\u00f3n espa\u00f1ola. Su hoja es de tipo fulltang construida en acero Nitro-v con tratamiento t\u00e9rmico criog\u00e9nico. En cuanto al mango, est\u00e1 personalizado con cachas fresadas en g10 negro, lo que aporta un tacto suave y firme. La funda...","og_url":"https:\/\/bastardsknives.com\/es\/producto\/legion\/","og_site_name":"Bastards Knives","og_image":[{"width":1080,"height":1080,"url":"https:\/\/bastardsknives.com\/wp-content\/uploads\/2024\/07\/legion-6.jpg","type":"image\/jpeg"}],"twitter_card":"summary_large_image","schema":{"@context":"https:\/\/schema.org","@graph":[{"@type":"WebPage","@id":"https:\/\/bastardsknives.com\/es\/producto\/legion\/","url":"https:\/\/bastardsknives.com\/es\/producto\/legion\/","name":"Legi\u00f3n - Bastards Knives","isPartOf":{"@id":"https:\/\/bastardsknives.com\/es\/#website"},"primaryImageOfPage":{"@id":"https:\/\/bastardsknives.com\/es\/producto\/legion\/#primaryimage"},"image":{"@id":"https:\/\/bastardsknives.com\/es\/producto\/legion\/#primaryimage"},"thumbnailUrl":"https:\/\/bastardsknives.com\/wp-content\/uploads\/2024\/07\/legion-6.jpg","datePublished":"2024-07-17T11:12:25+00:00","dateModified":"2024-07-17T11:12:25+00:00","breadcrumb":{"@id":"https:\/\/bastardsknives.com\/es\/producto\/legion\/#breadcrumb"},"inLanguage":"es","potentialAction":[{"@type":"ReadAction","target":["https:\/\/bastardsknives.com\/es\/producto\/legion\/"]}]},{"@type":"ImageObject","inLanguage":"es","@id":"https:\/\/bastardsknives.com\/es\/producto\/legion\/#primaryimage","url":"https:\/\/bastardsknives.com\/wp-content\/uploads\/2024\/07\/legion-6.jpg","contentUrl":"https:\/\/bastardsknives.com\/wp-content\/uploads\/2024\/07\/legion-6.jpg","width":1080,"height":1080},{"@type":"BreadcrumbList","@id":"https:\/\/bastardsknives.com\/es\/producto\/legion\/#breadcrumb","itemListElement":[{"@type":"ListItem","position":1,"name":"Home","item":"https:\/\/bastardsknives.com\/es\/"},{"@type":"ListItem","position":2,"name":"Tienda","item":"https:\/\/bastardsknives.com\/es\/tienda\/"},{"@type":"ListItem","position":3,"name":"Legi\u00f3n"}]},{"@type":"WebSite","@id":"https:\/\/bastardsknives.com\/es\/#website","url":"https:\/\/bastardsknives.com\/es\/","name":"Bastards Knives","description":"Bastards Knives | Viviendo al filo","publisher":{"@id":"https:\/\/bastardsknives.com\/es\/#organization"},"potentialAction":[{"@type":"SearchAction","target":{"@type":"EntryPoint","urlTemplate":"https:\/\/bastardsknives.com\/es\/?s={search_term_string}"},"query-input":"required name=search_term_string"}],"inLanguage":"es"},{"@type":"Organization","@id":"https:\/\/bastardsknives.com\/es\/#organization","name":"Bastards Knives","url":"https:\/\/bastardsknives.com\/es\/","logo":{"@type":"ImageObject","inLanguage":"es","@id":"https:\/\/bastardsknives.com\/es\/#\/schema\/logo\/image\/","url":"https:\/\/bastardsknives.com\/wp-content\/uploads\/2022\/07\/Logoprod1.png","contentUrl":"https:\/\/bastardsknives.com\/wp-content\/uploads\/2022\/07\/Logoprod1.png","width":284,"height":122,"caption":"Bastards Knives"},"image":{"@id":"https:\/\/bastardsknives.com\/es\/#\/schema\/logo\/image\/"}}]}},"_links":{"self":[{"href":"https:\/\/bastardsknives.com\/es\/wp-json\/wp\/v2\/product\/5607","targetHints":{"allow":["GET"]}}],"collection":[{"href":"https:\/\/bastardsknives.com\/es\/wp-json\/wp\/v2\/product"}],"about":[{"href":"https:\/\/bastardsknives.com\/es\/wp-json\/wp\/v2\/types\/product"}],"wp:featuredmedia":[{"embeddable":true,"href":"https:\/\/bastardsknives.com\/es\/wp-json\/wp\/v2\/media\/5555"}],"wp:attachment":[{"href":"https:\/\/bastardsknives.com\/es\/wp-json\/wp\/v2\/media?parent=5607"}],"wp:term":[{"taxonomy":"product_brand","embeddable":true,"href":"https:\/\/bastardsknives.com\/es\/wp-json\/wp\/v2\/product_brand?post=5607"},{"taxonomy":"product_cat","embeddable":true,"href":"https:\/\/bastardsknives.com\/es\/wp-json\/wp\/v2\/product_cat?post=5607"},{"taxonomy":"product_tag","embeddable":true,"href":"https:\/\/bastardsknives.com\/es\/wp-json\/wp\/v2\/product_tag?post=5607"}],"curies":[{"name":"wp","href":"https:\/\/api.w.org\/{rel}","templated":true}]}}