{"id":5610,"date":"2025-06-02T02:00:33","date_gmt":"2025-06-02T02:00:33","guid":{"rendered":"https:\/\/bastardsknives.com\/producto\/tibia\/"},"modified":"2025-06-09T00:24:10","modified_gmt":"2025-06-09T00:24:10","slug":"tibia","status":"publish","type":"product","link":"https:\/\/bastardsknives.com\/es\/producto\/tibia\/","title":{"rendered":"Tibia"},"content":{"rendered":"<h3><strong>Tibia &#8211; La navaja para verdaderos expertos<\/strong><\/h3>\n<p>Descubre la Tibia, una navaja de bolsillo creada gracias a la colaboraci\u00f3n del conocido YouTuber estadounidense Jim Skelton y el equipo de Bastards Knives. Esta excepcional herramienta combina precisi\u00f3n, estilo y funcionalidad en un dise\u00f1o de formas perfectas que superar\u00e1 sus expectativas.<\/p>\n<p><strong>Hoja de Sax de primera calidad para cortes perfectos<\/strong><br \/>\nLa Tibia tiene una hoja de saxo de 8,8 cm de longitud fabricada con acero CPM3V extremadamente resistente. Este acero es conocido por su excelente retenci\u00f3n del filo y dureza, lo que le permite dominar incluso las tareas de corte m\u00e1s exigentes con facilidad. Tanto si la utilizas en el d\u00eda a d\u00eda como en aventuras al campo, puedes confiar en esta hoja.<\/p>\n<p><strong>Mango de titanio con recubrimiento DLC<\/strong><br \/>\nEl mango de la Tibia se adapta perfectamente a la mano gracias a su forma ergon\u00f3mica. Fabricado en titanio de alta calidad, no s\u00f3lo aporta ligereza al cuchillo, sino tambi\u00e9n una notable estabilidad. El revestimiento adicional de DLC (Diamond-Like Carbon) de color gris no s\u00f3lo garantiza una excelente resistencia a los ara\u00f1azos y al desgaste, sino que tambi\u00e9n confiere al cuchillo un aspecto especialmente moderno.<\/p>\n<p><strong>Flipper y linerlock: seguridad y comodidad<\/strong><br \/>\nLa Tibia est\u00e1 equipada con un pr\u00e1ctico flipper que sirve de ayuda para la apertura. Los rodamientos de bolas de la hoja le permiten moverla suavemente hasta su posici\u00f3n. Una vez abierta, la hoja se mantiene en su sitio gracias a un robusto linerlock para que puedas utilizarla sin ninguna duda.<\/p>\n<p><strong>Compacta y lista para su pr\u00f3xima aventura<\/strong><br \/>\nCon una longitud total de 20,9 cm, la Tibia ofrece el equilibrio perfecto entre tama\u00f1o compacto y versatilidad. Ya sea para el uso diario o para ocasiones especiales, esta navaja se convertir\u00e1 r\u00e1pidamente en tu compa\u00f1ero indispensable y en el centro de todas las miradas.<\/p>\n<p>Estamos muy orgullosos de presentarle los resultados de esta colaboraci\u00f3n tan especial.<\/p>\n","protected":false},"excerpt":{"rendered":"<p>Tibia &#8211; La navaja para verdaderos expertos Descubre la Tibia, una navaja de bolsillo creada gracias a la colaboraci\u00f3n del conocido YouTuber estadounidense Jim Skelton y el equipo de Bastards Knives. Esta excepcional herramienta combina precisi\u00f3n, estilo y funcionalidad en un dise\u00f1o de formas perfectas que superar\u00e1 sus expectativas. Hoja de Sax de primera calidad&#8230;<\/p>\n","protected":false},"featured_media":5574,"template":"","meta":[],"product_brand":[],"product_cat":[18,760,1068],"product_tag":[],"class_list":{"0":"post-5610","1":"product","2":"type-product","3":"status-publish","4":"has-post-thumbnail","6":"product_cat-bastards-knives","7":"product_cat-cuchillos-y-navajas","8":"product_cat-jim-skelton-3","10":"first","11":"instock","12":"taxable","13":"shipping-taxable","14":"purchasable","15":"product-type-simple"},"acf":[],"yoast_head":"<!-- This site is optimized with the Yoast SEO plugin v23.1 - https:\/\/yoast.com\/wordpress\/plugins\/seo\/ -->\n<title>Tibia - Bastards Knives<\/title>\n<meta name=\"robots\" content=\"index, follow, max-snippet:-1, max-image-preview:large, max-video-preview:-1\" \/>\n<link rel=\"canonical\" href=\"https:\/\/bastardsknives.com\/es\/producto\/tibia\/\" \/>\n<meta property=\"og:locale\" content=\"es_ES\" \/>\n<meta property=\"og:type\" content=\"article\" \/>\n<meta property=\"og:title\" content=\"Tibia - Bastards Knives\" \/>\n<meta property=\"og:description\" content=\"Tibia &#8211; La navaja para verdaderos expertos Descubre la Tibia, una navaja de bolsillo creada gracias a la colaboraci\u00f3n del conocido YouTuber estadounidense Jim Skelton y el equipo de Bastards Knives. Esta excepcional herramienta combina precisi\u00f3n, estilo y funcionalidad en un dise\u00f1o de formas perfectas que superar\u00e1 sus expectativas. Hoja de Sax de primera calidad...\" \/>\n<meta property=\"og:url\" content=\"https:\/\/bastardsknives.com\/es\/producto\/tibia\/\" \/>\n<meta property=\"og:site_name\" content=\"Bastards Knives\" \/>\n<meta property=\"article:modified_time\" content=\"2025-06-09T00:24:10+00:00\" \/>\n<meta property=\"og:image\" content=\"https:\/\/bastardsknives.com\/wp-content\/uploads\/2024\/07\/tibia-2.jpg\" \/>\n\t<meta property=\"og:image:width\" content=\"800\" \/>\n\t<meta property=\"og:image:height\" content=\"800\" \/>\n\t<meta property=\"og:image:type\" content=\"image\/jpeg\" \/>\n<meta name=\"twitter:card\" content=\"summary_large_image\" \/>\n<meta name=\"twitter:label1\" content=\"Tiempo de lectura\" \/>\n\t<meta name=\"twitter:data1\" content=\"2 minutos\" \/>\n<script type=\"application\/ld+json\" class=\"yoast-schema-graph\">{\"@context\":\"https:\/\/schema.org\",\"@graph\":[{\"@type\":\"WebPage\",\"@id\":\"https:\/\/bastardsknives.com\/es\/producto\/tibia\/\",\"url\":\"https:\/\/bastardsknives.com\/es\/producto\/tibia\/\",\"name\":\"Tibia - Bastards Knives\",\"isPartOf\":{\"@id\":\"https:\/\/bastardsknives.com\/es\/#website\"},\"primaryImageOfPage\":{\"@id\":\"https:\/\/bastardsknives.com\/es\/producto\/tibia\/#primaryimage\"},\"image\":{\"@id\":\"https:\/\/bastardsknives.com\/es\/producto\/tibia\/#primaryimage\"},\"thumbnailUrl\":\"https:\/\/bastardsknives.com\/wp-content\/uploads\/2024\/07\/tibia-2.jpg\",\"datePublished\":\"2025-06-02T02:00:33+00:00\",\"dateModified\":\"2025-06-09T00:24:10+00:00\",\"breadcrumb\":{\"@id\":\"https:\/\/bastardsknives.com\/es\/producto\/tibia\/#breadcrumb\"},\"inLanguage\":\"es\",\"potentialAction\":[{\"@type\":\"ReadAction\",\"target\":[\"https:\/\/bastardsknives.com\/es\/producto\/tibia\/\"]}]},{\"@type\":\"ImageObject\",\"inLanguage\":\"es\",\"@id\":\"https:\/\/bastardsknives.com\/es\/producto\/tibia\/#primaryimage\",\"url\":\"https:\/\/bastardsknives.com\/wp-content\/uploads\/2024\/07\/tibia-2.jpg\",\"contentUrl\":\"https:\/\/bastardsknives.com\/wp-content\/uploads\/2024\/07\/tibia-2.jpg\",\"width\":800,\"height\":800},{\"@type\":\"BreadcrumbList\",\"@id\":\"https:\/\/bastardsknives.com\/es\/producto\/tibia\/#breadcrumb\",\"itemListElement\":[{\"@type\":\"ListItem\",\"position\":1,\"name\":\"Home\",\"item\":\"https:\/\/bastardsknives.com\/es\/\"},{\"@type\":\"ListItem\",\"position\":2,\"name\":\"Tienda\",\"item\":\"https:\/\/bastardsknives.com\/es\/tienda\/\"},{\"@type\":\"ListItem\",\"position\":3,\"name\":\"Tibia\"}]},{\"@type\":\"WebSite\",\"@id\":\"https:\/\/bastardsknives.com\/es\/#website\",\"url\":\"https:\/\/bastardsknives.com\/es\/\",\"name\":\"Bastards Knives\",\"description\":\"Bastards Knives | Viviendo al filo\",\"publisher\":{\"@id\":\"https:\/\/bastardsknives.com\/es\/#organization\"},\"potentialAction\":[{\"@type\":\"SearchAction\",\"target\":{\"@type\":\"EntryPoint\",\"urlTemplate\":\"https:\/\/bastardsknives.com\/es\/?s={search_term_string}\"},\"query-input\":\"required name=search_term_string\"}],\"inLanguage\":\"es\"},{\"@type\":\"Organization\",\"@id\":\"https:\/\/bastardsknives.com\/es\/#organization\",\"name\":\"Bastards Knives\",\"url\":\"https:\/\/bastardsknives.com\/es\/\",\"logo\":{\"@type\":\"ImageObject\",\"inLanguage\":\"es\",\"@id\":\"https:\/\/bastardsknives.com\/es\/#\/schema\/logo\/image\/\",\"url\":\"https:\/\/bastardsknives.com\/wp-content\/uploads\/2022\/07\/Logoprod1.png\",\"contentUrl\":\"https:\/\/bastardsknives.com\/wp-content\/uploads\/2022\/07\/Logoprod1.png\",\"width\":284,\"height\":122,\"caption\":\"Bastards Knives\"},\"image\":{\"@id\":\"https:\/\/bastardsknives.com\/es\/#\/schema\/logo\/image\/\"}}]}<\/script>\n<!-- \/ Yoast SEO plugin. -->","yoast_head_json":{"title":"Tibia - Bastards Knives","robots":{"index":"index","follow":"follow","max-snippet":"max-snippet:-1","max-image-preview":"max-image-preview:large","max-video-preview":"max-video-preview:-1"},"canonical":"https:\/\/bastardsknives.com\/es\/producto\/tibia\/","og_locale":"es_ES","og_type":"article","og_title":"Tibia - Bastards Knives","og_description":"Tibia &#8211; La navaja para verdaderos expertos Descubre la Tibia, una navaja de bolsillo creada gracias a la colaboraci\u00f3n del conocido YouTuber estadounidense Jim Skelton y el equipo de Bastards Knives. Esta excepcional herramienta combina precisi\u00f3n, estilo y funcionalidad en un dise\u00f1o de formas perfectas que superar\u00e1 sus expectativas. Hoja de Sax de primera calidad...","og_url":"https:\/\/bastardsknives.com\/es\/producto\/tibia\/","og_site_name":"Bastards Knives","article_modified_time":"2025-06-09T00:24:10+00:00","og_image":[{"width":800,"height":800,"url":"https:\/\/bastardsknives.com\/wp-content\/uploads\/2024\/07\/tibia-2.jpg","type":"image\/jpeg"}],"twitter_card":"summary_large_image","twitter_misc":{"Tiempo de lectura":"2 minutos"},"schema":{"@context":"https:\/\/schema.org","@graph":[{"@type":"WebPage","@id":"https:\/\/bastardsknives.com\/es\/producto\/tibia\/","url":"https:\/\/bastardsknives.com\/es\/producto\/tibia\/","name":"Tibia - Bastards Knives","isPartOf":{"@id":"https:\/\/bastardsknives.com\/es\/#website"},"primaryImageOfPage":{"@id":"https:\/\/bastardsknives.com\/es\/producto\/tibia\/#primaryimage"},"image":{"@id":"https:\/\/bastardsknives.com\/es\/producto\/tibia\/#primaryimage"},"thumbnailUrl":"https:\/\/bastardsknives.com\/wp-content\/uploads\/2024\/07\/tibia-2.jpg","datePublished":"2025-06-02T02:00:33+00:00","dateModified":"2025-06-09T00:24:10+00:00","breadcrumb":{"@id":"https:\/\/bastardsknives.com\/es\/producto\/tibia\/#breadcrumb"},"inLanguage":"es","potentialAction":[{"@type":"ReadAction","target":["https:\/\/bastardsknives.com\/es\/producto\/tibia\/"]}]},{"@type":"ImageObject","inLanguage":"es","@id":"https:\/\/bastardsknives.com\/es\/producto\/tibia\/#primaryimage","url":"https:\/\/bastardsknives.com\/wp-content\/uploads\/2024\/07\/tibia-2.jpg","contentUrl":"https:\/\/bastardsknives.com\/wp-content\/uploads\/2024\/07\/tibia-2.jpg","width":800,"height":800},{"@type":"BreadcrumbList","@id":"https:\/\/bastardsknives.com\/es\/producto\/tibia\/#breadcrumb","itemListElement":[{"@type":"ListItem","position":1,"name":"Home","item":"https:\/\/bastardsknives.com\/es\/"},{"@type":"ListItem","position":2,"name":"Tienda","item":"https:\/\/bastardsknives.com\/es\/tienda\/"},{"@type":"ListItem","position":3,"name":"Tibia"}]},{"@type":"WebSite","@id":"https:\/\/bastardsknives.com\/es\/#website","url":"https:\/\/bastardsknives.com\/es\/","name":"Bastards Knives","description":"Bastards Knives | Viviendo al filo","publisher":{"@id":"https:\/\/bastardsknives.com\/es\/#organization"},"potentialAction":[{"@type":"SearchAction","target":{"@type":"EntryPoint","urlTemplate":"https:\/\/bastardsknives.com\/es\/?s={search_term_string}"},"query-input":"required name=search_term_string"}],"inLanguage":"es"},{"@type":"Organization","@id":"https:\/\/bastardsknives.com\/es\/#organization","name":"Bastards Knives","url":"https:\/\/bastardsknives.com\/es\/","logo":{"@type":"ImageObject","inLanguage":"es","@id":"https:\/\/bastardsknives.com\/es\/#\/schema\/logo\/image\/","url":"https:\/\/bastardsknives.com\/wp-content\/uploads\/2022\/07\/Logoprod1.png","contentUrl":"https:\/\/bastardsknives.com\/wp-content\/uploads\/2022\/07\/Logoprod1.png","width":284,"height":122,"caption":"Bastards Knives"},"image":{"@id":"https:\/\/bastardsknives.com\/es\/#\/schema\/logo\/image\/"}}]}},"_links":{"self":[{"href":"https:\/\/bastardsknives.com\/es\/wp-json\/wp\/v2\/product\/5610","targetHints":{"allow":["GET"]}}],"collection":[{"href":"https:\/\/bastardsknives.com\/es\/wp-json\/wp\/v2\/product"}],"about":[{"href":"https:\/\/bastardsknives.com\/es\/wp-json\/wp\/v2\/types\/product"}],"wp:featuredmedia":[{"embeddable":true,"href":"https:\/\/bastardsknives.com\/es\/wp-json\/wp\/v2\/media\/5574"}],"wp:attachment":[{"href":"https:\/\/bastardsknives.com\/es\/wp-json\/wp\/v2\/media?parent=5610"}],"wp:term":[{"taxonomy":"product_brand","embeddable":true,"href":"https:\/\/bastardsknives.com\/es\/wp-json\/wp\/v2\/product_brand?post=5610"},{"taxonomy":"product_cat","embeddable":true,"href":"https:\/\/bastardsknives.com\/es\/wp-json\/wp\/v2\/product_cat?post=5610"},{"taxonomy":"product_tag","embeddable":true,"href":"https:\/\/bastardsknives.com\/es\/wp-json\/wp\/v2\/product_tag?post=5610"}],"curies":[{"name":"wp","href":"https:\/\/api.w.org\/{rel}","templated":true}]}}