{"id":5650,"date":"2025-05-19T01:00:56","date_gmt":"2025-05-19T01:00:56","guid":{"rendered":"https:\/\/bastardsknives.com\/producto\/venator-fixed-dark-matter-blue\/"},"modified":"2025-05-26T00:24:20","modified_gmt":"2025-05-26T00:24:20","slug":"venator-fixed-dark-matter-blue","status":"publish","type":"product","link":"https:\/\/bastardsknives.com\/es\/producto\/venator-fixed-dark-matter-blue\/","title":{"rendered":"Venator Fixed Dark Matter Blue"},"content":{"rendered":"<p>Es con gran placer y orgullo que presentamos lo que para nosotros es una exitosa obra maestra: la Venator Fixed Dark Matter Blue. Este fino cuchillo combina dise\u00f1o futurista y tradicional, funcionalidad y calidad en un conjunto impresionante. Como producto de \u00e9xito de nuestro laboratorio de ideas espa\u00f1ol, impresiona por sus sobresalientes prestaciones y su dise\u00f1o inconfundible. Como todos nuestros productos, este cuchillo es el resultado de mucha pasi\u00f3n y dedicaci\u00f3n para lanzar al mercado un producto robusto y elegante a la vez. Fue puesto a prueba con \u00e9xito en el formato de YouTube 7 vs. Wild en Canad\u00e1. Podemos afirmar sin ninguna duda que super\u00f3 todas las pruebas con nota.<\/p>\n<p>Con una longitud total de 21,5 cm, se adapta perfectamente a la mano e irradia resistencia y elegancia al mismo tiempo. La hoja de 10,9 cm de longitud est\u00e1 fabricada en acero N690co de alta calidad, con tratamiento criog\u00e9nico para maximizar su resistencia y filo. La forma ligeramente curvada de la hoja recurvada tiene un fino acabado de bead blast oscuro. La forma recurvada ofrece excelentes propiedades de corte, tanto para uso diario como en exteriores. Ya sean cortes finos o batoning, ning\u00fan problema para esta hoja.<\/p>\n<p>Las cachas del mango est\u00e1n fabricadas en el impresionante y elegante Dark Matter Blue, que adquirimos a nuestro valioso socio Fatcarbon de Lituania. Fatcarbon es conocido por sus variantes de fibra de carbono \u00fanicas y de alta calidad, que hacen de cada cuchillo un producto especial. Pero Fatcarbon no s\u00f3lo tiene muy buen aspecto, sino que tambi\u00e9n se adapta perfectamente a la mano. Mucha gente piensa que este cuchillo es un poco dif\u00edcil de manejar a primera vista, ya que es muy plano y fino, pero despu\u00e9s del primer tanteo se gana a cualquier esc\u00e9ptico.<\/p>\n<p>Este moderno cuchillo EDC viene con una funda de Kydex a medida que puede combinarse con la funda de Kydex de la carpeta Venator. Este d\u00fao din\u00e1mico es perfecto para las aventuras en la naturaleza. Pero la Venator Fixed tambi\u00e9n tiene un vers\u00e1til sistema de sujeci\u00f3n para llevarla c\u00f3modamente en el cintur\u00f3n o en la mochila. Perfecta para cuando no quieras decidir entre un cuchillo o una navaja.<\/p>\n<p>Conv\u00e9ncete de la calidad y el dise\u00f1o de la Venator Fixed Dark Matter Blue y siente lo que significa la verdadera artesan\u00eda. Una acertada combinaci\u00f3n de pasi\u00f3n, calidad y funcionalidad<\/p>\n","protected":false},"excerpt":{"rendered":"<p>Es con gran placer y orgullo que presentamos lo que para nosotros es una exitosa obra maestra: la Venator Fixed Dark Matter Blue. Este fino cuchillo combina dise\u00f1o futurista y tradicional, funcionalidad y calidad en un conjunto impresionante. Como producto de \u00e9xito de nuestro laboratorio de ideas espa\u00f1ol, impresiona por sus sobresalientes prestaciones y su&#8230;<\/p>\n","protected":false},"featured_media":5649,"template":"","meta":[],"product_brand":[],"product_cat":[18,761,760,762],"product_tag":[815,809,812,808,816,813,811,810,814],"class_list":{"0":"post-5650","1":"product","2":"type-product","3":"status-publish","4":"has-post-thumbnail","6":"product_cat-bastards-knives","7":"product_cat-carbono","8":"product_cat-cuchillos-y-navajas","9":"product_cat-inoxidable","10":"product_tag-bestech-es","11":"product_tag-edc-es","12":"product_tag-fatcarbon-es","13":"product_tag-fixed-es","14":"product_tag-knife-es","15":"product_tag-kydex-es","16":"product_tag-n690-es","17":"product_tag-recurve-es","18":"product_tag-spain-es","20":"first","21":"instock","22":"taxable","23":"shipping-taxable","24":"purchasable","25":"product-type-simple"},"acf":[],"yoast_head":"<!-- This site is optimized with the Yoast SEO plugin v23.1 - https:\/\/yoast.com\/wordpress\/plugins\/seo\/ -->\n<title>Venator Fixed Dark Matter Blue - Bastards Knives<\/title>\n<meta name=\"robots\" content=\"index, follow, max-snippet:-1, max-image-preview:large, max-video-preview:-1\" \/>\n<link rel=\"canonical\" href=\"https:\/\/bastardsknives.com\/es\/producto\/venator-fixed-dark-matter-blue\/\" \/>\n<meta property=\"og:locale\" content=\"es_ES\" \/>\n<meta property=\"og:type\" content=\"article\" \/>\n<meta property=\"og:title\" content=\"Venator Fixed Dark Matter Blue - Bastards Knives\" \/>\n<meta property=\"og:description\" content=\"Es con gran placer y orgullo que presentamos lo que para nosotros es una exitosa obra maestra: la Venator Fixed Dark Matter Blue. Este fino cuchillo combina dise\u00f1o futurista y tradicional, funcionalidad y calidad en un conjunto impresionante. Como producto de \u00e9xito de nuestro laboratorio de ideas espa\u00f1ol, impresiona por sus sobresalientes prestaciones y su...\" \/>\n<meta property=\"og:url\" content=\"https:\/\/bastardsknives.com\/es\/producto\/venator-fixed-dark-matter-blue\/\" \/>\n<meta property=\"og:site_name\" content=\"Bastards Knives\" \/>\n<meta property=\"article:modified_time\" content=\"2025-05-26T00:24:20+00:00\" \/>\n<meta property=\"og:image\" content=\"https:\/\/bastardsknives.com\/wp-content\/uploads\/2024\/07\/Venator_fixed_DMBL_4.jpg\" \/>\n\t<meta property=\"og:image:width\" content=\"800\" \/>\n\t<meta property=\"og:image:height\" content=\"800\" \/>\n\t<meta property=\"og:image:type\" content=\"image\/jpeg\" \/>\n<meta name=\"twitter:card\" content=\"summary_large_image\" \/>\n<meta name=\"twitter:label1\" content=\"Tiempo de lectura\" \/>\n\t<meta name=\"twitter:data1\" content=\"3 minutos\" \/>\n<script type=\"application\/ld+json\" class=\"yoast-schema-graph\">{\"@context\":\"https:\/\/schema.org\",\"@graph\":[{\"@type\":\"WebPage\",\"@id\":\"https:\/\/bastardsknives.com\/es\/producto\/venator-fixed-dark-matter-blue\/\",\"url\":\"https:\/\/bastardsknives.com\/es\/producto\/venator-fixed-dark-matter-blue\/\",\"name\":\"Venator Fixed Dark Matter Blue - Bastards Knives\",\"isPartOf\":{\"@id\":\"https:\/\/bastardsknives.com\/es\/#website\"},\"primaryImageOfPage\":{\"@id\":\"https:\/\/bastardsknives.com\/es\/producto\/venator-fixed-dark-matter-blue\/#primaryimage\"},\"image\":{\"@id\":\"https:\/\/bastardsknives.com\/es\/producto\/venator-fixed-dark-matter-blue\/#primaryimage\"},\"thumbnailUrl\":\"https:\/\/bastardsknives.com\/wp-content\/uploads\/2024\/07\/Venator_fixed_DMBL_4.jpg\",\"datePublished\":\"2025-05-19T01:00:56+00:00\",\"dateModified\":\"2025-05-26T00:24:20+00:00\",\"breadcrumb\":{\"@id\":\"https:\/\/bastardsknives.com\/es\/producto\/venator-fixed-dark-matter-blue\/#breadcrumb\"},\"inLanguage\":\"es\",\"potentialAction\":[{\"@type\":\"ReadAction\",\"target\":[\"https:\/\/bastardsknives.com\/es\/producto\/venator-fixed-dark-matter-blue\/\"]}]},{\"@type\":\"ImageObject\",\"inLanguage\":\"es\",\"@id\":\"https:\/\/bastardsknives.com\/es\/producto\/venator-fixed-dark-matter-blue\/#primaryimage\",\"url\":\"https:\/\/bastardsknives.com\/wp-content\/uploads\/2024\/07\/Venator_fixed_DMBL_4.jpg\",\"contentUrl\":\"https:\/\/bastardsknives.com\/wp-content\/uploads\/2024\/07\/Venator_fixed_DMBL_4.jpg\",\"width\":800,\"height\":800},{\"@type\":\"BreadcrumbList\",\"@id\":\"https:\/\/bastardsknives.com\/es\/producto\/venator-fixed-dark-matter-blue\/#breadcrumb\",\"itemListElement\":[{\"@type\":\"ListItem\",\"position\":1,\"name\":\"Home\",\"item\":\"https:\/\/bastardsknives.com\/es\/\"},{\"@type\":\"ListItem\",\"position\":2,\"name\":\"Tienda\",\"item\":\"https:\/\/bastardsknives.com\/es\/tienda\/\"},{\"@type\":\"ListItem\",\"position\":3,\"name\":\"Venator Fixed Dark Matter Blue\"}]},{\"@type\":\"WebSite\",\"@id\":\"https:\/\/bastardsknives.com\/es\/#website\",\"url\":\"https:\/\/bastardsknives.com\/es\/\",\"name\":\"Bastards Knives\",\"description\":\"Bastards Knives | Viviendo al filo\",\"publisher\":{\"@id\":\"https:\/\/bastardsknives.com\/es\/#organization\"},\"potentialAction\":[{\"@type\":\"SearchAction\",\"target\":{\"@type\":\"EntryPoint\",\"urlTemplate\":\"https:\/\/bastardsknives.com\/es\/?s={search_term_string}\"},\"query-input\":\"required name=search_term_string\"}],\"inLanguage\":\"es\"},{\"@type\":\"Organization\",\"@id\":\"https:\/\/bastardsknives.com\/es\/#organization\",\"name\":\"Bastards Knives\",\"url\":\"https:\/\/bastardsknives.com\/es\/\",\"logo\":{\"@type\":\"ImageObject\",\"inLanguage\":\"es\",\"@id\":\"https:\/\/bastardsknives.com\/es\/#\/schema\/logo\/image\/\",\"url\":\"https:\/\/bastardsknives.com\/wp-content\/uploads\/2022\/07\/Logoprod1.png\",\"contentUrl\":\"https:\/\/bastardsknives.com\/wp-content\/uploads\/2022\/07\/Logoprod1.png\",\"width\":284,\"height\":122,\"caption\":\"Bastards Knives\"},\"image\":{\"@id\":\"https:\/\/bastardsknives.com\/es\/#\/schema\/logo\/image\/\"}}]}<\/script>\n<!-- \/ Yoast SEO plugin. -->","yoast_head_json":{"title":"Venator Fixed Dark Matter Blue - Bastards Knives","robots":{"index":"index","follow":"follow","max-snippet":"max-snippet:-1","max-image-preview":"max-image-preview:large","max-video-preview":"max-video-preview:-1"},"canonical":"https:\/\/bastardsknives.com\/es\/producto\/venator-fixed-dark-matter-blue\/","og_locale":"es_ES","og_type":"article","og_title":"Venator Fixed Dark Matter Blue - Bastards Knives","og_description":"Es con gran placer y orgullo que presentamos lo que para nosotros es una exitosa obra maestra: la Venator Fixed Dark Matter Blue. Este fino cuchillo combina dise\u00f1o futurista y tradicional, funcionalidad y calidad en un conjunto impresionante. Como producto de \u00e9xito de nuestro laboratorio de ideas espa\u00f1ol, impresiona por sus sobresalientes prestaciones y su...","og_url":"https:\/\/bastardsknives.com\/es\/producto\/venator-fixed-dark-matter-blue\/","og_site_name":"Bastards Knives","article_modified_time":"2025-05-26T00:24:20+00:00","og_image":[{"width":800,"height":800,"url":"https:\/\/bastardsknives.com\/wp-content\/uploads\/2024\/07\/Venator_fixed_DMBL_4.jpg","type":"image\/jpeg"}],"twitter_card":"summary_large_image","twitter_misc":{"Tiempo de lectura":"3 minutos"},"schema":{"@context":"https:\/\/schema.org","@graph":[{"@type":"WebPage","@id":"https:\/\/bastardsknives.com\/es\/producto\/venator-fixed-dark-matter-blue\/","url":"https:\/\/bastardsknives.com\/es\/producto\/venator-fixed-dark-matter-blue\/","name":"Venator Fixed Dark Matter Blue - Bastards Knives","isPartOf":{"@id":"https:\/\/bastardsknives.com\/es\/#website"},"primaryImageOfPage":{"@id":"https:\/\/bastardsknives.com\/es\/producto\/venator-fixed-dark-matter-blue\/#primaryimage"},"image":{"@id":"https:\/\/bastardsknives.com\/es\/producto\/venator-fixed-dark-matter-blue\/#primaryimage"},"thumbnailUrl":"https:\/\/bastardsknives.com\/wp-content\/uploads\/2024\/07\/Venator_fixed_DMBL_4.jpg","datePublished":"2025-05-19T01:00:56+00:00","dateModified":"2025-05-26T00:24:20+00:00","breadcrumb":{"@id":"https:\/\/bastardsknives.com\/es\/producto\/venator-fixed-dark-matter-blue\/#breadcrumb"},"inLanguage":"es","potentialAction":[{"@type":"ReadAction","target":["https:\/\/bastardsknives.com\/es\/producto\/venator-fixed-dark-matter-blue\/"]}]},{"@type":"ImageObject","inLanguage":"es","@id":"https:\/\/bastardsknives.com\/es\/producto\/venator-fixed-dark-matter-blue\/#primaryimage","url":"https:\/\/bastardsknives.com\/wp-content\/uploads\/2024\/07\/Venator_fixed_DMBL_4.jpg","contentUrl":"https:\/\/bastardsknives.com\/wp-content\/uploads\/2024\/07\/Venator_fixed_DMBL_4.jpg","width":800,"height":800},{"@type":"BreadcrumbList","@id":"https:\/\/bastardsknives.com\/es\/producto\/venator-fixed-dark-matter-blue\/#breadcrumb","itemListElement":[{"@type":"ListItem","position":1,"name":"Home","item":"https:\/\/bastardsknives.com\/es\/"},{"@type":"ListItem","position":2,"name":"Tienda","item":"https:\/\/bastardsknives.com\/es\/tienda\/"},{"@type":"ListItem","position":3,"name":"Venator Fixed Dark Matter Blue"}]},{"@type":"WebSite","@id":"https:\/\/bastardsknives.com\/es\/#website","url":"https:\/\/bastardsknives.com\/es\/","name":"Bastards Knives","description":"Bastards Knives | Viviendo al filo","publisher":{"@id":"https:\/\/bastardsknives.com\/es\/#organization"},"potentialAction":[{"@type":"SearchAction","target":{"@type":"EntryPoint","urlTemplate":"https:\/\/bastardsknives.com\/es\/?s={search_term_string}"},"query-input":"required name=search_term_string"}],"inLanguage":"es"},{"@type":"Organization","@id":"https:\/\/bastardsknives.com\/es\/#organization","name":"Bastards Knives","url":"https:\/\/bastardsknives.com\/es\/","logo":{"@type":"ImageObject","inLanguage":"es","@id":"https:\/\/bastardsknives.com\/es\/#\/schema\/logo\/image\/","url":"https:\/\/bastardsknives.com\/wp-content\/uploads\/2022\/07\/Logoprod1.png","contentUrl":"https:\/\/bastardsknives.com\/wp-content\/uploads\/2022\/07\/Logoprod1.png","width":284,"height":122,"caption":"Bastards Knives"},"image":{"@id":"https:\/\/bastardsknives.com\/es\/#\/schema\/logo\/image\/"}}]}},"_links":{"self":[{"href":"https:\/\/bastardsknives.com\/es\/wp-json\/wp\/v2\/product\/5650","targetHints":{"allow":["GET"]}}],"collection":[{"href":"https:\/\/bastardsknives.com\/es\/wp-json\/wp\/v2\/product"}],"about":[{"href":"https:\/\/bastardsknives.com\/es\/wp-json\/wp\/v2\/types\/product"}],"wp:featuredmedia":[{"embeddable":true,"href":"https:\/\/bastardsknives.com\/es\/wp-json\/wp\/v2\/media\/5649"}],"wp:attachment":[{"href":"https:\/\/bastardsknives.com\/es\/wp-json\/wp\/v2\/media?parent=5650"}],"wp:term":[{"taxonomy":"product_brand","embeddable":true,"href":"https:\/\/bastardsknives.com\/es\/wp-json\/wp\/v2\/product_brand?post=5650"},{"taxonomy":"product_cat","embeddable":true,"href":"https:\/\/bastardsknives.com\/es\/wp-json\/wp\/v2\/product_cat?post=5650"},{"taxonomy":"product_tag","embeddable":true,"href":"https:\/\/bastardsknives.com\/es\/wp-json\/wp\/v2\/product_tag?post=5650"}],"curies":[{"name":"wp","href":"https:\/\/api.w.org\/{rel}","templated":true}]}}