{"id":5670,"date":"2025-05-19T01:00:37","date_gmt":"2025-05-19T01:00:37","guid":{"rendered":"https:\/\/bastardsknives.com\/?post_type=product&#038;p=5670"},"modified":"2025-05-26T00:24:19","modified_gmt":"2025-05-26T00:24:19","slug":"navaja-venator-folder-dark-matter-blue","status":"publish","type":"product","link":"https:\/\/bastardsknives.com\/es\/producto\/navaja-venator-folder-dark-matter-blue\/","title":{"rendered":"Venator Folder Dark Matter Blue"},"content":{"rendered":"<p>La Venator Folder es la \u00faltima novedad de nuestro laboratorio de ideas espa\u00f1ol y la compa\u00f1era perfecta para tus aventuras diarias. Si est\u00e1s buscando una navaja de bolsillo que combine funcionalidad, estilo y durabilidad, entonces la Venator Folder es justo lo que necesitas.<\/p>\n<p>Esta navaja EDC hecha con cari\u00f1o est\u00e1 dise\u00f1ada para satisfacer las necesidades tanto de un mafioso como de un fiscal. Ofrece un rendimiento fiable en el uso diario y tambi\u00e9n impresiona en el uso profesional. Ya sea en la jungla urbana o en la naturaleza, la Venator Folder es una verdadera obra maestra que combina la sofisticaci\u00f3n moderna con una excelente artesan\u00eda. Materiales de alta calidad y artesan\u00eda de primera clase se unen aqu\u00ed. Esta sofisticada navaja plegable es sin\u00f3nimo de precisi\u00f3n y dise\u00f1o impecable. La hoja est\u00e1 hecha de acero inoxidable B\u00f6hler N690 y ha sido tratada con un proceso criog\u00e9nico para garantizar la m\u00e1xima resistencia y retenci\u00f3n del filo. El acabado granallado oscuro no s\u00f3lo confiere elegancia a la navaja, sino que tambi\u00e9n ofrece una excepcional resistencia a la corrosi\u00f3n y un aspecto impresionante.<\/p>\n<p>Esta moderna navaja plegable impresiona por su dise\u00f1o elegante y armonioso, pero tambi\u00e9n por su robustez y brusquedad. Un convertidor entre mundos y un concepto excepcional. El impresionante dise\u00f1o de la navaja Venator irradia un encanto atemporal y destaca claramente entre la multitud de navajas EDC modernas. El mango est\u00e1 fabricado en Fatcarbon en un elegante color Dark Matter Blue con un exquisito acabado superficial de tacto sedoso. Los forros de acero inoxidable y el acabado Dark Bead Blast de la hoja garantizan un aspecto elegante y homog\u00e9neo. Los tornillos, el espaciador y el clip de titanio redondean el dise\u00f1o a la perfecci\u00f3n.<\/p>\n<p>El suave funcionamiento y la r\u00e1pida acci\u00f3n impresionan con el primer *click* de la hoja al engranar. La mec\u00e1nica de la hoja de la Venator Folder proporciona una experiencia de usuario excepcional. El bloqueo completo de la hoja har\u00e1 las delicias de los amantes de las navajas, mientras que el mecanismo de bloqueo del forro garantiza una sujeci\u00f3n segura. El clip de titanio ambidiestro y los pines de empu\u00f1adura ambidiestros ofrecen opciones de transporte vers\u00e1tiles para usuarios diestros y zurdos.<\/p>\n<p>Dimensiones perfectas para el uso diario. Con una longitud de hoja de 9,5 cm y una longitud total de 23 cm, la Venator Folder ofrece el equilibrio ideal entre funcionalidad y portabilidad. Esta vers\u00e1til herramienta permite realizar una amplia gama de tareas, desde cortar y rebanar hasta retos m\u00e1s exigentes. La hoja recurvada garantiza un excelente rendimiento de corte, ya sea para cortar filetes o madera dura. La Venator Folder impresiona por su atenci\u00f3n al detalle y sus dimensiones equilibradas. Destaca inmediatamente el excelente tacto de las gruesas escamas de carbono del mango y el pr\u00e1ctico agujero para cord\u00f3n permite la personalizaci\u00f3n individual con un lanyard. El dise\u00f1o bien pensado se completa con el clip de bolsillo reversible y el logotipo en ambos lados de la hoja.<\/p>\n<p>La Venator Folder Dark Matter Blue de Bastards Knives es la personificaci\u00f3n de una navaja EDC de alta calidad que apela a tu gusto cultivado y esp\u00edritu aventurero. Su combinaci\u00f3n de sofisticaci\u00f3n urbana y robusta fiabilidad convierte cada aventura en una experiencia inolvidable.<\/p>\n","protected":false},"excerpt":{"rendered":"<p>La Venator Folder es una navaja que combina funcionalidad y estilo con su hoja de acero inoxidable B\u00f6hler N690 y mango de Fatcarbon Dark Matter Blue.<\/p>\n","protected":false},"featured_media":5680,"template":"","meta":[],"product_brand":[],"product_cat":[18,760,762],"product_tag":[809,812,1046,1045],"class_list":{"0":"post-5670","1":"product","2":"type-product","3":"status-publish","4":"has-post-thumbnail","6":"product_cat-bastards-knives","7":"product_cat-cuchillos-y-navajas","8":"product_cat-inoxidable","9":"product_tag-edc-es","10":"product_tag-fatcarbon-es","11":"product_tag-folder","12":"product_tag-venator","14":"first","15":"instock","16":"taxable","17":"shipping-taxable","18":"purchasable","19":"product-type-simple"},"acf":[],"yoast_head":"<!-- This site is optimized with the Yoast SEO plugin v23.1 - https:\/\/yoast.com\/wordpress\/plugins\/seo\/ -->\n<title>Venator Folder Dark Matter Blue - Bastards Knives<\/title>\n<meta name=\"robots\" content=\"index, follow, max-snippet:-1, max-image-preview:large, max-video-preview:-1\" \/>\n<link rel=\"canonical\" href=\"https:\/\/bastardsknives.com\/es\/producto\/navaja-venator-folder-dark-matter-blue\/\" \/>\n<meta property=\"og:locale\" content=\"es_ES\" \/>\n<meta property=\"og:type\" content=\"article\" \/>\n<meta property=\"og:title\" content=\"Venator Folder Dark Matter Blue - Bastards Knives\" \/>\n<meta property=\"og:description\" content=\"La Venator Folder es una navaja que combina funcionalidad y estilo con su hoja de acero inoxidable B\u00f6hler N690 y mango de Fatcarbon Dark Matter Blue.\" \/>\n<meta property=\"og:url\" content=\"https:\/\/bastardsknives.com\/es\/producto\/navaja-venator-folder-dark-matter-blue\/\" \/>\n<meta property=\"og:site_name\" content=\"Bastards Knives\" \/>\n<meta property=\"article:modified_time\" content=\"2025-05-26T00:24:19+00:00\" \/>\n<meta property=\"og:image\" content=\"https:\/\/bastardsknives.com\/wp-content\/uploads\/2024\/07\/Verstorben-folder-dark-matter-blue-4-1-scaled.jpeg\" \/>\n\t<meta property=\"og:image:width\" content=\"2560\" \/>\n\t<meta property=\"og:image:height\" content=\"2560\" \/>\n\t<meta property=\"og:image:type\" content=\"image\/jpeg\" \/>\n<meta name=\"twitter:card\" content=\"summary_large_image\" \/>\n<meta name=\"twitter:label1\" content=\"Tiempo de lectura\" \/>\n\t<meta name=\"twitter:data1\" content=\"4 minutos\" \/>\n<script type=\"application\/ld+json\" class=\"yoast-schema-graph\">{\"@context\":\"https:\/\/schema.org\",\"@graph\":[{\"@type\":\"WebPage\",\"@id\":\"https:\/\/bastardsknives.com\/es\/producto\/navaja-venator-folder-dark-matter-blue\/\",\"url\":\"https:\/\/bastardsknives.com\/es\/producto\/navaja-venator-folder-dark-matter-blue\/\",\"name\":\"Venator Folder Dark Matter Blue - Bastards Knives\",\"isPartOf\":{\"@id\":\"https:\/\/bastardsknives.com\/es\/#website\"},\"primaryImageOfPage\":{\"@id\":\"https:\/\/bastardsknives.com\/es\/producto\/navaja-venator-folder-dark-matter-blue\/#primaryimage\"},\"image\":{\"@id\":\"https:\/\/bastardsknives.com\/es\/producto\/navaja-venator-folder-dark-matter-blue\/#primaryimage\"},\"thumbnailUrl\":\"https:\/\/bastardsknives.com\/wp-content\/uploads\/2024\/07\/Verstorben-folder-dark-matter-blue-4-1-scaled.jpeg\",\"datePublished\":\"2025-05-19T01:00:37+00:00\",\"dateModified\":\"2025-05-26T00:24:19+00:00\",\"breadcrumb\":{\"@id\":\"https:\/\/bastardsknives.com\/es\/producto\/navaja-venator-folder-dark-matter-blue\/#breadcrumb\"},\"inLanguage\":\"es\",\"potentialAction\":[{\"@type\":\"ReadAction\",\"target\":[\"https:\/\/bastardsknives.com\/es\/producto\/navaja-venator-folder-dark-matter-blue\/\"]}]},{\"@type\":\"ImageObject\",\"inLanguage\":\"es\",\"@id\":\"https:\/\/bastardsknives.com\/es\/producto\/navaja-venator-folder-dark-matter-blue\/#primaryimage\",\"url\":\"https:\/\/bastardsknives.com\/wp-content\/uploads\/2024\/07\/Verstorben-folder-dark-matter-blue-4-1-scaled.jpeg\",\"contentUrl\":\"https:\/\/bastardsknives.com\/wp-content\/uploads\/2024\/07\/Verstorben-folder-dark-matter-blue-4-1-scaled.jpeg\",\"width\":2560,\"height\":2560},{\"@type\":\"BreadcrumbList\",\"@id\":\"https:\/\/bastardsknives.com\/es\/producto\/navaja-venator-folder-dark-matter-blue\/#breadcrumb\",\"itemListElement\":[{\"@type\":\"ListItem\",\"position\":1,\"name\":\"Home\",\"item\":\"https:\/\/bastardsknives.com\/es\/\"},{\"@type\":\"ListItem\",\"position\":2,\"name\":\"Tienda\",\"item\":\"https:\/\/bastardsknives.com\/es\/tienda\/\"},{\"@type\":\"ListItem\",\"position\":3,\"name\":\"Venator Folder Dark Matter Blue\"}]},{\"@type\":\"WebSite\",\"@id\":\"https:\/\/bastardsknives.com\/es\/#website\",\"url\":\"https:\/\/bastardsknives.com\/es\/\",\"name\":\"Bastards Knives\",\"description\":\"Bastards Knives | Viviendo al filo\",\"publisher\":{\"@id\":\"https:\/\/bastardsknives.com\/es\/#organization\"},\"potentialAction\":[{\"@type\":\"SearchAction\",\"target\":{\"@type\":\"EntryPoint\",\"urlTemplate\":\"https:\/\/bastardsknives.com\/es\/?s={search_term_string}\"},\"query-input\":\"required name=search_term_string\"}],\"inLanguage\":\"es\"},{\"@type\":\"Organization\",\"@id\":\"https:\/\/bastardsknives.com\/es\/#organization\",\"name\":\"Bastards Knives\",\"url\":\"https:\/\/bastardsknives.com\/es\/\",\"logo\":{\"@type\":\"ImageObject\",\"inLanguage\":\"es\",\"@id\":\"https:\/\/bastardsknives.com\/es\/#\/schema\/logo\/image\/\",\"url\":\"https:\/\/bastardsknives.com\/wp-content\/uploads\/2022\/07\/Logoprod1.png\",\"contentUrl\":\"https:\/\/bastardsknives.com\/wp-content\/uploads\/2022\/07\/Logoprod1.png\",\"width\":284,\"height\":122,\"caption\":\"Bastards Knives\"},\"image\":{\"@id\":\"https:\/\/bastardsknives.com\/es\/#\/schema\/logo\/image\/\"}}]}<\/script>\n<!-- \/ Yoast SEO plugin. -->","yoast_head_json":{"title":"Venator Folder Dark Matter Blue - Bastards Knives","robots":{"index":"index","follow":"follow","max-snippet":"max-snippet:-1","max-image-preview":"max-image-preview:large","max-video-preview":"max-video-preview:-1"},"canonical":"https:\/\/bastardsknives.com\/es\/producto\/navaja-venator-folder-dark-matter-blue\/","og_locale":"es_ES","og_type":"article","og_title":"Venator Folder Dark Matter Blue - Bastards Knives","og_description":"La Venator Folder es una navaja que combina funcionalidad y estilo con su hoja de acero inoxidable B\u00f6hler N690 y mango de Fatcarbon Dark Matter Blue.","og_url":"https:\/\/bastardsknives.com\/es\/producto\/navaja-venator-folder-dark-matter-blue\/","og_site_name":"Bastards Knives","article_modified_time":"2025-05-26T00:24:19+00:00","og_image":[{"width":2560,"height":2560,"url":"https:\/\/bastardsknives.com\/wp-content\/uploads\/2024\/07\/Verstorben-folder-dark-matter-blue-4-1-scaled.jpeg","type":"image\/jpeg"}],"twitter_card":"summary_large_image","twitter_misc":{"Tiempo de lectura":"4 minutos"},"schema":{"@context":"https:\/\/schema.org","@graph":[{"@type":"WebPage","@id":"https:\/\/bastardsknives.com\/es\/producto\/navaja-venator-folder-dark-matter-blue\/","url":"https:\/\/bastardsknives.com\/es\/producto\/navaja-venator-folder-dark-matter-blue\/","name":"Venator Folder Dark Matter Blue - Bastards Knives","isPartOf":{"@id":"https:\/\/bastardsknives.com\/es\/#website"},"primaryImageOfPage":{"@id":"https:\/\/bastardsknives.com\/es\/producto\/navaja-venator-folder-dark-matter-blue\/#primaryimage"},"image":{"@id":"https:\/\/bastardsknives.com\/es\/producto\/navaja-venator-folder-dark-matter-blue\/#primaryimage"},"thumbnailUrl":"https:\/\/bastardsknives.com\/wp-content\/uploads\/2024\/07\/Verstorben-folder-dark-matter-blue-4-1-scaled.jpeg","datePublished":"2025-05-19T01:00:37+00:00","dateModified":"2025-05-26T00:24:19+00:00","breadcrumb":{"@id":"https:\/\/bastardsknives.com\/es\/producto\/navaja-venator-folder-dark-matter-blue\/#breadcrumb"},"inLanguage":"es","potentialAction":[{"@type":"ReadAction","target":["https:\/\/bastardsknives.com\/es\/producto\/navaja-venator-folder-dark-matter-blue\/"]}]},{"@type":"ImageObject","inLanguage":"es","@id":"https:\/\/bastardsknives.com\/es\/producto\/navaja-venator-folder-dark-matter-blue\/#primaryimage","url":"https:\/\/bastardsknives.com\/wp-content\/uploads\/2024\/07\/Verstorben-folder-dark-matter-blue-4-1-scaled.jpeg","contentUrl":"https:\/\/bastardsknives.com\/wp-content\/uploads\/2024\/07\/Verstorben-folder-dark-matter-blue-4-1-scaled.jpeg","width":2560,"height":2560},{"@type":"BreadcrumbList","@id":"https:\/\/bastardsknives.com\/es\/producto\/navaja-venator-folder-dark-matter-blue\/#breadcrumb","itemListElement":[{"@type":"ListItem","position":1,"name":"Home","item":"https:\/\/bastardsknives.com\/es\/"},{"@type":"ListItem","position":2,"name":"Tienda","item":"https:\/\/bastardsknives.com\/es\/tienda\/"},{"@type":"ListItem","position":3,"name":"Venator Folder Dark Matter Blue"}]},{"@type":"WebSite","@id":"https:\/\/bastardsknives.com\/es\/#website","url":"https:\/\/bastardsknives.com\/es\/","name":"Bastards Knives","description":"Bastards Knives | Viviendo al filo","publisher":{"@id":"https:\/\/bastardsknives.com\/es\/#organization"},"potentialAction":[{"@type":"SearchAction","target":{"@type":"EntryPoint","urlTemplate":"https:\/\/bastardsknives.com\/es\/?s={search_term_string}"},"query-input":"required name=search_term_string"}],"inLanguage":"es"},{"@type":"Organization","@id":"https:\/\/bastardsknives.com\/es\/#organization","name":"Bastards Knives","url":"https:\/\/bastardsknives.com\/es\/","logo":{"@type":"ImageObject","inLanguage":"es","@id":"https:\/\/bastardsknives.com\/es\/#\/schema\/logo\/image\/","url":"https:\/\/bastardsknives.com\/wp-content\/uploads\/2022\/07\/Logoprod1.png","contentUrl":"https:\/\/bastardsknives.com\/wp-content\/uploads\/2022\/07\/Logoprod1.png","width":284,"height":122,"caption":"Bastards Knives"},"image":{"@id":"https:\/\/bastardsknives.com\/es\/#\/schema\/logo\/image\/"}}]}},"_links":{"self":[{"href":"https:\/\/bastardsknives.com\/es\/wp-json\/wp\/v2\/product\/5670","targetHints":{"allow":["GET"]}}],"collection":[{"href":"https:\/\/bastardsknives.com\/es\/wp-json\/wp\/v2\/product"}],"about":[{"href":"https:\/\/bastardsknives.com\/es\/wp-json\/wp\/v2\/types\/product"}],"wp:featuredmedia":[{"embeddable":true,"href":"https:\/\/bastardsknives.com\/es\/wp-json\/wp\/v2\/media\/5680"}],"wp:attachment":[{"href":"https:\/\/bastardsknives.com\/es\/wp-json\/wp\/v2\/media?parent=5670"}],"wp:term":[{"taxonomy":"product_brand","embeddable":true,"href":"https:\/\/bastardsknives.com\/es\/wp-json\/wp\/v2\/product_brand?post=5670"},{"taxonomy":"product_cat","embeddable":true,"href":"https:\/\/bastardsknives.com\/es\/wp-json\/wp\/v2\/product_cat?post=5670"},{"taxonomy":"product_tag","embeddable":true,"href":"https:\/\/bastardsknives.com\/es\/wp-json\/wp\/v2\/product_tag?post=5670"}],"curies":[{"name":"wp","href":"https:\/\/api.w.org\/{rel}","templated":true}]}}