{"id":5719,"date":"2024-08-10T06:30:04","date_gmt":"2024-08-10T06:30:04","guid":{"rendered":"https:\/\/bastardsknives.com\/?post_type=product&#038;p=5719"},"modified":"2024-08-11T11:19:21","modified_gmt":"2024-08-11T11:19:21","slug":"tissk-damasco-balbach","status":"publish","type":"product","link":"https:\/\/bastardsknives.com\/es\/producto\/tissk-damasco-balbach\/","title":{"rendered":"TiSSK Damasco Balbach"},"content":{"rendered":"<p>El TiSSK de Bastards Knives destaca entre la multitud como un elegante cuchillo EDC desarrollado en colaboraci\u00f3n con UG-Tools y el dise\u00f1ador Christophe Verstappen. Este cuchillo ultraligero no es s\u00f3lo un compa\u00f1ero indispensable para el d\u00eda a d\u00eda, sino tambi\u00e9n una aut\u00e9ntica obra de arte que combina elegancia y funcionalidad al m\u00e1s alto nivel.<\/p>\n<p>TiSSK significa \u00abTitan Street Steak Knife\u00bb e impresiona por su impresionante hoja de Damasco Balbach. Este exclusivo acero de Damasco es conocido por su excepcional belleza y su llamativo dibujo, que hace que cada cuchillo sea \u00fanico. La hoja de 9 cm de longitud irradia una elegancia atemporal, que se acent\u00faa especialmente en combinaci\u00f3n con el fino mango de titanio gris. Con un grosor de hoja de 2,2 mm y un peso total de s\u00f3lo 40 gramos, la TiSSK ofrece un equilibrio perfecto entre ligereza y estabilidad.<\/p>\n<p>El mango de la TiSSK, fabricado en titanio impreso en 3D, mide 9,5 cm de largo y tiene el t\u00edpico dise\u00f1o de golpe de martillo. Este innovador m\u00e9todo de producci\u00f3n de UG-Tools garantiza una estabilidad impresionante, que se mantiene a pesar del bajo peso del cuchillo. El mango se adapta c\u00f3modamente a la mano y ofrece un agarre excelente, ideal para el caballero que valora el estilo y la funcionalidad. El elegante dise\u00f1o se complementa con un agujero para cord\u00f3n en el extremo de la empu\u00f1adura.<\/p>\n<p>Con una longitud total de 18,5 cm, el TiSSK es compacto y manejable, pero lo suficientemente robusto como para satisfacer las exigencias del uso diario. Es el cuchillo de caballero perfecto para ocasiones especiales, pero tambi\u00e9n una herramienta pr\u00e1ctica que demuestra su val\u00eda en el uso diario. La funda de bolsillo de cuero negro con clip incluida le permite llevarla con estilo y seguridad, ya sea en el bolsillo del pantal\u00f3n, en el cintur\u00f3n o en el equipaje.<\/p>\n<p>La TiSSK no es s\u00f3lo una navaja funcional, sino tambi\u00e9n una pieza de coleccionista. El logotipo ic\u00f3nico de Bastards Knives est\u00e1 estampado en la elegante hoja de Damasco, mientras que el logotipo de UG-Tools est\u00e1 impreso en 3D en titanio en el extremo del mango. Estos detalles dan al cuchillo su toque exclusivo y enfatizan el alto nivel de artesan\u00eda.<\/p>\n<p>El TiSSK de Bastards Knives con hoja de Damasco Balbach es m\u00e1s que un cuchillo: es un accesorio de lujo que combina elegancia y maestr\u00eda artesanal. Experimente la impresionante belleza de este cuchillo EDC \u00fanico y d\u00e9jese inspirar por su perfecta combinaci\u00f3n de estilo y funcionalidad. H\u00e1gase con esta exquisito cuchillo de caballero ahora que a\u00fan est\u00e1 disponible.<\/p>\n","protected":false},"excerpt":{"rendered":"<p>El TiSSK de Bastards Knives destaca entre la multitud como un elegante cuchillo EDC desarrollado en colaboraci\u00f3n con UG-Tools y el dise\u00f1ador Christophe Verstappen. Este cuchillo ultraligero no es s\u00f3lo un compa\u00f1ero indispensable para el d\u00eda a d\u00eda, sino tambi\u00e9n una aut\u00e9ntica obra de arte que combina elegancia y funcionalidad al m\u00e1s alto nivel. TiSSK&#8230;<\/p>\n","protected":false},"featured_media":5717,"template":"","meta":[],"product_brand":[],"product_cat":[18,760],"product_tag":[828,823,824,809,827,868,870,869,814,822],"class_list":{"0":"post-5719","1":"product","2":"type-product","3":"status-publish","4":"has-post-thumbnail","6":"product_cat-bastards-knives","7":"product_cat-cuchillos-y-navajas","8":"product_tag-3d-printed","9":"product_tag-bastards-knives","10":"product_tag-christophe-verstappen","11":"product_tag-edc-es","12":"product_tag-finger","13":"product_tag-gentleman-es","14":"product_tag-germany-es","15":"product_tag-leather-sheath-es","16":"product_tag-spain-es","17":"product_tag-ug-tools","19":"first","20":"outofstock","21":"taxable","22":"shipping-taxable","23":"purchasable","24":"product-type-simple"},"acf":[],"yoast_head":"<!-- This site is optimized with the Yoast SEO plugin v23.1 - https:\/\/yoast.com\/wordpress\/plugins\/seo\/ -->\n<title>TiSSK Damasco Balbach - Bastards Knives<\/title>\n<meta name=\"robots\" content=\"index, follow, max-snippet:-1, max-image-preview:large, max-video-preview:-1\" \/>\n<link rel=\"canonical\" href=\"https:\/\/bastardsknives.com\/es\/producto\/tissk-damasco-balbach\/\" \/>\n<meta property=\"og:locale\" content=\"es_ES\" \/>\n<meta property=\"og:type\" content=\"article\" \/>\n<meta property=\"og:title\" content=\"TiSSK Damasco Balbach - Bastards Knives\" \/>\n<meta property=\"og:description\" content=\"El TiSSK de Bastards Knives destaca entre la multitud como un elegante cuchillo EDC desarrollado en colaboraci\u00f3n con UG-Tools y el dise\u00f1ador Christophe Verstappen. Este cuchillo ultraligero no es s\u00f3lo un compa\u00f1ero indispensable para el d\u00eda a d\u00eda, sino tambi\u00e9n una aut\u00e9ntica obra de arte que combina elegancia y funcionalidad al m\u00e1s alto nivel. TiSSK...\" \/>\n<meta property=\"og:url\" content=\"https:\/\/bastardsknives.com\/es\/producto\/tissk-damasco-balbach\/\" \/>\n<meta property=\"og:site_name\" content=\"Bastards Knives\" \/>\n<meta property=\"article:modified_time\" content=\"2024-08-11T11:19:21+00:00\" \/>\n<meta property=\"og:image\" content=\"https:\/\/bastardsknives.com\/wp-content\/uploads\/2024\/07\/Ti_BaDam.jpeg\" \/>\n\t<meta property=\"og:image:width\" content=\"1890\" \/>\n\t<meta property=\"og:image:height\" content=\"1890\" \/>\n\t<meta property=\"og:image:type\" content=\"image\/jpeg\" \/>\n<meta name=\"twitter:card\" content=\"summary_large_image\" \/>\n<meta name=\"twitter:label1\" content=\"Tiempo de lectura\" \/>\n\t<meta name=\"twitter:data1\" content=\"3 minutos\" \/>\n<script type=\"application\/ld+json\" class=\"yoast-schema-graph\">{\"@context\":\"https:\/\/schema.org\",\"@graph\":[{\"@type\":\"WebPage\",\"@id\":\"https:\/\/bastardsknives.com\/es\/producto\/tissk-damasco-balbach\/\",\"url\":\"https:\/\/bastardsknives.com\/es\/producto\/tissk-damasco-balbach\/\",\"name\":\"TiSSK Damasco Balbach - Bastards Knives\",\"isPartOf\":{\"@id\":\"https:\/\/bastardsknives.com\/es\/#website\"},\"primaryImageOfPage\":{\"@id\":\"https:\/\/bastardsknives.com\/es\/producto\/tissk-damasco-balbach\/#primaryimage\"},\"image\":{\"@id\":\"https:\/\/bastardsknives.com\/es\/producto\/tissk-damasco-balbach\/#primaryimage\"},\"thumbnailUrl\":\"https:\/\/bastardsknives.com\/wp-content\/uploads\/2024\/07\/Ti_BaDam.jpeg\",\"datePublished\":\"2024-08-10T06:30:04+00:00\",\"dateModified\":\"2024-08-11T11:19:21+00:00\",\"breadcrumb\":{\"@id\":\"https:\/\/bastardsknives.com\/es\/producto\/tissk-damasco-balbach\/#breadcrumb\"},\"inLanguage\":\"es\",\"potentialAction\":[{\"@type\":\"ReadAction\",\"target\":[\"https:\/\/bastardsknives.com\/es\/producto\/tissk-damasco-balbach\/\"]}]},{\"@type\":\"ImageObject\",\"inLanguage\":\"es\",\"@id\":\"https:\/\/bastardsknives.com\/es\/producto\/tissk-damasco-balbach\/#primaryimage\",\"url\":\"https:\/\/bastardsknives.com\/wp-content\/uploads\/2024\/07\/Ti_BaDam.jpeg\",\"contentUrl\":\"https:\/\/bastardsknives.com\/wp-content\/uploads\/2024\/07\/Ti_BaDam.jpeg\",\"width\":1890,\"height\":1890},{\"@type\":\"BreadcrumbList\",\"@id\":\"https:\/\/bastardsknives.com\/es\/producto\/tissk-damasco-balbach\/#breadcrumb\",\"itemListElement\":[{\"@type\":\"ListItem\",\"position\":1,\"name\":\"Home\",\"item\":\"https:\/\/bastardsknives.com\/es\/\"},{\"@type\":\"ListItem\",\"position\":2,\"name\":\"Tienda\",\"item\":\"https:\/\/bastardsknives.com\/es\/tienda\/\"},{\"@type\":\"ListItem\",\"position\":3,\"name\":\"TiSSK Damasco Balbach\"}]},{\"@type\":\"WebSite\",\"@id\":\"https:\/\/bastardsknives.com\/es\/#website\",\"url\":\"https:\/\/bastardsknives.com\/es\/\",\"name\":\"Bastards Knives\",\"description\":\"Bastards Knives | Viviendo al filo\",\"publisher\":{\"@id\":\"https:\/\/bastardsknives.com\/es\/#organization\"},\"potentialAction\":[{\"@type\":\"SearchAction\",\"target\":{\"@type\":\"EntryPoint\",\"urlTemplate\":\"https:\/\/bastardsknives.com\/es\/?s={search_term_string}\"},\"query-input\":\"required name=search_term_string\"}],\"inLanguage\":\"es\"},{\"@type\":\"Organization\",\"@id\":\"https:\/\/bastardsknives.com\/es\/#organization\",\"name\":\"Bastards Knives\",\"url\":\"https:\/\/bastardsknives.com\/es\/\",\"logo\":{\"@type\":\"ImageObject\",\"inLanguage\":\"es\",\"@id\":\"https:\/\/bastardsknives.com\/es\/#\/schema\/logo\/image\/\",\"url\":\"https:\/\/bastardsknives.com\/wp-content\/uploads\/2022\/07\/Logoprod1.png\",\"contentUrl\":\"https:\/\/bastardsknives.com\/wp-content\/uploads\/2022\/07\/Logoprod1.png\",\"width\":284,\"height\":122,\"caption\":\"Bastards Knives\"},\"image\":{\"@id\":\"https:\/\/bastardsknives.com\/es\/#\/schema\/logo\/image\/\"}}]}<\/script>\n<!-- \/ Yoast SEO plugin. -->","yoast_head_json":{"title":"TiSSK Damasco Balbach - Bastards Knives","robots":{"index":"index","follow":"follow","max-snippet":"max-snippet:-1","max-image-preview":"max-image-preview:large","max-video-preview":"max-video-preview:-1"},"canonical":"https:\/\/bastardsknives.com\/es\/producto\/tissk-damasco-balbach\/","og_locale":"es_ES","og_type":"article","og_title":"TiSSK Damasco Balbach - Bastards Knives","og_description":"El TiSSK de Bastards Knives destaca entre la multitud como un elegante cuchillo EDC desarrollado en colaboraci\u00f3n con UG-Tools y el dise\u00f1ador Christophe Verstappen. Este cuchillo ultraligero no es s\u00f3lo un compa\u00f1ero indispensable para el d\u00eda a d\u00eda, sino tambi\u00e9n una aut\u00e9ntica obra de arte que combina elegancia y funcionalidad al m\u00e1s alto nivel. TiSSK...","og_url":"https:\/\/bastardsknives.com\/es\/producto\/tissk-damasco-balbach\/","og_site_name":"Bastards Knives","article_modified_time":"2024-08-11T11:19:21+00:00","og_image":[{"width":1890,"height":1890,"url":"https:\/\/bastardsknives.com\/wp-content\/uploads\/2024\/07\/Ti_BaDam.jpeg","type":"image\/jpeg"}],"twitter_card":"summary_large_image","twitter_misc":{"Tiempo de lectura":"3 minutos"},"schema":{"@context":"https:\/\/schema.org","@graph":[{"@type":"WebPage","@id":"https:\/\/bastardsknives.com\/es\/producto\/tissk-damasco-balbach\/","url":"https:\/\/bastardsknives.com\/es\/producto\/tissk-damasco-balbach\/","name":"TiSSK Damasco Balbach - Bastards Knives","isPartOf":{"@id":"https:\/\/bastardsknives.com\/es\/#website"},"primaryImageOfPage":{"@id":"https:\/\/bastardsknives.com\/es\/producto\/tissk-damasco-balbach\/#primaryimage"},"image":{"@id":"https:\/\/bastardsknives.com\/es\/producto\/tissk-damasco-balbach\/#primaryimage"},"thumbnailUrl":"https:\/\/bastardsknives.com\/wp-content\/uploads\/2024\/07\/Ti_BaDam.jpeg","datePublished":"2024-08-10T06:30:04+00:00","dateModified":"2024-08-11T11:19:21+00:00","breadcrumb":{"@id":"https:\/\/bastardsknives.com\/es\/producto\/tissk-damasco-balbach\/#breadcrumb"},"inLanguage":"es","potentialAction":[{"@type":"ReadAction","target":["https:\/\/bastardsknives.com\/es\/producto\/tissk-damasco-balbach\/"]}]},{"@type":"ImageObject","inLanguage":"es","@id":"https:\/\/bastardsknives.com\/es\/producto\/tissk-damasco-balbach\/#primaryimage","url":"https:\/\/bastardsknives.com\/wp-content\/uploads\/2024\/07\/Ti_BaDam.jpeg","contentUrl":"https:\/\/bastardsknives.com\/wp-content\/uploads\/2024\/07\/Ti_BaDam.jpeg","width":1890,"height":1890},{"@type":"BreadcrumbList","@id":"https:\/\/bastardsknives.com\/es\/producto\/tissk-damasco-balbach\/#breadcrumb","itemListElement":[{"@type":"ListItem","position":1,"name":"Home","item":"https:\/\/bastardsknives.com\/es\/"},{"@type":"ListItem","position":2,"name":"Tienda","item":"https:\/\/bastardsknives.com\/es\/tienda\/"},{"@type":"ListItem","position":3,"name":"TiSSK Damasco Balbach"}]},{"@type":"WebSite","@id":"https:\/\/bastardsknives.com\/es\/#website","url":"https:\/\/bastardsknives.com\/es\/","name":"Bastards Knives","description":"Bastards Knives | Viviendo al filo","publisher":{"@id":"https:\/\/bastardsknives.com\/es\/#organization"},"potentialAction":[{"@type":"SearchAction","target":{"@type":"EntryPoint","urlTemplate":"https:\/\/bastardsknives.com\/es\/?s={search_term_string}"},"query-input":"required name=search_term_string"}],"inLanguage":"es"},{"@type":"Organization","@id":"https:\/\/bastardsknives.com\/es\/#organization","name":"Bastards Knives","url":"https:\/\/bastardsknives.com\/es\/","logo":{"@type":"ImageObject","inLanguage":"es","@id":"https:\/\/bastardsknives.com\/es\/#\/schema\/logo\/image\/","url":"https:\/\/bastardsknives.com\/wp-content\/uploads\/2022\/07\/Logoprod1.png","contentUrl":"https:\/\/bastardsknives.com\/wp-content\/uploads\/2022\/07\/Logoprod1.png","width":284,"height":122,"caption":"Bastards Knives"},"image":{"@id":"https:\/\/bastardsknives.com\/es\/#\/schema\/logo\/image\/"}}]}},"_links":{"self":[{"href":"https:\/\/bastardsknives.com\/es\/wp-json\/wp\/v2\/product\/5719","targetHints":{"allow":["GET"]}}],"collection":[{"href":"https:\/\/bastardsknives.com\/es\/wp-json\/wp\/v2\/product"}],"about":[{"href":"https:\/\/bastardsknives.com\/es\/wp-json\/wp\/v2\/types\/product"}],"wp:featuredmedia":[{"embeddable":true,"href":"https:\/\/bastardsknives.com\/es\/wp-json\/wp\/v2\/media\/5717"}],"wp:attachment":[{"href":"https:\/\/bastardsknives.com\/es\/wp-json\/wp\/v2\/media?parent=5719"}],"wp:term":[{"taxonomy":"product_brand","embeddable":true,"href":"https:\/\/bastardsknives.com\/es\/wp-json\/wp\/v2\/product_brand?post=5719"},{"taxonomy":"product_cat","embeddable":true,"href":"https:\/\/bastardsknives.com\/es\/wp-json\/wp\/v2\/product_cat?post=5719"},{"taxonomy":"product_tag","embeddable":true,"href":"https:\/\/bastardsknives.com\/es\/wp-json\/wp\/v2\/product_tag?post=5719"}],"curies":[{"name":"wp","href":"https:\/\/api.w.org\/{rel}","templated":true}]}}