{"id":6399,"date":"2024-09-12T10:42:10","date_gmt":"2024-09-12T10:42:10","guid":{"rendered":"https:\/\/bastardsknives.com\/?post_type=product&#038;p=6399"},"modified":"2024-09-12T10:42:11","modified_gmt":"2024-09-12T10:42:11","slug":"fibra-de-carbono-oro-cobre-camo","status":"publish","type":"product","link":"https:\/\/bastardsknives.com\/es\/producto\/fibra-de-carbono-oro-cobre-camo\/","title":{"rendered":"FIBRA DE CARBONO \u00abOro\/Cobre Camo\u00bb"},"content":{"rendered":"<p>Descubra el compuesto de carbono \u00abCamo\u00bb: un material de alto rendimiento que presenta capas de fibra de carbono con bronce o cobre entre ellas. Este dise\u00f1o \u00fanico mejora la conductividad t\u00e9rmica y lo hace ideal para cajas de relojes, mangos de cuchillos y mucho m\u00e1s. Con una resistencia excepcional a la temperatura, los impactos y los agentes de limpieza, tambi\u00e9n ofrece excelentes propiedades de mecanizado tanto para trabajos manuales como CNC, y puede pulirse, pintarse o lacarse para satisfacer diversas necesidades.  <\/p>\n","protected":false},"excerpt":{"rendered":"<p>Descubra el compuesto de carbono \u00abCamo\u00bb: un material de alto rendimiento que presenta capas de fibra de carbono con bronce o cobre entre ellas. Este dise\u00f1o \u00fanico mejora la conductividad t\u00e9rmica y lo hace ideal para cajas de relojes, mangos de cuchillos y mucho m\u00e1s. Con una resistencia excepcional a la temperatura, los impactos y&#8230;<\/p>\n","protected":false},"featured_media":6213,"template":"","meta":[],"product_brand":[],"product_cat":[909],"product_tag":[],"class_list":{"0":"post-6399","1":"product","2":"type-product","3":"status-publish","4":"has-post-thumbnail","6":"product_cat-fat-carbon-es","8":"first","9":"instock","10":"taxable","11":"shipping-taxable","12":"purchasable","13":"product-type-variable"},"acf":[],"yoast_head":"<!-- This site is optimized with the Yoast SEO plugin v23.1 - https:\/\/yoast.com\/wordpress\/plugins\/seo\/ -->\n<title>FIBRA DE CARBONO \u00abOro\/Cobre Camo\u00bb - Bastards Knives<\/title>\n<meta name=\"description\" content=\"Compuesto de carbono camuflado: material duradero con capas de carbono, perfecto para cajas de relojes y mangos de cuchillos, f\u00e1cil de mecanizar y personalizar.\" \/>\n<meta name=\"robots\" content=\"index, follow, max-snippet:-1, max-image-preview:large, max-video-preview:-1\" \/>\n<link rel=\"canonical\" href=\"https:\/\/bastardsknives.com\/es\/producto\/fibra-de-carbono-oro-cobre-camo\/\" \/>\n<meta property=\"og:locale\" content=\"es_ES\" \/>\n<meta property=\"og:type\" content=\"article\" \/>\n<meta property=\"og:title\" content=\"FIBRA DE CARBONO \u00abOro\/Cobre Camo\u00bb - Bastards Knives\" \/>\n<meta property=\"og:description\" content=\"Compuesto de carbono camuflado: material duradero con capas de carbono, perfecto para cajas de relojes y mangos de cuchillos, f\u00e1cil de mecanizar y personalizar.\" \/>\n<meta property=\"og:url\" content=\"https:\/\/bastardsknives.com\/es\/producto\/fibra-de-carbono-oro-cobre-camo\/\" \/>\n<meta property=\"og:site_name\" content=\"Bastards Knives\" \/>\n<meta property=\"article:modified_time\" content=\"2024-09-12T10:42:11+00:00\" \/>\n<meta property=\"og:image\" content=\"https:\/\/bastardsknives.com\/wp-content\/uploads\/2024\/09\/camo-gold-1.jpg\" \/>\n\t<meta property=\"og:image:width\" content=\"1600\" \/>\n\t<meta property=\"og:image:height\" content=\"1600\" \/>\n\t<meta property=\"og:image:type\" content=\"image\/jpeg\" \/>\n<meta name=\"twitter:card\" content=\"summary_large_image\" \/>\n<script type=\"application\/ld+json\" class=\"yoast-schema-graph\">{\"@context\":\"https:\/\/schema.org\",\"@graph\":[{\"@type\":\"WebPage\",\"@id\":\"https:\/\/bastardsknives.com\/es\/producto\/fibra-de-carbono-oro-cobre-camo\/\",\"url\":\"https:\/\/bastardsknives.com\/es\/producto\/fibra-de-carbono-oro-cobre-camo\/\",\"name\":\"FIBRA DE CARBONO \u00abOro\/Cobre Camo\u00bb - Bastards Knives\",\"isPartOf\":{\"@id\":\"https:\/\/bastardsknives.com\/es\/#website\"},\"primaryImageOfPage\":{\"@id\":\"https:\/\/bastardsknives.com\/es\/producto\/fibra-de-carbono-oro-cobre-camo\/#primaryimage\"},\"image\":{\"@id\":\"https:\/\/bastardsknives.com\/es\/producto\/fibra-de-carbono-oro-cobre-camo\/#primaryimage\"},\"thumbnailUrl\":\"https:\/\/bastardsknives.com\/wp-content\/uploads\/2024\/09\/camo-gold-1.jpg\",\"datePublished\":\"2024-09-12T10:42:10+00:00\",\"dateModified\":\"2024-09-12T10:42:11+00:00\",\"description\":\"Compuesto de carbono camuflado: material duradero con capas de carbono, perfecto para cajas de relojes y mangos de cuchillos, f\u00e1cil de mecanizar y personalizar.\",\"breadcrumb\":{\"@id\":\"https:\/\/bastardsknives.com\/es\/producto\/fibra-de-carbono-oro-cobre-camo\/#breadcrumb\"},\"inLanguage\":\"es\",\"potentialAction\":[{\"@type\":\"ReadAction\",\"target\":[\"https:\/\/bastardsknives.com\/es\/producto\/fibra-de-carbono-oro-cobre-camo\/\"]}]},{\"@type\":\"ImageObject\",\"inLanguage\":\"es\",\"@id\":\"https:\/\/bastardsknives.com\/es\/producto\/fibra-de-carbono-oro-cobre-camo\/#primaryimage\",\"url\":\"https:\/\/bastardsknives.com\/wp-content\/uploads\/2024\/09\/camo-gold-1.jpg\",\"contentUrl\":\"https:\/\/bastardsknives.com\/wp-content\/uploads\/2024\/09\/camo-gold-1.jpg\",\"width\":1600,\"height\":1600,\"caption\":\"capas de carbono\"},{\"@type\":\"BreadcrumbList\",\"@id\":\"https:\/\/bastardsknives.com\/es\/producto\/fibra-de-carbono-oro-cobre-camo\/#breadcrumb\",\"itemListElement\":[{\"@type\":\"ListItem\",\"position\":1,\"name\":\"Home\",\"item\":\"https:\/\/bastardsknives.com\/es\/\"},{\"@type\":\"ListItem\",\"position\":2,\"name\":\"Tienda\",\"item\":\"https:\/\/bastardsknives.com\/es\/tienda\/\"},{\"@type\":\"ListItem\",\"position\":3,\"name\":\"FIBRA DE CARBONO \u00abOro\/Cobre Camo\u00bb\"}]},{\"@type\":\"WebSite\",\"@id\":\"https:\/\/bastardsknives.com\/es\/#website\",\"url\":\"https:\/\/bastardsknives.com\/es\/\",\"name\":\"Bastards Knives\",\"description\":\"Bastards Knives | Viviendo al filo\",\"publisher\":{\"@id\":\"https:\/\/bastardsknives.com\/es\/#organization\"},\"potentialAction\":[{\"@type\":\"SearchAction\",\"target\":{\"@type\":\"EntryPoint\",\"urlTemplate\":\"https:\/\/bastardsknives.com\/es\/?s={search_term_string}\"},\"query-input\":\"required name=search_term_string\"}],\"inLanguage\":\"es\"},{\"@type\":\"Organization\",\"@id\":\"https:\/\/bastardsknives.com\/es\/#organization\",\"name\":\"Bastards Knives\",\"url\":\"https:\/\/bastardsknives.com\/es\/\",\"logo\":{\"@type\":\"ImageObject\",\"inLanguage\":\"es\",\"@id\":\"https:\/\/bastardsknives.com\/es\/#\/schema\/logo\/image\/\",\"url\":\"https:\/\/bastardsknives.com\/wp-content\/uploads\/2022\/07\/Logoprod1.png\",\"contentUrl\":\"https:\/\/bastardsknives.com\/wp-content\/uploads\/2022\/07\/Logoprod1.png\",\"width\":284,\"height\":122,\"caption\":\"Bastards Knives\"},\"image\":{\"@id\":\"https:\/\/bastardsknives.com\/es\/#\/schema\/logo\/image\/\"}}]}<\/script>\n<!-- \/ Yoast SEO plugin. -->","yoast_head_json":{"title":"FIBRA DE CARBONO \u00abOro\/Cobre Camo\u00bb - Bastards Knives","description":"Compuesto de carbono camuflado: material duradero con capas de carbono, perfecto para cajas de relojes y mangos de cuchillos, f\u00e1cil de mecanizar y personalizar.","robots":{"index":"index","follow":"follow","max-snippet":"max-snippet:-1","max-image-preview":"max-image-preview:large","max-video-preview":"max-video-preview:-1"},"canonical":"https:\/\/bastardsknives.com\/es\/producto\/fibra-de-carbono-oro-cobre-camo\/","og_locale":"es_ES","og_type":"article","og_title":"FIBRA DE CARBONO \u00abOro\/Cobre Camo\u00bb - Bastards Knives","og_description":"Compuesto de carbono camuflado: material duradero con capas de carbono, perfecto para cajas de relojes y mangos de cuchillos, f\u00e1cil de mecanizar y personalizar.","og_url":"https:\/\/bastardsknives.com\/es\/producto\/fibra-de-carbono-oro-cobre-camo\/","og_site_name":"Bastards Knives","article_modified_time":"2024-09-12T10:42:11+00:00","og_image":[{"width":1600,"height":1600,"url":"https:\/\/bastardsknives.com\/wp-content\/uploads\/2024\/09\/camo-gold-1.jpg","type":"image\/jpeg"}],"twitter_card":"summary_large_image","schema":{"@context":"https:\/\/schema.org","@graph":[{"@type":"WebPage","@id":"https:\/\/bastardsknives.com\/es\/producto\/fibra-de-carbono-oro-cobre-camo\/","url":"https:\/\/bastardsknives.com\/es\/producto\/fibra-de-carbono-oro-cobre-camo\/","name":"FIBRA DE CARBONO \u00abOro\/Cobre Camo\u00bb - Bastards Knives","isPartOf":{"@id":"https:\/\/bastardsknives.com\/es\/#website"},"primaryImageOfPage":{"@id":"https:\/\/bastardsknives.com\/es\/producto\/fibra-de-carbono-oro-cobre-camo\/#primaryimage"},"image":{"@id":"https:\/\/bastardsknives.com\/es\/producto\/fibra-de-carbono-oro-cobre-camo\/#primaryimage"},"thumbnailUrl":"https:\/\/bastardsknives.com\/wp-content\/uploads\/2024\/09\/camo-gold-1.jpg","datePublished":"2024-09-12T10:42:10+00:00","dateModified":"2024-09-12T10:42:11+00:00","description":"Compuesto de carbono camuflado: material duradero con capas de carbono, perfecto para cajas de relojes y mangos de cuchillos, f\u00e1cil de mecanizar y personalizar.","breadcrumb":{"@id":"https:\/\/bastardsknives.com\/es\/producto\/fibra-de-carbono-oro-cobre-camo\/#breadcrumb"},"inLanguage":"es","potentialAction":[{"@type":"ReadAction","target":["https:\/\/bastardsknives.com\/es\/producto\/fibra-de-carbono-oro-cobre-camo\/"]}]},{"@type":"ImageObject","inLanguage":"es","@id":"https:\/\/bastardsknives.com\/es\/producto\/fibra-de-carbono-oro-cobre-camo\/#primaryimage","url":"https:\/\/bastardsknives.com\/wp-content\/uploads\/2024\/09\/camo-gold-1.jpg","contentUrl":"https:\/\/bastardsknives.com\/wp-content\/uploads\/2024\/09\/camo-gold-1.jpg","width":1600,"height":1600,"caption":"capas de carbono"},{"@type":"BreadcrumbList","@id":"https:\/\/bastardsknives.com\/es\/producto\/fibra-de-carbono-oro-cobre-camo\/#breadcrumb","itemListElement":[{"@type":"ListItem","position":1,"name":"Home","item":"https:\/\/bastardsknives.com\/es\/"},{"@type":"ListItem","position":2,"name":"Tienda","item":"https:\/\/bastardsknives.com\/es\/tienda\/"},{"@type":"ListItem","position":3,"name":"FIBRA DE CARBONO \u00abOro\/Cobre Camo\u00bb"}]},{"@type":"WebSite","@id":"https:\/\/bastardsknives.com\/es\/#website","url":"https:\/\/bastardsknives.com\/es\/","name":"Bastards Knives","description":"Bastards Knives | Viviendo al filo","publisher":{"@id":"https:\/\/bastardsknives.com\/es\/#organization"},"potentialAction":[{"@type":"SearchAction","target":{"@type":"EntryPoint","urlTemplate":"https:\/\/bastardsknives.com\/es\/?s={search_term_string}"},"query-input":"required name=search_term_string"}],"inLanguage":"es"},{"@type":"Organization","@id":"https:\/\/bastardsknives.com\/es\/#organization","name":"Bastards Knives","url":"https:\/\/bastardsknives.com\/es\/","logo":{"@type":"ImageObject","inLanguage":"es","@id":"https:\/\/bastardsknives.com\/es\/#\/schema\/logo\/image\/","url":"https:\/\/bastardsknives.com\/wp-content\/uploads\/2022\/07\/Logoprod1.png","contentUrl":"https:\/\/bastardsknives.com\/wp-content\/uploads\/2022\/07\/Logoprod1.png","width":284,"height":122,"caption":"Bastards Knives"},"image":{"@id":"https:\/\/bastardsknives.com\/es\/#\/schema\/logo\/image\/"}}]}},"_links":{"self":[{"href":"https:\/\/bastardsknives.com\/es\/wp-json\/wp\/v2\/product\/6399","targetHints":{"allow":["GET"]}}],"collection":[{"href":"https:\/\/bastardsknives.com\/es\/wp-json\/wp\/v2\/product"}],"about":[{"href":"https:\/\/bastardsknives.com\/es\/wp-json\/wp\/v2\/types\/product"}],"wp:featuredmedia":[{"embeddable":true,"href":"https:\/\/bastardsknives.com\/es\/wp-json\/wp\/v2\/media\/6213"}],"wp:attachment":[{"href":"https:\/\/bastardsknives.com\/es\/wp-json\/wp\/v2\/media?parent=6399"}],"wp:term":[{"taxonomy":"product_brand","embeddable":true,"href":"https:\/\/bastardsknives.com\/es\/wp-json\/wp\/v2\/product_brand?post=6399"},{"taxonomy":"product_cat","embeddable":true,"href":"https:\/\/bastardsknives.com\/es\/wp-json\/wp\/v2\/product_cat?post=6399"},{"taxonomy":"product_tag","embeddable":true,"href":"https:\/\/bastardsknives.com\/es\/wp-json\/wp\/v2\/product_tag?post=6399"}],"curies":[{"name":"wp","href":"https:\/\/api.w.org\/{rel}","templated":true}]}}